{"id":10824,"date":"2016-01-28T11:26:39","date_gmt":"2016-01-28T10:26:39","guid":{"rendered":"https:\/\/staging.huebscher.net\/medienberichte-2\/"},"modified":"2024-06-27T14:19:42","modified_gmt":"2024-06-27T12:19:42","slug":"medienberichte","status":"publish","type":"page","link":"https:\/\/www.huebscher.net\/de\/blog\/medienberichte\/","title":{"rendered":"Medienberichte"},"content":{"rendered":"\n<p class=\"sf_content_spec\">H\u00dcBSCHER HOLZBAU in der Presse. Hier finden Sie eine intressante Auswahl von Berichten \u00fcber uns und unsere Arbeiten  <\/p>\n\n\n\n<div style=\"height:20px\" aria-hidden=\"true\" class=\"wp-block-spacer\"><\/div>\n\n\n<p><a href=\"https:\/\/huebscher.net\/media\/Klettgauer-Bote-Dachsanierung1.0.pdf\">&#8222;Vier Gr\u00fcnde f\u00fcr eine Dachsanierung&#8220; &#8211; Klettgauer Bote, 13.06.2019<\/a><\/p>\n<p><a href=\"https:\/\/huebscher.net\/media\/SH-Bock.pdf\">&#8222;H\u00fcbscher Holzbau &#8211; Vier Gr\u00fcnde f\u00fcr eine Dachsanierung&#8220; &#8211; Schaffhauser Bock, April 2019<\/a><\/p>\n<p><a href=\"https:\/\/huebscher.net\/media\/Hoch3.pdf\">&#8222;Ein Treffpunkt von und f\u00fcr Wition&#8220; Baureportage &#8211; Z\u00fcriberg, 25. April 2019<\/a><\/p>\n<p><a href=\"https:\/\/huebscher.net\/media\/Haus-der-Medizin-neues-Betriebsmodell.pdf\">&#8222;Haus der Medizin Klettgau, neues Betriebsmodell&#8220; &#8211; Bau &amp; Architektur, M\u00e4rz 2019<\/a><\/p>\n<p><a href=\"https:\/\/huebscher.net\/media\/Der-Willkommenspavillon.pdf\">&#8222;Der Willkommenspavillon&#8220; &#8211; Wir Holzbauer, M\u00e4rz 2019<\/a><\/p>\n<p><a href=\"https:\/\/huebscher.net\/media\/2019reformiert.witikonNr.1.2WEB.pdf\">&#8222;Aufgerichtet&#8220; &#8211; Reformiert Witikon, 11. Januar 2019<\/a><\/p>\n<p><a href=\"https:\/\/huebscher.net\/media\/Aufstockung.pdf\">&#8222;H\u00fcbscher Holzbau &#8211; ein sehr hohes Mass an Fachkompetenz&#8220; &#8211; Schaffhauser Bock, Oktober 2018<\/a><\/p>\n<p><a href=\"https:\/\/huebscher.net\/media\/Publirep.-Klettgauer-Bote.pdf\">&#8222;Einer &#8211; Alles &#8211; H\u00dcBSCHER&#8220; &#8211; Klettgauer Bote, 13.September 2018<\/a><\/p>\n<p><a href=\"https:\/\/huebscher.net\/media\/SN-Extra-Gut-Ding-will-Weile-haben-und-Holz.pdf\">&#8222;Gut Ding will Weile haben-und Holz&#8220; &#8211; SN Extra, 21. August 2018<\/a><\/p>\n<p><a href=\"https:\/\/huebscher.net\/media\/Fritz-H\u00fcbscher-zieht-sich-in-Un-Ruhe-Stand-zur\u00fcck.pdf\">&#8222;Fritz H\u00fcbscher zieht sich in Un-Ruhe-Stand zur\u00fcck&#8220; &#8211; Holz Baumarkt Schweiz, Mai\/Juni 2018<\/a><\/p>\n<p><a href=\"https:\/\/huebscher.net\/media\/H\u00fcbscher-wie-eh-und-je.pdf\">&#8222;Holzbaufirma bleibt H\u00fcbscher wie eh und je&#8220; &#8211; Mai 2018<\/a><\/p>\n<p><a href=\"https:\/\/huebscher.net\/media\/Das-erweiterte-F\u00fchrungsteam-stellt-sich-vor-Klettgauer-Bote-28.-April-2018.pdf\">&#8222;Das erweiterte F\u00fchrungsteam stellt sich vor&#8220; &#8211; Klettgauer Bote, 28. April 2018<\/a><\/p>\n<p><a href=\"https:\/\/huebscher.net\/media\/Klettgauer-Bote-17-04-2018.pdf\">&#8222;H\u00fcbscher Holzbau \u00fcberzeugt durch Nachhaltigkeit&#8220; &#8211; Klettgauer Bote, 17.April 2018<\/a><\/p>\n<p><a href=\"https:\/\/huebscher.net\/media\/SH-Einlage-April_2018.pdf\">&#8222;CO2 neutrale Porduktion&#8220; &#8211; SH-Einlage, April 2018<\/a><\/p>\n<p><a href=\"https:\/\/huebscher.net\/media\/Wir-Holzbauer-2-2018-Bowling-five.pdf\">&#8222;Gegl\u00fcckter Wurf&#8220; &#8211; Wir Holzbauer, Februar 2018 <\/a><\/p>\n<p><a href=\"https:\/\/huebscher.net\/media\/DETAIL-1-2018-Halle-622.pdf\">&#8222;Konstruktion + Material Halle 622 Z\u00fcrich&#8220; &#8211; DETAIL, Januar 2018<\/a><\/p>\n<p><a href=\"https:\/\/huebscher.net\/media\/SHBOCK_2017_011.pdf\">&#8222;Betriebsbesuch&#8220; &#8211; Schaffhauser Bock, 21.November 2017<\/a><\/p>\n<p><a href=\"https:\/\/huebscher.net\/media\/SH-Bock-publireportage.pdf\">&#8222;Bauen,Wohnen,Garten&#8220; &#8211; Publireportage, Oktober 2017<\/a><\/p>\n<p><a href=\"https:\/\/huebscher.net\/media\/Neugestaltung-Halle-622-Z\u00fcrich-Baublatt-25.-August-2017-.pdf\">&#8222;Neugestaltung Halle 622 Z\u00fcrich&#8220; &#8211; Baublatt, 25. August 2017<\/a><\/p>\n<p><a href=\"https:\/\/huebscher.net\/media\/Wein-und-Genuss-Schaffhauser-Nachrichten-22.08.17.pdf\">&#8222;Wein und Genuss&#8220; &#8211; Schaffhauser Nachrichten, 22.August 2017<\/a><\/p>\n<p><a href=\"https:\/\/huebscher.net\/media\/spatenstich-shn-12.Mai-2017.pdf\">&#8222;Spatenstich Zanol GmbH&#8220; &#8211; Schaffhauser Nachrichten, 12. Mai 2017<\/a><\/p>\n<p><a href=\"https:\/\/huebscher.net\/media\/Klettgauerbote_11.Mai_2017.pdf\">&#8222;Spatenstich Produktionsgeb\u00e4ude&#8220; &#8211; Klettgauerbote, 11.Mai 2017<\/a><\/p>\n<p><a href=\"https:\/\/huebscher.net\/media\/Bauen_Wohnen_Garten_Sonderpublikation_SH_-Bock_18.04.2017.pdf\">&#8222;Bauen,Wohnen,Garten&#8220; &#8211; Sonderpublikation, 18. April 2017<\/a><\/p>\n<p>&#8222;<a href=\"https:\/\/huebscher.net\/media\/Gut-geplant-ist-halb-gebaut_-SN-M\u00e4rz-2017.pdf\">Gut geplant ist halb gebaut&#8220; &#8211; \u00a0Schaffhauser Nachrichten, 17. M\u00e4rz 2017<\/a><\/p>\n<p>&#8222;<a href=\"https:\/\/huebscher.net\/media\/Von-Br\u00fccken-T\u00fcrmen-und-Sonderbauten-Holzarchitektur-05.01.2017.pdf\">Von Br\u00fccken, T\u00fcrmen und Sonderbauten&#8220; &#8211; Holzarchitektur, 05. Januar 2017<\/a><\/p>\n<p><a href=\"https:\/\/huebscher.net\/media\/Webergasse-Publireportage-Dezember-2016.pdf\">&#8222;Moderner Wohnkomfort in historischem Geb\u00e4uer&#8220; &#8211; Publireportage, Dezember 2016<\/a><\/p>\n<p><a href=\"https:\/\/huebscher.net\/media\/Scan031116141139.pdf\">&#8222;Baubericht&#8220; &#8211; Bowling five Thayngen 2016<\/a><\/p>\n<p><a href=\"https:\/\/huebscher.net\/media\/Publireportage_Einer-Alles-H\u00dcBSCHER.pdf\">&#8222;Modernes Wohnen im neuen alten Haus&#8220; &#8211; Publireportage, 23. Juni 2016<\/a><\/p>\n<p><a href=\"https:\/\/huebscher.net\/media\/Martin-Haist.pdf\">&#8222;F\u00fcr Licht und Ausblicke&#8220; &#8211; Umbauen + Renovieren, April 2016<\/a><\/p>\n<p><a href=\"https:\/\/huebscher.net\/media\/Orte-f\u00fcr-die-Bildung-Toni-Areal-Z\u00fcrich.pdf\">&#8222;Orte f\u00fcr die Bildung&#8220; &#8211; Toni Areal Z\u00fcrich<\/a><\/p>\n<p><a href=\"https:\/\/huebscher.net\/media\/Artikel-Fachzeitschrift-metall_Chl\u00e4ggiblick-Februar-2016.pdf\">&#8222;Hoch hinaus mit Stahl und Holz&#8220; &#8211; Metall, Februar 2016<\/a><\/p>\n<p><a href=\"https:\/\/huebscher.net\/media\/wir_holzbauer_ch_6_2015_randenturm.pdf\">&#8222;Ein Turm wie ein Baum&#8220; &#8211; Wir Holzbauer, 01. Dezember 2015<\/a><\/p>\n<p><a href=\"https:\/\/huebscher.net\/media\/wir_holzbauer_ch_6_2015_muehlrad_am_rheinfall.pdf\">&#8222;M\u00fchlerad am Rheinfall ist jetzt h\u00fcbscher&#8220; &#8211; Wir Holzbauer, 01. Dezember 2015<\/a><\/p>\n<p><a href=\"https:\/\/huebscher.net\/media\/modernisieren.pdf\">&#8222;Das Modernisieren kann so einfach sein&#8220; &#8211; Schaffhauser Bock, 13. Oktober 2015<\/a><\/p>\n<p><a href=\"https:\/\/huebscher.net\/media\/stammtisch.pdf\">&#8222;Auszeichnung f\u00fcr den Stammtisch&#8220; &#8211; Klettgauer Bote, 6. Oktober 2015<\/a><\/p>\n<p><a href=\"https:\/\/huebscher.net\/media\/shn02009_low.pdf\">&#8222;Die Bronzemedaille geholt&#8220; &#8211; Schaffhauser Nachrichten, 2. Oktober 2015<\/a><\/p>\n<p><a href=\"https:\/\/huebscher.net\/media\/prixlignum.pdf\">&#8222;Prix Lignum: Das Raumm\u00f6bel&#8220; &#8211; Hochparterre, 1. Oktober 2015<\/a><\/p>","protected":false},"excerpt":{"rendered":"<p>H\u00dcBSCHER HOLZBAU in der Presse. Hier finden Sie eine intressante Auswahl von Berichten \u00fcber uns und unsere Arbeiten &#8222;Vier Gr\u00fcnde f\u00fcr eine Dachsanierung&#8220; &#8211; Klettgauer Bote, 13.06.2019 &#8222;H\u00fcbscher Holzbau &#8211; Vier Gr\u00fcnde f\u00fcr eine Dachsanierung&#8220; &#8211; Schaffhauser Bock, April 2019 &#8222;Ein Treffpunkt von und f\u00fcr Wition&#8220; Baureportage &#8211; Z\u00fcriberg, 25. April 2019 &#8222;Haus der Medizin&hellip;<\/p>\n","protected":false},"author":1,"featured_media":0,"parent":10830,"menu_order":0,"comment_status":"closed","ping_status":"closed","template":"","meta":{"_acf_changed":false,"_monsterinsights_skip_tracking":false,"_monsterinsights_sitenote_active":false,"_monsterinsights_sitenote_note":"","_monsterinsights_sitenote_category":0,"_genesis_hide_title":false,"_genesis_hide_breadcrumbs":false,"_genesis_hide_singular_image":false,"_genesis_hide_footer_widgets":false,"_genesis_custom_body_class":"","_genesis_custom_post_class":"","_genesis_layout":"","footnotes":""},"class_list":{"0":"post-10824","1":"page","2":"type-page","3":"status-publish","5":"entry"},"acf":[],"yoast_head":"<!-- This site is optimized with the Yoast SEO Premium plugin v25.2 (Yoast SEO v25.2) - https:\/\/yoast.com\/wordpress\/plugins\/seo\/ -->\n<title>Presse | H\u00dcBSCHER HOLZBAU AG<\/title>\n<meta name=\"description\" content=\"Presse - H\u00dcBSCHER HOLZBAU Schaffhausen - Zimmerei - Schreinerei - Dachsanierungen. Hier finden Sie eine intressante Auswahl von Berichten \u00fcber uns.\" \/>\n<meta name=\"robots\" content=\"index, follow, max-snippet:-1, max-image-preview:large, max-video-preview:-1\" \/>\n<link rel=\"canonical\" href=\"https:\/\/www.huebscher.net\/ch\/blog\/medienberichte\/\" \/>\n<meta property=\"og:locale\" content=\"de_DE\" \/>\n<meta property=\"og:type\" content=\"article\" \/>\n<meta property=\"og:title\" content=\"Medienberichte\" \/>\n<meta property=\"og:description\" content=\"Presse - H\u00dcBSCHER HOLZBAU Schaffhausen - Zimmerei - Schreinerei - Dachsanierungen. Hier finden Sie eine intressante Auswahl von Berichten \u00fcber uns.\" \/>\n<meta property=\"og:url\" content=\"https:\/\/www.huebscher.net\/ch\/blog\/medienberichte\/\" \/>\n<meta property=\"og:site_name\" content=\"H\u00dcBSCHER HOLZBAU\" \/>\n<meta property=\"article:publisher\" content=\"http:\/\/facebook.com\/huebscher.holzbau\" \/>\n<meta property=\"article:modified_time\" content=\"2024-06-27T12:19:42+00:00\" \/>\n<meta name=\"twitter:card\" content=\"summary_large_image\" \/>\n<meta name=\"twitter:label1\" content=\"Gesch\u00e4tzte Lesezeit\" \/>\n\t<meta name=\"twitter:data1\" content=\"2\u00a0Minuten\" \/>\n<script type=\"application\/ld+json\" class=\"yoast-schema-graph\">{\"@context\":\"https:\/\/schema.org\",\"@graph\":[{\"@type\":\"WebPage\",\"@id\":\"https:\/\/www.huebscher.net\/ch\/blog\/medienberichte\/\",\"url\":\"https:\/\/www.huebscher.net\/ch\/blog\/medienberichte\/\",\"name\":\"Presse | H\u00dcBSCHER HOLZBAU AG\",\"isPartOf\":{\"@id\":\"https:\/\/www.huebscher.net\/ch\/#website\"},\"datePublished\":\"2016-01-28T10:26:39+00:00\",\"dateModified\":\"2024-06-27T12:19:42+00:00\",\"description\":\"Presse - H\u00dcBSCHER HOLZBAU Schaffhausen - Zimmerei - Schreinerei - Dachsanierungen. Hier finden Sie eine intressante Auswahl von Berichten \u00fcber uns.\",\"breadcrumb\":{\"@id\":\"https:\/\/www.huebscher.net\/ch\/blog\/medienberichte\/#breadcrumb\"},\"inLanguage\":\"de\",\"potentialAction\":[{\"@type\":\"ReadAction\",\"target\":[\"https:\/\/www.huebscher.net\/ch\/blog\/medienberichte\/\"]}]},{\"@type\":\"BreadcrumbList\",\"@id\":\"https:\/\/www.huebscher.net\/ch\/blog\/medienberichte\/#breadcrumb\",\"itemListElement\":[{\"@type\":\"ListItem\",\"position\":1,\"name\":\"Home\",\"item\":\"https:\/\/www.huebscher.net\/de\/\"},{\"@type\":\"ListItem\",\"position\":2,\"name\":\"Aktuell\",\"item\":\"https:\/\/www.huebscher.net\/ch\/blog\/\"},{\"@type\":\"ListItem\",\"position\":3,\"name\":\"Medienberichte\"}]},{\"@type\":\"WebSite\",\"@id\":\"https:\/\/www.huebscher.net\/ch\/#website\",\"url\":\"https:\/\/www.huebscher.net\/ch\/\",\"name\":\"H\u00fcbscher Holzbau\",\"description\":\"H\u00fcbscher Holzbau AG\",\"publisher\":{\"@id\":\"https:\/\/www.huebscher.net\/ch\/#organization\"},\"alternateName\":\"H\u00fcbscher Holzbau\",\"potentialAction\":[{\"@type\":\"SearchAction\",\"target\":{\"@type\":\"EntryPoint\",\"urlTemplate\":\"https:\/\/www.huebscher.net\/ch\/?s={search_term_string}\"},\"query-input\":{\"@type\":\"PropertyValueSpecification\",\"valueRequired\":true,\"valueName\":\"search_term_string\"}}],\"inLanguage\":\"de\"},{\"@type\":\"Organization\",\"@id\":\"https:\/\/www.huebscher.net\/ch\/#organization\",\"name\":\"H\u00fcbscher Holzbau\",\"alternateName\":\"H\u00fcbscher Holzbau\",\"url\":\"https:\/\/www.huebscher.net\/ch\/\",\"logo\":{\"@type\":\"ImageObject\",\"inLanguage\":\"de\",\"@id\":\"https:\/\/www.huebscher.net\/ch\/#\/schema\/logo\/image\/\",\"url\":\"https:\/\/www.huebscher.net\/media\/huebscher_logo_def.png\",\"contentUrl\":\"https:\/\/www.huebscher.net\/media\/huebscher_logo_def.png\",\"width\":220,\"height\":110,\"caption\":\"H\u00fcbscher Holzbau\"},\"image\":{\"@id\":\"https:\/\/www.huebscher.net\/ch\/#\/schema\/logo\/image\/\"},\"sameAs\":[\"http:\/\/facebook.com\/huebscher.holzbau\",\"https:\/\/pt.linkedin.com\/organization-guest\/company\/huebscher-holzbau\",\"https:\/\/www.instagram.com\/huebscherholzbau\/\"]}]}<\/script>\n<!-- \/ Yoast SEO Premium plugin. -->","yoast_head_json":{"title":"Presse | H\u00dcBSCHER HOLZBAU AG","description":"Presse - H\u00dcBSCHER HOLZBAU Schaffhausen - Zimmerei - Schreinerei - Dachsanierungen. Hier finden Sie eine intressante Auswahl von Berichten \u00fcber uns.","robots":{"index":"index","follow":"follow","max-snippet":"max-snippet:-1","max-image-preview":"max-image-preview:large","max-video-preview":"max-video-preview:-1"},"canonical":"https:\/\/www.huebscher.net\/ch\/blog\/medienberichte\/","og_locale":"de_DE","og_type":"article","og_title":"Medienberichte","og_description":"Presse - H\u00dcBSCHER HOLZBAU Schaffhausen - Zimmerei - Schreinerei - Dachsanierungen. Hier finden Sie eine intressante Auswahl von Berichten \u00fcber uns.","og_url":"https:\/\/www.huebscher.net\/ch\/blog\/medienberichte\/","og_site_name":"H\u00dcBSCHER HOLZBAU","article_publisher":"http:\/\/facebook.com\/huebscher.holzbau","article_modified_time":"2024-06-27T12:19:42+00:00","twitter_card":"summary_large_image","twitter_misc":{"Gesch\u00e4tzte Lesezeit":"2\u00a0Minuten"},"schema":{"@context":"https:\/\/schema.org","@graph":[{"@type":"WebPage","@id":"https:\/\/www.huebscher.net\/ch\/blog\/medienberichte\/","url":"https:\/\/www.huebscher.net\/ch\/blog\/medienberichte\/","name":"Presse | H\u00dcBSCHER HOLZBAU AG","isPartOf":{"@id":"https:\/\/www.huebscher.net\/ch\/#website"},"datePublished":"2016-01-28T10:26:39+00:00","dateModified":"2024-06-27T12:19:42+00:00","description":"Presse - H\u00dcBSCHER HOLZBAU Schaffhausen - Zimmerei - Schreinerei - Dachsanierungen. Hier finden Sie eine intressante Auswahl von Berichten \u00fcber uns.","breadcrumb":{"@id":"https:\/\/www.huebscher.net\/ch\/blog\/medienberichte\/#breadcrumb"},"inLanguage":"de","potentialAction":[{"@type":"ReadAction","target":["https:\/\/www.huebscher.net\/ch\/blog\/medienberichte\/"]}]},{"@type":"BreadcrumbList","@id":"https:\/\/www.huebscher.net\/ch\/blog\/medienberichte\/#breadcrumb","itemListElement":[{"@type":"ListItem","position":1,"name":"Home","item":"https:\/\/www.huebscher.net\/de\/"},{"@type":"ListItem","position":2,"name":"Aktuell","item":"https:\/\/www.huebscher.net\/ch\/blog\/"},{"@type":"ListItem","position":3,"name":"Medienberichte"}]},{"@type":"WebSite","@id":"https:\/\/www.huebscher.net\/ch\/#website","url":"https:\/\/www.huebscher.net\/ch\/","name":"H\u00fcbscher Holzbau","description":"H\u00fcbscher Holzbau AG","publisher":{"@id":"https:\/\/www.huebscher.net\/ch\/#organization"},"alternateName":"H\u00fcbscher Holzbau","potentialAction":[{"@type":"SearchAction","target":{"@type":"EntryPoint","urlTemplate":"https:\/\/www.huebscher.net\/ch\/?s={search_term_string}"},"query-input":{"@type":"PropertyValueSpecification","valueRequired":true,"valueName":"search_term_string"}}],"inLanguage":"de"},{"@type":"Organization","@id":"https:\/\/www.huebscher.net\/ch\/#organization","name":"H\u00fcbscher Holzbau","alternateName":"H\u00fcbscher Holzbau","url":"https:\/\/www.huebscher.net\/ch\/","logo":{"@type":"ImageObject","inLanguage":"de","@id":"https:\/\/www.huebscher.net\/ch\/#\/schema\/logo\/image\/","url":"https:\/\/www.huebscher.net\/media\/huebscher_logo_def.png","contentUrl":"https:\/\/www.huebscher.net\/media\/huebscher_logo_def.png","width":220,"height":110,"caption":"H\u00fcbscher Holzbau"},"image":{"@id":"https:\/\/www.huebscher.net\/ch\/#\/schema\/logo\/image\/"},"sameAs":["http:\/\/facebook.com\/huebscher.holzbau","https:\/\/pt.linkedin.com\/organization-guest\/company\/huebscher-holzbau","https:\/\/www.instagram.com\/huebscherholzbau\/"]}]}},"_links":{"self":[{"href":"https:\/\/www.huebscher.net\/de\/wp-json\/wp\/v2\/pages\/10824"}],"collection":[{"href":"https:\/\/www.huebscher.net\/de\/wp-json\/wp\/v2\/pages"}],"about":[{"href":"https:\/\/www.huebscher.net\/de\/wp-json\/wp\/v2\/types\/page"}],"author":[{"embeddable":true,"href":"https:\/\/www.huebscher.net\/de\/wp-json\/wp\/v2\/users\/1"}],"replies":[{"embeddable":true,"href":"https:\/\/www.huebscher.net\/de\/wp-json\/wp\/v2\/comments?post=10824"}],"version-history":[{"count":1,"href":"https:\/\/www.huebscher.net\/de\/wp-json\/wp\/v2\/pages\/10824\/revisions"}],"predecessor-version":[{"id":10895,"href":"https:\/\/www.huebscher.net\/de\/wp-json\/wp\/v2\/pages\/10824\/revisions\/10895"}],"up":[{"embeddable":true,"href":"https:\/\/www.huebscher.net\/de\/wp-json\/wp\/v2\/pages\/10830"}],"wp:attachment":[{"href":"https:\/\/www.huebscher.net\/de\/wp-json\/wp\/v2\/media?parent=10824"}],"curies":[{"name":"wp","href":"https:\/\/api.w.org\/{rel}","templated":true}]}}