{"id":10808,"date":"2019-09-20T11:08:03","date_gmt":"2019-09-20T09:08:03","guid":{"rendered":"https:\/\/staging.huebscher.net\/hubscher-kompetenzen\/"},"modified":"2024-06-27T15:03:22","modified_gmt":"2024-06-27T13:03:22","slug":"hubscher-kompetenzen","status":"publish","type":"page","link":"https:\/\/www.huebscher.net\/de\/unternehmen\/hubscher-kompetenzen\/","title":{"rendered":"H\u00dcBSCHER &#8211; Kompetenzen"},"content":{"rendered":"\n<p class=\"sf_content_spec\">H\u00dcBSCHER steht f\u00fcr Wissen am Bau. Mit unserer Philosophie \u00abEiner \u2013 Alles \u2013 H\u00dcBSCHER\u00bb erf\u00fcllen wir unseren Kunden s\u00e4mtliche W\u00fcnsche rund ums Bauen. Neben unseren fachlichen F\u00e4higkeiten in den Bereichen Zimmerei, Schreinerei, Dachdecker und Spenglerei, bieten wir unseren Kunden auch ein breites Spektrum an Fachwissen.<\/p>\n\n\n\n<div style=\"height:30px\" aria-hidden=\"true\" class=\"wp-block-spacer\"><\/div>\n\n\n\n<figure class=\"wp-block-image\"><img fetchpriority=\"high\" decoding=\"async\" width=\"1500\" height=\"940\" src=\"https:\/\/huebscher.net\/media\/Randenturm1.jpg\" alt=\"\" class=\"wp-image-3406\" srcset=\"https:\/\/www.huebscher.net\/media\/Randenturm1.jpg 1500w, https:\/\/www.huebscher.net\/media\/Randenturm1-1149x720.jpg 1149w, https:\/\/www.huebscher.net\/media\/Randenturm1-768x481.jpg 768w, https:\/\/www.huebscher.net\/media\/Randenturm1-1000x627.jpg 1000w, https:\/\/www.huebscher.net\/media\/Randenturm1-350x219.jpg 350w\" sizes=\"(max-width: 1500px) 100vw, 1500px\" \/><\/figure>\n\n\n\n<h2 class=\"wp-block-heading\">Holzbauingenieure<\/h2>\n\n\n\n<p>Zu unseren Bauvorhaben erstellen wir die Holzbaustatik bei uns im Haus. Dadurch k\u00f6nnen wir immer gleiche Details wiederverwenden. Unsere H\u00dcBSCHER-Standartdetails bieten von der Projektidee weg unseren Kunden eine Kostensicherheit.<\/p>\n\n\n\n<div style=\"height:40px\" aria-hidden=\"true\" class=\"wp-block-spacer\"><\/div>\n\n\n\n<figure class=\"wp-block-image\"><img decoding=\"async\" width=\"1500\" height=\"940\" src=\"https:\/\/huebscher.net\/media\/Reithalle_5.jpg\" alt=\"\" class=\"wp-image-3713\" srcset=\"https:\/\/www.huebscher.net\/media\/Reithalle_5.jpg 1500w, https:\/\/www.huebscher.net\/media\/Reithalle_5-1149x720.jpg 1149w, https:\/\/www.huebscher.net\/media\/Reithalle_5-768x481.jpg 768w, https:\/\/www.huebscher.net\/media\/Reithalle_5-1000x627.jpg 1000w, https:\/\/www.huebscher.net\/media\/Reithalle_5-350x219.jpg 350w\" sizes=\"(max-width: 1500px) 100vw, 1500px\" \/><\/figure>\n\n\n\n<h2 class=\"wp-block-heading\">Brandschutz<\/h2>\n\n\n\n<p>F\u00fcr unsere Kunden erstellen wir Brandschutzkonzepte bis QS2. Dank vielen gebauten Objekten, k\u00f6nnen wir unsere Kunden von Projektbeginn schnell und unkompliziert im Bereich Brandschutz beraten und einfache L\u00f6sungen anbieten die Zeit und Kosten sparen.<\/p>\n\n\n\n<div style=\"height:40px\" aria-hidden=\"true\" class=\"wp-block-spacer\"><\/div>\n\n\n\n<figure class=\"wp-block-image\"><img decoding=\"async\" width=\"1813\" height=\"782\" src=\"https:\/\/huebscher.net\/media\/geak.jpg\" alt=\"geak\" class=\"wp-image-4717\" srcset=\"https:\/\/www.huebscher.net\/media\/geak.jpg 1813w, https:\/\/www.huebscher.net\/media\/geak-1280x552.jpg 1280w, https:\/\/www.huebscher.net\/media\/geak-768x331.jpg 768w, https:\/\/www.huebscher.net\/media\/geak-350x151.jpg 350w\" sizes=\"(max-width: 1813px) 100vw, 1813px\" \/><\/figure>\n\n\n\n<h2 class=\"wp-block-heading\">Energiefachleute und Bauphysik<\/h2>\n\n\n\n<p>Profitieren Sie von F\u00f6rdergelder! Als zertifizierter GEAK-Partner \u00fcbernehmen wir f\u00fcr unsere Kunden sowohl s\u00e4mtliche Formalit\u00e4ten f\u00fcr alle F\u00f6rdergelder im Bereich Energiesanierung. H\u00dcBSCHER erstellt Ihnen ein Energiekonzept, das auf Ihre Liegenschaft zugeschnitten ist. Dabei agieren wir unabh\u00e4ngig und beraten Sie auch im Bereich Heizung und Solar-Energie mit unseren Partner zuverl\u00e4ssig.<\/p>\n\n\n\n<div style=\"height:40px\" aria-hidden=\"true\" class=\"wp-block-spacer\"><\/div>\n\n\n\n<figure class=\"wp-block-image\"><img loading=\"lazy\" decoding=\"async\" width=\"1500\" height=\"940\" src=\"https:\/\/huebscher.net\/media\/Kreisel_2.jpg\" alt=\"\" class=\"wp-image-3726\" srcset=\"https:\/\/www.huebscher.net\/media\/Kreisel_2.jpg 1500w, https:\/\/www.huebscher.net\/media\/Kreisel_2-1149x720.jpg 1149w, https:\/\/www.huebscher.net\/media\/Kreisel_2-768x481.jpg 768w, https:\/\/www.huebscher.net\/media\/Kreisel_2-1000x627.jpg 1000w, https:\/\/www.huebscher.net\/media\/Kreisel_2-350x219.jpg 350w\" sizes=\"(max-width: 1500px) 100vw, 1500px\" \/><\/figure>\n\n\n\n<h2 class=\"wp-block-heading\">Freiform Holzbau<\/h2>\n\n\n\n<p>Sie haben ganz eine ausgefallene Idee? Soll es ein Zapfenzieher aus Holz sein, ein Waschbecken in individueller Form oder gleich ein ganzes Geb\u00e4ude mit geschwungenen Formen? H\u00dcBSCHER setzt im Bereich Free-Forms neue Massst\u00e4be. Unseren zwei CNC-Freiformanlagen, unsere CAM-Programme und unsere gut geschulten Mitarbeiter freuen sich auf Ihre Herausforderungen! <\/p>\n","protected":false},"excerpt":{"rendered":"<p>H\u00dcBSCHER steht f\u00fcr Wissen am Bau. Mit unserer Philosophie \u00abEiner \u2013 Alles \u2013 H\u00dcBSCHER\u00bb erf\u00fcllen wir unseren Kunden s\u00e4mtliche W\u00fcnsche rund ums Bauen. Neben unseren fachlichen F\u00e4higkeiten in den Bereichen Zimmerei, Schreinerei, Dachdecker und Spenglerei, bieten wir unseren Kunden auch ein breites Spektrum an Fachwissen. Holzbauingenieure Zu unseren Bauvorhaben erstellen wir die Holzbaustatik bei uns&hellip;<\/p>\n","protected":false},"author":2,"featured_media":0,"parent":10826,"menu_order":0,"comment_status":"closed","ping_status":"closed","template":"","meta":{"_acf_changed":false,"_monsterinsights_skip_tracking":false,"_monsterinsights_sitenote_active":false,"_monsterinsights_sitenote_note":"","_monsterinsights_sitenote_category":0,"_genesis_hide_title":false,"_genesis_hide_breadcrumbs":false,"_genesis_hide_singular_image":false,"_genesis_hide_footer_widgets":false,"_genesis_custom_body_class":"","_genesis_custom_post_class":"","_genesis_layout":"","footnotes":""},"class_list":{"0":"post-10808","1":"page","2":"type-page","3":"status-publish","5":"entry","6":"has-post-thumbnail"},"acf":[],"yoast_head":"<!-- This site is optimized with the Yoast SEO Premium plugin v25.2 (Yoast SEO v25.2) - https:\/\/yoast.com\/wordpress\/plugins\/seo\/ -->\n<title>Unsere Kompetenzen | H\u00dcBSCHER HOLZBAU AG<\/title>\n<meta name=\"description\" content=\"Mit unserer Philosophie \u00abEiner \u2013 Alles \u2013 H\u00dcBSCHER\u00bb erf\u00fcllen wir unseren Kunden s\u00e4mtliche W\u00fcnsche rund ums Bauen.\" \/>\n<meta name=\"robots\" content=\"index, follow, max-snippet:-1, max-image-preview:large, max-video-preview:-1\" \/>\n<link rel=\"canonical\" href=\"https:\/\/www.huebscher.net\/de\/unternehmen\/hubscher-kompetenzen\/\" \/>\n<meta property=\"og:locale\" content=\"de_DE\" \/>\n<meta property=\"og:type\" content=\"article\" \/>\n<meta property=\"og:title\" content=\"H\u00dcBSCHER - Kompetenzen\" \/>\n<meta property=\"og:description\" content=\"Mit unserer Philosophie \u00abEiner \u2013 Alles \u2013 H\u00dcBSCHER\u00bb erf\u00fcllen wir unseren Kunden s\u00e4mtliche W\u00fcnsche rund ums Bauen.\" \/>\n<meta property=\"og:url\" content=\"https:\/\/www.huebscher.net\/de\/unternehmen\/hubscher-kompetenzen\/\" \/>\n<meta property=\"og:site_name\" content=\"H\u00dcBSCHER HOLZBAU\" \/>\n<meta property=\"article:publisher\" content=\"http:\/\/facebook.com\/huebscher.holzbau\" \/>\n<meta property=\"article:modified_time\" content=\"2024-06-27T13:03:22+00:00\" \/>\n<meta property=\"og:image\" content=\"https:\/\/huebscher.net\/media\/Randenturm1.jpg\" \/>\n<meta name=\"twitter:card\" content=\"summary_large_image\" \/>\n<meta name=\"twitter:label1\" content=\"Gesch\u00e4tzte Lesezeit\" \/>\n\t<meta name=\"twitter:data1\" content=\"2\u00a0Minuten\" \/>\n<script type=\"application\/ld+json\" class=\"yoast-schema-graph\">{\"@context\":\"https:\/\/schema.org\",\"@graph\":[{\"@type\":\"WebPage\",\"@id\":\"https:\/\/www.huebscher.net\/de\/unternehmen\/hubscher-kompetenzen\/\",\"url\":\"https:\/\/www.huebscher.net\/de\/unternehmen\/hubscher-kompetenzen\/\",\"name\":\"Unsere Kompetenzen | H\u00dcBSCHER HOLZBAU AG\",\"isPartOf\":{\"@id\":\"https:\/\/www.huebscher.net\/ch\/#website\"},\"primaryImageOfPage\":{\"@id\":\"https:\/\/www.huebscher.net\/de\/unternehmen\/hubscher-kompetenzen\/#primaryimage\"},\"image\":{\"@id\":\"https:\/\/www.huebscher.net\/de\/unternehmen\/hubscher-kompetenzen\/#primaryimage\"},\"thumbnailUrl\":\"https:\/\/huebscher.net\/media\/Randenturm1.jpg\",\"datePublished\":\"2019-09-20T09:08:03+00:00\",\"dateModified\":\"2024-06-27T13:03:22+00:00\",\"description\":\"Mit unserer Philosophie \u00abEiner \u2013 Alles \u2013 H\u00dcBSCHER\u00bb erf\u00fcllen wir unseren Kunden s\u00e4mtliche W\u00fcnsche rund ums Bauen.\",\"breadcrumb\":{\"@id\":\"https:\/\/www.huebscher.net\/de\/unternehmen\/hubscher-kompetenzen\/#breadcrumb\"},\"inLanguage\":\"de\",\"potentialAction\":[{\"@type\":\"ReadAction\",\"target\":[\"https:\/\/www.huebscher.net\/de\/unternehmen\/hubscher-kompetenzen\/\"]}]},{\"@type\":\"ImageObject\",\"inLanguage\":\"de\",\"@id\":\"https:\/\/www.huebscher.net\/de\/unternehmen\/hubscher-kompetenzen\/#primaryimage\",\"url\":\"https:\/\/huebscher.net\/media\/Randenturm1.jpg\",\"contentUrl\":\"https:\/\/huebscher.net\/media\/Randenturm1.jpg\"},{\"@type\":\"BreadcrumbList\",\"@id\":\"https:\/\/www.huebscher.net\/de\/unternehmen\/hubscher-kompetenzen\/#breadcrumb\",\"itemListElement\":[{\"@type\":\"ListItem\",\"position\":1,\"name\":\"Home\",\"item\":\"https:\/\/www.huebscher.net\/de\/\"},{\"@type\":\"ListItem\",\"position\":2,\"name\":\"Unternehmen\",\"item\":\"https:\/\/www.huebscher.net\/de\/?page_id=10826\"},{\"@type\":\"ListItem\",\"position\":3,\"name\":\"H\u00dcBSCHER &#8211; Kompetenzen\"}]},{\"@type\":\"WebSite\",\"@id\":\"https:\/\/www.huebscher.net\/ch\/#website\",\"url\":\"https:\/\/www.huebscher.net\/ch\/\",\"name\":\"H\u00fcbscher Holzbau\",\"description\":\"H\u00fcbscher Holzbau AG\",\"publisher\":{\"@id\":\"https:\/\/www.huebscher.net\/ch\/#organization\"},\"alternateName\":\"H\u00fcbscher Holzbau\",\"potentialAction\":[{\"@type\":\"SearchAction\",\"target\":{\"@type\":\"EntryPoint\",\"urlTemplate\":\"https:\/\/www.huebscher.net\/ch\/?s={search_term_string}\"},\"query-input\":{\"@type\":\"PropertyValueSpecification\",\"valueRequired\":true,\"valueName\":\"search_term_string\"}}],\"inLanguage\":\"de\"},{\"@type\":\"Organization\",\"@id\":\"https:\/\/www.huebscher.net\/ch\/#organization\",\"name\":\"H\u00fcbscher Holzbau\",\"alternateName\":\"H\u00fcbscher Holzbau\",\"url\":\"https:\/\/www.huebscher.net\/ch\/\",\"logo\":{\"@type\":\"ImageObject\",\"inLanguage\":\"de\",\"@id\":\"https:\/\/www.huebscher.net\/ch\/#\/schema\/logo\/image\/\",\"url\":\"https:\/\/www.huebscher.net\/media\/huebscher_logo_def.png\",\"contentUrl\":\"https:\/\/www.huebscher.net\/media\/huebscher_logo_def.png\",\"width\":220,\"height\":110,\"caption\":\"H\u00fcbscher Holzbau\"},\"image\":{\"@id\":\"https:\/\/www.huebscher.net\/ch\/#\/schema\/logo\/image\/\"},\"sameAs\":[\"http:\/\/facebook.com\/huebscher.holzbau\",\"https:\/\/pt.linkedin.com\/organization-guest\/company\/huebscher-holzbau\",\"https:\/\/www.instagram.com\/huebscherholzbau\/\"]}]}<\/script>\n<!-- \/ Yoast SEO Premium plugin. -->","yoast_head_json":{"title":"Unsere Kompetenzen | H\u00dcBSCHER HOLZBAU AG","description":"Mit unserer Philosophie \u00abEiner \u2013 Alles \u2013 H\u00dcBSCHER\u00bb erf\u00fcllen wir unseren Kunden s\u00e4mtliche W\u00fcnsche rund ums Bauen.","robots":{"index":"index","follow":"follow","max-snippet":"max-snippet:-1","max-image-preview":"max-image-preview:large","max-video-preview":"max-video-preview:-1"},"canonical":"https:\/\/www.huebscher.net\/de\/unternehmen\/hubscher-kompetenzen\/","og_locale":"de_DE","og_type":"article","og_title":"H\u00dcBSCHER - Kompetenzen","og_description":"Mit unserer Philosophie \u00abEiner \u2013 Alles \u2013 H\u00dcBSCHER\u00bb erf\u00fcllen wir unseren Kunden s\u00e4mtliche W\u00fcnsche rund ums Bauen.","og_url":"https:\/\/www.huebscher.net\/de\/unternehmen\/hubscher-kompetenzen\/","og_site_name":"H\u00dcBSCHER HOLZBAU","article_publisher":"http:\/\/facebook.com\/huebscher.holzbau","article_modified_time":"2024-06-27T13:03:22+00:00","og_image":[{"url":"https:\/\/huebscher.net\/media\/Randenturm1.jpg","type":"","width":"","height":""}],"twitter_card":"summary_large_image","twitter_misc":{"Gesch\u00e4tzte Lesezeit":"2\u00a0Minuten"},"schema":{"@context":"https:\/\/schema.org","@graph":[{"@type":"WebPage","@id":"https:\/\/www.huebscher.net\/de\/unternehmen\/hubscher-kompetenzen\/","url":"https:\/\/www.huebscher.net\/de\/unternehmen\/hubscher-kompetenzen\/","name":"Unsere Kompetenzen | H\u00dcBSCHER HOLZBAU AG","isPartOf":{"@id":"https:\/\/www.huebscher.net\/ch\/#website"},"primaryImageOfPage":{"@id":"https:\/\/www.huebscher.net\/de\/unternehmen\/hubscher-kompetenzen\/#primaryimage"},"image":{"@id":"https:\/\/www.huebscher.net\/de\/unternehmen\/hubscher-kompetenzen\/#primaryimage"},"thumbnailUrl":"https:\/\/huebscher.net\/media\/Randenturm1.jpg","datePublished":"2019-09-20T09:08:03+00:00","dateModified":"2024-06-27T13:03:22+00:00","description":"Mit unserer Philosophie \u00abEiner \u2013 Alles \u2013 H\u00dcBSCHER\u00bb erf\u00fcllen wir unseren Kunden s\u00e4mtliche W\u00fcnsche rund ums Bauen.","breadcrumb":{"@id":"https:\/\/www.huebscher.net\/de\/unternehmen\/hubscher-kompetenzen\/#breadcrumb"},"inLanguage":"de","potentialAction":[{"@type":"ReadAction","target":["https:\/\/www.huebscher.net\/de\/unternehmen\/hubscher-kompetenzen\/"]}]},{"@type":"ImageObject","inLanguage":"de","@id":"https:\/\/www.huebscher.net\/de\/unternehmen\/hubscher-kompetenzen\/#primaryimage","url":"https:\/\/huebscher.net\/media\/Randenturm1.jpg","contentUrl":"https:\/\/huebscher.net\/media\/Randenturm1.jpg"},{"@type":"BreadcrumbList","@id":"https:\/\/www.huebscher.net\/de\/unternehmen\/hubscher-kompetenzen\/#breadcrumb","itemListElement":[{"@type":"ListItem","position":1,"name":"Home","item":"https:\/\/www.huebscher.net\/de\/"},{"@type":"ListItem","position":2,"name":"Unternehmen","item":"https:\/\/www.huebscher.net\/de\/?page_id=10826"},{"@type":"ListItem","position":3,"name":"H\u00dcBSCHER &#8211; Kompetenzen"}]},{"@type":"WebSite","@id":"https:\/\/www.huebscher.net\/ch\/#website","url":"https:\/\/www.huebscher.net\/ch\/","name":"H\u00fcbscher Holzbau","description":"H\u00fcbscher Holzbau AG","publisher":{"@id":"https:\/\/www.huebscher.net\/ch\/#organization"},"alternateName":"H\u00fcbscher Holzbau","potentialAction":[{"@type":"SearchAction","target":{"@type":"EntryPoint","urlTemplate":"https:\/\/www.huebscher.net\/ch\/?s={search_term_string}"},"query-input":{"@type":"PropertyValueSpecification","valueRequired":true,"valueName":"search_term_string"}}],"inLanguage":"de"},{"@type":"Organization","@id":"https:\/\/www.huebscher.net\/ch\/#organization","name":"H\u00fcbscher Holzbau","alternateName":"H\u00fcbscher Holzbau","url":"https:\/\/www.huebscher.net\/ch\/","logo":{"@type":"ImageObject","inLanguage":"de","@id":"https:\/\/www.huebscher.net\/ch\/#\/schema\/logo\/image\/","url":"https:\/\/www.huebscher.net\/media\/huebscher_logo_def.png","contentUrl":"https:\/\/www.huebscher.net\/media\/huebscher_logo_def.png","width":220,"height":110,"caption":"H\u00fcbscher Holzbau"},"image":{"@id":"https:\/\/www.huebscher.net\/ch\/#\/schema\/logo\/image\/"},"sameAs":["http:\/\/facebook.com\/huebscher.holzbau","https:\/\/pt.linkedin.com\/organization-guest\/company\/huebscher-holzbau","https:\/\/www.instagram.com\/huebscherholzbau\/"]}]}},"_links":{"self":[{"href":"https:\/\/www.huebscher.net\/de\/wp-json\/wp\/v2\/pages\/10808"}],"collection":[{"href":"https:\/\/www.huebscher.net\/de\/wp-json\/wp\/v2\/pages"}],"about":[{"href":"https:\/\/www.huebscher.net\/de\/wp-json\/wp\/v2\/types\/page"}],"author":[{"embeddable":true,"href":"https:\/\/www.huebscher.net\/de\/wp-json\/wp\/v2\/users\/2"}],"replies":[{"embeddable":true,"href":"https:\/\/www.huebscher.net\/de\/wp-json\/wp\/v2\/comments?post=10808"}],"version-history":[{"count":1,"href":"https:\/\/www.huebscher.net\/de\/wp-json\/wp\/v2\/pages\/10808\/revisions"}],"predecessor-version":[{"id":10879,"href":"https:\/\/www.huebscher.net\/de\/wp-json\/wp\/v2\/pages\/10808\/revisions\/10879"}],"up":[{"embeddable":true,"href":"https:\/\/www.huebscher.net\/de\/wp-json\/wp\/v2\/pages\/10826"}],"wp:attachment":[{"href":"https:\/\/www.huebscher.net\/de\/wp-json\/wp\/v2\/media?parent=10808"}],"curies":[{"name":"wp","href":"https:\/\/api.w.org\/{rel}","templated":true}]}}