{"id":10805,"date":"2019-09-20T11:39:12","date_gmt":"2019-09-20T09:39:12","guid":{"rendered":"https:\/\/staging.huebscher.net\/medienberichte\/"},"modified":"2024-06-27T14:19:31","modified_gmt":"2024-06-27T12:19:31","slug":"medienberichte","status":"publish","type":"page","link":"https:\/\/www.huebscher.net\/de\/medienberichte\/","title":{"rendered":"Medienberichte"},"content":{"rendered":"\n<p class=\"sf_content_spec sf-margin-bottom\">H\u00dcBSCHER HOLZBAU in der Presse. Hier finden Sie eine interessante Auswahl von Berichten \u00fcber uns und unsere Arbeiten <\/p>\n\n\n\n<p><a href=\"https:\/\/huebscher.net\/media\/Kaff_auf_Dauer.pdf\">&#8222;Kaff auf Dauer&#8220; &#8211; Frauenfelder Woche, 21.02.2024<\/a><\/p>\n\n\n\n<p><a rel=\"noreferrer noopener\" href=\"https:\/\/huebscher.net\/media\/2023-12-12_Schaffhauser_Nachrichten_Seite_14.pdf\" target=\"_blank\">&#8222;Ich war oft die einzige Frau&#8220; &#8211; Schaffhauser Nachrichten, 12.12.2023<\/a><\/p>\n\n\n\n<p><a href=\"https:\/\/huebscher.net\/media\/Bock-E-Paper-2023-KW48.pdf\" target=\"_blank\" rel=\"noreferrer noopener\">&#8222;Heizkosten zu hoch? H\u00dcBSCHER Hilft!&#8220; &#8211; Schaffhauser Bock, 28.11.2023<\/a><\/p>\n\n\n\n<p><a rel=\"noreferrer noopener\" href=\"https:\/\/huebscher.net\/media\/Bock_BWG_-2023.pdf\" target=\"_blank\">&#8222;Holz weckt Fr\u00fchlingsgef\u00fchle&#8220; &#8211; Schaffhauser Bock, 25.04.2023<\/a><\/p>\n\n\n\n<p><a rel=\"noreferrer noopener\" href=\"https:\/\/huebscher.net\/media\/2023-01-20_SN-Beilage_Seite_3.pdf\" target=\"_blank\">&#8222;Energiefahrplan f\u00fcr Hausbesitzer&#8220; &#8211; Schaffhauser Nachrichten, 20.01.2023<\/a><\/p>\n\n\n\n<p><a href=\"https:\/\/huebscher.net\/media\/2022-11-04_SN-Beilage_Seite_7.pdf\">&#8222;Jung und Alt gesellt sich gern&#8220; &#8211; Schaffhauser Nachrichten, 04.11.2022<\/a><\/p>\n\n\n\n<p><a href=\"https:\/\/huebscher.net\/media\/Image.pdf\">&#8222;Gestrickt &#8211; H\u00dcBSCHER an der Floriade&#8220; &#8211; Wir Holzbauer, 06.2022<\/a><\/p>\n\n\n\n<p><a href=\"https:\/\/huebscher.net\/media\/2022-09-09_SN_Beilage.pdf\">&#8222;Zum Verlieben &#8211; topmodern und \u00f6kologisch Wohnen&#8220; &#8211; Schaffhauser Nachrichten, 09.09.2022<\/a><\/p>\n\n\n\n<p><a rel=\"noreferrer noopener\" href=\"https:\/\/huebscher.net\/media\/caramaxx_s2_v3.pdf\" target=\"_blank\">&#8222;Benzin seit Jahren im Blut&#8220; &#8211; Schaffhauser Nachrichten, 19.01.2022<\/a><\/p>\n\n\n\n<p><a rel=\"noreferrer noopener\" href=\"https:\/\/huebscher.net\/media\/FIRST_3_2021_Ufo.pdf\" target=\"_blank\">&#8222;UFO am Grossmarkt&#8220; &#8211; FIRST Ausgabe 3\/21<\/a><\/p>\n\n\n\n<p><a href=\"https:\/\/huebscher.net\/media\/huebscher_bda_architekturpreis_hamburg.pdf\" target=\"_blank\" rel=\"noreferrer noopener\">&#8222;H\u00dcBSCHER Pavillon mit BDA-Architekturpreis ausgezeichnet&#8220; &#8211; holzBaumarktschweiz, Nr. 4 Juli 2021<\/a><\/p>\n\n\n\n<p><a rel=\"noreferrer noopener\" href=\"https:\/\/huebscher.net\/media\/huebscher-architekturpreis-pavillon-hamburg.pdf\" target=\"_blank\">&#8222;H\u00dcBSCHER Pavillon erh\u00e4lt BDA Architekturpreis&#8220; &#8211; Schweizer Holzrevue 6-2021<\/a><\/p>\n\n\n\n<p><a href=\"https:\/\/huebscher.net\/media\/Bock_KW51.pdf\">&#8222;Mehr Lebensqualit\u00e4t durch H\u00dcBSCHERS Schreinerei&#8220; &#8211; Schaffhauser Bock, Dezember 2020<\/a><\/p>\n\n\n\n<p><a href=\"https:\/\/huebscher.net\/media\/Schaffhauser-Nachrichten-Ausgabe-vom-24.11.2020.pdf\">&#8222;Weinl\u00e4nder in der Lehrlings-Elite&#8220; Schaffhauser Nachrichten, 24.11.2020<\/a><\/p>\n\n\n\n<p><a href=\"https:\/\/huebscher.net\/media\/Klettgauer-Bote-Dachsanierung1.0.pdf\">\u201cVier Gr\u00fcnde f\u00fcr eine Dachsanierung\u201d \u2013 Klettgauer Bote, 13.06.2019<\/a><\/p>\n\n\n\n<p><a href=\"https:\/\/huebscher.net\/media\/SH-Bock.pdf\">\u201cH\u00fcbscher Holzbau \u2013 Vier Gr\u00fcnde f\u00fcr eine Dachsanierung\u201d \u2013 Schaffhauser Bock, April 2019<\/a><\/p>\n\n\n\n<p><a href=\"https:\/\/huebscher.net\/media\/Hoch3.pdf\">\u201cEin Treffpunkt von und f\u00fcr Wition\u201d Baureportage \u2013 Z\u00fcriberg, 25. April 2019<\/a><\/p>\n\n\n\n<p><a href=\"https:\/\/huebscher.net\/media\/Haus-der-Medizin-neues-Betriebsmodell.pdf\">\u201cHaus der Medizin Klettgau, neues Betriebsmodell\u201d \u2013 Bau &amp; Architektur, M\u00e4rz 2019<\/a><\/p>\n\n\n\n<p><a href=\"https:\/\/huebscher.net\/media\/Der-Willkommenspavillon.pdf\">\u201cDer Willkommenspavillon\u201d \u2013 Wir Holzbauer, M\u00e4rz 2019<\/a><\/p>\n\n\n\n<p><a href=\"https:\/\/huebscher.net\/media\/2019reformiert.witikonNr.1.2WEB.pdf\">\u201cAufgerichtet\u201d \u2013 Reformiert Witikon, 11. Januar 2019<\/a><\/p>\n\n\n\n<p><a href=\"https:\/\/huebscher.net\/media\/Aufstockung.pdf\">\u201cH\u00fcbscher Holzbau \u2013 ein sehr hohes Mass an Fachkompetenz\u201d \u2013 Schaffhauser Bock, Oktober 2018<\/a><\/p>\n\n\n\n<p><a href=\"https:\/\/huebscher.net\/media\/Publirep.-Klettgauer-Bote.pdf\">\u201cEiner \u2013 Alles \u2013 H\u00dcBSCHER\u201d \u2013 Klettgauer Bote, 13.September 2018<\/a><\/p>\n\n\n\n<p><a href=\"https:\/\/huebscher.net\/media\/SN-Extra-Gut-Ding-will-Weile-haben-und-Holz.pdf\">\u201cGut Ding will Weile haben-und Holz\u201d \u2013 SN Extra, 21. August 2018<\/a><\/p>\n\n\n\n<p><a href=\"https:\/\/huebscher.net\/media\/Fritz-H\u00fcbscher-zieht-sich-in-Un-Ruhe-Stand-zur\u00fcck.pdf\">\u201cFritz H\u00fcbscher zieht sich in Un-Ruhe-Stand zur\u00fcck\u201d \u2013 Holz Baumarkt Schweiz, Mai\/Juni 2018<\/a><\/p>\n\n\n\n<p><a href=\"https:\/\/huebscher.net\/media\/H\u00fcbscher-wie-eh-und-je.pdf\">\u201cHolzbaufirma bleibt H\u00fcbscher wie eh und je\u201d \u2013 Mai 2018<\/a><\/p>\n\n\n\n<p><a href=\"https:\/\/huebscher.net\/media\/Das-erweiterte-F\u00fchrungsteam-stellt-sich-vor-Klettgauer-Bote-28.-April-2018.pdf\">\u201cDas erweiterte F\u00fchrungsteam stellt sich vor\u201d \u2013 Klettgauer Bote, 28. April 2018<\/a><\/p>\n\n\n\n<p><a href=\"https:\/\/huebscher.net\/media\/Klettgauer-Bote-17-04-2018.pdf\">\u201cH\u00fcbscher Holzbau \u00fcberzeugt durch Nachhaltigkeit\u201d \u2013 Klettgauer Bote, 17.April 2018<\/a><\/p>\n\n\n\n<p><a href=\"https:\/\/huebscher.net\/media\/SH-Einlage-April_2018.pdf\">\u201cCO2 neutrale Porduktion\u201d \u2013 SH-Einlage, April 2018<\/a><\/p>\n\n\n\n<p><a href=\"https:\/\/huebscher.net\/media\/Wir-Holzbauer-2-2018-Bowling-five.pdf\">\u201cGegl\u00fcckter Wurf\u201d \u2013 Wir Holzbauer, Februar 2018 <\/a><\/p>\n\n\n\n<p><a href=\"https:\/\/huebscher.net\/media\/DETAIL-1-2018-Halle-622.pdf\">\u201cKonstruktion + Material Halle 622 Z\u00fcrich\u201d \u2013 DETAIL, Januar 2018<\/a><\/p>\n\n\n\n<p><a href=\"https:\/\/huebscher.net\/media\/SHBOCK_2017_011.pdf\">\u201cBetriebsbesuch\u201d \u2013 Schaffhauser Bock, 21.November 2017<\/a><\/p>\n\n\n\n<p><a href=\"https:\/\/huebscher.net\/media\/SH-Bock-publireportage.pdf\">\u201cBauen,Wohnen,Garten\u201d \u2013 Publireportage, Oktober 2017<\/a><\/p>\n\n\n\n<p><a href=\"https:\/\/huebscher.net\/media\/Neugestaltung-Halle-622-Z\u00fcrich-Baublatt-25.-August-2017-.pdf\">\u201cNeugestaltung Halle 622 Z\u00fcrich\u201d \u2013 Baublatt, 25. August 2017<\/a><\/p>\n","protected":false},"excerpt":{"rendered":"<p>H\u00dcBSCHER HOLZBAU in der Presse. Hier finden Sie eine interessante Auswahl von Berichten \u00fcber uns und unsere Arbeiten &#8222;Kaff auf Dauer&#8220; &#8211; Frauenfelder Woche, 21.02.2024 &#8222;Ich war oft die einzige Frau&#8220; &#8211; Schaffhauser Nachrichten, 12.12.2023 &#8222;Heizkosten zu hoch? H\u00dcBSCHER Hilft!&#8220; &#8211; Schaffhauser Bock, 28.11.2023 &#8222;Holz weckt Fr\u00fchlingsgef\u00fchle&#8220; &#8211; Schaffhauser Bock, 25.04.2023 &#8222;Energiefahrplan f\u00fcr Hausbesitzer&#8220; &#8211;&hellip;<\/p>\n","protected":false},"author":2,"featured_media":0,"parent":0,"menu_order":0,"comment_status":"closed","ping_status":"closed","template":"","meta":{"_acf_changed":false,"_monsterinsights_skip_tracking":false,"_monsterinsights_sitenote_active":false,"_monsterinsights_sitenote_note":"","_monsterinsights_sitenote_category":0,"_genesis_hide_title":false,"_genesis_hide_breadcrumbs":false,"_genesis_hide_singular_image":false,"_genesis_hide_footer_widgets":false,"_genesis_custom_body_class":"","_genesis_custom_post_class":"","_genesis_layout":"","footnotes":""},"class_list":{"0":"post-10805","1":"page","2":"type-page","3":"status-publish","5":"entry"},"acf":[],"yoast_head":"<!-- This site is optimized with the Yoast SEO Premium plugin v25.2 (Yoast SEO v25.2) - https:\/\/yoast.com\/wordpress\/plugins\/seo\/ -->\n<title>Medienberichte - H\u00dcBSCHER HOLZBAU<\/title>\n<meta name=\"description\" content=\"H\u00dcBSCHER HOLZBAU in der Presse. Hier finden Sie eine interessante Auswahl von Berichten \u00fcber uns und unsere Arbeiten\" \/>\n<meta name=\"robots\" content=\"index, follow, max-snippet:-1, max-image-preview:large, max-video-preview:-1\" \/>\n<link rel=\"canonical\" href=\"https:\/\/www.huebscher.net\/ch\/medienberichte\/\" \/>\n<meta property=\"og:locale\" content=\"de_DE\" \/>\n<meta property=\"og:type\" content=\"article\" \/>\n<meta property=\"og:title\" content=\"Medienberichte\" \/>\n<meta property=\"og:description\" content=\"H\u00dcBSCHER HOLZBAU in der Presse. Hier finden Sie eine interessante Auswahl von Berichten \u00fcber uns und unsere Arbeiten\" \/>\n<meta property=\"og:url\" content=\"https:\/\/www.huebscher.net\/ch\/medienberichte\/\" \/>\n<meta property=\"og:site_name\" content=\"H\u00dcBSCHER HOLZBAU\" \/>\n<meta property=\"article:publisher\" content=\"http:\/\/facebook.com\/huebscher.holzbau\" \/>\n<meta property=\"article:modified_time\" content=\"2024-06-27T12:19:31+00:00\" \/>\n<meta name=\"twitter:card\" content=\"summary_large_image\" \/>\n<meta name=\"twitter:label1\" content=\"Gesch\u00e4tzte Lesezeit\" \/>\n\t<meta name=\"twitter:data1\" content=\"1\u00a0Minute\" \/>\n<script type=\"application\/ld+json\" class=\"yoast-schema-graph\">{\"@context\":\"https:\/\/schema.org\",\"@graph\":[{\"@type\":\"WebPage\",\"@id\":\"https:\/\/www.huebscher.net\/ch\/medienberichte\/\",\"url\":\"https:\/\/www.huebscher.net\/ch\/medienberichte\/\",\"name\":\"Medienberichte - H\u00dcBSCHER HOLZBAU\",\"isPartOf\":{\"@id\":\"https:\/\/www.huebscher.net\/ch\/#website\"},\"datePublished\":\"2019-09-20T09:39:12+00:00\",\"dateModified\":\"2024-06-27T12:19:31+00:00\",\"description\":\"H\u00dcBSCHER HOLZBAU in der Presse. Hier finden Sie eine interessante Auswahl von Berichten \u00fcber uns und unsere Arbeiten\",\"breadcrumb\":{\"@id\":\"https:\/\/www.huebscher.net\/ch\/medienberichte\/#breadcrumb\"},\"inLanguage\":\"de\",\"potentialAction\":[{\"@type\":\"ReadAction\",\"target\":[\"https:\/\/www.huebscher.net\/ch\/medienberichte\/\"]}]},{\"@type\":\"BreadcrumbList\",\"@id\":\"https:\/\/www.huebscher.net\/ch\/medienberichte\/#breadcrumb\",\"itemListElement\":[{\"@type\":\"ListItem\",\"position\":1,\"name\":\"Home\",\"item\":\"https:\/\/www.huebscher.net\/de\/\"},{\"@type\":\"ListItem\",\"position\":2,\"name\":\"Medienberichte\"}]},{\"@type\":\"WebSite\",\"@id\":\"https:\/\/www.huebscher.net\/ch\/#website\",\"url\":\"https:\/\/www.huebscher.net\/ch\/\",\"name\":\"H\u00fcbscher Holzbau\",\"description\":\"H\u00fcbscher Holzbau AG\",\"publisher\":{\"@id\":\"https:\/\/www.huebscher.net\/ch\/#organization\"},\"alternateName\":\"H\u00fcbscher Holzbau\",\"potentialAction\":[{\"@type\":\"SearchAction\",\"target\":{\"@type\":\"EntryPoint\",\"urlTemplate\":\"https:\/\/www.huebscher.net\/ch\/?s={search_term_string}\"},\"query-input\":{\"@type\":\"PropertyValueSpecification\",\"valueRequired\":true,\"valueName\":\"search_term_string\"}}],\"inLanguage\":\"de\"},{\"@type\":\"Organization\",\"@id\":\"https:\/\/www.huebscher.net\/ch\/#organization\",\"name\":\"H\u00fcbscher Holzbau\",\"alternateName\":\"H\u00fcbscher Holzbau\",\"url\":\"https:\/\/www.huebscher.net\/ch\/\",\"logo\":{\"@type\":\"ImageObject\",\"inLanguage\":\"de\",\"@id\":\"https:\/\/www.huebscher.net\/ch\/#\/schema\/logo\/image\/\",\"url\":\"https:\/\/www.huebscher.net\/media\/huebscher_logo_def.png\",\"contentUrl\":\"https:\/\/www.huebscher.net\/media\/huebscher_logo_def.png\",\"width\":220,\"height\":110,\"caption\":\"H\u00fcbscher Holzbau\"},\"image\":{\"@id\":\"https:\/\/www.huebscher.net\/ch\/#\/schema\/logo\/image\/\"},\"sameAs\":[\"http:\/\/facebook.com\/huebscher.holzbau\",\"https:\/\/pt.linkedin.com\/organization-guest\/company\/huebscher-holzbau\",\"https:\/\/www.instagram.com\/huebscherholzbau\/\"]}]}<\/script>\n<!-- \/ Yoast SEO Premium plugin. -->","yoast_head_json":{"title":"Medienberichte - H\u00dcBSCHER HOLZBAU","description":"H\u00dcBSCHER HOLZBAU in der Presse. Hier finden Sie eine interessante Auswahl von Berichten \u00fcber uns und unsere Arbeiten","robots":{"index":"index","follow":"follow","max-snippet":"max-snippet:-1","max-image-preview":"max-image-preview:large","max-video-preview":"max-video-preview:-1"},"canonical":"https:\/\/www.huebscher.net\/ch\/medienberichte\/","og_locale":"de_DE","og_type":"article","og_title":"Medienberichte","og_description":"H\u00dcBSCHER HOLZBAU in der Presse. Hier finden Sie eine interessante Auswahl von Berichten \u00fcber uns und unsere Arbeiten","og_url":"https:\/\/www.huebscher.net\/ch\/medienberichte\/","og_site_name":"H\u00dcBSCHER HOLZBAU","article_publisher":"http:\/\/facebook.com\/huebscher.holzbau","article_modified_time":"2024-06-27T12:19:31+00:00","twitter_card":"summary_large_image","twitter_misc":{"Gesch\u00e4tzte Lesezeit":"1\u00a0Minute"},"schema":{"@context":"https:\/\/schema.org","@graph":[{"@type":"WebPage","@id":"https:\/\/www.huebscher.net\/ch\/medienberichte\/","url":"https:\/\/www.huebscher.net\/ch\/medienberichte\/","name":"Medienberichte - H\u00dcBSCHER HOLZBAU","isPartOf":{"@id":"https:\/\/www.huebscher.net\/ch\/#website"},"datePublished":"2019-09-20T09:39:12+00:00","dateModified":"2024-06-27T12:19:31+00:00","description":"H\u00dcBSCHER HOLZBAU in der Presse. Hier finden Sie eine interessante Auswahl von Berichten \u00fcber uns und unsere Arbeiten","breadcrumb":{"@id":"https:\/\/www.huebscher.net\/ch\/medienberichte\/#breadcrumb"},"inLanguage":"de","potentialAction":[{"@type":"ReadAction","target":["https:\/\/www.huebscher.net\/ch\/medienberichte\/"]}]},{"@type":"BreadcrumbList","@id":"https:\/\/www.huebscher.net\/ch\/medienberichte\/#breadcrumb","itemListElement":[{"@type":"ListItem","position":1,"name":"Home","item":"https:\/\/www.huebscher.net\/de\/"},{"@type":"ListItem","position":2,"name":"Medienberichte"}]},{"@type":"WebSite","@id":"https:\/\/www.huebscher.net\/ch\/#website","url":"https:\/\/www.huebscher.net\/ch\/","name":"H\u00fcbscher Holzbau","description":"H\u00fcbscher Holzbau AG","publisher":{"@id":"https:\/\/www.huebscher.net\/ch\/#organization"},"alternateName":"H\u00fcbscher Holzbau","potentialAction":[{"@type":"SearchAction","target":{"@type":"EntryPoint","urlTemplate":"https:\/\/www.huebscher.net\/ch\/?s={search_term_string}"},"query-input":{"@type":"PropertyValueSpecification","valueRequired":true,"valueName":"search_term_string"}}],"inLanguage":"de"},{"@type":"Organization","@id":"https:\/\/www.huebscher.net\/ch\/#organization","name":"H\u00fcbscher Holzbau","alternateName":"H\u00fcbscher Holzbau","url":"https:\/\/www.huebscher.net\/ch\/","logo":{"@type":"ImageObject","inLanguage":"de","@id":"https:\/\/www.huebscher.net\/ch\/#\/schema\/logo\/image\/","url":"https:\/\/www.huebscher.net\/media\/huebscher_logo_def.png","contentUrl":"https:\/\/www.huebscher.net\/media\/huebscher_logo_def.png","width":220,"height":110,"caption":"H\u00fcbscher Holzbau"},"image":{"@id":"https:\/\/www.huebscher.net\/ch\/#\/schema\/logo\/image\/"},"sameAs":["http:\/\/facebook.com\/huebscher.holzbau","https:\/\/pt.linkedin.com\/organization-guest\/company\/huebscher-holzbau","https:\/\/www.instagram.com\/huebscherholzbau\/"]}]}},"_links":{"self":[{"href":"https:\/\/www.huebscher.net\/de\/wp-json\/wp\/v2\/pages\/10805"}],"collection":[{"href":"https:\/\/www.huebscher.net\/de\/wp-json\/wp\/v2\/pages"}],"about":[{"href":"https:\/\/www.huebscher.net\/de\/wp-json\/wp\/v2\/types\/page"}],"author":[{"embeddable":true,"href":"https:\/\/www.huebscher.net\/de\/wp-json\/wp\/v2\/users\/2"}],"replies":[{"embeddable":true,"href":"https:\/\/www.huebscher.net\/de\/wp-json\/wp\/v2\/comments?post=10805"}],"version-history":[{"count":1,"href":"https:\/\/www.huebscher.net\/de\/wp-json\/wp\/v2\/pages\/10805\/revisions"}],"predecessor-version":[{"id":10876,"href":"https:\/\/www.huebscher.net\/de\/wp-json\/wp\/v2\/pages\/10805\/revisions\/10876"}],"wp:attachment":[{"href":"https:\/\/www.huebscher.net\/de\/wp-json\/wp\/v2\/media?parent=10805"}],"curies":[{"name":"wp","href":"https:\/\/api.w.org\/{rel}","templated":true}]}}