{"id":10790,"date":"2023-02-28T04:29:10","date_gmt":"2023-02-28T03:29:10","guid":{"rendered":"https:\/\/staging.huebscher.net\/service\/unterhaltsvertrag\/"},"modified":"2024-10-03T16:43:04","modified_gmt":"2024-10-03T14:43:04","slug":"unterhaltsvertrag","status":"publish","type":"page","link":"https:\/\/www.huebscher.net\/de\/service\/unterhaltsvertrag\/","title":{"rendered":"Unterhaltsvertrag"},"content":{"rendered":"\n<div class=\"wp-block-columns has-2-columns sf-col-full is-layout-flex wp-container-core-columns-is-layout-2 wp-block-columns-is-layout-flex\">\n<div class=\"wp-block-column sf-col-7 is-layout-flow wp-block-column-is-layout-flow\">\n<p class=\"sf_content_spec\">Regelm\u00e4ssige Kontrollen der Fassade, des Flach- oder Steildachs lohnen sich. Wir k\u00f6nnen dadurch massgeblich zur Werterhaltung beitragen. Ob es sich dabei nur um das Entfernen von Unkraut, das Planieren von Windverfrachtungen oder gar ums Ersetzen von defektem Deckmaterial geht, spielt keine Rolle. Wir geben unser Bestes, damit Sie noch lange Freude an Ihrem Objekt haben.<\/p>\n\n\n\n<p>Mit unserem Unterhaltsvertrag bieten wir Ihnen den perfekten Service und kontrollieren Ihre Geb\u00e4udeh\u00fclle periodisch. Eine regelm\u00e4ssige Kontrolle und Pflege lohnen sich. Sie verl\u00e4ngern dadurch nicht nur die Lebensdauer um das Doppelte, Sie leisten auch einen wertvollen Beitrag zur Werterhaltung Ihrer Immobilie und k\u00f6nnen langfristig Kosten sparen.<\/p>\n\n\n\n<div style=\"height:20px\" aria-hidden=\"true\" class=\"wp-block-spacer\"><\/div>\n\n\n\n<div class=\"wp-block-columns is-layout-flex wp-container-core-columns-is-layout-1 wp-block-columns-is-layout-flex\">\n<div class=\"wp-block-column is-layout-flow wp-block-column-is-layout-flow\">\n<h2 class=\"wp-block-heading\" id=\"h-fassade\"><u>Fassade<\/u><\/h2>\n\n\n\n<p>Visuelle Kontrolle<\/p>\n\n\n\n<ul class=\"wp-block-list\">\n<li>Fl\u00e4che<\/li>\n\n\n\n<li>Hinterl\u00fcftung<\/li>\n\n\n\n<li>Moosbildung<\/li>\n\n\n\n<li>An- und Abschl\u00fcsse<\/li>\n\n\n\n<li>Blechabdeckungen<\/li>\n\n\n\n<li>Einfassungen<\/li>\n\n\n\n<li>Kittfugen<\/li>\n\n\n\n<li>Blitzschutz<\/li>\n\n\n\n<li>Ablaufrohre<\/li>\n\n\n\n<li>Befestigung<\/li>\n<\/ul>\n\n\n\n<div style=\"height:20px\" aria-hidden=\"true\" class=\"wp-block-spacer\"><\/div>\n\n\n\n<p>Reinigungsarbeiten<\/p>\n\n\n\n<ul class=\"wp-block-list\">\n<li>Kleine Moosflecken<\/li>\n<\/ul>\n\n\n\n<div style=\"height:20px\" aria-hidden=\"true\" class=\"wp-block-spacer\"><\/div>\n\n\n\n<p>Unterhaltsarbeiten<\/p>\n\n\n\n<ul class=\"wp-block-list\">\n<li>Defekte Fassadenmaterialien ersetzen<\/li>\n<\/ul>\n<\/div>\n\n\n\n<div class=\"wp-block-column is-layout-flow wp-block-column-is-layout-flow\">\n<h2 class=\"wp-block-heading\" id=\"h-flachdach\"><u>Flachdach<\/u><\/h2>\n\n\n\n<p>Visuelle Kontrolle<\/p>\n\n\n\n<ul class=\"wp-block-list\">\n<li>Schutz- und Nutzschicht<\/li>\n\n\n\n<li>Begr\u00fcnung<\/li>\n\n\n\n<li>Moosbildung<\/li>\n\n\n\n<li>An- und Abschl\u00fcsse<\/li>\n\n\n\n<li>Blechabdeckungen<\/li>\n\n\n\n<li>Einfassungen<\/li>\n\n\n\n<li>Kittfugen<\/li>\n\n\n\n<li>Blitzschutz<\/li>\n\n\n\n<li>Ablaufrohre<\/li>\n\n\n\n<li>Dachwasserabl\u00e4ufe<\/li>\n\n\n\n<li>Aufgehende Geb\u00e4udeteile<\/li>\n\n\n\n<li>Sicherheitshaken<\/li>\n<\/ul>\n\n\n\n<div style=\"height:20px\" aria-hidden=\"true\" class=\"wp-block-spacer\"><\/div>\n\n\n\n<p>Reinigungsarbeiten<\/p>\n\n\n\n<ul class=\"wp-block-list\">\n<li>Dachwasserabl\u00e4ufe<\/li>\n<\/ul>\n\n\n\n<div style=\"height:20px\" aria-hidden=\"true\" class=\"wp-block-spacer\"><\/div>\n\n\n\n<p>Unterhaltsarbeiten <\/p>\n\n\n\n<ul class=\"wp-block-list\">\n<li>Unkraut entfernen<\/li>\n\n\n\n<li>Windverfrachtungen planieren<\/li>\n<\/ul>\n<\/div>\n\n\n\n<div class=\"wp-block-column is-layout-flow wp-block-column-is-layout-flow\">\n<h2 class=\"wp-block-heading\" id=\"h-steildach\"><u>Steildach<\/u><\/h2>\n\n\n\n<p>Visuelle Kontrolle<\/p>\n\n\n\n<ul class=\"wp-block-list\">\n<li>Eindeckung<\/li>\n\n\n\n<li>Dachrinnen<\/li>\n\n\n\n<li>Moosbildung<\/li>\n\n\n\n<li>An- und Abschl\u00fcsse<\/li>\n\n\n\n<li>Blechabdeckungen<\/li>\n\n\n\n<li>Einfassungen<\/li>\n\n\n\n<li>Kittfugen<\/li>\n\n\n\n<li>Blitzschutz<\/li>\n\n\n\n<li>Ablaufrohre<\/li>\n\n\n\n<li>Ablaufsch\u00e4chte<\/li>\n\n\n\n<li>Aufgehende Geb\u00e4udeteile<\/li>\n\n\n\n<li>Befestigung Ort und First<\/li>\n\n\n\n<li>Schneefang<\/li>\n\n\n\n<li>Sicherheitshaken<\/li>\n<\/ul>\n\n\n\n<div style=\"height:20px\" aria-hidden=\"true\" class=\"wp-block-spacer\"><\/div>\n\n\n\n<p>Reinigungsarbeiten<\/p>\n\n\n\n<ul class=\"wp-block-list\">\n<li>Ablaufsch\u00e4chte<\/li>\n\n\n\n<li>Dachrinnen<\/li>\n\n\n\n<li>Blechanschl\u00fcsse<\/li>\n\n\n\n<li>Laub entfernen<\/li>\n\n\n\n<li>Kleine Moosflecken<\/li>\n<\/ul>\n\n\n\n<div style=\"height:20px\" aria-hidden=\"true\" class=\"wp-block-spacer\"><\/div>\n\n\n\n<p>Unterhaltsarbeiten<\/p>\n\n\n\n<ul class=\"wp-block-list\">\n<li>Defektes Deckmaterial ersetzen<\/li>\n\n\n\n<li>Orteindeckung befestigen<\/li>\n<\/ul>\n<\/div>\n<\/div>\n\n\n\n<div style=\"height:40px\" aria-hidden=\"true\" class=\"wp-block-spacer\"><\/div>\n<\/div>\n\n\n\n<div class=\"wp-block-column sf-col-3 is-layout-flow wp-block-column-is-layout-flow\">\n<h2 class=\"wp-block-heading\" id=\"h-ansprechpartner\">Ansprechpartner<\/h2>\n\n\n\n<figure class=\"wp-block-image size-full sf_img_ansprech\"><img fetchpriority=\"high\" decoding=\"async\" width=\"2560\" height=\"2560\" src=\"https:\/\/huebscher.net\/media\/Matthias-Kaiser-schwarz-scaled.jpg\" alt=\"\" class=\"wp-image-12264\" srcset=\"https:\/\/www.huebscher.net\/media\/Matthias-Kaiser-schwarz-scaled.jpg 2560w, https:\/\/www.huebscher.net\/media\/Matthias-Kaiser-schwarz-720x720.jpg 720w, https:\/\/www.huebscher.net\/media\/Matthias-Kaiser-schwarz-1080x1080.jpg 1080w, https:\/\/www.huebscher.net\/media\/Matthias-Kaiser-schwarz-150x150.jpg 150w, https:\/\/www.huebscher.net\/media\/Matthias-Kaiser-schwarz-768x768.jpg 768w, https:\/\/www.huebscher.net\/media\/Matthias-Kaiser-schwarz-1536x1536.jpg 1536w, https:\/\/www.huebscher.net\/media\/Matthias-Kaiser-schwarz-2048x2048.jpg 2048w, https:\/\/www.huebscher.net\/media\/Matthias-Kaiser-schwarz-100x100.jpg 100w, https:\/\/www.huebscher.net\/media\/Matthias-Kaiser-schwarz-350x350.jpg 350w\" sizes=\"(max-width: 2560px) 100vw, 2560px\" \/><figcaption class=\"wp-element-caption\">Matthias Kaiser<\/figcaption><\/figure>\n\n\n\n<h4>Matthias Kaiser<\/h4>\n<p>Koordination Service-Team<\/p>\n<table>\n<tbody>\n<tr>\n<td><a class=\"email font-awesome\" href=\"mailto:matthias.kaiser@huebscher.swiss\"><i class=\"fa-envelope fa-xl\"><\/i> Mail<\/a><\/td>\n<\/tr>\n<tr>\n<td><a class=\"font-awesome\" href=\"tel:+41526874000\"><i class=\"fa-phone fa-xl\"><\/i> +41 (0) 52 551 24 14<\/a><\/td>\n<\/tr>\n<\/tbody>\n<\/table>\n\n\n\n<div style=\"height:40px\" aria-hidden=\"true\" class=\"wp-block-spacer\"><\/div>\n<\/div>\n<\/div>\n","protected":false},"excerpt":{"rendered":"<p>Regelm\u00e4ssige Kontrollen der Fassade, des Flach- oder Steildachs lohnen sich. Wir k\u00f6nnen dadurch massgeblich zur Werterhaltung beitragen. Ob es sich dabei nur um das Entfernen von Unkraut, das Planieren von Windverfrachtungen oder gar ums Ersetzen von defektem Deckmaterial geht, spielt keine Rolle. Wir geben unser Bestes, damit Sie noch lange Freude an Ihrem Objekt haben.&hellip;<\/p>\n","protected":false},"author":2,"featured_media":0,"parent":10780,"menu_order":0,"comment_status":"closed","ping_status":"closed","template":"","meta":{"_acf_changed":false,"_monsterinsights_skip_tracking":false,"_monsterinsights_sitenote_active":false,"_monsterinsights_sitenote_note":"","_monsterinsights_sitenote_category":0,"_genesis_hide_title":false,"_genesis_hide_breadcrumbs":false,"_genesis_hide_singular_image":false,"_genesis_hide_footer_widgets":false,"_genesis_custom_body_class":"sf_body_class","_genesis_custom_post_class":"","_genesis_layout":"full-width-content","footnotes":""},"class_list":{"0":"post-10790","1":"page","2":"type-page","3":"status-publish","5":"entry","6":"has-post-thumbnail"},"acf":[],"yoast_head":"<!-- This site is optimized with the Yoast SEO Premium plugin v25.2 (Yoast SEO v25.2) - https:\/\/yoast.com\/wordpress\/plugins\/seo\/ -->\n<title>Unterhaltsvertrag - H\u00dcBSCHER HOLZBAU<\/title>\n<meta name=\"description\" content=\"Regelm\u00e4ssige Kontrollen der Fassade, des Flach- oder Steildachs lohnen sich. Wir k\u00f6nnen dadurch massgeblich zur Werterhaltung beitragen\" \/>\n<meta name=\"robots\" content=\"index, follow, max-snippet:-1, max-image-preview:large, max-video-preview:-1\" \/>\n<link rel=\"canonical\" href=\"https:\/\/www.huebscher.net\/de\/service\/unterhaltsvertrag\/\" \/>\n<meta property=\"og:locale\" content=\"de_DE\" \/>\n<meta property=\"og:type\" content=\"article\" \/>\n<meta property=\"og:title\" content=\"Unterhaltsvertrag\" \/>\n<meta property=\"og:description\" content=\"Regelm\u00e4ssige Kontrollen der Fassade, des Flach- oder Steildachs lohnen sich. Wir k\u00f6nnen dadurch massgeblich zur Werterhaltung beitragen\" \/>\n<meta property=\"og:url\" content=\"https:\/\/www.huebscher.net\/de\/service\/unterhaltsvertrag\/\" \/>\n<meta property=\"og:site_name\" content=\"H\u00dcBSCHER HOLZBAU\" \/>\n<meta property=\"article:publisher\" content=\"http:\/\/facebook.com\/huebscher.holzbau\" \/>\n<meta property=\"article:modified_time\" content=\"2024-10-03T14:43:04+00:00\" \/>\n<meta property=\"og:image\" content=\"https:\/\/huebscher.net\/media\/Matthias-Kaiser-schwarz-scaled.jpg\" \/>\n<meta name=\"twitter:card\" content=\"summary_large_image\" \/>\n<meta name=\"twitter:label1\" content=\"Gesch\u00e4tzte Lesezeit\" \/>\n\t<meta name=\"twitter:data1\" content=\"2\u00a0Minuten\" \/>\n<script type=\"application\/ld+json\" class=\"yoast-schema-graph\">{\"@context\":\"https:\/\/schema.org\",\"@graph\":[{\"@type\":\"WebPage\",\"@id\":\"https:\/\/www.huebscher.net\/de\/service\/unterhaltsvertrag\/\",\"url\":\"https:\/\/www.huebscher.net\/de\/service\/unterhaltsvertrag\/\",\"name\":\"Unterhaltsvertrag - H\u00dcBSCHER HOLZBAU\",\"isPartOf\":{\"@id\":\"https:\/\/www.huebscher.net\/ch\/#website\"},\"primaryImageOfPage\":{\"@id\":\"https:\/\/www.huebscher.net\/de\/service\/unterhaltsvertrag\/#primaryimage\"},\"image\":{\"@id\":\"https:\/\/www.huebscher.net\/de\/service\/unterhaltsvertrag\/#primaryimage\"},\"thumbnailUrl\":\"https:\/\/huebscher.net\/media\/Matthias-Kaiser-schwarz-scaled.jpg\",\"datePublished\":\"2023-02-28T03:29:10+00:00\",\"dateModified\":\"2024-10-03T14:43:04+00:00\",\"description\":\"Regelm\u00e4ssige Kontrollen der Fassade, des Flach- oder Steildachs lohnen sich. Wir k\u00f6nnen dadurch massgeblich zur Werterhaltung beitragen\",\"breadcrumb\":{\"@id\":\"https:\/\/www.huebscher.net\/de\/service\/unterhaltsvertrag\/#breadcrumb\"},\"inLanguage\":\"de\",\"potentialAction\":[{\"@type\":\"ReadAction\",\"target\":[\"https:\/\/www.huebscher.net\/de\/service\/unterhaltsvertrag\/\"]}]},{\"@type\":\"ImageObject\",\"inLanguage\":\"de\",\"@id\":\"https:\/\/www.huebscher.net\/de\/service\/unterhaltsvertrag\/#primaryimage\",\"url\":\"https:\/\/huebscher.net\/media\/Matthias-Kaiser-schwarz-scaled.jpg\",\"contentUrl\":\"https:\/\/huebscher.net\/media\/Matthias-Kaiser-schwarz-scaled.jpg\"},{\"@type\":\"BreadcrumbList\",\"@id\":\"https:\/\/www.huebscher.net\/de\/service\/unterhaltsvertrag\/#breadcrumb\",\"itemListElement\":[{\"@type\":\"ListItem\",\"position\":1,\"name\":\"Home\",\"item\":\"https:\/\/www.huebscher.net\/de\/\"},{\"@type\":\"ListItem\",\"position\":2,\"name\":\"SERVICE\",\"item\":\"https:\/\/www.huebscher.net\/de\/service\/\"},{\"@type\":\"ListItem\",\"position\":3,\"name\":\"Unterhaltsvertrag\"}]},{\"@type\":\"WebSite\",\"@id\":\"https:\/\/www.huebscher.net\/ch\/#website\",\"url\":\"https:\/\/www.huebscher.net\/ch\/\",\"name\":\"H\u00fcbscher Holzbau\",\"description\":\"H\u00fcbscher Holzbau AG\",\"publisher\":{\"@id\":\"https:\/\/www.huebscher.net\/ch\/#organization\"},\"alternateName\":\"H\u00fcbscher Holzbau\",\"potentialAction\":[{\"@type\":\"SearchAction\",\"target\":{\"@type\":\"EntryPoint\",\"urlTemplate\":\"https:\/\/www.huebscher.net\/ch\/?s={search_term_string}\"},\"query-input\":{\"@type\":\"PropertyValueSpecification\",\"valueRequired\":true,\"valueName\":\"search_term_string\"}}],\"inLanguage\":\"de\"},{\"@type\":\"Organization\",\"@id\":\"https:\/\/www.huebscher.net\/ch\/#organization\",\"name\":\"H\u00fcbscher Holzbau\",\"alternateName\":\"H\u00fcbscher Holzbau\",\"url\":\"https:\/\/www.huebscher.net\/ch\/\",\"logo\":{\"@type\":\"ImageObject\",\"inLanguage\":\"de\",\"@id\":\"https:\/\/www.huebscher.net\/ch\/#\/schema\/logo\/image\/\",\"url\":\"https:\/\/www.huebscher.net\/media\/huebscher_logo_def.png\",\"contentUrl\":\"https:\/\/www.huebscher.net\/media\/huebscher_logo_def.png\",\"width\":220,\"height\":110,\"caption\":\"H\u00fcbscher Holzbau\"},\"image\":{\"@id\":\"https:\/\/www.huebscher.net\/ch\/#\/schema\/logo\/image\/\"},\"sameAs\":[\"http:\/\/facebook.com\/huebscher.holzbau\",\"https:\/\/pt.linkedin.com\/organization-guest\/company\/huebscher-holzbau\",\"https:\/\/www.instagram.com\/huebscherholzbau\/\"]}]}<\/script>\n<!-- \/ Yoast SEO Premium plugin. -->","yoast_head_json":{"title":"Unterhaltsvertrag - H\u00dcBSCHER HOLZBAU","description":"Regelm\u00e4ssige Kontrollen der Fassade, des Flach- oder Steildachs lohnen sich. Wir k\u00f6nnen dadurch massgeblich zur Werterhaltung beitragen","robots":{"index":"index","follow":"follow","max-snippet":"max-snippet:-1","max-image-preview":"max-image-preview:large","max-video-preview":"max-video-preview:-1"},"canonical":"https:\/\/www.huebscher.net\/de\/service\/unterhaltsvertrag\/","og_locale":"de_DE","og_type":"article","og_title":"Unterhaltsvertrag","og_description":"Regelm\u00e4ssige Kontrollen der Fassade, des Flach- oder Steildachs lohnen sich. Wir k\u00f6nnen dadurch massgeblich zur Werterhaltung beitragen","og_url":"https:\/\/www.huebscher.net\/de\/service\/unterhaltsvertrag\/","og_site_name":"H\u00dcBSCHER HOLZBAU","article_publisher":"http:\/\/facebook.com\/huebscher.holzbau","article_modified_time":"2024-10-03T14:43:04+00:00","og_image":[{"url":"https:\/\/huebscher.net\/media\/Matthias-Kaiser-schwarz-scaled.jpg","type":"","width":"","height":""}],"twitter_card":"summary_large_image","twitter_misc":{"Gesch\u00e4tzte Lesezeit":"2\u00a0Minuten"},"schema":{"@context":"https:\/\/schema.org","@graph":[{"@type":"WebPage","@id":"https:\/\/www.huebscher.net\/de\/service\/unterhaltsvertrag\/","url":"https:\/\/www.huebscher.net\/de\/service\/unterhaltsvertrag\/","name":"Unterhaltsvertrag - H\u00dcBSCHER HOLZBAU","isPartOf":{"@id":"https:\/\/www.huebscher.net\/ch\/#website"},"primaryImageOfPage":{"@id":"https:\/\/www.huebscher.net\/de\/service\/unterhaltsvertrag\/#primaryimage"},"image":{"@id":"https:\/\/www.huebscher.net\/de\/service\/unterhaltsvertrag\/#primaryimage"},"thumbnailUrl":"https:\/\/huebscher.net\/media\/Matthias-Kaiser-schwarz-scaled.jpg","datePublished":"2023-02-28T03:29:10+00:00","dateModified":"2024-10-03T14:43:04+00:00","description":"Regelm\u00e4ssige Kontrollen der Fassade, des Flach- oder Steildachs lohnen sich. Wir k\u00f6nnen dadurch massgeblich zur Werterhaltung beitragen","breadcrumb":{"@id":"https:\/\/www.huebscher.net\/de\/service\/unterhaltsvertrag\/#breadcrumb"},"inLanguage":"de","potentialAction":[{"@type":"ReadAction","target":["https:\/\/www.huebscher.net\/de\/service\/unterhaltsvertrag\/"]}]},{"@type":"ImageObject","inLanguage":"de","@id":"https:\/\/www.huebscher.net\/de\/service\/unterhaltsvertrag\/#primaryimage","url":"https:\/\/huebscher.net\/media\/Matthias-Kaiser-schwarz-scaled.jpg","contentUrl":"https:\/\/huebscher.net\/media\/Matthias-Kaiser-schwarz-scaled.jpg"},{"@type":"BreadcrumbList","@id":"https:\/\/www.huebscher.net\/de\/service\/unterhaltsvertrag\/#breadcrumb","itemListElement":[{"@type":"ListItem","position":1,"name":"Home","item":"https:\/\/www.huebscher.net\/de\/"},{"@type":"ListItem","position":2,"name":"SERVICE","item":"https:\/\/www.huebscher.net\/de\/service\/"},{"@type":"ListItem","position":3,"name":"Unterhaltsvertrag"}]},{"@type":"WebSite","@id":"https:\/\/www.huebscher.net\/ch\/#website","url":"https:\/\/www.huebscher.net\/ch\/","name":"H\u00fcbscher Holzbau","description":"H\u00fcbscher Holzbau AG","publisher":{"@id":"https:\/\/www.huebscher.net\/ch\/#organization"},"alternateName":"H\u00fcbscher Holzbau","potentialAction":[{"@type":"SearchAction","target":{"@type":"EntryPoint","urlTemplate":"https:\/\/www.huebscher.net\/ch\/?s={search_term_string}"},"query-input":{"@type":"PropertyValueSpecification","valueRequired":true,"valueName":"search_term_string"}}],"inLanguage":"de"},{"@type":"Organization","@id":"https:\/\/www.huebscher.net\/ch\/#organization","name":"H\u00fcbscher Holzbau","alternateName":"H\u00fcbscher Holzbau","url":"https:\/\/www.huebscher.net\/ch\/","logo":{"@type":"ImageObject","inLanguage":"de","@id":"https:\/\/www.huebscher.net\/ch\/#\/schema\/logo\/image\/","url":"https:\/\/www.huebscher.net\/media\/huebscher_logo_def.png","contentUrl":"https:\/\/www.huebscher.net\/media\/huebscher_logo_def.png","width":220,"height":110,"caption":"H\u00fcbscher Holzbau"},"image":{"@id":"https:\/\/www.huebscher.net\/ch\/#\/schema\/logo\/image\/"},"sameAs":["http:\/\/facebook.com\/huebscher.holzbau","https:\/\/pt.linkedin.com\/organization-guest\/company\/huebscher-holzbau","https:\/\/www.instagram.com\/huebscherholzbau\/"]}]}},"_links":{"self":[{"href":"https:\/\/www.huebscher.net\/de\/wp-json\/wp\/v2\/pages\/10790"}],"collection":[{"href":"https:\/\/www.huebscher.net\/de\/wp-json\/wp\/v2\/pages"}],"about":[{"href":"https:\/\/www.huebscher.net\/de\/wp-json\/wp\/v2\/types\/page"}],"author":[{"embeddable":true,"href":"https:\/\/www.huebscher.net\/de\/wp-json\/wp\/v2\/users\/2"}],"replies":[{"embeddable":true,"href":"https:\/\/www.huebscher.net\/de\/wp-json\/wp\/v2\/comments?post=10790"}],"version-history":[{"count":3,"href":"https:\/\/www.huebscher.net\/de\/wp-json\/wp\/v2\/pages\/10790\/revisions"}],"predecessor-version":[{"id":12287,"href":"https:\/\/www.huebscher.net\/de\/wp-json\/wp\/v2\/pages\/10790\/revisions\/12287"}],"up":[{"embeddable":true,"href":"https:\/\/www.huebscher.net\/de\/wp-json\/wp\/v2\/pages\/10780"}],"wp:attachment":[{"href":"https:\/\/www.huebscher.net\/de\/wp-json\/wp\/v2\/media?parent=10790"}],"curies":[{"name":"wp","href":"https:\/\/api.w.org\/{rel}","templated":true}]}}