{"id":10787,"date":"2023-03-08T04:30:19","date_gmt":"2023-03-08T03:30:19","guid":{"rendered":"https:\/\/staging.huebscher.net\/holzhausbau_\/"},"modified":"2025-10-30T13:57:09","modified_gmt":"2025-10-30T12:57:09","slug":"huebscher-holzhaus","status":"publish","type":"page","link":"https:\/\/www.huebscher.net\/de\/huebscher-holzhaus\/","title":{"rendered":"H\u00dcBSCHER HOLZHAUS"},"content":{"rendered":"\n<div class=\"wp-block-columns headerbox is-layout-flex wp-container-core-columns-is-layout-1 wp-block-columns-is-layout-flex\">\n<div class=\"wp-block-column is-layout-flow wp-block-column-is-layout-flow\" style=\"flex-basis:830px\">\n<p>Wir schaffen Lebensqualit\u00e4t<\/p>\n\n\n\n<h2 class=\"wp-block-heading\" id=\"h-holzhausbau\">HOLZHAUSBAU<\/h2>\n\n\n\n<p class=\"intro\">13 Schritte zu Ihrem neuen Zuhause.<\/p>\n<\/div>\n<\/div>\n\n\n\n<div class=\"wp-block-columns is-layout-flex wp-container-core-columns-is-layout-3 wp-block-columns-is-layout-flex\">\n<div class=\"wp-block-column is-layout-flow wp-block-column-is-layout-flow\"><\/div>\n\n\n\n<div class=\"wp-block-column is-layout-flow wp-block-column-is-layout-flow\" style=\"flex-basis:800px\">\n<h1 class=\"wp-block-heading mainland\" id=\"h-hubscher-holzhaus\">H\u00dcBSCHER HOLZHAUS<\/h1>\n\n\n\n<p class=\"has-text-align-left sf_content_spec\">Sie haben den grossen Traum vom Eigenheim? M\u00f6chten Ihren Bestand erweitern oder ben\u00f6tigen eine neue Werkhalle oder B\u00fcror\u00e4umlichkeiten?<\/p>\n\n\n\n<div class=\"wp-block-columns is-layout-flex wp-container-core-columns-is-layout-2 wp-block-columns-is-layout-flex\">\n<div class=\"wp-block-column is-layout-flow wp-block-column-is-layout-flow\">\n<p>Jedes Bauvorhaben startet mit einem Gedanken, einem Bild im Kopf. Unser Anspruch ist es, dieses Bild mit Ihnen zu sch\u00e4rfen und in Realit\u00e4t umzusetzen. Bei H\u00dcBSCHER treffen Sie viele Menschen, die selbst schon begeistert gebaut haben. Wir hatten \u00e4hnliche Vorstellungen, W\u00fcnsche und Fragen. <\/p>\n<\/div>\n\n\n\n<div class=\"wp-block-column is-layout-flow wp-block-column-is-layout-flow\">\n<p>Deshalb sind Sie bei unseren Experten gut aufgehoben \u2013 vor Baubeginn, w\u00e4hrend der Bauphase und dar\u00fcber hinaus. <\/p>\n\n\n\n<p>Sie m\u00f6chten Wissen, wie der Weg zu Ihrem individuellen H\u00dcBSCHER-HOLZHAUS aussieht? Dann kommen Sie mit zum H\u00dcBSCHER SORGLOSPAKET:<\/p>\n<\/div>\n<\/div>\n\n\n\n<p class=\"has-text-align-left\"><\/p>\n<\/div>\n\n\n\n<div class=\"wp-block-column is-layout-flow wp-block-column-is-layout-flow\"><\/div>\n<\/div>\n\n\n\n<div class=\"wp-block-columns is-layout-flex wp-container-core-columns-is-layout-4 wp-block-columns-is-layout-flex\">\n<div class=\"wp-block-column midcon is-layout-flow wp-block-column-is-layout-flow\" style=\"flex-basis:70%\">\n\n<\/div>\n<\/div>\n\n\n\n<div style=\"height:100px\" aria-hidden=\"true\" class=\"wp-block-spacer\"><\/div>\n\n\n\n<div class=\"wp-block-columns has-3-columns sf_mitarbeiter sf_jobs textlinksize is-layout-flex wp-container-core-columns-is-layout-5 wp-block-columns-is-layout-flex\">\n<div class=\"wp-block-column is-layout-flow wp-block-column-is-layout-flow\"><div class=\"wp-block-image\">\n<figure class=\"aligncenter size-full\"><a href=\"\/holzhausbau_\/einfamilienhaus\/\"><img fetchpriority=\"high\" decoding=\"async\" width=\"1500\" height=\"940\" src=\"https:\/\/huebscher.net\/media\/footer_bild_1.jpg\" alt=\"weitere objekte\" class=\"wp-image-8000\" srcset=\"https:\/\/www.huebscher.net\/media\/footer_bild_1.jpg 1500w, https:\/\/www.huebscher.net\/media\/footer_bild_1-1149x720.jpg 1149w, https:\/\/www.huebscher.net\/media\/footer_bild_1-768x481.jpg 768w, https:\/\/www.huebscher.net\/media\/footer_bild_1-1000x627.jpg 1000w, https:\/\/www.huebscher.net\/media\/footer_bild_1-350x219.jpg 350w\" sizes=\"(max-width: 1500px) 100vw, 1500px\" \/><\/a><figcaption class=\"wp-element-caption\"><a href=\"\/holzhausbau_\/einfamilienhaus\/\">Einfamilienhaus<\/a><\/figcaption><\/figure><\/div><\/div>\n\n\n\n<div class=\"wp-block-column is-layout-flow wp-block-column-is-layout-flow\"><div class=\"wp-block-image\">\n<figure class=\"aligncenter size-full\"><a href=\"\/holzhausbau_\/mehrfamilienhaus\/\"><img decoding=\"async\" width=\"1500\" height=\"940\" src=\"https:\/\/huebscher.net\/media\/footer_bild_2.jpg\" alt=\"weitere objekte\" class=\"wp-image-8001\" srcset=\"https:\/\/www.huebscher.net\/media\/footer_bild_2.jpg 1500w, https:\/\/www.huebscher.net\/media\/footer_bild_2-1149x720.jpg 1149w, https:\/\/www.huebscher.net\/media\/footer_bild_2-768x481.jpg 768w, https:\/\/www.huebscher.net\/media\/footer_bild_2-1000x627.jpg 1000w, https:\/\/www.huebscher.net\/media\/footer_bild_2-350x219.jpg 350w\" sizes=\"(max-width: 1500px) 100vw, 1500px\" \/><\/a><figcaption class=\"wp-element-caption\"><a href=\"\/holzhausbau_\/mehrfamilienhaus\/\">Mehrfamilienhaus<\/a><\/figcaption><\/figure><\/div><\/div>\n\n\n\n<div class=\"wp-block-column is-layout-flow wp-block-column-is-layout-flow\"><div class=\"wp-block-image\">\n<figure class=\"aligncenter size-full\"><a href=\"\/holzhausbau_\/anbau-aufstockung\/\"><img decoding=\"async\" width=\"1500\" height=\"940\" src=\"https:\/\/huebscher.net\/media\/footer_bild_3.jpg\" alt=\"weitere objekte\" class=\"wp-image-8002\" srcset=\"https:\/\/www.huebscher.net\/media\/footer_bild_3.jpg 1500w, https:\/\/www.huebscher.net\/media\/footer_bild_3-1149x720.jpg 1149w, https:\/\/www.huebscher.net\/media\/footer_bild_3-768x481.jpg 768w, https:\/\/www.huebscher.net\/media\/footer_bild_3-1000x627.jpg 1000w, https:\/\/www.huebscher.net\/media\/footer_bild_3-350x219.jpg 350w\" sizes=\"(max-width: 1500px) 100vw, 1500px\" \/><\/a><figcaption class=\"wp-element-caption\"><a href=\"\/holzhausbau_\/anbau-aufstockung\/\">Anbau + Aufstockungen<\/a><\/figcaption><\/figure><\/div><\/div>\n\n\n\n<div class=\"wp-block-column is-layout-flow wp-block-column-is-layout-flow\"><div class=\"wp-block-image\">\n<figure class=\"aligncenter size-full\"><a href=\"\/holzhausbau_\/gewerbe-und-industrie\/\"><img loading=\"lazy\" decoding=\"async\" width=\"1500\" height=\"940\" src=\"https:\/\/huebscher.net\/media\/footer_bild_4.jpg\" alt=\"weitere objekte\" class=\"wp-image-8003\" srcset=\"https:\/\/www.huebscher.net\/media\/footer_bild_4.jpg 1500w, https:\/\/www.huebscher.net\/media\/footer_bild_4-1149x720.jpg 1149w, https:\/\/www.huebscher.net\/media\/footer_bild_4-768x481.jpg 768w, https:\/\/www.huebscher.net\/media\/footer_bild_4-1000x627.jpg 1000w, https:\/\/www.huebscher.net\/media\/footer_bild_4-350x219.jpg 350w\" sizes=\"(max-width: 1500px) 100vw, 1500px\" \/><\/a><figcaption class=\"wp-element-caption\"><a href=\"\/holzhausbau_\/gewerbe-und-industrie\/\">Gewerbe + Industrie<\/a><\/figcaption><\/figure><\/div><\/div>\n\n\n\n<div class=\"wp-block-column is-layout-flow wp-block-column-is-layout-flow\"><div class=\"wp-block-image\">\n<figure class=\"aligncenter size-full\"><a href=\"\/holzhausbau_\/objektbau\/\"><img loading=\"lazy\" decoding=\"async\" width=\"1500\" height=\"940\" src=\"https:\/\/huebscher.net\/media\/footer_bild_5.jpg\" alt=\"weitere objekte\" class=\"wp-image-8004\" srcset=\"https:\/\/www.huebscher.net\/media\/footer_bild_5.jpg 1500w, https:\/\/www.huebscher.net\/media\/footer_bild_5-1149x720.jpg 1149w, https:\/\/www.huebscher.net\/media\/footer_bild_5-768x481.jpg 768w, https:\/\/www.huebscher.net\/media\/footer_bild_5-1000x627.jpg 1000w, https:\/\/www.huebscher.net\/media\/footer_bild_5-350x219.jpg 350w\" sizes=\"(max-width: 1500px) 100vw, 1500px\" \/><\/a><figcaption class=\"wp-element-caption\"><a href=\"\/holzhausbau_\/objektbau\/\">Objektbau<\/a><\/figcaption><\/figure><\/div><\/div>\n<\/div>\n\n\n\n<div style=\"height:100px\" aria-hidden=\"true\" class=\"wp-block-spacer\"><\/div>\n","protected":false},"excerpt":{"rendered":"<p>Wir schaffen Lebensqualit\u00e4t HOLZHAUSBAU 13 Schritte zu Ihrem neuen Zuhause. H\u00dcBSCHER HOLZHAUS Sie haben den grossen Traum vom Eigenheim? M\u00f6chten Ihren Bestand erweitern oder ben\u00f6tigen eine neue Werkhalle oder B\u00fcror\u00e4umlichkeiten? Jedes Bauvorhaben startet mit einem Gedanken, einem Bild im Kopf. Unser Anspruch ist es, dieses Bild mit Ihnen zu sch\u00e4rfen und in Realit\u00e4t umzusetzen. Bei&hellip;<\/p>\n","protected":false},"author":2,"featured_media":0,"parent":0,"menu_order":0,"comment_status":"closed","ping_status":"closed","template":"","meta":{"_acf_changed":false,"_monsterinsights_skip_tracking":false,"_monsterinsights_sitenote_active":false,"_monsterinsights_sitenote_note":"","_monsterinsights_sitenote_category":0,"_genesis_hide_title":false,"_genesis_hide_breadcrumbs":false,"_genesis_hide_singular_image":false,"_genesis_hide_footer_widgets":false,"_genesis_custom_body_class":"sf_body_class","_genesis_custom_post_class":"","_genesis_layout":"full-width-content","footnotes":""},"class_list":{"0":"post-10787","1":"page","2":"type-page","3":"status-publish","5":"entry"},"acf":[],"yoast_head":"<!-- This site is optimized with the Yoast SEO Premium plugin v25.2 (Yoast SEO v25.2) - https:\/\/yoast.com\/wordpress\/plugins\/seo\/ -->\n<title>H\u00dcBSCHER HOLZHAUS<\/title>\n<meta name=\"description\" content=\"Sie haben den grossen Traum vom Eigenheim? M\u00f6chten Ihren Bestand erweitern? 13 Schritte zu Ihrem neuen Zuhause.\" \/>\n<meta name=\"robots\" content=\"index, follow, max-snippet:-1, max-image-preview:large, max-video-preview:-1\" \/>\n<link rel=\"canonical\" href=\"https:\/\/www.huebscher.net\/de\/huebscher-holzhaus\/\" \/>\n<meta property=\"og:locale\" content=\"de_DE\" \/>\n<meta property=\"og:type\" content=\"article\" \/>\n<meta property=\"og:title\" content=\"H\u00dcBSCHER HOLZHAUS\" \/>\n<meta property=\"og:description\" content=\"Sie haben den grossen Traum vom Eigenheim? M\u00f6chten Ihren Bestand erweitern? 13 Schritte zu Ihrem neuen Zuhause.\" \/>\n<meta property=\"og:url\" content=\"https:\/\/www.huebscher.net\/de\/huebscher-holzhaus\/\" \/>\n<meta property=\"og:site_name\" content=\"H\u00dcBSCHER HOLZBAU\" \/>\n<meta property=\"article:publisher\" content=\"http:\/\/facebook.com\/huebscher.holzbau\" \/>\n<meta property=\"article:modified_time\" content=\"2025-10-30T12:57:09+00:00\" \/>\n<meta property=\"og:image\" content=\"https:\/\/huebscher.net\/media\/footer_bild_1.jpg\" \/>\n<meta name=\"twitter:card\" content=\"summary_large_image\" \/>\n<meta name=\"twitter:label1\" content=\"Gesch\u00e4tzte Lesezeit\" \/>\n\t<meta name=\"twitter:data1\" content=\"2\u00a0Minuten\" \/>\n<script type=\"application\/ld+json\" class=\"yoast-schema-graph\">{\"@context\":\"https:\/\/schema.org\",\"@graph\":[{\"@type\":\"WebPage\",\"@id\":\"https:\/\/www.huebscher.net\/de\/huebscher-holzhaus\/\",\"url\":\"https:\/\/www.huebscher.net\/de\/huebscher-holzhaus\/\",\"name\":\"H\u00dcBSCHER HOLZHAUS\",\"isPartOf\":{\"@id\":\"https:\/\/www.huebscher.net\/ch\/#website\"},\"primaryImageOfPage\":{\"@id\":\"https:\/\/www.huebscher.net\/de\/huebscher-holzhaus\/#primaryimage\"},\"image\":{\"@id\":\"https:\/\/www.huebscher.net\/de\/huebscher-holzhaus\/#primaryimage\"},\"thumbnailUrl\":\"https:\/\/huebscher.net\/media\/footer_bild_1.jpg\",\"datePublished\":\"2023-03-08T03:30:19+00:00\",\"dateModified\":\"2025-10-30T12:57:09+00:00\",\"description\":\"Sie haben den grossen Traum vom Eigenheim? M\u00f6chten Ihren Bestand erweitern? 13 Schritte zu Ihrem neuen Zuhause.\",\"breadcrumb\":{\"@id\":\"https:\/\/www.huebscher.net\/de\/huebscher-holzhaus\/#breadcrumb\"},\"inLanguage\":\"de\",\"potentialAction\":[{\"@type\":\"ReadAction\",\"target\":[\"https:\/\/www.huebscher.net\/de\/huebscher-holzhaus\/\"]}]},{\"@type\":\"ImageObject\",\"inLanguage\":\"de\",\"@id\":\"https:\/\/www.huebscher.net\/de\/huebscher-holzhaus\/#primaryimage\",\"url\":\"https:\/\/huebscher.net\/media\/footer_bild_1.jpg\",\"contentUrl\":\"https:\/\/huebscher.net\/media\/footer_bild_1.jpg\"},{\"@type\":\"BreadcrumbList\",\"@id\":\"https:\/\/www.huebscher.net\/de\/huebscher-holzhaus\/#breadcrumb\",\"itemListElement\":[{\"@type\":\"ListItem\",\"position\":1,\"name\":\"Home\",\"item\":\"https:\/\/www.huebscher.net\/de\/\"},{\"@type\":\"ListItem\",\"position\":2,\"name\":\"H\u00dcBSCHER HOLZHAUS\"}]},{\"@type\":\"WebSite\",\"@id\":\"https:\/\/www.huebscher.net\/ch\/#website\",\"url\":\"https:\/\/www.huebscher.net\/ch\/\",\"name\":\"H\u00fcbscher Holzbau\",\"description\":\"H\u00fcbscher Holzbau AG\",\"publisher\":{\"@id\":\"https:\/\/www.huebscher.net\/ch\/#organization\"},\"alternateName\":\"H\u00fcbscher Holzbau\",\"potentialAction\":[{\"@type\":\"SearchAction\",\"target\":{\"@type\":\"EntryPoint\",\"urlTemplate\":\"https:\/\/www.huebscher.net\/ch\/?s={search_term_string}\"},\"query-input\":{\"@type\":\"PropertyValueSpecification\",\"valueRequired\":true,\"valueName\":\"search_term_string\"}}],\"inLanguage\":\"de\"},{\"@type\":\"Organization\",\"@id\":\"https:\/\/www.huebscher.net\/ch\/#organization\",\"name\":\"H\u00fcbscher Holzbau\",\"alternateName\":\"H\u00fcbscher Holzbau\",\"url\":\"https:\/\/www.huebscher.net\/ch\/\",\"logo\":{\"@type\":\"ImageObject\",\"inLanguage\":\"de\",\"@id\":\"https:\/\/www.huebscher.net\/ch\/#\/schema\/logo\/image\/\",\"url\":\"https:\/\/www.huebscher.net\/media\/huebscher_logo_def.png\",\"contentUrl\":\"https:\/\/www.huebscher.net\/media\/huebscher_logo_def.png\",\"width\":220,\"height\":110,\"caption\":\"H\u00fcbscher Holzbau\"},\"image\":{\"@id\":\"https:\/\/www.huebscher.net\/ch\/#\/schema\/logo\/image\/\"},\"sameAs\":[\"http:\/\/facebook.com\/huebscher.holzbau\",\"https:\/\/pt.linkedin.com\/organization-guest\/company\/huebscher-holzbau\",\"https:\/\/www.instagram.com\/huebscherholzbau\/\"]}]}<\/script>\n<!-- \/ Yoast SEO Premium plugin. -->","yoast_head_json":{"title":"H\u00dcBSCHER HOLZHAUS","description":"Sie haben den grossen Traum vom Eigenheim? M\u00f6chten Ihren Bestand erweitern? 13 Schritte zu Ihrem neuen Zuhause.","robots":{"index":"index","follow":"follow","max-snippet":"max-snippet:-1","max-image-preview":"max-image-preview:large","max-video-preview":"max-video-preview:-1"},"canonical":"https:\/\/www.huebscher.net\/de\/huebscher-holzhaus\/","og_locale":"de_DE","og_type":"article","og_title":"H\u00dcBSCHER HOLZHAUS","og_description":"Sie haben den grossen Traum vom Eigenheim? M\u00f6chten Ihren Bestand erweitern? 13 Schritte zu Ihrem neuen Zuhause.","og_url":"https:\/\/www.huebscher.net\/de\/huebscher-holzhaus\/","og_site_name":"H\u00dcBSCHER HOLZBAU","article_publisher":"http:\/\/facebook.com\/huebscher.holzbau","article_modified_time":"2025-10-30T12:57:09+00:00","og_image":[{"url":"https:\/\/huebscher.net\/media\/footer_bild_1.jpg","type":"","width":"","height":""}],"twitter_card":"summary_large_image","twitter_misc":{"Gesch\u00e4tzte Lesezeit":"2\u00a0Minuten"},"schema":{"@context":"https:\/\/schema.org","@graph":[{"@type":"WebPage","@id":"https:\/\/www.huebscher.net\/de\/huebscher-holzhaus\/","url":"https:\/\/www.huebscher.net\/de\/huebscher-holzhaus\/","name":"H\u00dcBSCHER HOLZHAUS","isPartOf":{"@id":"https:\/\/www.huebscher.net\/ch\/#website"},"primaryImageOfPage":{"@id":"https:\/\/www.huebscher.net\/de\/huebscher-holzhaus\/#primaryimage"},"image":{"@id":"https:\/\/www.huebscher.net\/de\/huebscher-holzhaus\/#primaryimage"},"thumbnailUrl":"https:\/\/huebscher.net\/media\/footer_bild_1.jpg","datePublished":"2023-03-08T03:30:19+00:00","dateModified":"2025-10-30T12:57:09+00:00","description":"Sie haben den grossen Traum vom Eigenheim? M\u00f6chten Ihren Bestand erweitern? 13 Schritte zu Ihrem neuen Zuhause.","breadcrumb":{"@id":"https:\/\/www.huebscher.net\/de\/huebscher-holzhaus\/#breadcrumb"},"inLanguage":"de","potentialAction":[{"@type":"ReadAction","target":["https:\/\/www.huebscher.net\/de\/huebscher-holzhaus\/"]}]},{"@type":"ImageObject","inLanguage":"de","@id":"https:\/\/www.huebscher.net\/de\/huebscher-holzhaus\/#primaryimage","url":"https:\/\/huebscher.net\/media\/footer_bild_1.jpg","contentUrl":"https:\/\/huebscher.net\/media\/footer_bild_1.jpg"},{"@type":"BreadcrumbList","@id":"https:\/\/www.huebscher.net\/de\/huebscher-holzhaus\/#breadcrumb","itemListElement":[{"@type":"ListItem","position":1,"name":"Home","item":"https:\/\/www.huebscher.net\/de\/"},{"@type":"ListItem","position":2,"name":"H\u00dcBSCHER HOLZHAUS"}]},{"@type":"WebSite","@id":"https:\/\/www.huebscher.net\/ch\/#website","url":"https:\/\/www.huebscher.net\/ch\/","name":"H\u00fcbscher Holzbau","description":"H\u00fcbscher Holzbau AG","publisher":{"@id":"https:\/\/www.huebscher.net\/ch\/#organization"},"alternateName":"H\u00fcbscher Holzbau","potentialAction":[{"@type":"SearchAction","target":{"@type":"EntryPoint","urlTemplate":"https:\/\/www.huebscher.net\/ch\/?s={search_term_string}"},"query-input":{"@type":"PropertyValueSpecification","valueRequired":true,"valueName":"search_term_string"}}],"inLanguage":"de"},{"@type":"Organization","@id":"https:\/\/www.huebscher.net\/ch\/#organization","name":"H\u00fcbscher Holzbau","alternateName":"H\u00fcbscher Holzbau","url":"https:\/\/www.huebscher.net\/ch\/","logo":{"@type":"ImageObject","inLanguage":"de","@id":"https:\/\/www.huebscher.net\/ch\/#\/schema\/logo\/image\/","url":"https:\/\/www.huebscher.net\/media\/huebscher_logo_def.png","contentUrl":"https:\/\/www.huebscher.net\/media\/huebscher_logo_def.png","width":220,"height":110,"caption":"H\u00fcbscher Holzbau"},"image":{"@id":"https:\/\/www.huebscher.net\/ch\/#\/schema\/logo\/image\/"},"sameAs":["http:\/\/facebook.com\/huebscher.holzbau","https:\/\/pt.linkedin.com\/organization-guest\/company\/huebscher-holzbau","https:\/\/www.instagram.com\/huebscherholzbau\/"]}]}},"_links":{"self":[{"href":"https:\/\/www.huebscher.net\/de\/wp-json\/wp\/v2\/pages\/10787"}],"collection":[{"href":"https:\/\/www.huebscher.net\/de\/wp-json\/wp\/v2\/pages"}],"about":[{"href":"https:\/\/www.huebscher.net\/de\/wp-json\/wp\/v2\/types\/page"}],"author":[{"embeddable":true,"href":"https:\/\/www.huebscher.net\/de\/wp-json\/wp\/v2\/users\/2"}],"replies":[{"embeddable":true,"href":"https:\/\/www.huebscher.net\/de\/wp-json\/wp\/v2\/comments?post=10787"}],"version-history":[{"count":6,"href":"https:\/\/www.huebscher.net\/de\/wp-json\/wp\/v2\/pages\/10787\/revisions"}],"predecessor-version":[{"id":15818,"href":"https:\/\/www.huebscher.net\/de\/wp-json\/wp\/v2\/pages\/10787\/revisions\/15818"}],"wp:attachment":[{"href":"https:\/\/www.huebscher.net\/de\/wp-json\/wp\/v2\/media?parent=10787"}],"curies":[{"name":"wp","href":"https:\/\/api.w.org\/{rel}","templated":true}]}}