{"id":10784,"date":"2023-03-10T09:47:27","date_gmt":"2023-03-10T08:47:27","guid":{"rendered":"https:\/\/staging.huebscher.net\/umbau-sanierung\/fensterersatz-und-pfosten-riegelverglasung\/"},"modified":"2025-05-21T09:29:06","modified_gmt":"2025-05-21T07:29:06","slug":"fensterersatz-und-pfosten-riegelverglasung","status":"publish","type":"page","link":"https:\/\/www.huebscher.net\/de\/umbau-sanierung\/fensterersatz-und-pfosten-riegelverglasung\/","title":{"rendered":"Fensterersatz und <br\/> Pfostenriegelverglasung"},"content":{"rendered":"\n<div class=\"wp-block-columns has-2-columns sf-col-full is-layout-flex wp-container-core-columns-is-layout-2 wp-block-columns-is-layout-flex\">\n<div class=\"wp-block-column sf-col-7 is-layout-flow wp-block-column-is-layout-flow\">\n<p class=\"sf_content_spec\">In Ihrem Haus spielen die Fenster eine zentrale Rolle. Sie pr\u00e4gen das Bild Ihres Hauses und tragen wesentlich zu Ihrem Wohlbefinden bei. Zudem haben Fenster folgende Aufgaben: F\u00fcr nat\u00fcrliches und viel Licht in den Wohnr\u00e4umen zu sorgen, Ruhe vor dem L\u00e4rm draussen, Sicherheit vor ungebetenen G\u00e4sten und angenehme W\u00e4rme, wenn es kalt ist.<\/p>\n\n\n\n<div style=\"height:20px\" aria-hidden=\"true\" class=\"wp-block-spacer\"><\/div>\n\n\n\n<div class=\"wp-block-columns is-layout-flex wp-container-core-columns-is-layout-1 wp-block-columns-is-layout-flex\">\n<div class=\"wp-block-column is-layout-flow wp-block-column-is-layout-flow\">\n<div class=\"alignnormal\"><div id=\"metaslider-id-7704\" style=\"width: 100%;\" class=\"ml-slider-3-94-0 metaslider metaslider-flex metaslider-7704 ml-slider ms-theme-default nav-hidden\" role=\"region\" aria-roledescription=\"Slideshow\" aria-label=\"fensterersatz\">\n    <div id=\"metaslider_container_7704\">\n        <div id=\"metaslider_7704\">\n            <ul class='slides'>\n                <li style=\"display: block; width: 100%;\" class=\"slide-7705 ms-image \" aria-roledescription=\"slide\" aria-label=\"slide-7705\"><img fetchpriority=\"high\" decoding=\"async\" src=\"https:\/\/www.huebscher.net\/media\/umbau_05.jpg\" height=\"940\" width=\"1500\" alt=\"umbau h\u00fcbscher\" class=\"slider-7704 slide-7705\" title=\"umbau_05\" \/><\/li>\n                <li style=\"display: none; width: 100%;\" class=\"slide-7706 ms-image \" aria-roledescription=\"slide\" aria-label=\"slide-7706\"><img decoding=\"async\" src=\"https:\/\/www.huebscher.net\/media\/umbau_09.jpg\" height=\"940\" width=\"1500\" alt=\"umbau h\u00fcbscher\" class=\"slider-7704 slide-7706\" title=\"umbau_09\" \/><\/li>\n            <\/ul>\n        <\/div>\n        \n    <\/div>\n<\/div><\/div>\n\n\n\n<div style=\"height:20px\" aria-hidden=\"true\" class=\"wp-block-spacer\"><\/div>\n\n\n\n<h2 class=\"wp-block-heading\" id=\"h-fensterersatz\">Fensterersatz<\/h2>\n\n\n\n<p>Mit unseren Fenstertypen in Holz, Holz-Metall und Kunststoff decken wir alle W\u00fcnsche ab. Zusammen mit Ihnen als Kunde eruieren wir das passende Produkt und erstellen Ihnen individuelle Vorschl\u00e4ge. Unsere Jalousien, Lamellen- und Raffstoren runden das Gesamtpaket der Fenstersanierung ab.<\/p>\n\n\n\n<div style=\"height:40px\" aria-hidden=\"true\" class=\"wp-block-spacer\"><\/div>\n\n\n\n<div class=\"alignnormal\"><div id=\"metaslider-id-7698\" style=\"width: 100%;\" class=\"ml-slider-3-94-0 metaslider metaslider-flex metaslider-7698 ml-slider ms-theme-default nav-hidden nav-hidden\" role=\"region\" aria-roledescription=\"Slideshow\" aria-label=\"Pfosten\">\n    <div id=\"metaslider_container_7698\">\n        <div id=\"metaslider_7698\">\n            <ul class='slides'>\n                <li style=\"display: block; width: 100%;\" class=\"slide-7699 ms-image \" aria-roledescription=\"slide\" aria-label=\"slide-7699\"><img decoding=\"async\" src=\"https:\/\/www.huebscher.net\/media\/umbau_10.jpg\" height=\"940\" width=\"1500\" alt=\"umbau h\u00fcbscher\" class=\"slider-7698 slide-7699\" title=\"umbau_10\" \/><\/li>\n                <li style=\"display: none; width: 100%;\" class=\"slide-7700 ms-image \" aria-roledescription=\"slide\" aria-label=\"slide-7700\"><img loading=\"lazy\" decoding=\"async\" src=\"https:\/\/www.huebscher.net\/media\/umbau_11.jpg\" height=\"940\" width=\"1500\" alt=\"umbau h\u00fcbscher\" class=\"slider-7698 slide-7700\" title=\"umbau_11\" \/><\/li>\n                <li style=\"display: none; width: 100%;\" class=\"slide-7701 ms-image \" aria-roledescription=\"slide\" aria-label=\"slide-7701\"><img loading=\"lazy\" decoding=\"async\" src=\"https:\/\/www.huebscher.net\/media\/umbau_12.jpg\" height=\"940\" width=\"1500\" alt=\"umbau h\u00fcbscher\" class=\"slider-7698 slide-7701\" title=\"umbau_12\" \/><\/li>\n            <\/ul>\n        <\/div>\n        \n    <\/div>\n<\/div><\/div>\n\n\n\n<div style=\"height:20px\" aria-hidden=\"true\" class=\"wp-block-spacer\"><\/div>\n\n\n\n<h2 class=\"wp-block-heading\" id=\"h-pfosten-riegelkonstruktion\">Pfosten-Riegelkonstruktion<\/h2>\n\n\n\n<p>Starke Statik, filigrane Optik. Das sind die Merkmale der H\u00dcBSCHER Pfosten-Riegel-Fassadenkonstruktion. Mit dieser exklusiven Art setzten Sie einen absoluten Hingucker in Ihrem Bauvorhaben. Die Konstruktion ist auch als Raumtrenner \u2013 sogar mit Brandschutz EI30 \u2013 ideal geeignet. Egal ob im Neubau- oder Sanierungsbereich, die Pfosten-Riegelkonstruktion von H\u00dcBSCHER sorgt f\u00fcr das gewisse Etwas.<\/p>\n<\/div>\n<\/div>\n\n\n\n<div style=\"height:40px\" aria-hidden=\"true\" class=\"wp-block-spacer\"><\/div>\n\n\n\n<div style=\"height:20px\" aria-hidden=\"true\" class=\"wp-block-spacer\"><\/div>\n\n\n\n<div style=\"height:40px\" aria-hidden=\"true\" class=\"wp-block-spacer\"><\/div>\n<\/div>\n\n\n\n<div class=\"wp-block-column sf-col-3 is-layout-flow wp-block-column-is-layout-flow\">\n<h2 class=\"wp-block-heading\" id=\"h-ansprechpartner\">Ansprechpartner<\/h2>\n\n\n\n<figure class=\"wp-block-image size-large sf_img_ansprech\"><img decoding=\"async\" src=\"https:\/\/huebscher.net\/media\/Michael_Hu\u0308bscher.jpg\" alt=\"Michael Hu\u0308bscher CEO\" class=\"wp-image-5311\"\/><\/figure>\n\n\n\n<h4>MICHAEL H\u00dcBSCHER<\/h4>\n<p>Beratung und Verkauf Umbau + Sanierung<\/p>\n<table>\n<tbody>\n<tr>\n<td><a class=\"email font-awesome\" href=\"mailto:michael.huebscher@huebscher-holzbau.ch\"><i class=\"fa-envelope fa-xl\"><\/i> Mail<\/a><\/td>\n<\/tr>\n<tr>\n<td><a class=\"font-awesome\" href=\"tel:+41526874000\"><i class=\"fa-phone fa-xl\"><\/i> +41 (0) 52 687 40 00<\/a><\/td>\n<\/tr>\n<\/tbody>\n<\/table>\n\n\n\n<div style=\"height:40px\" aria-hidden=\"true\" class=\"wp-block-spacer\"><\/div>\n\n\n\n<h2 class=\"wp-block-heading\" id=\"h-referenzprojekt\">Referenzprojekt<\/h2>\n\n\n\n<figure class=\"wp-block-image size-full\"><img loading=\"lazy\" decoding=\"async\" width=\"1500\" height=\"940\" src=\"https:\/\/huebscher.net\/media\/Stamm_8.jpg\" alt=\"\" class=\"wp-image-3580\" srcset=\"https:\/\/www.huebscher.net\/media\/Stamm_8.jpg 1500w, https:\/\/www.huebscher.net\/media\/Stamm_8-1149x720.jpg 1149w, https:\/\/www.huebscher.net\/media\/Stamm_8-768x481.jpg 768w, https:\/\/www.huebscher.net\/media\/Stamm_8-1000x627.jpg 1000w, https:\/\/www.huebscher.net\/media\/Stamm_8-350x219.jpg 350w\" sizes=\"(max-width: 1500px) 100vw, 1500px\" \/><\/figure>\n\n\n\n<figure class=\"wp-block-table sf_sub_info\"><table><tbody><tr><td>Erstellt:<\/td><td>2018<\/td><\/tr><tr><td>Ort :<\/td><td>8240 Thayngen<\/td><\/tr><\/tbody><\/table><\/figure>\n\n\n\n<div class=\"wp-block-buttons is-layout-flex wp-block-buttons-is-layout-flex\">\n<div class=\"wp-block-button sf-button\"><a class=\"wp-block-button__link has-background wp-element-button\" href=\"https:\/\/www.huebscher.net\/ch\/referenzen-huebscher\/?fwp_holzhausbau=gewerbe-und-industrie\" style=\"background-color:#afc635\">Weitere Referenzen<\/a><\/div>\n<\/div>\n\n\n\n<div style=\"height:40px\" aria-hidden=\"true\" class=\"wp-block-spacer\"><\/div>\n\n\n\n<figure class=\"wp-block-image size-large\"><img loading=\"lazy\" decoding=\"async\" width=\"1620\" height=\"1080\" src=\"https:\/\/huebscher.net\/media\/IMG_4722_cc-1620x1080.jpg\" alt=\"H\u00dcBSCHER Brosch\u00fcre\" class=\"wp-image-4853\" srcset=\"https:\/\/www.huebscher.net\/media\/IMG_4722_cc-1620x1080.jpg 1620w, https:\/\/www.huebscher.net\/media\/IMG_4722_cc-1080x720.jpg 1080w, https:\/\/www.huebscher.net\/media\/IMG_4722_cc-768x512.jpg 768w, https:\/\/www.huebscher.net\/media\/IMG_4722_cc-150x100.jpg 150w, https:\/\/www.huebscher.net\/media\/IMG_4722_cc-350x233.jpg 350w, https:\/\/www.huebscher.net\/media\/IMG_4722_cc.jpg 1920w\" sizes=\"(max-width: 1620px) 100vw, 1620px\" \/><\/figure>\n\n\n\n<p>Wollen Sie mehr \u00fcber uns erfahren?<\/p>\n\n\n\n<div class=\"wp-block-button alignleft sf-button\"><a class=\"wp-block-button__link has-background wp-element-button\" href=\"https:\/\/www.huebscher.net\/de\/broschure\/\" style=\"background-color:#afc635\">Brosch\u00fcre bestellen<\/a><\/div>\n<\/div>\n<\/div>\n","protected":false},"excerpt":{"rendered":"<p>In Ihrem Haus spielen die Fenster eine zentrale Rolle. Sie pr\u00e4gen das Bild Ihres Hauses und tragen wesentlich zu Ihrem Wohlbefinden bei. Zudem haben Fenster folgende Aufgaben: F\u00fcr nat\u00fcrliches und viel Licht in den Wohnr\u00e4umen zu sorgen, Ruhe vor dem L\u00e4rm draussen, Sicherheit vor ungebetenen G\u00e4sten und angenehme W\u00e4rme, wenn es kalt ist. Fensterersatz Mit&hellip;<\/p>\n","protected":false},"author":2,"featured_media":0,"parent":10776,"menu_order":0,"comment_status":"closed","ping_status":"closed","template":"","meta":{"_acf_changed":false,"_monsterinsights_skip_tracking":false,"_monsterinsights_sitenote_active":false,"_monsterinsights_sitenote_note":"","_monsterinsights_sitenote_category":0,"_genesis_hide_title":false,"_genesis_hide_breadcrumbs":false,"_genesis_hide_singular_image":false,"_genesis_hide_footer_widgets":false,"_genesis_custom_body_class":"sf_body_class","_genesis_custom_post_class":"","_genesis_layout":"full-width-content","footnotes":""},"class_list":{"0":"post-10784","1":"page","2":"type-page","3":"status-publish","5":"entry","6":"has-post-thumbnail"},"acf":[],"yoast_head":"<!-- This site is optimized with the Yoast SEO Premium plugin v25.2 (Yoast SEO v25.2) - https:\/\/yoast.com\/wordpress\/plugins\/seo\/ -->\n<title>Fensterersatz und Pfostenriegelverglasung<\/title>\n<meta name=\"description\" content=\"Fensterersatz und Pfostenriegelverglasung: Viel Licht, Ruhe vor dem L\u00e4rm draussen, Sicherheit und anegnehme W\u00e4rme.\" \/>\n<meta name=\"robots\" content=\"index, follow, max-snippet:-1, max-image-preview:large, max-video-preview:-1\" \/>\n<link rel=\"canonical\" href=\"https:\/\/www.huebscher.net\/de\/umbau-sanierung\/fensterersatz-und-pfosten-riegelverglasung\/\" \/>\n<meta property=\"og:locale\" content=\"de_DE\" \/>\n<meta property=\"og:type\" content=\"article\" \/>\n<meta property=\"og:title\" content=\"Fensterersatz und  Pfostenriegelverglasung\" \/>\n<meta property=\"og:description\" content=\"Fensterersatz und Pfostenriegelverglasung: Viel Licht, Ruhe vor dem L\u00e4rm draussen, Sicherheit und anegnehme W\u00e4rme.\" \/>\n<meta property=\"og:url\" content=\"https:\/\/www.huebscher.net\/de\/umbau-sanierung\/fensterersatz-und-pfosten-riegelverglasung\/\" \/>\n<meta property=\"og:site_name\" content=\"H\u00dcBSCHER HOLZBAU\" \/>\n<meta property=\"article:publisher\" content=\"http:\/\/facebook.com\/huebscher.holzbau\" \/>\n<meta property=\"article:modified_time\" content=\"2025-05-21T07:29:06+00:00\" \/>\n<meta property=\"og:image\" content=\"https:\/\/huebscher.net\/media\/Stamm_8.jpg\" \/>\n<meta name=\"twitter:card\" content=\"summary_large_image\" \/>\n<meta name=\"twitter:label1\" content=\"Gesch\u00e4tzte Lesezeit\" \/>\n\t<meta name=\"twitter:data1\" content=\"2\u00a0Minuten\" \/>\n<script type=\"application\/ld+json\" class=\"yoast-schema-graph\">{\"@context\":\"https:\/\/schema.org\",\"@graph\":[{\"@type\":\"WebPage\",\"@id\":\"https:\/\/www.huebscher.net\/de\/umbau-sanierung\/fensterersatz-und-pfosten-riegelverglasung\/\",\"url\":\"https:\/\/www.huebscher.net\/de\/umbau-sanierung\/fensterersatz-und-pfosten-riegelverglasung\/\",\"name\":\"Fensterersatz und Pfostenriegelverglasung\",\"isPartOf\":{\"@id\":\"https:\/\/www.huebscher.net\/ch\/#website\"},\"primaryImageOfPage\":{\"@id\":\"https:\/\/www.huebscher.net\/de\/umbau-sanierung\/fensterersatz-und-pfosten-riegelverglasung\/#primaryimage\"},\"image\":{\"@id\":\"https:\/\/www.huebscher.net\/de\/umbau-sanierung\/fensterersatz-und-pfosten-riegelverglasung\/#primaryimage\"},\"thumbnailUrl\":\"https:\/\/huebscher.net\/media\/Stamm_8.jpg\",\"datePublished\":\"2023-03-10T08:47:27+00:00\",\"dateModified\":\"2025-05-21T07:29:06+00:00\",\"description\":\"Fensterersatz und Pfostenriegelverglasung: Viel Licht, Ruhe vor dem L\u00e4rm draussen, Sicherheit und anegnehme W\u00e4rme.\",\"breadcrumb\":{\"@id\":\"https:\/\/www.huebscher.net\/de\/umbau-sanierung\/fensterersatz-und-pfosten-riegelverglasung\/#breadcrumb\"},\"inLanguage\":\"de\",\"potentialAction\":[{\"@type\":\"ReadAction\",\"target\":[\"https:\/\/www.huebscher.net\/de\/umbau-sanierung\/fensterersatz-und-pfosten-riegelverglasung\/\"]}]},{\"@type\":\"ImageObject\",\"inLanguage\":\"de\",\"@id\":\"https:\/\/www.huebscher.net\/de\/umbau-sanierung\/fensterersatz-und-pfosten-riegelverglasung\/#primaryimage\",\"url\":\"https:\/\/huebscher.net\/media\/Stamm_8.jpg\",\"contentUrl\":\"https:\/\/huebscher.net\/media\/Stamm_8.jpg\"},{\"@type\":\"BreadcrumbList\",\"@id\":\"https:\/\/www.huebscher.net\/de\/umbau-sanierung\/fensterersatz-und-pfosten-riegelverglasung\/#breadcrumb\",\"itemListElement\":[{\"@type\":\"ListItem\",\"position\":1,\"name\":\"Home\",\"item\":\"https:\/\/www.huebscher.net\/de\/\"},{\"@type\":\"ListItem\",\"position\":2,\"name\":\"UMBAU + SANIERUNG\",\"item\":\"https:\/\/www.huebscher.net\/ch\/umbau-sanierung\/\"},{\"@type\":\"ListItem\",\"position\":3,\"name\":\"Fensterersatz und Pfostenriegelverglasung\"}]},{\"@type\":\"WebSite\",\"@id\":\"https:\/\/www.huebscher.net\/ch\/#website\",\"url\":\"https:\/\/www.huebscher.net\/ch\/\",\"name\":\"H\u00fcbscher Holzbau\",\"description\":\"H\u00fcbscher Holzbau AG\",\"publisher\":{\"@id\":\"https:\/\/www.huebscher.net\/ch\/#organization\"},\"alternateName\":\"H\u00fcbscher Holzbau\",\"potentialAction\":[{\"@type\":\"SearchAction\",\"target\":{\"@type\":\"EntryPoint\",\"urlTemplate\":\"https:\/\/www.huebscher.net\/ch\/?s={search_term_string}\"},\"query-input\":{\"@type\":\"PropertyValueSpecification\",\"valueRequired\":true,\"valueName\":\"search_term_string\"}}],\"inLanguage\":\"de\"},{\"@type\":\"Organization\",\"@id\":\"https:\/\/www.huebscher.net\/ch\/#organization\",\"name\":\"H\u00fcbscher Holzbau\",\"alternateName\":\"H\u00fcbscher Holzbau\",\"url\":\"https:\/\/www.huebscher.net\/ch\/\",\"logo\":{\"@type\":\"ImageObject\",\"inLanguage\":\"de\",\"@id\":\"https:\/\/www.huebscher.net\/ch\/#\/schema\/logo\/image\/\",\"url\":\"https:\/\/www.huebscher.net\/media\/huebscher_logo_def.png\",\"contentUrl\":\"https:\/\/www.huebscher.net\/media\/huebscher_logo_def.png\",\"width\":220,\"height\":110,\"caption\":\"H\u00fcbscher Holzbau\"},\"image\":{\"@id\":\"https:\/\/www.huebscher.net\/ch\/#\/schema\/logo\/image\/\"},\"sameAs\":[\"http:\/\/facebook.com\/huebscher.holzbau\",\"https:\/\/pt.linkedin.com\/organization-guest\/company\/huebscher-holzbau\",\"https:\/\/www.instagram.com\/huebscherholzbau\/\"]}]}<\/script>\n<!-- \/ Yoast SEO Premium plugin. -->","yoast_head_json":{"title":"Fensterersatz und Pfostenriegelverglasung","description":"Fensterersatz und Pfostenriegelverglasung: Viel Licht, Ruhe vor dem L\u00e4rm draussen, Sicherheit und anegnehme W\u00e4rme.","robots":{"index":"index","follow":"follow","max-snippet":"max-snippet:-1","max-image-preview":"max-image-preview:large","max-video-preview":"max-video-preview:-1"},"canonical":"https:\/\/www.huebscher.net\/de\/umbau-sanierung\/fensterersatz-und-pfosten-riegelverglasung\/","og_locale":"de_DE","og_type":"article","og_title":"Fensterersatz und  Pfostenriegelverglasung","og_description":"Fensterersatz und Pfostenriegelverglasung: Viel Licht, Ruhe vor dem L\u00e4rm draussen, Sicherheit und anegnehme W\u00e4rme.","og_url":"https:\/\/www.huebscher.net\/de\/umbau-sanierung\/fensterersatz-und-pfosten-riegelverglasung\/","og_site_name":"H\u00dcBSCHER HOLZBAU","article_publisher":"http:\/\/facebook.com\/huebscher.holzbau","article_modified_time":"2025-05-21T07:29:06+00:00","og_image":[{"url":"https:\/\/huebscher.net\/media\/Stamm_8.jpg","type":"","width":"","height":""}],"twitter_card":"summary_large_image","twitter_misc":{"Gesch\u00e4tzte Lesezeit":"2\u00a0Minuten"},"schema":{"@context":"https:\/\/schema.org","@graph":[{"@type":"WebPage","@id":"https:\/\/www.huebscher.net\/de\/umbau-sanierung\/fensterersatz-und-pfosten-riegelverglasung\/","url":"https:\/\/www.huebscher.net\/de\/umbau-sanierung\/fensterersatz-und-pfosten-riegelverglasung\/","name":"Fensterersatz und Pfostenriegelverglasung","isPartOf":{"@id":"https:\/\/www.huebscher.net\/ch\/#website"},"primaryImageOfPage":{"@id":"https:\/\/www.huebscher.net\/de\/umbau-sanierung\/fensterersatz-und-pfosten-riegelverglasung\/#primaryimage"},"image":{"@id":"https:\/\/www.huebscher.net\/de\/umbau-sanierung\/fensterersatz-und-pfosten-riegelverglasung\/#primaryimage"},"thumbnailUrl":"https:\/\/huebscher.net\/media\/Stamm_8.jpg","datePublished":"2023-03-10T08:47:27+00:00","dateModified":"2025-05-21T07:29:06+00:00","description":"Fensterersatz und Pfostenriegelverglasung: Viel Licht, Ruhe vor dem L\u00e4rm draussen, Sicherheit und anegnehme W\u00e4rme.","breadcrumb":{"@id":"https:\/\/www.huebscher.net\/de\/umbau-sanierung\/fensterersatz-und-pfosten-riegelverglasung\/#breadcrumb"},"inLanguage":"de","potentialAction":[{"@type":"ReadAction","target":["https:\/\/www.huebscher.net\/de\/umbau-sanierung\/fensterersatz-und-pfosten-riegelverglasung\/"]}]},{"@type":"ImageObject","inLanguage":"de","@id":"https:\/\/www.huebscher.net\/de\/umbau-sanierung\/fensterersatz-und-pfosten-riegelverglasung\/#primaryimage","url":"https:\/\/huebscher.net\/media\/Stamm_8.jpg","contentUrl":"https:\/\/huebscher.net\/media\/Stamm_8.jpg"},{"@type":"BreadcrumbList","@id":"https:\/\/www.huebscher.net\/de\/umbau-sanierung\/fensterersatz-und-pfosten-riegelverglasung\/#breadcrumb","itemListElement":[{"@type":"ListItem","position":1,"name":"Home","item":"https:\/\/www.huebscher.net\/de\/"},{"@type":"ListItem","position":2,"name":"UMBAU + SANIERUNG","item":"https:\/\/www.huebscher.net\/ch\/umbau-sanierung\/"},{"@type":"ListItem","position":3,"name":"Fensterersatz und Pfostenriegelverglasung"}]},{"@type":"WebSite","@id":"https:\/\/www.huebscher.net\/ch\/#website","url":"https:\/\/www.huebscher.net\/ch\/","name":"H\u00fcbscher Holzbau","description":"H\u00fcbscher Holzbau AG","publisher":{"@id":"https:\/\/www.huebscher.net\/ch\/#organization"},"alternateName":"H\u00fcbscher Holzbau","potentialAction":[{"@type":"SearchAction","target":{"@type":"EntryPoint","urlTemplate":"https:\/\/www.huebscher.net\/ch\/?s={search_term_string}"},"query-input":{"@type":"PropertyValueSpecification","valueRequired":true,"valueName":"search_term_string"}}],"inLanguage":"de"},{"@type":"Organization","@id":"https:\/\/www.huebscher.net\/ch\/#organization","name":"H\u00fcbscher Holzbau","alternateName":"H\u00fcbscher Holzbau","url":"https:\/\/www.huebscher.net\/ch\/","logo":{"@type":"ImageObject","inLanguage":"de","@id":"https:\/\/www.huebscher.net\/ch\/#\/schema\/logo\/image\/","url":"https:\/\/www.huebscher.net\/media\/huebscher_logo_def.png","contentUrl":"https:\/\/www.huebscher.net\/media\/huebscher_logo_def.png","width":220,"height":110,"caption":"H\u00fcbscher Holzbau"},"image":{"@id":"https:\/\/www.huebscher.net\/ch\/#\/schema\/logo\/image\/"},"sameAs":["http:\/\/facebook.com\/huebscher.holzbau","https:\/\/pt.linkedin.com\/organization-guest\/company\/huebscher-holzbau","https:\/\/www.instagram.com\/huebscherholzbau\/"]}]}},"_links":{"self":[{"href":"https:\/\/www.huebscher.net\/de\/wp-json\/wp\/v2\/pages\/10784"}],"collection":[{"href":"https:\/\/www.huebscher.net\/de\/wp-json\/wp\/v2\/pages"}],"about":[{"href":"https:\/\/www.huebscher.net\/de\/wp-json\/wp\/v2\/types\/page"}],"author":[{"embeddable":true,"href":"https:\/\/www.huebscher.net\/de\/wp-json\/wp\/v2\/users\/2"}],"replies":[{"embeddable":true,"href":"https:\/\/www.huebscher.net\/de\/wp-json\/wp\/v2\/comments?post=10784"}],"version-history":[{"count":3,"href":"https:\/\/www.huebscher.net\/de\/wp-json\/wp\/v2\/pages\/10784\/revisions"}],"predecessor-version":[{"id":16182,"href":"https:\/\/www.huebscher.net\/de\/wp-json\/wp\/v2\/pages\/10784\/revisions\/16182"}],"up":[{"embeddable":true,"href":"https:\/\/www.huebscher.net\/de\/wp-json\/wp\/v2\/pages\/10776"}],"wp:attachment":[{"href":"https:\/\/www.huebscher.net\/de\/wp-json\/wp\/v2\/media?parent=10784"}],"curies":[{"name":"wp","href":"https:\/\/api.w.org\/{rel}","templated":true}]}}