{"id":10780,"date":"2023-03-10T12:04:26","date_gmt":"2023-03-10T11:04:26","guid":{"rendered":"https:\/\/staging.huebscher.net\/service\/"},"modified":"2025-03-20T08:58:41","modified_gmt":"2025-03-20T07:58:41","slug":"service","status":"publish","type":"page","link":"https:\/\/www.huebscher.net\/de\/service\/","title":{"rendered":"SERVICE"},"content":{"rendered":"\n<div class=\"wp-block-columns has-2-columns sf-col-full is-layout-flex wp-container-core-columns-is-layout-1 wp-block-columns-is-layout-flex\">\n<div class=\"wp-block-column sf-col-7 is-layout-flow wp-block-column-is-layout-flow\">\n<p class=\"sf_content_spec\">Als Liegenschaftsbesitzer oder Immobilienverwaltung kennen Sie das Problem: Am Geb\u00e4ude ist etwas defekt, aber wer k\u00fcmmert sich schnell und unkompliziert darum.<\/p>\n\n\n\n<p class=\"sf_content_spec\">Das H\u00dcBSCHER-Serviceteam ist Ihr Ansprechpartner bei allen Handwerklichen Problemen rund um Ihre Geb\u00e4udeh\u00fclle und Innenausbau.<\/p>\n\n\n\n<p class=\"sf_content_spec\">Ob Sturmschaden, Wassereintritt, Einbruch, Brandschaden, Glasbruch, <a href=\"https:\/\/www.huebscher.net\/ch\/fenster-und-tueren-service\/\">klemmendes Fenster<\/a>, undichtes Dachfenster, <a href=\"https:\/\/www.huebscher.net\/ch\/dachfenster-service\/\">defektes Dachfenster<\/a>, <a href=\"https:\/\/www.huebscher.net\/de\/dachservice-und-dachkontrollen\/\">fehlende oder gebrochene Ziegel<\/a>, <a href=\"https:\/\/www.huebscher.net\/de\/dachservice-und-dachkontrollen\/\">verstopfte Rinne<\/a>, undichtes Fenster und vieles Mehr. Unser Handwerksservice k\u00fcmmert sich schnell und unkompliziert um Ihre Probleme.<\/p>\n\n\n\n<div style=\"height:40px\" aria-hidden=\"true\" class=\"wp-block-spacer clear\"><\/div>\n<\/div>\n\n\n\n<div class=\"wp-block-column sf-col-3 is-layout-flow wp-block-column-is-layout-flow\">\n<h2 class=\"wp-block-heading\" id=\"h-ansprechpartner\">Ansprechpartner<\/h2>\n\n\n\n<figure class=\"wp-block-image size-full sf_img_ansprech\"><img fetchpriority=\"high\" decoding=\"async\" width=\"2560\" height=\"2560\" src=\"https:\/\/www.huebscher.net\/media\/Matthias-Kaiser-schwarz-scaled.jpg\" alt=\"\" class=\"wp-image-12264\" srcset=\"https:\/\/www.huebscher.net\/media\/Matthias-Kaiser-schwarz-scaled.jpg 2560w, https:\/\/www.huebscher.net\/media\/Matthias-Kaiser-schwarz-720x720.jpg 720w, https:\/\/www.huebscher.net\/media\/Matthias-Kaiser-schwarz-1080x1080.jpg 1080w, https:\/\/www.huebscher.net\/media\/Matthias-Kaiser-schwarz-150x150.jpg 150w, https:\/\/www.huebscher.net\/media\/Matthias-Kaiser-schwarz-768x768.jpg 768w, https:\/\/www.huebscher.net\/media\/Matthias-Kaiser-schwarz-1536x1536.jpg 1536w, https:\/\/www.huebscher.net\/media\/Matthias-Kaiser-schwarz-2048x2048.jpg 2048w, https:\/\/www.huebscher.net\/media\/Matthias-Kaiser-schwarz-100x100.jpg 100w, https:\/\/www.huebscher.net\/media\/Matthias-Kaiser-schwarz-350x350.jpg 350w\" sizes=\"(max-width: 2560px) 100vw, 2560px\" \/><figcaption class=\"wp-element-caption\">Matthias Kaiser<\/figcaption><\/figure>\n\n\n\n<h4>Matthias Kaiser<\/h4>\n<p>Koordination Service-Team<\/p>\n<table>\n<tbody>\n<tr>\n<td><a class=\"email font-awesome\" href=\"mailto:matthias.kaiser@huebscher.swiss\"><i class=\"fa-envelope fa-xl\"><\/i> Mail<\/a><\/td>\n<\/tr>\n<tr>\n<td><a class=\"font-awesome\" href=\"tel:+41526874000\"><i class=\"fa-phone fa-xl\"><\/i> +41 (0) 52 551 24 14<\/a><\/td>\n<\/tr>\n<\/tbody>\n<\/table>\n\n\n\n<div style=\"height:40px\" aria-hidden=\"true\" class=\"wp-block-spacer clear\"><\/div>\n<\/div>\n<\/div>\n\n\n\n<div style=\"height:100px\" aria-hidden=\"true\" class=\"wp-block-spacer\"><\/div>\n\n\n\n<div class=\"wp-block-columns has-3-columns sf_mitarbeiter sf_jobs textlinksize is-layout-flex wp-container-core-columns-is-layout-2 wp-block-columns-is-layout-flex\">\n<div class=\"wp-block-column is-layout-flow wp-block-column-is-layout-flow\"><\/div>\n<\/div>\n\n\n\n<div class=\"wp-block-columns has-3-columns sf_mitarbeiter sf_jobs textlinksize is-layout-flex wp-container-core-columns-is-layout-3 wp-block-columns-is-layout-flex\">\n<div class=\"wp-block-column is-layout-flow wp-block-column-is-layout-flow\"><div class=\"wp-block-image\">\n<figure class=\"aligncenter size-full\"><a href=\"https:\/\/www.huebscher.net\/de\/dachservice-und-dachkontrollen\/\"><img decoding=\"async\" width=\"1500\" height=\"940\" src=\"https:\/\/huebscher.net\/media\/footer_bild_8.jpg\" alt=\"weitere objekte\" class=\"wp-image-8007\" srcset=\"https:\/\/www.huebscher.net\/media\/footer_bild_8.jpg 1500w, https:\/\/www.huebscher.net\/media\/footer_bild_8-1149x720.jpg 1149w, https:\/\/www.huebscher.net\/media\/footer_bild_8-768x481.jpg 768w, https:\/\/www.huebscher.net\/media\/footer_bild_8-1000x627.jpg 1000w, https:\/\/www.huebscher.net\/media\/footer_bild_8-350x219.jpg 350w\" sizes=\"(max-width: 1500px) 100vw, 1500px\" \/><\/a><figcaption class=\"wp-element-caption\"><a href=\"https:\/\/www.huebscher.net\/de\/?page_id=10779\">Dachkontrolle<\/a><\/figcaption><\/figure><\/div><\/div>\n\n\n\n<div class=\"wp-block-column is-layout-flow wp-block-column-is-layout-flow\"><div class=\"wp-block-image\">\n<figure class=\"aligncenter size-full\"><a href=\"https:\/\/www.huebscher.net\/ch\/dachfenster-service\/\"><img decoding=\"async\" width=\"1500\" height=\"940\" src=\"https:\/\/huebscher.net\/media\/footer_bild_6.jpg\" alt=\"weitere objekte\" class=\"wp-image-8005\" srcset=\"https:\/\/www.huebscher.net\/media\/footer_bild_6.jpg 1500w, https:\/\/www.huebscher.net\/media\/footer_bild_6-1149x720.jpg 1149w, https:\/\/www.huebscher.net\/media\/footer_bild_6-768x481.jpg 768w, https:\/\/www.huebscher.net\/media\/footer_bild_6-1000x627.jpg 1000w, https:\/\/www.huebscher.net\/media\/footer_bild_6-350x219.jpg 350w\" sizes=\"(max-width: 1500px) 100vw, 1500px\" \/><\/a><figcaption class=\"wp-element-caption\"><a href=\"https:\/\/www.huebscher.net\/ch\/dachfenster-service\/\">Dachfenster-Service<\/a><\/figcaption><\/figure><\/div><\/div>\n\n\n\n<div class=\"wp-block-column is-layout-flow wp-block-column-is-layout-flow\"><div class=\"wp-block-image\">\n<figure class=\"aligncenter size-full\"><a href=\"https:\/\/www.huebscher.net\/de\/service\/schreiner-service\/\"><img loading=\"lazy\" decoding=\"async\" width=\"1500\" height=\"940\" src=\"https:\/\/huebscher.net\/media\/footer_bild_9.jpg\" alt=\"weitere objekte\" class=\"wp-image-8008\" srcset=\"https:\/\/www.huebscher.net\/media\/footer_bild_9.jpg 1500w, https:\/\/www.huebscher.net\/media\/footer_bild_9-1149x720.jpg 1149w, https:\/\/www.huebscher.net\/media\/footer_bild_9-768x481.jpg 768w, https:\/\/www.huebscher.net\/media\/footer_bild_9-1000x627.jpg 1000w, https:\/\/www.huebscher.net\/media\/footer_bild_9-350x219.jpg 350w\" sizes=\"(max-width: 1500px) 100vw, 1500px\" \/><\/a><figcaption class=\"wp-element-caption\"><a href=\"https:\/\/www.huebscher.net\/de\/service\/schreiner-service\/\">Schreiner-Service<\/a><\/figcaption><\/figure><\/div><\/div>\n\n\n\n<div class=\"wp-block-column is-layout-flow wp-block-column-is-layout-flow\"><div class=\"wp-block-image\">\n<figure class=\"aligncenter size-full\"><a href=\"https:\/\/www.huebscher.net\/de\/service\/unterhaltsvertrag\/\"><img loading=\"lazy\" decoding=\"async\" width=\"1500\" height=\"940\" src=\"https:\/\/huebscher.net\/media\/footer_bild_4.jpg\" alt=\"weitere objekte\" class=\"wp-image-8003\" srcset=\"https:\/\/www.huebscher.net\/media\/footer_bild_4.jpg 1500w, https:\/\/www.huebscher.net\/media\/footer_bild_4-1149x720.jpg 1149w, https:\/\/www.huebscher.net\/media\/footer_bild_4-768x481.jpg 768w, https:\/\/www.huebscher.net\/media\/footer_bild_4-1000x627.jpg 1000w, https:\/\/www.huebscher.net\/media\/footer_bild_4-350x219.jpg 350w\" sizes=\"(max-width: 1500px) 100vw, 1500px\" \/><\/a><figcaption class=\"wp-element-caption\"><a href=\"https:\/\/huebscher.net\/service\/unterhaltsvertrag\/\" data-type=\"page\" data-id=\"4387\">Unterhaltsvertrag<\/a><\/figcaption><\/figure><\/div><\/div>\n<\/div>\n\n\n\n<div style=\"height:100px\" aria-hidden=\"true\" class=\"wp-block-spacer\"><\/div>\n","protected":false},"excerpt":{"rendered":"<p>Als Liegenschaftsbesitzer oder Immobilienverwaltung kennen Sie das Problem: Am Geb\u00e4ude ist etwas defekt, aber wer k\u00fcmmert sich schnell und unkompliziert darum. Das H\u00dcBSCHER-Serviceteam ist Ihr Ansprechpartner bei allen Handwerklichen Problemen rund um Ihre Geb\u00e4udeh\u00fclle und Innenausbau. Ob Sturmschaden, Wassereintritt, Einbruch, Brandschaden, Glasbruch, klemmendes Fenster, undichtes Dachfenster, defektes Dachfenster, fehlende oder gebrochene Ziegel, verstopfte Rinne, undichtes&hellip;<\/p>\n","protected":false},"author":4,"featured_media":0,"parent":0,"menu_order":0,"comment_status":"closed","ping_status":"closed","template":"","meta":{"_acf_changed":false,"_monsterinsights_skip_tracking":false,"_monsterinsights_sitenote_active":false,"_monsterinsights_sitenote_note":"","_monsterinsights_sitenote_category":0,"_genesis_hide_title":false,"_genesis_hide_breadcrumbs":false,"_genesis_hide_singular_image":false,"_genesis_hide_footer_widgets":false,"_genesis_custom_body_class":"sf_body_class","_genesis_custom_post_class":"","_genesis_layout":"full-width-content","footnotes":""},"class_list":{"0":"post-10780","1":"page","2":"type-page","3":"status-publish","5":"entry"},"acf":[],"yoast_head":"<!-- This site is optimized with the Yoast SEO Premium plugin v25.2 (Yoast SEO v25.2) - https:\/\/yoast.com\/wordpress\/plugins\/seo\/ -->\n<title>SERVICE - H\u00dcBSCHER HOLZBAU<\/title>\n<meta name=\"description\" content=\"Schneller und unkomplizierter Service f\u00fcr Ihre Liegenschaft und Immobilienverwaltung. Kontaktieren Sie das H\u00dcBSCHER-Serviceteam.\" \/>\n<meta name=\"robots\" content=\"index, follow, max-snippet:-1, max-image-preview:large, max-video-preview:-1\" \/>\n<link rel=\"canonical\" href=\"https:\/\/www.huebscher.net\/de\/service\/\" \/>\n<meta property=\"og:locale\" content=\"de_DE\" \/>\n<meta property=\"og:type\" content=\"article\" \/>\n<meta property=\"og:title\" content=\"SERVICE\" \/>\n<meta property=\"og:description\" content=\"Schneller und unkomplizierter Service f\u00fcr Ihre Liegenschaft und Immobilienverwaltung. Kontaktieren Sie das H\u00dcBSCHER-Serviceteam.\" \/>\n<meta property=\"og:url\" content=\"https:\/\/www.huebscher.net\/de\/service\/\" \/>\n<meta property=\"og:site_name\" content=\"H\u00dcBSCHER HOLZBAU\" \/>\n<meta property=\"article:publisher\" content=\"http:\/\/facebook.com\/huebscher.holzbau\" \/>\n<meta property=\"article:modified_time\" content=\"2025-03-20T07:58:41+00:00\" \/>\n<meta property=\"og:image\" content=\"https:\/\/www.huebscher.net\/media\/Matthias-Kaiser-schwarz-scaled.jpg\" \/>\n\t<meta property=\"og:image:width\" content=\"2560\" \/>\n\t<meta property=\"og:image:height\" content=\"2560\" \/>\n\t<meta property=\"og:image:type\" content=\"image\/jpeg\" \/>\n<meta name=\"twitter:card\" content=\"summary_large_image\" \/>\n<meta name=\"twitter:label1\" content=\"Gesch\u00e4tzte Lesezeit\" \/>\n\t<meta name=\"twitter:data1\" content=\"2\u00a0Minuten\" \/>\n<script type=\"application\/ld+json\" class=\"yoast-schema-graph\">{\"@context\":\"https:\/\/schema.org\",\"@graph\":[{\"@type\":\"WebPage\",\"@id\":\"https:\/\/www.huebscher.net\/de\/service\/\",\"url\":\"https:\/\/www.huebscher.net\/de\/service\/\",\"name\":\"SERVICE - H\u00dcBSCHER HOLZBAU\",\"isPartOf\":{\"@id\":\"https:\/\/www.huebscher.net\/ch\/#website\"},\"primaryImageOfPage\":{\"@id\":\"https:\/\/www.huebscher.net\/de\/service\/#primaryimage\"},\"image\":{\"@id\":\"https:\/\/www.huebscher.net\/de\/service\/#primaryimage\"},\"thumbnailUrl\":\"https:\/\/www.huebscher.net\/media\/Matthias-Kaiser-schwarz-scaled.jpg\",\"datePublished\":\"2023-03-10T11:04:26+00:00\",\"dateModified\":\"2025-03-20T07:58:41+00:00\",\"description\":\"Schneller und unkomplizierter Service f\u00fcr Ihre Liegenschaft und Immobilienverwaltung. Kontaktieren Sie das H\u00dcBSCHER-Serviceteam.\",\"breadcrumb\":{\"@id\":\"https:\/\/www.huebscher.net\/de\/service\/#breadcrumb\"},\"inLanguage\":\"de\",\"potentialAction\":[{\"@type\":\"ReadAction\",\"target\":[\"https:\/\/www.huebscher.net\/de\/service\/\"]}]},{\"@type\":\"ImageObject\",\"inLanguage\":\"de\",\"@id\":\"https:\/\/www.huebscher.net\/de\/service\/#primaryimage\",\"url\":\"https:\/\/www.huebscher.net\/media\/Matthias-Kaiser-schwarz-scaled.jpg\",\"contentUrl\":\"https:\/\/www.huebscher.net\/media\/Matthias-Kaiser-schwarz-scaled.jpg\"},{\"@type\":\"BreadcrumbList\",\"@id\":\"https:\/\/www.huebscher.net\/de\/service\/#breadcrumb\",\"itemListElement\":[{\"@type\":\"ListItem\",\"position\":1,\"name\":\"Home\",\"item\":\"https:\/\/www.huebscher.net\/de\/\"},{\"@type\":\"ListItem\",\"position\":2,\"name\":\"SERVICE\"}]},{\"@type\":\"WebSite\",\"@id\":\"https:\/\/www.huebscher.net\/ch\/#website\",\"url\":\"https:\/\/www.huebscher.net\/ch\/\",\"name\":\"H\u00fcbscher Holzbau\",\"description\":\"H\u00fcbscher Holzbau AG\",\"publisher\":{\"@id\":\"https:\/\/www.huebscher.net\/ch\/#organization\"},\"alternateName\":\"H\u00fcbscher Holzbau\",\"potentialAction\":[{\"@type\":\"SearchAction\",\"target\":{\"@type\":\"EntryPoint\",\"urlTemplate\":\"https:\/\/www.huebscher.net\/ch\/?s={search_term_string}\"},\"query-input\":{\"@type\":\"PropertyValueSpecification\",\"valueRequired\":true,\"valueName\":\"search_term_string\"}}],\"inLanguage\":\"de\"},{\"@type\":\"Organization\",\"@id\":\"https:\/\/www.huebscher.net\/ch\/#organization\",\"name\":\"H\u00fcbscher Holzbau\",\"alternateName\":\"H\u00fcbscher Holzbau\",\"url\":\"https:\/\/www.huebscher.net\/ch\/\",\"logo\":{\"@type\":\"ImageObject\",\"inLanguage\":\"de\",\"@id\":\"https:\/\/www.huebscher.net\/ch\/#\/schema\/logo\/image\/\",\"url\":\"https:\/\/www.huebscher.net\/media\/huebscher_logo_def.png\",\"contentUrl\":\"https:\/\/www.huebscher.net\/media\/huebscher_logo_def.png\",\"width\":220,\"height\":110,\"caption\":\"H\u00fcbscher Holzbau\"},\"image\":{\"@id\":\"https:\/\/www.huebscher.net\/ch\/#\/schema\/logo\/image\/\"},\"sameAs\":[\"http:\/\/facebook.com\/huebscher.holzbau\",\"https:\/\/pt.linkedin.com\/organization-guest\/company\/huebscher-holzbau\",\"https:\/\/www.instagram.com\/huebscherholzbau\/\"]}]}<\/script>\n<!-- \/ Yoast SEO Premium plugin. -->","yoast_head_json":{"title":"SERVICE - H\u00dcBSCHER HOLZBAU","description":"Schneller und unkomplizierter Service f\u00fcr Ihre Liegenschaft und Immobilienverwaltung. Kontaktieren Sie das H\u00dcBSCHER-Serviceteam.","robots":{"index":"index","follow":"follow","max-snippet":"max-snippet:-1","max-image-preview":"max-image-preview:large","max-video-preview":"max-video-preview:-1"},"canonical":"https:\/\/www.huebscher.net\/de\/service\/","og_locale":"de_DE","og_type":"article","og_title":"SERVICE","og_description":"Schneller und unkomplizierter Service f\u00fcr Ihre Liegenschaft und Immobilienverwaltung. Kontaktieren Sie das H\u00dcBSCHER-Serviceteam.","og_url":"https:\/\/www.huebscher.net\/de\/service\/","og_site_name":"H\u00dcBSCHER HOLZBAU","article_publisher":"http:\/\/facebook.com\/huebscher.holzbau","article_modified_time":"2025-03-20T07:58:41+00:00","og_image":[{"width":2560,"height":2560,"url":"https:\/\/www.huebscher.net\/media\/Matthias-Kaiser-schwarz-scaled.jpg","type":"image\/jpeg"}],"twitter_card":"summary_large_image","twitter_misc":{"Gesch\u00e4tzte Lesezeit":"2\u00a0Minuten"},"schema":{"@context":"https:\/\/schema.org","@graph":[{"@type":"WebPage","@id":"https:\/\/www.huebscher.net\/de\/service\/","url":"https:\/\/www.huebscher.net\/de\/service\/","name":"SERVICE - H\u00dcBSCHER HOLZBAU","isPartOf":{"@id":"https:\/\/www.huebscher.net\/ch\/#website"},"primaryImageOfPage":{"@id":"https:\/\/www.huebscher.net\/de\/service\/#primaryimage"},"image":{"@id":"https:\/\/www.huebscher.net\/de\/service\/#primaryimage"},"thumbnailUrl":"https:\/\/www.huebscher.net\/media\/Matthias-Kaiser-schwarz-scaled.jpg","datePublished":"2023-03-10T11:04:26+00:00","dateModified":"2025-03-20T07:58:41+00:00","description":"Schneller und unkomplizierter Service f\u00fcr Ihre Liegenschaft und Immobilienverwaltung. Kontaktieren Sie das H\u00dcBSCHER-Serviceteam.","breadcrumb":{"@id":"https:\/\/www.huebscher.net\/de\/service\/#breadcrumb"},"inLanguage":"de","potentialAction":[{"@type":"ReadAction","target":["https:\/\/www.huebscher.net\/de\/service\/"]}]},{"@type":"ImageObject","inLanguage":"de","@id":"https:\/\/www.huebscher.net\/de\/service\/#primaryimage","url":"https:\/\/www.huebscher.net\/media\/Matthias-Kaiser-schwarz-scaled.jpg","contentUrl":"https:\/\/www.huebscher.net\/media\/Matthias-Kaiser-schwarz-scaled.jpg"},{"@type":"BreadcrumbList","@id":"https:\/\/www.huebscher.net\/de\/service\/#breadcrumb","itemListElement":[{"@type":"ListItem","position":1,"name":"Home","item":"https:\/\/www.huebscher.net\/de\/"},{"@type":"ListItem","position":2,"name":"SERVICE"}]},{"@type":"WebSite","@id":"https:\/\/www.huebscher.net\/ch\/#website","url":"https:\/\/www.huebscher.net\/ch\/","name":"H\u00fcbscher Holzbau","description":"H\u00fcbscher Holzbau AG","publisher":{"@id":"https:\/\/www.huebscher.net\/ch\/#organization"},"alternateName":"H\u00fcbscher Holzbau","potentialAction":[{"@type":"SearchAction","target":{"@type":"EntryPoint","urlTemplate":"https:\/\/www.huebscher.net\/ch\/?s={search_term_string}"},"query-input":{"@type":"PropertyValueSpecification","valueRequired":true,"valueName":"search_term_string"}}],"inLanguage":"de"},{"@type":"Organization","@id":"https:\/\/www.huebscher.net\/ch\/#organization","name":"H\u00fcbscher Holzbau","alternateName":"H\u00fcbscher Holzbau","url":"https:\/\/www.huebscher.net\/ch\/","logo":{"@type":"ImageObject","inLanguage":"de","@id":"https:\/\/www.huebscher.net\/ch\/#\/schema\/logo\/image\/","url":"https:\/\/www.huebscher.net\/media\/huebscher_logo_def.png","contentUrl":"https:\/\/www.huebscher.net\/media\/huebscher_logo_def.png","width":220,"height":110,"caption":"H\u00fcbscher Holzbau"},"image":{"@id":"https:\/\/www.huebscher.net\/ch\/#\/schema\/logo\/image\/"},"sameAs":["http:\/\/facebook.com\/huebscher.holzbau","https:\/\/pt.linkedin.com\/organization-guest\/company\/huebscher-holzbau","https:\/\/www.instagram.com\/huebscherholzbau\/"]}]}},"_links":{"self":[{"href":"https:\/\/www.huebscher.net\/de\/wp-json\/wp\/v2\/pages\/10780"}],"collection":[{"href":"https:\/\/www.huebscher.net\/de\/wp-json\/wp\/v2\/pages"}],"about":[{"href":"https:\/\/www.huebscher.net\/de\/wp-json\/wp\/v2\/types\/page"}],"author":[{"embeddable":true,"href":"https:\/\/www.huebscher.net\/de\/wp-json\/wp\/v2\/users\/4"}],"replies":[{"embeddable":true,"href":"https:\/\/www.huebscher.net\/de\/wp-json\/wp\/v2\/comments?post=10780"}],"version-history":[{"count":12,"href":"https:\/\/www.huebscher.net\/de\/wp-json\/wp\/v2\/pages\/10780\/revisions"}],"predecessor-version":[{"id":14578,"href":"https:\/\/www.huebscher.net\/de\/wp-json\/wp\/v2\/pages\/10780\/revisions\/14578"}],"wp:attachment":[{"href":"https:\/\/www.huebscher.net\/de\/wp-json\/wp\/v2\/media?parent=10780"}],"curies":[{"name":"wp","href":"https:\/\/api.w.org\/{rel}","templated":true}]}}