{"id":8706,"date":"2024-01-30T11:29:58","date_gmt":"2024-01-30T10:29:58","guid":{"rendered":"https:\/\/huebscher-holzbau.ch\/?page_id=8706"},"modified":"2025-05-20T09:51:44","modified_gmt":"2025-05-20T07:51:44","slug":"feedback","status":"publish","type":"page","link":"https:\/\/www.huebscher.net\/ch\/feedback\/","title":{"rendered":"Danke f\u00fcr die Zusammenarbeit"},"content":{"rendered":"\n<div class=\"wp-block-columns has-2-columns sf-col-full is-layout-flex wp-container-core-columns-is-layout-2 wp-block-columns-is-layout-flex\">\n<div class=\"wp-block-column sf-col-7 is-layout-flow wp-block-column-is-layout-flow\">\n<p class=\"sf_content_spec\">Wir sind st\u00e4ndig bestrebt, uns zu verbessern und weiterzuentwickeln. Ihr Feedback hilft uns und unseren Kunden. F\u00fcr jedes Feedback pflanzen wir einen Baum. Damit helfen Sie nicht nur uns, sondern auch unserer Umwelt.<\/p>\n\n\n\n<div style=\"height:20px\" aria-hidden=\"true\" class=\"wp-block-spacer\"><\/div>\n\n\n\n<h2 class=\"wp-block-heading\" id=\"h-jetzt-bewerten-und-wir-pflanzen-einen-baum\">Jetzt bewerten und wir pflanzen einen Baum!<\/h2>\n\n\n\n<ol class=\"wp-block-list\">\n<li>Auf entsprechenden Smiley klicken.<\/li>\n\n\n\n<li>Im n\u00e4chsten Schritt Bewertung abgeben und best\u00e4tigen.<\/li>\n\n\n\n<li>Wir pflanzen Ihren Baum<\/li>\n<\/ol>\n\n\n\n<div style=\"height:40px\" aria-hidden=\"true\" class=\"wp-block-spacer\"><\/div>\n\n\n\n<div class=\"wp-block-columns is-layout-flex wp-container-core-columns-is-layout-1 wp-block-columns-is-layout-flex\">\n<div class=\"wp-block-column is-layout-flow wp-block-column-is-layout-flow\">\n<a href=\"https:\/\/g.page\/r\/Cb0xLeVgTqkrEB0\/review\" target=\"_blank\" rel=\"noopener\">\n<div class=\"feedbacksmile\">\n\n<i class='far fa-smile' style='font-size:100px; color: #afc635'><\/i>\n\n<\/div>\n\n<\/a>\n<\/div>\n\n\n\n<div class=\"wp-block-column is-layout-flow wp-block-column-is-layout-flow\">\n<a href=\"\/feedbackformular\/\">\n<div class=\"feedbacksmile\">\n\n<i class='far fa-frown' style='font-size:100px; color: #afc635'><\/i>\n\n   <\/div>\n\n<\/a>\n<\/div>\n\n\n\n<div class=\"wp-block-column is-layout-flow wp-block-column-is-layout-flow\"><\/div>\n<\/div>\n\n\n\n<div style=\"height:40px\" aria-hidden=\"true\" class=\"wp-block-spacer\"><\/div>\n\n\n\n<p>Weitere Informationen zu unserem Partner, welcher in der Schweiz einen Baum pflanzt:&nbsp;<a href=\"http:\/\/almightytree.ch\/\" target=\"_blank\" rel=\"noreferrer noopener\">almightytree.ch<\/a><\/p>\n\n\n\n<div style=\"height:20px\" aria-hidden=\"true\" class=\"wp-block-spacer\"><\/div>\n<\/div>\n\n\n\n<div class=\"wp-block-column sf-col-3 is-layout-flow wp-block-column-is-layout-flow\">\n<figure class=\"wp-block-image size-large\"><img fetchpriority=\"high\" decoding=\"async\" width=\"894\" height=\"1080\" src=\"https:\/\/huebscher.net\/media\/huebscher_feedbackform_baum-894x1080.jpg\" alt=\"feedback\" class=\"wp-image-8711\" srcset=\"https:\/\/www.huebscher.net\/media\/huebscher_feedbackform_baum-894x1080.jpg 894w, https:\/\/www.huebscher.net\/media\/huebscher_feedbackform_baum-596x720.jpg 596w, https:\/\/www.huebscher.net\/media\/huebscher_feedbackform_baum-768x928.jpg 768w, https:\/\/www.huebscher.net\/media\/huebscher_feedbackform_baum-350x423.jpg 350w, https:\/\/www.huebscher.net\/media\/huebscher_feedbackform_baum.jpg 1119w\" sizes=\"(max-width: 894px) 100vw, 894px\" \/><\/figure>\n\n\n\n<div style=\"height:40px\" aria-hidden=\"true\" class=\"wp-block-spacer\"><\/div>\n<\/div>\n<\/div>\n","protected":false},"excerpt":{"rendered":"<p>Wir sind st\u00e4ndig bestrebt, uns zu verbessern und weiterzuentwickeln. Ihr Feedback hilft uns und unseren Kunden. F\u00fcr jedes Feedback pflanzen wir einen Baum. Damit helfen Sie nicht nur uns, sondern auch unserer Umwelt. Jetzt bewerten und wir pflanzen einen Baum! Weitere Informationen zu unserem Partner, welcher in der Schweiz einen Baum pflanzt:&nbsp;almightytree.ch<\/p>\n","protected":false},"author":2,"featured_media":0,"parent":0,"menu_order":0,"comment_status":"closed","ping_status":"closed","template":"","meta":{"_acf_changed":false,"_monsterinsights_skip_tracking":false,"_monsterinsights_sitenote_active":false,"_monsterinsights_sitenote_note":"","_monsterinsights_sitenote_category":0,"_genesis_hide_title":false,"_genesis_hide_breadcrumbs":false,"_genesis_hide_singular_image":false,"_genesis_hide_footer_widgets":false,"_genesis_custom_body_class":"sf_body_class","_genesis_custom_post_class":"","_genesis_layout":"full-width-content","footnotes":""},"class_list":{"0":"post-8706","1":"page","2":"type-page","3":"status-publish","5":"entry","6":"has-post-thumbnail"},"acf":[],"yoast_head":"<!-- This site is optimized with the Yoast SEO Premium plugin v25.2 (Yoast SEO v25.2) - https:\/\/yoast.com\/wordpress\/plugins\/seo\/ -->\n<title>Danke f\u00fcr die Zusammenarbeit - H\u00dcBSCHER HOLZBAU<\/title>\n<meta name=\"description\" content=\"Wir sind st\u00e4ndig bestrebt, uns zu verbessern und weiterzuentwickeln. Ihr Feedback hilft uns und unseren Kunden.\" \/>\n<meta name=\"robots\" content=\"index, follow, max-snippet:-1, max-image-preview:large, max-video-preview:-1\" \/>\n<link rel=\"canonical\" href=\"https:\/\/www.huebscher.net\/ch\/feedback\/\" \/>\n<meta property=\"og:locale\" content=\"de_DE\" \/>\n<meta property=\"og:type\" content=\"article\" \/>\n<meta property=\"og:title\" content=\"Danke f\u00fcr die Zusammenarbeit\" \/>\n<meta property=\"og:description\" content=\"Wir sind st\u00e4ndig bestrebt, uns zu verbessern und weiterzuentwickeln. Ihr Feedback hilft uns und unseren Kunden.\" \/>\n<meta property=\"og:url\" content=\"https:\/\/www.huebscher.net\/ch\/feedback\/\" \/>\n<meta property=\"og:site_name\" content=\"H\u00dcBSCHER HOLZBAU\" \/>\n<meta property=\"article:publisher\" content=\"http:\/\/facebook.com\/huebscher.holzbau\" \/>\n<meta property=\"article:modified_time\" content=\"2025-05-20T07:51:44+00:00\" \/>\n<meta property=\"og:image\" content=\"https:\/\/www.huebscher.net\/media\/huebscher_feedbackform_baum.jpg\" \/>\n\t<meta property=\"og:image:width\" content=\"1119\" \/>\n\t<meta property=\"og:image:height\" content=\"1352\" \/>\n\t<meta property=\"og:image:type\" content=\"image\/jpeg\" \/>\n<meta name=\"twitter:card\" content=\"summary_large_image\" \/>\n<meta name=\"twitter:label1\" content=\"Gesch\u00e4tzte Lesezeit\" \/>\n\t<meta name=\"twitter:data1\" content=\"1 Minute\" \/>\n<script type=\"application\/ld+json\" class=\"yoast-schema-graph\">{\"@context\":\"https:\/\/schema.org\",\"@graph\":[{\"@type\":\"WebPage\",\"@id\":\"https:\/\/www.huebscher.net\/ch\/feedback\/\",\"url\":\"https:\/\/www.huebscher.net\/ch\/feedback\/\",\"name\":\"Danke f\u00fcr die Zusammenarbeit - H\u00dcBSCHER HOLZBAU\",\"isPartOf\":{\"@id\":\"https:\/\/www.huebscher.net\/ch\/#website\"},\"primaryImageOfPage\":{\"@id\":\"https:\/\/www.huebscher.net\/ch\/feedback\/#primaryimage\"},\"image\":{\"@id\":\"https:\/\/www.huebscher.net\/ch\/feedback\/#primaryimage\"},\"thumbnailUrl\":\"https:\/\/huebscher.net\/media\/huebscher_feedbackform_baum-894x1080.jpg\",\"datePublished\":\"2024-01-30T10:29:58+00:00\",\"dateModified\":\"2025-05-20T07:51:44+00:00\",\"description\":\"Wir sind st\u00e4ndig bestrebt, uns zu verbessern und weiterzuentwickeln. Ihr Feedback hilft uns und unseren Kunden.\",\"breadcrumb\":{\"@id\":\"https:\/\/www.huebscher.net\/ch\/feedback\/#breadcrumb\"},\"inLanguage\":\"de-CH\",\"potentialAction\":[{\"@type\":\"ReadAction\",\"target\":[\"https:\/\/www.huebscher.net\/ch\/feedback\/\"]}]},{\"@type\":\"ImageObject\",\"inLanguage\":\"de-CH\",\"@id\":\"https:\/\/www.huebscher.net\/ch\/feedback\/#primaryimage\",\"url\":\"https:\/\/huebscher.net\/media\/huebscher_feedbackform_baum-894x1080.jpg\",\"contentUrl\":\"https:\/\/huebscher.net\/media\/huebscher_feedbackform_baum-894x1080.jpg\"},{\"@type\":\"BreadcrumbList\",\"@id\":\"https:\/\/www.huebscher.net\/ch\/feedback\/#breadcrumb\",\"itemListElement\":[{\"@type\":\"ListItem\",\"position\":1,\"name\":\"Home\",\"item\":\"https:\/\/www.huebscher.net\/ch\/\"},{\"@type\":\"ListItem\",\"position\":2,\"name\":\"Danke f\u00fcr die Zusammenarbeit\"}]},{\"@type\":\"WebSite\",\"@id\":\"https:\/\/www.huebscher.net\/ch\/#website\",\"url\":\"https:\/\/www.huebscher.net\/ch\/\",\"name\":\"H\u00fcbscher Holzbau\",\"description\":\"H\u00fcbscher Holzbau AG\",\"publisher\":{\"@id\":\"https:\/\/www.huebscher.net\/ch\/#organization\"},\"alternateName\":\"H\u00fcbscher Holzbau\",\"potentialAction\":[{\"@type\":\"SearchAction\",\"target\":{\"@type\":\"EntryPoint\",\"urlTemplate\":\"https:\/\/www.huebscher.net\/ch\/?s={search_term_string}\"},\"query-input\":{\"@type\":\"PropertyValueSpecification\",\"valueRequired\":true,\"valueName\":\"search_term_string\"}}],\"inLanguage\":\"de-CH\"},{\"@type\":\"Organization\",\"@id\":\"https:\/\/www.huebscher.net\/ch\/#organization\",\"name\":\"H\u00fcbscher Holzbau\",\"alternateName\":\"H\u00fcbscher Holzbau\",\"url\":\"https:\/\/www.huebscher.net\/ch\/\",\"logo\":{\"@type\":\"ImageObject\",\"inLanguage\":\"de-CH\",\"@id\":\"https:\/\/www.huebscher.net\/ch\/#\/schema\/logo\/image\/\",\"url\":\"https:\/\/www.huebscher.net\/media\/huebscher_logo_def.png\",\"contentUrl\":\"https:\/\/www.huebscher.net\/media\/huebscher_logo_def.png\",\"width\":220,\"height\":110,\"caption\":\"H\u00fcbscher Holzbau\"},\"image\":{\"@id\":\"https:\/\/www.huebscher.net\/ch\/#\/schema\/logo\/image\/\"},\"sameAs\":[\"http:\/\/facebook.com\/huebscher.holzbau\",\"https:\/\/pt.linkedin.com\/organization-guest\/company\/huebscher-holzbau\",\"https:\/\/www.instagram.com\/huebscherholzbau\/\"]}]}<\/script>\n<!-- \/ Yoast SEO Premium plugin. -->","yoast_head_json":{"title":"Danke f\u00fcr die Zusammenarbeit - H\u00dcBSCHER HOLZBAU","description":"Wir sind st\u00e4ndig bestrebt, uns zu verbessern und weiterzuentwickeln. Ihr Feedback hilft uns und unseren Kunden.","robots":{"index":"index","follow":"follow","max-snippet":"max-snippet:-1","max-image-preview":"max-image-preview:large","max-video-preview":"max-video-preview:-1"},"canonical":"https:\/\/www.huebscher.net\/ch\/feedback\/","og_locale":"de_DE","og_type":"article","og_title":"Danke f\u00fcr die Zusammenarbeit","og_description":"Wir sind st\u00e4ndig bestrebt, uns zu verbessern und weiterzuentwickeln. Ihr Feedback hilft uns und unseren Kunden.","og_url":"https:\/\/www.huebscher.net\/ch\/feedback\/","og_site_name":"H\u00dcBSCHER HOLZBAU","article_publisher":"http:\/\/facebook.com\/huebscher.holzbau","article_modified_time":"2025-05-20T07:51:44+00:00","og_image":[{"width":1119,"height":1352,"url":"https:\/\/www.huebscher.net\/media\/huebscher_feedbackform_baum.jpg","type":"image\/jpeg"}],"twitter_card":"summary_large_image","twitter_misc":{"Gesch\u00e4tzte Lesezeit":"1 Minute"},"schema":{"@context":"https:\/\/schema.org","@graph":[{"@type":"WebPage","@id":"https:\/\/www.huebscher.net\/ch\/feedback\/","url":"https:\/\/www.huebscher.net\/ch\/feedback\/","name":"Danke f\u00fcr die Zusammenarbeit - H\u00dcBSCHER HOLZBAU","isPartOf":{"@id":"https:\/\/www.huebscher.net\/ch\/#website"},"primaryImageOfPage":{"@id":"https:\/\/www.huebscher.net\/ch\/feedback\/#primaryimage"},"image":{"@id":"https:\/\/www.huebscher.net\/ch\/feedback\/#primaryimage"},"thumbnailUrl":"https:\/\/huebscher.net\/media\/huebscher_feedbackform_baum-894x1080.jpg","datePublished":"2024-01-30T10:29:58+00:00","dateModified":"2025-05-20T07:51:44+00:00","description":"Wir sind st\u00e4ndig bestrebt, uns zu verbessern und weiterzuentwickeln. Ihr Feedback hilft uns und unseren Kunden.","breadcrumb":{"@id":"https:\/\/www.huebscher.net\/ch\/feedback\/#breadcrumb"},"inLanguage":"de-CH","potentialAction":[{"@type":"ReadAction","target":["https:\/\/www.huebscher.net\/ch\/feedback\/"]}]},{"@type":"ImageObject","inLanguage":"de-CH","@id":"https:\/\/www.huebscher.net\/ch\/feedback\/#primaryimage","url":"https:\/\/huebscher.net\/media\/huebscher_feedbackform_baum-894x1080.jpg","contentUrl":"https:\/\/huebscher.net\/media\/huebscher_feedbackform_baum-894x1080.jpg"},{"@type":"BreadcrumbList","@id":"https:\/\/www.huebscher.net\/ch\/feedback\/#breadcrumb","itemListElement":[{"@type":"ListItem","position":1,"name":"Home","item":"https:\/\/www.huebscher.net\/ch\/"},{"@type":"ListItem","position":2,"name":"Danke f\u00fcr die Zusammenarbeit"}]},{"@type":"WebSite","@id":"https:\/\/www.huebscher.net\/ch\/#website","url":"https:\/\/www.huebscher.net\/ch\/","name":"H\u00fcbscher Holzbau","description":"H\u00fcbscher Holzbau AG","publisher":{"@id":"https:\/\/www.huebscher.net\/ch\/#organization"},"alternateName":"H\u00fcbscher Holzbau","potentialAction":[{"@type":"SearchAction","target":{"@type":"EntryPoint","urlTemplate":"https:\/\/www.huebscher.net\/ch\/?s={search_term_string}"},"query-input":{"@type":"PropertyValueSpecification","valueRequired":true,"valueName":"search_term_string"}}],"inLanguage":"de-CH"},{"@type":"Organization","@id":"https:\/\/www.huebscher.net\/ch\/#organization","name":"H\u00fcbscher Holzbau","alternateName":"H\u00fcbscher Holzbau","url":"https:\/\/www.huebscher.net\/ch\/","logo":{"@type":"ImageObject","inLanguage":"de-CH","@id":"https:\/\/www.huebscher.net\/ch\/#\/schema\/logo\/image\/","url":"https:\/\/www.huebscher.net\/media\/huebscher_logo_def.png","contentUrl":"https:\/\/www.huebscher.net\/media\/huebscher_logo_def.png","width":220,"height":110,"caption":"H\u00fcbscher Holzbau"},"image":{"@id":"https:\/\/www.huebscher.net\/ch\/#\/schema\/logo\/image\/"},"sameAs":["http:\/\/facebook.com\/huebscher.holzbau","https:\/\/pt.linkedin.com\/organization-guest\/company\/huebscher-holzbau","https:\/\/www.instagram.com\/huebscherholzbau\/"]}]}},"_links":{"self":[{"href":"https:\/\/www.huebscher.net\/ch\/wp-json\/wp\/v2\/pages\/8706"}],"collection":[{"href":"https:\/\/www.huebscher.net\/ch\/wp-json\/wp\/v2\/pages"}],"about":[{"href":"https:\/\/www.huebscher.net\/ch\/wp-json\/wp\/v2\/types\/page"}],"author":[{"embeddable":true,"href":"https:\/\/www.huebscher.net\/ch\/wp-json\/wp\/v2\/users\/2"}],"replies":[{"embeddable":true,"href":"https:\/\/www.huebscher.net\/ch\/wp-json\/wp\/v2\/comments?post=8706"}],"version-history":[{"count":53,"href":"https:\/\/www.huebscher.net\/ch\/wp-json\/wp\/v2\/pages\/8706\/revisions"}],"predecessor-version":[{"id":15779,"href":"https:\/\/www.huebscher.net\/ch\/wp-json\/wp\/v2\/pages\/8706\/revisions\/15779"}],"wp:attachment":[{"href":"https:\/\/www.huebscher.net\/ch\/wp-json\/wp\/v2\/media?parent=8706"}],"curies":[{"name":"wp","href":"https:\/\/api.w.org\/{rel}","templated":true}]}}