{"id":8230,"date":"2023-04-28T15:40:14","date_gmt":"2023-04-28T13:40:14","guid":{"rendered":"https:\/\/huebscher-holzbau.ch\/?page_id=8230"},"modified":"2024-06-24T16:30:57","modified_gmt":"2024-06-24T14:30:57","slug":"umbau-sanierung","status":"publish","type":"page","link":"https:\/\/www.huebscher.net\/ch\/umbau-sanierung\/","title":{"rendered":"UMBAU + SANIERUNG"},"content":{"rendered":"\n<div class=\"wp-block-columns headerbox is-layout-flex wp-container-core-columns-is-layout-1 wp-block-columns-is-layout-flex\">\n<div class=\"wp-block-column is-layout-flow wp-block-column-is-layout-flow\" style=\"flex-basis:830px\">\n<p>Wir schaffen Lebensqualit\u00e4t<\/p>\n\n\n\n<h2 class=\"wp-block-heading\" id=\"h-umbau-sanierung\">UMBAU + SANIERUNG<\/h2>\n\n\n\n<p class=\"intro\">9 Schritte zu mehr Energieeffizienz<\/p>\n<\/div>\n<\/div>\n\n\n\n<div class=\"wp-block-columns is-layout-flex wp-container-core-columns-is-layout-3 wp-block-columns-is-layout-flex\">\n<div class=\"wp-block-column is-layout-flow wp-block-column-is-layout-flow\"><\/div>\n\n\n\n<div class=\"wp-block-column is-layout-flow wp-block-column-is-layout-flow\" style=\"flex-basis:800px\">\n<h1 class=\"wp-block-heading mainland\" id=\"h-umbau-sanierung-0\">Umbau + Sanierung<\/h1>\n\n\n\n<p class=\"has-text-align-left sf_content_spec\">Bis zu 80% Heizkosten sparen, Haus sanieren, Wohnkomfort steigern, F\u00f6rdergelder erhalten, Steuern sparen und langfristig dank tieferen Energiekosten und Eigenstromproduktion sogar noch g\u00fcnstiger Wohnen als vor der Sanierung \u2013 H\u00dcBSCHER macht dies m\u00f6glich.<\/p>\n\n\n\n<div class=\"wp-block-columns is-layout-flex wp-container-core-columns-is-layout-2 wp-block-columns-is-layout-flex\">\n<div class=\"wp-block-column is-layout-flow wp-block-column-is-layout-flow\">\n<p>Sie m\u00f6chten Wissen, wie der Weg zu Ihrem individuellen Umbau&amp;Sanierung Konzept aussieht?<\/p>\n<\/div>\n\n\n\n<div class=\"wp-block-column is-layout-flow wp-block-column-is-layout-flow\">\n<p>Dann kommen Sie mit zum H\u00dcBSCHER SORGLOSPAKET: <\/p>\n<\/div>\n<\/div>\n\n\n\n<p class=\"has-text-align-left\"><\/p>\n<\/div>\n\n\n\n<div class=\"wp-block-column is-layout-flow wp-block-column-is-layout-flow\"><\/div>\n<\/div>\n\n\n\n<div class=\"wp-block-columns is-layout-flex wp-container-core-columns-is-layout-4 wp-block-columns-is-layout-flex\">\n<div class=\"wp-block-column midcon is-layout-flow wp-block-column-is-layout-flow\" style=\"flex-basis:70%\">\n\n<\/div>\n<\/div>\n\n\n\n<div style=\"height:100px\" aria-hidden=\"true\" class=\"wp-block-spacer\"><\/div>\n\n\n\n<div class=\"wp-block-columns has-3-columns sf_mitarbeiter sf_jobs textlinksize is-layout-flex wp-container-core-columns-is-layout-5 wp-block-columns-is-layout-flex\">\n<div class=\"wp-block-column is-layout-flow wp-block-column-is-layout-flow\"><div class=\"wp-block-image\">\n<figure class=\"aligncenter size-full\"><a href=\"https:\/\/www.huebscher.net\/ch\/umbau-sanierung\/dachsanierung\/\"><img fetchpriority=\"high\" decoding=\"async\" width=\"1500\" height=\"940\" src=\"https:\/\/huebscher.net\/media\/Cardinal2.jpg\" alt=\"Dachsanierung\" class=\"wp-image-3493\" srcset=\"https:\/\/www.huebscher.net\/media\/Cardinal2.jpg 1500w, https:\/\/www.huebscher.net\/media\/Cardinal2-1149x720.jpg 1149w, https:\/\/www.huebscher.net\/media\/Cardinal2-768x481.jpg 768w, https:\/\/www.huebscher.net\/media\/Cardinal2-1000x627.jpg 1000w, https:\/\/www.huebscher.net\/media\/Cardinal2-350x219.jpg 350w\" sizes=\"(max-width: 1500px) 100vw, 1500px\" \/><\/a><figcaption class=\"wp-element-caption\"><a href=\"https:\/\/www.huebscher.net\/ch\/umbau-sanierung\/dachsanierung\/\" data-type=\"page\" data-id=\"6969\">Dachsanierung<\/a><\/figcaption><\/figure><\/div><\/div>\n\n\n\n<div class=\"wp-block-column is-layout-flow wp-block-column-is-layout-flow\"><div class=\"wp-block-image\">\n<figure class=\"aligncenter size-full\"><a href=\"https:\/\/www.huebscher.net\/ch\/umbau-sanierung\/fassadensanierung\/\"><img decoding=\"async\" width=\"1500\" height=\"940\" src=\"https:\/\/huebscher.net\/media\/RC_1jpg.jpg\" alt=\"Fassadensanierung\" class=\"wp-image-3222\" srcset=\"https:\/\/www.huebscher.net\/media\/RC_1jpg.jpg 1500w, https:\/\/www.huebscher.net\/media\/RC_1jpg-1149x720.jpg 1149w, https:\/\/www.huebscher.net\/media\/RC_1jpg-768x481.jpg 768w, https:\/\/www.huebscher.net\/media\/RC_1jpg-1000x627.jpg 1000w, https:\/\/www.huebscher.net\/media\/RC_1jpg-350x219.jpg 350w\" sizes=\"(max-width: 1500px) 100vw, 1500px\" \/><\/a><figcaption class=\"wp-element-caption\"><a href=\"https:\/\/www.huebscher.net\/ch\/umbau-sanierung\/fassadensanierung\/\" data-type=\"page\" data-id=\"6963\">Fassadensanierung<\/a><\/figcaption><\/figure><\/div><\/div>\n\n\n\n<div class=\"wp-block-column is-layout-flow wp-block-column-is-layout-flow\"><div class=\"wp-block-image\">\n<figure class=\"aligncenter size-full\"><a href=\"https:\/\/www.huebscher.net\/ch\/umbau-sanierung\/fensterersatz-und-pfosten-riegelverglasung\/\"><img decoding=\"async\" width=\"1500\" height=\"940\" src=\"https:\/\/huebscher.net\/media\/gebaeudeservice_14.jpg\" alt=\"Fensterersatz und Pfostenriegelverglasung\" class=\"wp-image-7938\" srcset=\"https:\/\/www.huebscher.net\/media\/gebaeudeservice_14.jpg 1500w, https:\/\/www.huebscher.net\/media\/gebaeudeservice_14-1149x720.jpg 1149w, https:\/\/www.huebscher.net\/media\/gebaeudeservice_14-768x481.jpg 768w, https:\/\/www.huebscher.net\/media\/gebaeudeservice_14-1000x627.jpg 1000w, https:\/\/www.huebscher.net\/media\/gebaeudeservice_14-350x219.jpg 350w\" sizes=\"(max-width: 1500px) 100vw, 1500px\" \/><\/a><figcaption class=\"wp-element-caption\"><a data-type=\"page\" data-id=\"4385\" href=\"https:\/\/www.huebscher.net\/ch\/umbau-sanierung\/fensterersatz-und-pfosten-riegelverglasung\/\">Fensterersatz und Pfostenriegelverglasung<\/a><\/figcaption><\/figure><\/div><\/div>\n\n\n\n<div class=\"wp-block-column is-layout-flow wp-block-column-is-layout-flow\"><div class=\"wp-block-image\">\n<figure class=\"aligncenter size-full\"><a href=\"https:\/\/www.huebscher.net\/ch\/umbau-sanierung\/terrassenbelaege\/\"><img loading=\"lazy\" decoding=\"async\" width=\"1500\" height=\"940\" src=\"https:\/\/huebscher.net\/media\/huebscher-holzhaus_4.jpg\" alt=\"Terrassenbel\u00e4ge\" class=\"wp-image-4984\" srcset=\"https:\/\/www.huebscher.net\/media\/huebscher-holzhaus_4.jpg 1500w, https:\/\/www.huebscher.net\/media\/huebscher-holzhaus_4-1149x720.jpg 1149w, https:\/\/www.huebscher.net\/media\/huebscher-holzhaus_4-768x481.jpg 768w, https:\/\/www.huebscher.net\/media\/huebscher-holzhaus_4-1000x627.jpg 1000w, https:\/\/www.huebscher.net\/media\/huebscher-holzhaus_4-350x219.jpg 350w, https:\/\/www.huebscher.net\/media\/elementor\/thumbs\/huebscher-holzhaus_4-qokw1wkqou7uhhuvompbhttx3i90rivsmpnvy3ban2.jpg 720w\" sizes=\"(max-width: 1500px) 100vw, 1500px\" \/><\/a><figcaption class=\"wp-element-caption\"><a href=\"https:\/\/www.huebscher.net\/ch\/umbau-sanierung\/terrassenbelaege\/\" data-type=\"page\" data-id=\"4387\">Terrassenbel\u00e4ge<\/a><\/figcaption><\/figure><\/div><\/div>\n<\/div>\n\n\n\n<div style=\"height:100px\" aria-hidden=\"true\" class=\"wp-block-spacer\"><\/div>\n","protected":false},"excerpt":{"rendered":"<p>Wir schaffen Lebensqualit\u00e4t UMBAU + SANIERUNG 9 Schritte zu mehr Energieeffizienz Umbau + Sanierung Bis zu 80% Heizkosten sparen, Haus sanieren, Wohnkomfort steigern, F\u00f6rdergelder erhalten, Steuern sparen und langfristig dank tieferen Energiekosten und Eigenstromproduktion sogar noch g\u00fcnstiger Wohnen als vor der Sanierung \u2013 H\u00dcBSCHER macht dies m\u00f6glich. Sie m\u00f6chten Wissen, wie der Weg zu Ihrem&hellip;<\/p>\n","protected":false},"author":4,"featured_media":0,"parent":0,"menu_order":0,"comment_status":"closed","ping_status":"closed","template":"","meta":{"_acf_changed":false,"_monsterinsights_skip_tracking":false,"_monsterinsights_sitenote_active":false,"_monsterinsights_sitenote_note":"","_monsterinsights_sitenote_category":0,"_genesis_hide_title":false,"_genesis_hide_breadcrumbs":false,"_genesis_hide_singular_image":false,"_genesis_hide_footer_widgets":false,"_genesis_custom_body_class":"sf_body_class","_genesis_custom_post_class":"","_genesis_layout":"full-width-content","footnotes":""},"class_list":{"0":"post-8230","1":"page","2":"type-page","3":"status-publish","5":"entry","6":"has-post-thumbnail"},"acf":[],"yoast_head":"<!-- This site is optimized with the Yoast SEO Premium plugin v25.2 (Yoast SEO v25.2) - https:\/\/yoast.com\/wordpress\/plugins\/seo\/ -->\n<title>UMBAU + SANIERUNG - H\u00dcBSCHER HOLZBAU<\/title>\n<meta name=\"description\" content=\"Energieeffizientes Wohnen leicht gemacht: Erfahren Sie, wie Sie mit H\u00dcBSCHER bis zu 80% Heizkosten sparen und Wohnkomfort steigern k\u00f6nnen.\" \/>\n<meta name=\"robots\" content=\"index, follow, max-snippet:-1, max-image-preview:large, max-video-preview:-1\" \/>\n<link rel=\"canonical\" href=\"https:\/\/www.huebscher.net\/ch\/umbau-sanierung\/\" \/>\n<meta property=\"og:locale\" content=\"de_DE\" \/>\n<meta property=\"og:type\" content=\"article\" \/>\n<meta property=\"og:title\" content=\"UMBAU + SANIERUNG\" \/>\n<meta property=\"og:description\" content=\"Energieeffizientes Wohnen leicht gemacht: Erfahren Sie, wie Sie mit H\u00dcBSCHER bis zu 80% Heizkosten sparen und Wohnkomfort steigern k\u00f6nnen.\" \/>\n<meta property=\"og:url\" content=\"https:\/\/www.huebscher.net\/ch\/umbau-sanierung\/\" \/>\n<meta property=\"og:site_name\" content=\"H\u00dcBSCHER HOLZBAU\" \/>\n<meta property=\"article:publisher\" content=\"http:\/\/facebook.com\/huebscher.holzbau\" \/>\n<meta property=\"article:modified_time\" content=\"2024-06-24T14:30:57+00:00\" \/>\n<meta property=\"og:image\" content=\"https:\/\/huebscher.net\/media\/Cardinal2.jpg\" \/>\n<meta name=\"twitter:card\" content=\"summary_large_image\" \/>\n<meta name=\"twitter:label1\" content=\"Gesch\u00e4tzte Lesezeit\" \/>\n\t<meta name=\"twitter:data1\" content=\"2 Minuten\" \/>\n<script type=\"application\/ld+json\" class=\"yoast-schema-graph\">{\"@context\":\"https:\/\/schema.org\",\"@graph\":[{\"@type\":\"WebPage\",\"@id\":\"https:\/\/www.huebscher.net\/ch\/umbau-sanierung\/\",\"url\":\"https:\/\/www.huebscher.net\/ch\/umbau-sanierung\/\",\"name\":\"UMBAU + SANIERUNG - H\u00dcBSCHER HOLZBAU\",\"isPartOf\":{\"@id\":\"https:\/\/www.huebscher.net\/ch\/#website\"},\"primaryImageOfPage\":{\"@id\":\"https:\/\/www.huebscher.net\/ch\/umbau-sanierung\/#primaryimage\"},\"image\":{\"@id\":\"https:\/\/www.huebscher.net\/ch\/umbau-sanierung\/#primaryimage\"},\"thumbnailUrl\":\"https:\/\/huebscher.net\/media\/Cardinal2.jpg\",\"datePublished\":\"2023-04-28T13:40:14+00:00\",\"dateModified\":\"2024-06-24T14:30:57+00:00\",\"description\":\"Energieeffizientes Wohnen leicht gemacht: Erfahren Sie, wie Sie mit H\u00dcBSCHER bis zu 80% Heizkosten sparen und Wohnkomfort steigern k\u00f6nnen.\",\"breadcrumb\":{\"@id\":\"https:\/\/www.huebscher.net\/ch\/umbau-sanierung\/#breadcrumb\"},\"inLanguage\":\"de-CH\",\"potentialAction\":[{\"@type\":\"ReadAction\",\"target\":[\"https:\/\/www.huebscher.net\/ch\/umbau-sanierung\/\"]}]},{\"@type\":\"ImageObject\",\"inLanguage\":\"de-CH\",\"@id\":\"https:\/\/www.huebscher.net\/ch\/umbau-sanierung\/#primaryimage\",\"url\":\"https:\/\/huebscher.net\/media\/Cardinal2.jpg\",\"contentUrl\":\"https:\/\/huebscher.net\/media\/Cardinal2.jpg\"},{\"@type\":\"BreadcrumbList\",\"@id\":\"https:\/\/www.huebscher.net\/ch\/umbau-sanierung\/#breadcrumb\",\"itemListElement\":[{\"@type\":\"ListItem\",\"position\":1,\"name\":\"Home\",\"item\":\"https:\/\/www.huebscher.net\/ch\/\"},{\"@type\":\"ListItem\",\"position\":2,\"name\":\"UMBAU + SANIERUNG\"}]},{\"@type\":\"WebSite\",\"@id\":\"https:\/\/www.huebscher.net\/ch\/#website\",\"url\":\"https:\/\/www.huebscher.net\/ch\/\",\"name\":\"H\u00fcbscher Holzbau\",\"description\":\"H\u00fcbscher Holzbau AG\",\"publisher\":{\"@id\":\"https:\/\/www.huebscher.net\/ch\/#organization\"},\"alternateName\":\"H\u00fcbscher Holzbau\",\"potentialAction\":[{\"@type\":\"SearchAction\",\"target\":{\"@type\":\"EntryPoint\",\"urlTemplate\":\"https:\/\/www.huebscher.net\/ch\/?s={search_term_string}\"},\"query-input\":{\"@type\":\"PropertyValueSpecification\",\"valueRequired\":true,\"valueName\":\"search_term_string\"}}],\"inLanguage\":\"de-CH\"},{\"@type\":\"Organization\",\"@id\":\"https:\/\/www.huebscher.net\/ch\/#organization\",\"name\":\"H\u00fcbscher Holzbau\",\"alternateName\":\"H\u00fcbscher Holzbau\",\"url\":\"https:\/\/www.huebscher.net\/ch\/\",\"logo\":{\"@type\":\"ImageObject\",\"inLanguage\":\"de-CH\",\"@id\":\"https:\/\/www.huebscher.net\/ch\/#\/schema\/logo\/image\/\",\"url\":\"https:\/\/www.huebscher.net\/media\/huebscher_logo_def.png\",\"contentUrl\":\"https:\/\/www.huebscher.net\/media\/huebscher_logo_def.png\",\"width\":220,\"height\":110,\"caption\":\"H\u00fcbscher Holzbau\"},\"image\":{\"@id\":\"https:\/\/www.huebscher.net\/ch\/#\/schema\/logo\/image\/\"},\"sameAs\":[\"http:\/\/facebook.com\/huebscher.holzbau\",\"https:\/\/pt.linkedin.com\/organization-guest\/company\/huebscher-holzbau\",\"https:\/\/www.instagram.com\/huebscherholzbau\/\"]}]}<\/script>\n<!-- \/ Yoast SEO Premium plugin. -->","yoast_head_json":{"title":"UMBAU + SANIERUNG - H\u00dcBSCHER HOLZBAU","description":"Energieeffizientes Wohnen leicht gemacht: Erfahren Sie, wie Sie mit H\u00dcBSCHER bis zu 80% Heizkosten sparen und Wohnkomfort steigern k\u00f6nnen.","robots":{"index":"index","follow":"follow","max-snippet":"max-snippet:-1","max-image-preview":"max-image-preview:large","max-video-preview":"max-video-preview:-1"},"canonical":"https:\/\/www.huebscher.net\/ch\/umbau-sanierung\/","og_locale":"de_DE","og_type":"article","og_title":"UMBAU + SANIERUNG","og_description":"Energieeffizientes Wohnen leicht gemacht: Erfahren Sie, wie Sie mit H\u00dcBSCHER bis zu 80% Heizkosten sparen und Wohnkomfort steigern k\u00f6nnen.","og_url":"https:\/\/www.huebscher.net\/ch\/umbau-sanierung\/","og_site_name":"H\u00dcBSCHER HOLZBAU","article_publisher":"http:\/\/facebook.com\/huebscher.holzbau","article_modified_time":"2024-06-24T14:30:57+00:00","og_image":[{"url":"https:\/\/huebscher.net\/media\/Cardinal2.jpg","type":"","width":"","height":""}],"twitter_card":"summary_large_image","twitter_misc":{"Gesch\u00e4tzte Lesezeit":"2 Minuten"},"schema":{"@context":"https:\/\/schema.org","@graph":[{"@type":"WebPage","@id":"https:\/\/www.huebscher.net\/ch\/umbau-sanierung\/","url":"https:\/\/www.huebscher.net\/ch\/umbau-sanierung\/","name":"UMBAU + SANIERUNG - H\u00dcBSCHER HOLZBAU","isPartOf":{"@id":"https:\/\/www.huebscher.net\/ch\/#website"},"primaryImageOfPage":{"@id":"https:\/\/www.huebscher.net\/ch\/umbau-sanierung\/#primaryimage"},"image":{"@id":"https:\/\/www.huebscher.net\/ch\/umbau-sanierung\/#primaryimage"},"thumbnailUrl":"https:\/\/huebscher.net\/media\/Cardinal2.jpg","datePublished":"2023-04-28T13:40:14+00:00","dateModified":"2024-06-24T14:30:57+00:00","description":"Energieeffizientes Wohnen leicht gemacht: Erfahren Sie, wie Sie mit H\u00dcBSCHER bis zu 80% Heizkosten sparen und Wohnkomfort steigern k\u00f6nnen.","breadcrumb":{"@id":"https:\/\/www.huebscher.net\/ch\/umbau-sanierung\/#breadcrumb"},"inLanguage":"de-CH","potentialAction":[{"@type":"ReadAction","target":["https:\/\/www.huebscher.net\/ch\/umbau-sanierung\/"]}]},{"@type":"ImageObject","inLanguage":"de-CH","@id":"https:\/\/www.huebscher.net\/ch\/umbau-sanierung\/#primaryimage","url":"https:\/\/huebscher.net\/media\/Cardinal2.jpg","contentUrl":"https:\/\/huebscher.net\/media\/Cardinal2.jpg"},{"@type":"BreadcrumbList","@id":"https:\/\/www.huebscher.net\/ch\/umbau-sanierung\/#breadcrumb","itemListElement":[{"@type":"ListItem","position":1,"name":"Home","item":"https:\/\/www.huebscher.net\/ch\/"},{"@type":"ListItem","position":2,"name":"UMBAU + SANIERUNG"}]},{"@type":"WebSite","@id":"https:\/\/www.huebscher.net\/ch\/#website","url":"https:\/\/www.huebscher.net\/ch\/","name":"H\u00fcbscher Holzbau","description":"H\u00fcbscher Holzbau AG","publisher":{"@id":"https:\/\/www.huebscher.net\/ch\/#organization"},"alternateName":"H\u00fcbscher Holzbau","potentialAction":[{"@type":"SearchAction","target":{"@type":"EntryPoint","urlTemplate":"https:\/\/www.huebscher.net\/ch\/?s={search_term_string}"},"query-input":{"@type":"PropertyValueSpecification","valueRequired":true,"valueName":"search_term_string"}}],"inLanguage":"de-CH"},{"@type":"Organization","@id":"https:\/\/www.huebscher.net\/ch\/#organization","name":"H\u00fcbscher Holzbau","alternateName":"H\u00fcbscher Holzbau","url":"https:\/\/www.huebscher.net\/ch\/","logo":{"@type":"ImageObject","inLanguage":"de-CH","@id":"https:\/\/www.huebscher.net\/ch\/#\/schema\/logo\/image\/","url":"https:\/\/www.huebscher.net\/media\/huebscher_logo_def.png","contentUrl":"https:\/\/www.huebscher.net\/media\/huebscher_logo_def.png","width":220,"height":110,"caption":"H\u00fcbscher Holzbau"},"image":{"@id":"https:\/\/www.huebscher.net\/ch\/#\/schema\/logo\/image\/"},"sameAs":["http:\/\/facebook.com\/huebscher.holzbau","https:\/\/pt.linkedin.com\/organization-guest\/company\/huebscher-holzbau","https:\/\/www.instagram.com\/huebscherholzbau\/"]}]}},"_links":{"self":[{"href":"https:\/\/www.huebscher.net\/ch\/wp-json\/wp\/v2\/pages\/8230"}],"collection":[{"href":"https:\/\/www.huebscher.net\/ch\/wp-json\/wp\/v2\/pages"}],"about":[{"href":"https:\/\/www.huebscher.net\/ch\/wp-json\/wp\/v2\/types\/page"}],"author":[{"embeddable":true,"href":"https:\/\/www.huebscher.net\/ch\/wp-json\/wp\/v2\/users\/4"}],"replies":[{"embeddable":true,"href":"https:\/\/www.huebscher.net\/ch\/wp-json\/wp\/v2\/comments?post=8230"}],"version-history":[{"count":29,"href":"https:\/\/www.huebscher.net\/ch\/wp-json\/wp\/v2\/pages\/8230\/revisions"}],"predecessor-version":[{"id":12844,"href":"https:\/\/www.huebscher.net\/ch\/wp-json\/wp\/v2\/pages\/8230\/revisions\/12844"}],"wp:attachment":[{"href":"https:\/\/www.huebscher.net\/ch\/wp-json\/wp\/v2\/media?parent=8230"}],"curies":[{"name":"wp","href":"https:\/\/api.w.org\/{rel}","templated":true}]}}