{"id":640,"date":"2015-08-19T09:45:57","date_gmt":"2015-08-19T07:45:57","guid":{"rendered":"https:\/\/huebscher-holzbau.ch\/?page_id=640"},"modified":"2024-06-24T16:54:14","modified_gmt":"2024-06-24T14:54:14","slug":"sitemap","status":"publish","type":"page","link":"https:\/\/www.huebscher.net\/ch\/sitemap\/","title":{"rendered":"Sitemap"},"content":{"rendered":"<ul class=\"wp-block-page-list\"><li class=\"wp-block-pages-list__item has-child\"><a class=\"wp-block-pages-list__item__link\" href=\"https:\/\/www.huebscher.net\/ch\/blog\/\">Aktuell<\/a><ul class=\"wp-block-navigation__submenu-container\"><li class=\"wp-block-pages-list__item \"><a class=\"wp-block-pages-list__item__link\" href=\"https:\/\/www.huebscher.net\/ch\/blog\/medienberichte\/\">Medienberichte<\/a><\/li><\/ul><\/li><li class=\"wp-block-pages-list__item\"><a class=\"wp-block-pages-list__item__link\" href=\"https:\/\/www.huebscher.net\/ch\/agb\/\">Allgemeine Gesch\u00e4ftsbedingungen<\/a><\/li><li class=\"wp-block-pages-list__item\"><a class=\"wp-block-pages-list__item__link\" href=\"https:\/\/www.huebscher.net\/ch\/anbau-aufstockung\/\">Anbau + Aufstockung<\/a><\/li><li class=\"wp-block-pages-list__item\"><a class=\"wp-block-pages-list__item__link\" href=\"https:\/\/www.huebscher.net\/ch\/arbeitstischplatten\/\">Arbeitstischplatten<\/a><\/li><li class=\"wp-block-pages-list__item\"><a class=\"wp-block-pages-list__item__link\" href=\"https:\/\/www.huebscher.net\/ch\/arbeitswelten\/\">Arbeitswelten<\/a><\/li><li class=\"wp-block-pages-list__item\"><a class=\"wp-block-pages-list__item__link\" href=\"https:\/\/www.huebscher.net\/ch\/benefits\/\">Benefits von H\u00dcBSCHER<\/a><\/li><li class=\"wp-block-pages-list__item\"><a class=\"wp-block-pages-list__item__link\" href=\"https:\/\/www.huebscher.net\/ch\/broschure\/\">Brosch\u00fcre<\/a><\/li><li class=\"wp-block-pages-list__item\"><a class=\"wp-block-pages-list__item__link\" href=\"https:\/\/www.huebscher.net\/ch\/dachfenster-service\/\">Dachfenster-Service<\/a><\/li><li class=\"wp-block-pages-list__item\"><a class=\"wp-block-pages-list__item__link\" href=\"https:\/\/www.huebscher.net\/ch\/dachsanierung-vorschau\/\">Dachsanierung ENTWURF<\/a><\/li><li class=\"wp-block-pages-list__item\"><a class=\"wp-block-pages-list__item__link\" href=\"https:\/\/www.huebscher.net\/ch\/dachservice-und-dachkontrollen\/\">Dachservice und Dachkontrollen<\/a><\/li><li class=\"wp-block-pages-list__item\"><a class=\"wp-block-pages-list__item__link\" href=\"https:\/\/www.huebscher.net\/ch\/feedback\/\">Danke f\u00fcr die Zusammenarbeit<\/a><\/li><li class=\"wp-block-pages-list__item\"><a class=\"wp-block-pages-list__item__link\" href=\"https:\/\/www.huebscher.net\/ch\/datenschutz\/\">Datenschutz<\/a><\/li><li class=\"wp-block-pages-list__item\"><a class=\"wp-block-pages-list__item__link\" href=\"https:\/\/www.huebscher.net\/ch\/einfamilienhaus-vorschau\/\">Einfamilienhaus<\/a><\/li><li class=\"wp-block-pages-list__item\"><a class=\"wp-block-pages-list__item__link\" href=\"https:\/\/www.huebscher.net\/ch\/feedbackformular\/\">Feedback<\/a><\/li><li class=\"wp-block-pages-list__item\"><a class=\"wp-block-pages-list__item__link\" href=\"https:\/\/www.huebscher.net\/ch\/fenster-und-tueren-service\/\">Fenster- und T\u00fcren-Service<\/a><\/li><li class=\"wp-block-pages-list__item\"><a class=\"wp-block-pages-list__item__link\" href=\"https:\/\/www.huebscher.net\/ch\/fensterersatz\/\">Fensterersatz<\/a><\/li><li class=\"wp-block-pages-list__item\"><a class=\"wp-block-pages-list__item__link\" href=\"https:\/\/www.huebscher.net\/ch\/forum-holz\/\">Forum Holz<\/a><\/li><li class=\"wp-block-pages-list__item\"><a class=\"wp-block-pages-list__item__link\" href=\"https:\/\/www.huebscher.net\/ch\/gesamtgebaeudesanierung\/\">Gesamtgeb\u00e4udesanierung<\/a><\/li><li class=\"wp-block-pages-list__item\"><a class=\"wp-block-pages-list__item__link\" href=\"https:\/\/www.huebscher.net\/ch\/geschichte\/\">Geschichte<\/a><\/li><li class=\"wp-block-pages-list__item\"><a class=\"wp-block-pages-list__item__link\" href=\"https:\/\/www.huebscher.net\/ch\/gewerbe-und-industriekunden\/\">Gewerbe- und Industriekunden<\/a><\/li><li class=\"wp-block-pages-list__item menu-item-home\"><a class=\"wp-block-pages-list__item__link\" href=\"https:\/\/www.huebscher.net\/ch\/\">H\u00fcbscher Holzbau<\/a><\/li><li class=\"wp-block-pages-list__item has-child\"><a class=\"wp-block-pages-list__item__link\" href=\"https:\/\/www.huebscher.net\/ch\/huebscher-holzhaus\/\">H\u00dcBSCHER HOLZHAUS<\/a><ul class=\"wp-block-navigation__submenu-container\"><li class=\"wp-block-pages-list__item \"><a class=\"wp-block-pages-list__item__link\" href=\"https:\/\/www.huebscher.net\/ch\/huebscher-holzhaus\/einfamilienhaus\/\">Einfamilienhaus<\/a><\/li><li class=\"wp-block-pages-list__item \"><a class=\"wp-block-pages-list__item__link\" href=\"https:\/\/www.huebscher.net\/ch\/huebscher-holzhaus\/mehrfamilienhaus\/\">Mehrfamilienhaus<\/a><\/li><li class=\"wp-block-pages-list__item \"><a class=\"wp-block-pages-list__item__link\" href=\"https:\/\/www.huebscher.net\/ch\/huebscher-holzhaus\/objektbau\/\">Objektbau<\/a><\/li><\/ul><\/li><li class=\"wp-block-pages-list__item\"><a class=\"wp-block-pages-list__item__link\" href=\"https:\/\/www.huebscher.net\/ch\/immobilienverwaltungen\/\">Immobilienverwaltungen<\/a><\/li><li class=\"wp-block-pages-list__item\"><a class=\"wp-block-pages-list__item__link\" href=\"https:\/\/www.huebscher.net\/ch\/impressum\/\">Impressum<\/a><\/li><li class=\"wp-block-pages-list__item\"><a class=\"wp-block-pages-list__item__link\" href=\"https:\/\/www.huebscher.net\/ch\/innen-aussen-und-brandschutztueren\/\">Innen- Aussen- und Brandschutzt\u00fcren<\/a><\/li><li class=\"wp-block-pages-list__item has-child\"><a class=\"wp-block-pages-list__item__link\" href=\"https:\/\/www.huebscher.net\/ch\/innenausbau\/\">INNENAUSBAU<\/a><ul class=\"wp-block-navigation__submenu-container\"><li class=\"wp-block-pages-list__item \"><a class=\"wp-block-pages-list__item__link\" href=\"https:\/\/www.huebscher.net\/ch\/innenausbau\/badmoebel\/\">Badm\u00f6bel<\/a><\/li><li class=\"wp-block-pages-list__item \"><a class=\"wp-block-pages-list__item__link\" href=\"https:\/\/www.huebscher.net\/ch\/innenausbau\/bodenbelage\/\">Bodenbel\u00e4ge<\/a><\/li><li class=\"wp-block-pages-list__item \"><a class=\"wp-block-pages-list__item__link\" href=\"https:\/\/www.huebscher.net\/ch\/innenausbau\/garderoben-schraenke-und-kuechen\/\">Garderoben, Schr\u00e4nke und <br \/>K\u00fcchen<\/a><\/li><li class=\"wp-block-pages-list__item \"><a class=\"wp-block-pages-list__item__link\" href=\"https:\/\/www.huebscher.net\/ch\/innenausbau\/treppen\/\">Treppen<\/a><\/li><\/ul><\/li><li class=\"wp-block-pages-list__item\"><a class=\"wp-block-pages-list__item__link\" href=\"https:\/\/www.huebscher.net\/ch\/jobs\/\">Jobs<\/a><\/li><li class=\"wp-block-pages-list__item has-child\"><a class=\"wp-block-pages-list__item__link\" href=\"https:\/\/www.huebscher.net\/ch\/kontakt\/\">Kontakt<\/a><ul class=\"wp-block-navigation__submenu-container\"><li class=\"wp-block-pages-list__item \"><a class=\"wp-block-pages-list__item__link\" href=\"https:\/\/www.huebscher.net\/ch\/kontakt\/anfahrt\/\">Anfahrt<\/a><\/li><li class=\"wp-block-pages-list__item \"><a class=\"wp-block-pages-list__item__link\" href=\"https:\/\/www.huebscher.net\/ch\/kontakt\/ansprechpartner\/\">Ansprechpartner<\/a><\/li><li class=\"wp-block-pages-list__item \"><a class=\"wp-block-pages-list__item__link\" href=\"https:\/\/www.huebscher.net\/ch\/kontakt\/e-tanken-swisscharge\/\">E-Tanken<\/a><\/li><\/ul><\/li><li class=\"wp-block-pages-list__item\"><a class=\"wp-block-pages-list__item__link\" href=\"https:\/\/www.huebscher.net\/ch\/kuechen\/\">K\u00fcchen<\/a><\/li><li class=\"wp-block-pages-list__item\"><a class=\"wp-block-pages-list__item__link\" href=\"https:\/\/www.huebscher.net\/ch\/massmoebel\/\">Massm\u00f6bel<\/a><\/li><li class=\"wp-block-pages-list__item\"><a class=\"wp-block-pages-list__item__link\" href=\"https:\/\/www.huebscher.net\/ch\/medienberichte\/\">Medienberichte<\/a><\/li><li class=\"wp-block-pages-list__item\"><a class=\"wp-block-pages-list__item__link\" href=\"https:\/\/www.huebscher.net\/ch\/mehrgenerationenhaus\/\">Mehrgenerationenhaus<\/a><\/li><li class=\"wp-block-pages-list__item has-child\"><a class=\"wp-block-pages-list__item__link\" href=\"https:\/\/www.huebscher.net\/ch\/news\/\">News<\/a><ul class=\"wp-block-navigation__submenu-container\"><li class=\"wp-block-pages-list__item \"><a class=\"wp-block-pages-list__item__link\" href=\"https:\/\/www.huebscher.net\/ch\/news\/im-bau\/\">Im Bau<\/a><\/li><li class=\"wp-block-pages-list__item \"><a class=\"wp-block-pages-list__item__link\" href=\"https:\/\/www.huebscher.net\/ch\/news\/intern\/\">Intern<\/a><\/li><li class=\"wp-block-pages-list__item \"><a class=\"wp-block-pages-list__item__link\" href=\"https:\/\/www.huebscher.net\/ch\/news\/veranstaltungen\/\">Veranstaltungen<\/a><\/li><\/ul><\/li><li class=\"wp-block-pages-list__item\"><a class=\"wp-block-pages-list__item__link\" href=\"https:\/\/www.huebscher.net\/ch\/objekt-und-ingenieurholzbau\/\">Objekt- und Ingenieurholzbau<\/a><\/li><li class=\"wp-block-pages-list__item\"><a class=\"wp-block-pages-list__item__link\" href=\"https:\/\/www.huebscher.net\/ch\/pfosten-riegelsysteme\/\">Pfosten-Riegelsysteme<\/a><\/li><li class=\"wp-block-pages-list__item\"><a class=\"wp-block-pages-list__item__link\" href=\"https:\/\/www.huebscher.net\/ch\/produktions-und-lagerhallen\/\">Produktions- und Lagerhallen<\/a><\/li><li class=\"wp-block-pages-list__item\"><a class=\"wp-block-pages-list__item__link\" href=\"https:\/\/www.huebscher.net\/ch\/raumkonzepte\/\">RAUMKONZEPTE<\/a><\/li><li class=\"wp-block-pages-list__item\"><a class=\"wp-block-pages-list__item__link\" href=\"https:\/\/www.huebscher.net\/ch\/referenzen-huebscher\/\">Referenzen<\/a><\/li><li class=\"wp-block-pages-list__item has-child\"><a class=\"wp-block-pages-list__item__link\" href=\"https:\/\/www.huebscher.net\/ch\/service\/\">SERVICE<\/a><ul class=\"wp-block-navigation__submenu-container\"><li class=\"wp-block-pages-list__item \"><a class=\"wp-block-pages-list__item__link\" href=\"https:\/\/www.huebscher.net\/ch\/service\/schreiner-service\/\">Schreiner-Service<\/a><\/li><li class=\"wp-block-pages-list__item \"><a class=\"wp-block-pages-list__item__link\" href=\"https:\/\/www.huebscher.net\/ch\/service\/unterhaltsvertrag\/\">Unterhaltsvertrag<\/a><\/li><\/ul><\/li><li class=\"wp-block-pages-list__item\"><a class=\"wp-block-pages-list__item__link\" href=\"https:\/\/www.huebscher.net\/ch\/sitemap\/\">Sitemap<\/a><\/li><li class=\"wp-block-pages-list__item\"><a class=\"wp-block-pages-list__item__link\" href=\"https:\/\/www.huebscher.net\/ch\/temporaerer-holzbau\/\">Tempor\u00e4rer Holzbau<\/a><\/li><li class=\"wp-block-pages-list__item\"><a class=\"wp-block-pages-list__item__link\" href=\"https:\/\/www.huebscher.net\/ch\/terrassenbelaege\/\">Terrassenbel\u00e4ge<\/a><\/li><li class=\"wp-block-pages-list__item has-child\"><a class=\"wp-block-pages-list__item__link\" href=\"https:\/\/www.huebscher.net\/ch\/umbau-sanierung\/\">UMBAU + SANIERUNG<\/a><ul class=\"wp-block-navigation__submenu-container\"><li class=\"wp-block-pages-list__item \"><a class=\"wp-block-pages-list__item__link\" href=\"https:\/\/www.huebscher.net\/ch\/umbau-sanierung\/dachsanierung\/\">Dachsanierung<\/a><\/li><li class=\"wp-block-pages-list__item \"><a class=\"wp-block-pages-list__item__link\" href=\"https:\/\/www.huebscher.net\/ch\/umbau-sanierung\/fassadensanierung\/\">Fassadensanierung<\/a><\/li><li class=\"wp-block-pages-list__item \"><a class=\"wp-block-pages-list__item__link\" href=\"https:\/\/www.huebscher.net\/ch\/umbau-sanierung\/fensterersatz-ansicht\/\">Fensterersatz<\/a><\/li><li class=\"wp-block-pages-list__item \"><a class=\"wp-block-pages-list__item__link\" href=\"https:\/\/www.huebscher.net\/ch\/umbau-sanierung\/fensterersatz-und-pfosten-riegelverglasung\/\">Fensterersatz und <br \/> Pfostenriegelverglasung<\/a><\/li><\/ul><\/li><li class=\"wp-block-pages-list__item\"><a class=\"wp-block-pages-list__item__link\" href=\"https:\/\/www.huebscher.net\/ch\/unsere-labels\/\">Unsere gepr\u00fcfte Qualit\u00e4t f\u00fcr Ihre Lebensqualit\u00e4t<\/a><\/li><\/ul>","protected":false},"excerpt":{"rendered":"","protected":false},"author":1,"featured_media":0,"parent":0,"menu_order":0,"comment_status":"open","ping_status":"open","template":"","meta":{"_acf_changed":false,"_monsterinsights_skip_tracking":false,"_monsterinsights_sitenote_active":false,"_monsterinsights_sitenote_note":"","_monsterinsights_sitenote_category":0,"_genesis_hide_title":false,"_genesis_hide_breadcrumbs":false,"_genesis_hide_singular_image":false,"_genesis_hide_footer_widgets":false,"_genesis_custom_body_class":"","_genesis_custom_post_class":"","_genesis_layout":"","footnotes":""},"class_list":{"0":"post-640","1":"page","2":"type-page","3":"status-publish","5":"entry"},"acf":[],"yoast_head":"<!-- This site is optimized with the Yoast SEO Premium plugin v25.2 (Yoast SEO v25.2) - https:\/\/yoast.com\/wordpress\/plugins\/seo\/ -->\n<title>Sitemap | H\u00dcBSCHER HOLZBAU AG<\/title>\n<meta name=\"description\" content=\"Hier finden Sie eine Auflistung aller Unterseiten unserer H\u00dcBSCHER HOLZBAU-Webseite. Schauen Sie sich gerne genau um.\" \/>\n<meta name=\"robots\" content=\"index, follow, max-snippet:-1, max-image-preview:large, max-video-preview:-1\" \/>\n<link rel=\"canonical\" href=\"https:\/\/www.huebscher.net\/ch\/sitemap\/\" \/>\n<meta property=\"og:locale\" content=\"de_DE\" \/>\n<meta property=\"og:type\" content=\"article\" \/>\n<meta property=\"og:title\" content=\"Sitemap\" \/>\n<meta property=\"og:description\" content=\"Hier finden Sie eine Auflistung aller Unterseiten unserer H\u00dcBSCHER HOLZBAU-Webseite. Schauen Sie sich gerne genau um.\" \/>\n<meta property=\"og:url\" content=\"https:\/\/www.huebscher.net\/ch\/sitemap\/\" \/>\n<meta property=\"og:site_name\" content=\"H\u00dcBSCHER HOLZBAU\" \/>\n<meta property=\"article:publisher\" content=\"http:\/\/facebook.com\/huebscher.holzbau\" \/>\n<meta property=\"article:modified_time\" content=\"2024-06-24T14:54:14+00:00\" \/>\n<meta name=\"twitter:card\" content=\"summary_large_image\" \/>\n<script type=\"application\/ld+json\" class=\"yoast-schema-graph\">{\"@context\":\"https:\/\/schema.org\",\"@graph\":[{\"@type\":\"WebPage\",\"@id\":\"https:\/\/www.huebscher.net\/ch\/sitemap\/\",\"url\":\"https:\/\/www.huebscher.net\/ch\/sitemap\/\",\"name\":\"Sitemap | H\u00dcBSCHER HOLZBAU AG\",\"isPartOf\":{\"@id\":\"https:\/\/www.huebscher.net\/ch\/#website\"},\"datePublished\":\"2015-08-19T07:45:57+00:00\",\"dateModified\":\"2024-06-24T14:54:14+00:00\",\"description\":\"Hier finden Sie eine Auflistung aller Unterseiten unserer H\u00dcBSCHER HOLZBAU-Webseite. Schauen Sie sich gerne genau um.\",\"breadcrumb\":{\"@id\":\"https:\/\/www.huebscher.net\/ch\/sitemap\/#breadcrumb\"},\"inLanguage\":\"de-CH\",\"potentialAction\":[{\"@type\":\"ReadAction\",\"target\":[\"https:\/\/www.huebscher.net\/ch\/sitemap\/\"]}]},{\"@type\":\"BreadcrumbList\",\"@id\":\"https:\/\/www.huebscher.net\/ch\/sitemap\/#breadcrumb\",\"itemListElement\":[{\"@type\":\"ListItem\",\"position\":1,\"name\":\"Home\",\"item\":\"https:\/\/www.huebscher.net\/ch\/\"},{\"@type\":\"ListItem\",\"position\":2,\"name\":\"Sitemap\"}]},{\"@type\":\"WebSite\",\"@id\":\"https:\/\/www.huebscher.net\/ch\/#website\",\"url\":\"https:\/\/www.huebscher.net\/ch\/\",\"name\":\"H\u00fcbscher Holzbau\",\"description\":\"H\u00fcbscher Holzbau AG\",\"publisher\":{\"@id\":\"https:\/\/www.huebscher.net\/ch\/#organization\"},\"alternateName\":\"H\u00fcbscher Holzbau\",\"potentialAction\":[{\"@type\":\"SearchAction\",\"target\":{\"@type\":\"EntryPoint\",\"urlTemplate\":\"https:\/\/www.huebscher.net\/ch\/?s={search_term_string}\"},\"query-input\":{\"@type\":\"PropertyValueSpecification\",\"valueRequired\":true,\"valueName\":\"search_term_string\"}}],\"inLanguage\":\"de-CH\"},{\"@type\":\"Organization\",\"@id\":\"https:\/\/www.huebscher.net\/ch\/#organization\",\"name\":\"H\u00fcbscher Holzbau\",\"alternateName\":\"H\u00fcbscher Holzbau\",\"url\":\"https:\/\/www.huebscher.net\/ch\/\",\"logo\":{\"@type\":\"ImageObject\",\"inLanguage\":\"de-CH\",\"@id\":\"https:\/\/www.huebscher.net\/ch\/#\/schema\/logo\/image\/\",\"url\":\"https:\/\/www.huebscher.net\/media\/huebscher_logo_def.png\",\"contentUrl\":\"https:\/\/www.huebscher.net\/media\/huebscher_logo_def.png\",\"width\":220,\"height\":110,\"caption\":\"H\u00fcbscher Holzbau\"},\"image\":{\"@id\":\"https:\/\/www.huebscher.net\/ch\/#\/schema\/logo\/image\/\"},\"sameAs\":[\"http:\/\/facebook.com\/huebscher.holzbau\",\"https:\/\/pt.linkedin.com\/organization-guest\/company\/huebscher-holzbau\",\"https:\/\/www.instagram.com\/huebscherholzbau\/\"]}]}<\/script>\n<!-- \/ Yoast SEO Premium plugin. -->","yoast_head_json":{"title":"Sitemap | H\u00dcBSCHER HOLZBAU AG","description":"Hier finden Sie eine Auflistung aller Unterseiten unserer H\u00dcBSCHER HOLZBAU-Webseite. Schauen Sie sich gerne genau um.","robots":{"index":"index","follow":"follow","max-snippet":"max-snippet:-1","max-image-preview":"max-image-preview:large","max-video-preview":"max-video-preview:-1"},"canonical":"https:\/\/www.huebscher.net\/ch\/sitemap\/","og_locale":"de_DE","og_type":"article","og_title":"Sitemap","og_description":"Hier finden Sie eine Auflistung aller Unterseiten unserer H\u00dcBSCHER HOLZBAU-Webseite. Schauen Sie sich gerne genau um.","og_url":"https:\/\/www.huebscher.net\/ch\/sitemap\/","og_site_name":"H\u00dcBSCHER HOLZBAU","article_publisher":"http:\/\/facebook.com\/huebscher.holzbau","article_modified_time":"2024-06-24T14:54:14+00:00","twitter_card":"summary_large_image","schema":{"@context":"https:\/\/schema.org","@graph":[{"@type":"WebPage","@id":"https:\/\/www.huebscher.net\/ch\/sitemap\/","url":"https:\/\/www.huebscher.net\/ch\/sitemap\/","name":"Sitemap | H\u00dcBSCHER HOLZBAU AG","isPartOf":{"@id":"https:\/\/www.huebscher.net\/ch\/#website"},"datePublished":"2015-08-19T07:45:57+00:00","dateModified":"2024-06-24T14:54:14+00:00","description":"Hier finden Sie eine Auflistung aller Unterseiten unserer H\u00dcBSCHER HOLZBAU-Webseite. Schauen Sie sich gerne genau um.","breadcrumb":{"@id":"https:\/\/www.huebscher.net\/ch\/sitemap\/#breadcrumb"},"inLanguage":"de-CH","potentialAction":[{"@type":"ReadAction","target":["https:\/\/www.huebscher.net\/ch\/sitemap\/"]}]},{"@type":"BreadcrumbList","@id":"https:\/\/www.huebscher.net\/ch\/sitemap\/#breadcrumb","itemListElement":[{"@type":"ListItem","position":1,"name":"Home","item":"https:\/\/www.huebscher.net\/ch\/"},{"@type":"ListItem","position":2,"name":"Sitemap"}]},{"@type":"WebSite","@id":"https:\/\/www.huebscher.net\/ch\/#website","url":"https:\/\/www.huebscher.net\/ch\/","name":"H\u00fcbscher Holzbau","description":"H\u00fcbscher Holzbau AG","publisher":{"@id":"https:\/\/www.huebscher.net\/ch\/#organization"},"alternateName":"H\u00fcbscher Holzbau","potentialAction":[{"@type":"SearchAction","target":{"@type":"EntryPoint","urlTemplate":"https:\/\/www.huebscher.net\/ch\/?s={search_term_string}"},"query-input":{"@type":"PropertyValueSpecification","valueRequired":true,"valueName":"search_term_string"}}],"inLanguage":"de-CH"},{"@type":"Organization","@id":"https:\/\/www.huebscher.net\/ch\/#organization","name":"H\u00fcbscher Holzbau","alternateName":"H\u00fcbscher Holzbau","url":"https:\/\/www.huebscher.net\/ch\/","logo":{"@type":"ImageObject","inLanguage":"de-CH","@id":"https:\/\/www.huebscher.net\/ch\/#\/schema\/logo\/image\/","url":"https:\/\/www.huebscher.net\/media\/huebscher_logo_def.png","contentUrl":"https:\/\/www.huebscher.net\/media\/huebscher_logo_def.png","width":220,"height":110,"caption":"H\u00fcbscher Holzbau"},"image":{"@id":"https:\/\/www.huebscher.net\/ch\/#\/schema\/logo\/image\/"},"sameAs":["http:\/\/facebook.com\/huebscher.holzbau","https:\/\/pt.linkedin.com\/organization-guest\/company\/huebscher-holzbau","https:\/\/www.instagram.com\/huebscherholzbau\/"]}]}},"_links":{"self":[{"href":"https:\/\/www.huebscher.net\/ch\/wp-json\/wp\/v2\/pages\/640"}],"collection":[{"href":"https:\/\/www.huebscher.net\/ch\/wp-json\/wp\/v2\/pages"}],"about":[{"href":"https:\/\/www.huebscher.net\/ch\/wp-json\/wp\/v2\/types\/page"}],"author":[{"embeddable":true,"href":"https:\/\/www.huebscher.net\/ch\/wp-json\/wp\/v2\/users\/1"}],"replies":[{"embeddable":true,"href":"https:\/\/www.huebscher.net\/ch\/wp-json\/wp\/v2\/comments?post=640"}],"version-history":[{"count":2,"href":"https:\/\/www.huebscher.net\/ch\/wp-json\/wp\/v2\/pages\/640\/revisions"}],"predecessor-version":[{"id":9025,"href":"https:\/\/www.huebscher.net\/ch\/wp-json\/wp\/v2\/pages\/640\/revisions\/9025"}],"wp:attachment":[{"href":"https:\/\/www.huebscher.net\/ch\/wp-json\/wp\/v2\/media?parent=640"}],"curies":[{"name":"wp","href":"https:\/\/api.w.org\/{rel}","templated":true}]}}