{"id":5801,"date":"2021-03-12T14:17:10","date_gmt":"2021-03-12T13:17:10","guid":{"rendered":"https:\/\/huebscher-holzbau.ch\/?page_id=5801"},"modified":"2024-06-26T15:13:22","modified_gmt":"2024-06-26T13:13:22","slug":"benefits","status":"publish","type":"page","link":"https:\/\/www.huebscher.net\/ch\/benefits\/","title":{"rendered":"Benefits von H\u00dcBSCHER"},"content":{"rendered":"\n<!-- benefits bubbles -->\n<div class=\"one-sixth first\">\n\n<div class=\"row-main\">\n  <div class=\"centerer\">\n    <div class=\"container-circles\">\n        <div class=\"circle-l\"><\/div>\n        <div class=\"circle-r\"><\/div>\n        <div class=\"material-icons\"><i class=\"fas fa-apple-alt\"><\/i><\/div>\n        <p>Kostenloses Obst, Wasser und Kaffee am Arbeitsplatz<\/p>\n    <\/div>\n  <\/div> \n<\/div>\n\n<\/div>\n\n<div class=\"one-sixth\">\n<div class=\"row-main\">\n  <div class=\"centerer\">\n    <div class=\"container-circles\">\n        <div class=\"circle-l\"><\/div>\n        <div class=\"circle-r\"><\/div>\n        <div class=\"material-icons\"><i class=\"fas fa-shield-alt\"><\/i><\/div>\n        <p>Bezahlte PSA (Schuhe, Geh\u00f6rschutz, Brille etc.)<\/p>\n    <\/div>\n  <\/div> \n<\/div>\n\n<\/div>\n<div class=\"one-sixth\">\n\n<div class=\"row-main\">\n  <div class=\"centerer\">\n    <div class=\"container-circles\">\n        <div class=\"circle-l\"><\/div>\n        <div class=\"circle-r\"><\/div>\n        <div class=\"material-icons\"><i class=\"fas fa-coins\"><\/i><\/div>\n        <p>Sicherer Arbeitsplatz mit zuverl\u00e4ssigen Lohnzahlungen<\/p>\n    <\/div>\n  <\/div> \n<\/div>\n\n<\/div>\n\n<div class=\"one-sixth\">\n\n<div class=\"row-main\">\n  <div class=\"centerer\">\n    <div class=\"container-circles\">\n        <div class=\"circle-l\"><\/div>\n        <div class=\"circle-r\"><\/div>\n        <div class=\"material-icons\"><i class=\"fas fa-swimmer\"><\/i><\/div>\n        <p>Individuelle Auszeiten f\u00fcr l\u00e4ngere Urlaube<\/p>\n    <\/div>\n  <\/div> \n<\/div>\n\n<\/div>\n\n\n<div class=\"one-sixth\">\n\n<div class=\"row-main\">\n  <div class=\"centerer\">\n    <div class=\"container-circles\">\n        <div class=\"circle-l\"><\/div>\n        <div class=\"circle-r\"><\/div>\n        <div class=\"material-icons\"><i class=\"fas fa-tshirt\"><\/i><\/div>\n        <p>Arbeitskleidung vom Unternehmen gestellt<\/p>\n    <\/div>\n  <\/div> \n<\/div>\n\n<\/div>\n\n\n<div class=\"one-sixth\">\n\n<div class=\"row-main\">\n  <div class=\"centerer\">\n    <div class=\"container-circles\">\n        <div class=\"circle-l\"><\/div>\n        <div class=\"circle-r\"><\/div>\n        <div class=\"material-icons\"><i class=\"fas fa-chart-line\"><\/i><\/div>\n        <p>Junges, dynamisches Unternehmen im Wachstum<\/p>\n    <\/div>\n  <\/div> \n<\/div>\n\n<\/div>\n<div class=\"clearfix\"><\/div>\n\n<!-- Four one-sixth columns. -->\n<div class=\"one-sixth first\">\n\n<div class=\"row-main\">\n  <div class=\"centerer\">\n    <div class=\"container-circles\">\n        <div class=\"circle-l\"><\/div>\n        <div class=\"circle-r\"><\/div>\n        <div class=\"material-icons\"><i class=\"fas fa-university\"><\/i>\n<\/div>\n        <p>Weiterbildungs- unterst\u00fctzung<\/p>\n    <\/div>\n  <\/div> \n<\/div>\n\n<\/div>\n\n<div class=\"one-sixth\">\n<div class=\"row-main\">\n  <div class=\"centerer\">\n    <div class=\"container-circles\">\n        <div class=\"circle-l\"><\/div>\n        <div class=\"circle-r\"><\/div>\n        <div class=\"material-icons\"><i class=\"far fa-calendar-alt\"><\/i><\/div>\n        <p>Interner Schulungs- kalender<\/p>\n    <\/div>\n  <\/div> \n<\/div>\n\n<\/div>\n<div class=\"one-sixth\">\n\n<div class=\"row-main\">\n  <div class=\"centerer\">\n    <div class=\"container-circles\">\n        <div class=\"circle-l\"><\/div>\n        <div class=\"circle-r\"><\/div>\n        <div class=\"material-icons\"><i class=\"fas fa-tools\"><\/i><\/div>\n        <p>Strukturiertes Arbeiten mit modernem Equipment<\/p>\n    <\/div>\n  <\/div> \n<\/div>\n\n<\/div>\n\n<div class=\"one-sixth\">\n\n<div class=\"row-main\">\n  <div class=\"centerer\">\n    <div class=\"container-circles\">\n        <div class=\"circle-l\"><\/div>\n        <div class=\"circle-r\"><\/div>\n        <div class=\"material-icons\"><i class=\"fas fa-hammer\"><\/i><\/div>\n        <p>Nutzung des Arbeitsplatzes f\u00fcr pers\u00f6nliche Projekte<\/p>\n    <\/div>\n  <\/div> \n<\/div>\n\n<\/div>\n\n\n<div class=\"one-sixth\">\n\n<div class=\"row-main\">\n  <div class=\"centerer\">\n    <div class=\"container-circles\">\n        <div class=\"circle-l\"><\/div>\n        <div class=\"circle-r\"><\/div>\n        <div class=\"material-icons\"><i class=\"far fa-smile-beam\"><\/i><\/div>\n        <p> Bei uns kannst du was werden &#8211; wenn du willst!<\/p>\n    <\/div>\n  <\/div> \n<\/div>\n\n<\/div>\n\n<div class=\"one-sixth\">\n\n<div class=\"row-main\">\n  <div class=\"centerer\">\n    <div class=\"container-circles\">\n        <div class=\"circle-l\"><\/div>\n        <div class=\"circle-r\"><\/div>\n        <div class=\"material-icons\"><i class=\"fas fa-home\"><\/i><\/div>\n        <p>Individuelle M\u00f6glichkeit f\u00fcr Home-Office<\/p>\n    <\/div>\n  <\/div> \n<\/div>\n\n<\/div>\n\n<div class=\"clearfix\"><\/div>\n\n\n\n<p><\/p>\n","protected":false},"excerpt":{"rendered":"<p>Kostenloses Obst, Wasser und Kaffee am Arbeitsplatz Bezahlte PSA (Schuhe, Geh\u00f6rschutz, Brille etc.) Sicherer Arbeitsplatz mit zuverl\u00e4ssigen Lohnzahlungen Individuelle Auszeiten f\u00fcr l\u00e4ngere Urlaube Arbeitskleidung vom Unternehmen gestellt Junges, dynamisches Unternehmen im Wachstum Weiterbildungs- unterst\u00fctzung Interner Schulungs- kalender Strukturiertes Arbeiten mit modernem Equipment Nutzung des Arbeitsplatzes f\u00fcr pers\u00f6nliche Projekte Bei uns kannst du was werden &#8211;&hellip;<\/p>\n","protected":false},"author":1,"featured_media":0,"parent":0,"menu_order":0,"comment_status":"closed","ping_status":"closed","template":"","meta":{"_acf_changed":false,"_monsterinsights_skip_tracking":false,"_monsterinsights_sitenote_active":false,"_monsterinsights_sitenote_note":"","_monsterinsights_sitenote_category":0,"_genesis_hide_title":false,"_genesis_hide_breadcrumbs":false,"_genesis_hide_singular_image":false,"_genesis_hide_footer_widgets":false,"_genesis_custom_body_class":"","_genesis_custom_post_class":"","_genesis_layout":"","footnotes":""},"class_list":{"0":"post-5801","1":"page","2":"type-page","3":"status-publish","5":"entry"},"acf":[],"yoast_head":"<!-- This site is optimized with the Yoast SEO Premium plugin v25.2 (Yoast SEO v25.2) - https:\/\/yoast.com\/wordpress\/plugins\/seo\/ -->\n<title>Benefits von H\u00dcBSCHER HOLZBAU<\/title>\n<meta name=\"description\" content=\"Unsere Benefits bei H\u00dcBSCHER: Sicherer Arbeitsplatz \/ Junges dynamisches Unternehmen \/ Weiterbildungen und noch vieles mehr\" \/>\n<meta name=\"robots\" content=\"index, follow, max-snippet:-1, max-image-preview:large, max-video-preview:-1\" \/>\n<link rel=\"canonical\" href=\"https:\/\/www.huebscher.net\/ch\/benefits\/\" \/>\n<meta property=\"og:locale\" content=\"de_DE\" \/>\n<meta property=\"og:type\" content=\"article\" \/>\n<meta property=\"og:title\" content=\"Benefits von H\u00dcBSCHER\" \/>\n<meta property=\"og:description\" content=\"Unsere Benefits bei H\u00dcBSCHER: Sicherer Arbeitsplatz \/ Junges dynamisches Unternehmen \/ Weiterbildungen und noch vieles mehr\" \/>\n<meta property=\"og:url\" content=\"https:\/\/www.huebscher.net\/ch\/benefits\/\" \/>\n<meta property=\"og:site_name\" content=\"H\u00dcBSCHER HOLZBAU\" \/>\n<meta property=\"article:publisher\" content=\"http:\/\/facebook.com\/huebscher.holzbau\" \/>\n<meta property=\"article:modified_time\" content=\"2024-06-26T13:13:22+00:00\" \/>\n<meta name=\"twitter:card\" content=\"summary_large_image\" \/>\n<meta name=\"twitter:label1\" content=\"Gesch\u00e4tzte Lesezeit\" \/>\n\t<meta name=\"twitter:data1\" content=\"1 Minute\" \/>\n<script type=\"application\/ld+json\" class=\"yoast-schema-graph\">{\"@context\":\"https:\/\/schema.org\",\"@graph\":[{\"@type\":\"WebPage\",\"@id\":\"https:\/\/www.huebscher.net\/ch\/benefits\/\",\"url\":\"https:\/\/www.huebscher.net\/ch\/benefits\/\",\"name\":\"Benefits von H\u00dcBSCHER HOLZBAU\",\"isPartOf\":{\"@id\":\"https:\/\/www.huebscher.net\/ch\/#website\"},\"datePublished\":\"2021-03-12T13:17:10+00:00\",\"dateModified\":\"2024-06-26T13:13:22+00:00\",\"description\":\"Unsere Benefits bei H\u00dcBSCHER: Sicherer Arbeitsplatz \/ Junges dynamisches Unternehmen \/ Weiterbildungen und noch vieles mehr\",\"breadcrumb\":{\"@id\":\"https:\/\/www.huebscher.net\/ch\/benefits\/#breadcrumb\"},\"inLanguage\":\"de-CH\",\"potentialAction\":[{\"@type\":\"ReadAction\",\"target\":[\"https:\/\/www.huebscher.net\/ch\/benefits\/\"]}]},{\"@type\":\"BreadcrumbList\",\"@id\":\"https:\/\/www.huebscher.net\/ch\/benefits\/#breadcrumb\",\"itemListElement\":[{\"@type\":\"ListItem\",\"position\":1,\"name\":\"Home\",\"item\":\"https:\/\/www.huebscher.net\/ch\/\"},{\"@type\":\"ListItem\",\"position\":2,\"name\":\"Benefits von H\u00dcBSCHER\"}]},{\"@type\":\"WebSite\",\"@id\":\"https:\/\/www.huebscher.net\/ch\/#website\",\"url\":\"https:\/\/www.huebscher.net\/ch\/\",\"name\":\"H\u00fcbscher Holzbau\",\"description\":\"H\u00fcbscher Holzbau AG\",\"publisher\":{\"@id\":\"https:\/\/www.huebscher.net\/ch\/#organization\"},\"alternateName\":\"H\u00fcbscher Holzbau\",\"potentialAction\":[{\"@type\":\"SearchAction\",\"target\":{\"@type\":\"EntryPoint\",\"urlTemplate\":\"https:\/\/www.huebscher.net\/ch\/?s={search_term_string}\"},\"query-input\":{\"@type\":\"PropertyValueSpecification\",\"valueRequired\":true,\"valueName\":\"search_term_string\"}}],\"inLanguage\":\"de-CH\"},{\"@type\":\"Organization\",\"@id\":\"https:\/\/www.huebscher.net\/ch\/#organization\",\"name\":\"H\u00fcbscher Holzbau\",\"alternateName\":\"H\u00fcbscher Holzbau\",\"url\":\"https:\/\/www.huebscher.net\/ch\/\",\"logo\":{\"@type\":\"ImageObject\",\"inLanguage\":\"de-CH\",\"@id\":\"https:\/\/www.huebscher.net\/ch\/#\/schema\/logo\/image\/\",\"url\":\"https:\/\/www.huebscher.net\/media\/huebscher_logo_def.png\",\"contentUrl\":\"https:\/\/www.huebscher.net\/media\/huebscher_logo_def.png\",\"width\":220,\"height\":110,\"caption\":\"H\u00fcbscher Holzbau\"},\"image\":{\"@id\":\"https:\/\/www.huebscher.net\/ch\/#\/schema\/logo\/image\/\"},\"sameAs\":[\"http:\/\/facebook.com\/huebscher.holzbau\",\"https:\/\/pt.linkedin.com\/organization-guest\/company\/huebscher-holzbau\",\"https:\/\/www.instagram.com\/huebscherholzbau\/\"]}]}<\/script>\n<!-- \/ Yoast SEO Premium plugin. -->","yoast_head_json":{"title":"Benefits von H\u00dcBSCHER HOLZBAU","description":"Unsere Benefits bei H\u00dcBSCHER: Sicherer Arbeitsplatz \/ Junges dynamisches Unternehmen \/ Weiterbildungen und noch vieles mehr","robots":{"index":"index","follow":"follow","max-snippet":"max-snippet:-1","max-image-preview":"max-image-preview:large","max-video-preview":"max-video-preview:-1"},"canonical":"https:\/\/www.huebscher.net\/ch\/benefits\/","og_locale":"de_DE","og_type":"article","og_title":"Benefits von H\u00dcBSCHER","og_description":"Unsere Benefits bei H\u00dcBSCHER: Sicherer Arbeitsplatz \/ Junges dynamisches Unternehmen \/ Weiterbildungen und noch vieles mehr","og_url":"https:\/\/www.huebscher.net\/ch\/benefits\/","og_site_name":"H\u00dcBSCHER HOLZBAU","article_publisher":"http:\/\/facebook.com\/huebscher.holzbau","article_modified_time":"2024-06-26T13:13:22+00:00","twitter_card":"summary_large_image","twitter_misc":{"Gesch\u00e4tzte Lesezeit":"1 Minute"},"schema":{"@context":"https:\/\/schema.org","@graph":[{"@type":"WebPage","@id":"https:\/\/www.huebscher.net\/ch\/benefits\/","url":"https:\/\/www.huebscher.net\/ch\/benefits\/","name":"Benefits von H\u00dcBSCHER HOLZBAU","isPartOf":{"@id":"https:\/\/www.huebscher.net\/ch\/#website"},"datePublished":"2021-03-12T13:17:10+00:00","dateModified":"2024-06-26T13:13:22+00:00","description":"Unsere Benefits bei H\u00dcBSCHER: Sicherer Arbeitsplatz \/ Junges dynamisches Unternehmen \/ Weiterbildungen und noch vieles mehr","breadcrumb":{"@id":"https:\/\/www.huebscher.net\/ch\/benefits\/#breadcrumb"},"inLanguage":"de-CH","potentialAction":[{"@type":"ReadAction","target":["https:\/\/www.huebscher.net\/ch\/benefits\/"]}]},{"@type":"BreadcrumbList","@id":"https:\/\/www.huebscher.net\/ch\/benefits\/#breadcrumb","itemListElement":[{"@type":"ListItem","position":1,"name":"Home","item":"https:\/\/www.huebscher.net\/ch\/"},{"@type":"ListItem","position":2,"name":"Benefits von H\u00dcBSCHER"}]},{"@type":"WebSite","@id":"https:\/\/www.huebscher.net\/ch\/#website","url":"https:\/\/www.huebscher.net\/ch\/","name":"H\u00fcbscher Holzbau","description":"H\u00fcbscher Holzbau AG","publisher":{"@id":"https:\/\/www.huebscher.net\/ch\/#organization"},"alternateName":"H\u00fcbscher Holzbau","potentialAction":[{"@type":"SearchAction","target":{"@type":"EntryPoint","urlTemplate":"https:\/\/www.huebscher.net\/ch\/?s={search_term_string}"},"query-input":{"@type":"PropertyValueSpecification","valueRequired":true,"valueName":"search_term_string"}}],"inLanguage":"de-CH"},{"@type":"Organization","@id":"https:\/\/www.huebscher.net\/ch\/#organization","name":"H\u00fcbscher Holzbau","alternateName":"H\u00fcbscher Holzbau","url":"https:\/\/www.huebscher.net\/ch\/","logo":{"@type":"ImageObject","inLanguage":"de-CH","@id":"https:\/\/www.huebscher.net\/ch\/#\/schema\/logo\/image\/","url":"https:\/\/www.huebscher.net\/media\/huebscher_logo_def.png","contentUrl":"https:\/\/www.huebscher.net\/media\/huebscher_logo_def.png","width":220,"height":110,"caption":"H\u00fcbscher Holzbau"},"image":{"@id":"https:\/\/www.huebscher.net\/ch\/#\/schema\/logo\/image\/"},"sameAs":["http:\/\/facebook.com\/huebscher.holzbau","https:\/\/pt.linkedin.com\/organization-guest\/company\/huebscher-holzbau","https:\/\/www.instagram.com\/huebscherholzbau\/"]}]}},"_links":{"self":[{"href":"https:\/\/www.huebscher.net\/ch\/wp-json\/wp\/v2\/pages\/5801"}],"collection":[{"href":"https:\/\/www.huebscher.net\/ch\/wp-json\/wp\/v2\/pages"}],"about":[{"href":"https:\/\/www.huebscher.net\/ch\/wp-json\/wp\/v2\/types\/page"}],"author":[{"embeddable":true,"href":"https:\/\/www.huebscher.net\/ch\/wp-json\/wp\/v2\/users\/1"}],"replies":[{"embeddable":true,"href":"https:\/\/www.huebscher.net\/ch\/wp-json\/wp\/v2\/comments?post=5801"}],"version-history":[{"count":35,"href":"https:\/\/www.huebscher.net\/ch\/wp-json\/wp\/v2\/pages\/5801\/revisions"}],"predecessor-version":[{"id":9034,"href":"https:\/\/www.huebscher.net\/ch\/wp-json\/wp\/v2\/pages\/5801\/revisions\/9034"}],"wp:attachment":[{"href":"https:\/\/www.huebscher.net\/ch\/wp-json\/wp\/v2\/media?parent=5801"}],"curies":[{"name":"wp","href":"https:\/\/api.w.org\/{rel}","templated":true}]}}