{"id":5740,"date":"2021-03-11T15:12:27","date_gmt":"2021-03-11T14:12:27","guid":{"rendered":"https:\/\/huebscher-holzbau.ch\/?page_id=5740"},"modified":"2025-04-17T12:57:23","modified_gmt":"2025-04-17T10:57:23","slug":"unsere-labels","status":"publish","type":"page","link":"https:\/\/www.huebscher.net\/ch\/unsere-labels\/","title":{"rendered":"Unsere gepr\u00fcfte Qualit\u00e4t f\u00fcr Ihre Lebensqualit\u00e4t"},"content":{"rendered":"\n<div class=\"wp-block-group\"><div class=\"wp-block-group__inner-container is-layout-flow wp-block-group-is-layout-flow\">\n<div class=\"labelwrappage\">\n\n<div class=\"one-fourth first labelpos\"><\/div>\n\n<div class=\"one-fourth labelpos\"><img fetchpriority=\"high\" decoding=\"async\" width=\"1234\" height=\"656\" src=\"https:\/\/huebscher.net\/media\/minergie_fachpartner_sw.jpg\" alt=\"minergie-label\" class=\"wp-image-5790\" srcset=\"https:\/\/www.huebscher.net\/media\/minergie_fachpartner_sw.jpg 1234w, https:\/\/www.huebscher.net\/media\/minergie_fachpartner_sw-768x408.jpg 768w, https:\/\/www.huebscher.net\/media\/minergie_fachpartner_sw-350x186.jpg 350w\" sizes=\"(max-width: 1234px) 100vw, 1234px\" \/><\/div>\n\n<div class=\"one-fourth  labelpos\"><h2>Minergie Fachpartner<\/h2><p>Als Minergie Fachpartner  k\u00f6nnen wir der Bauherrschaft eine umfassende Geb\u00e4ude Energieberatung anbieten. Mit den richtigen Massnahmen k\u00f6nnen Sie den Energieverbrauch f\u00fcr Ihre Liegenschaft deutlich senken. Damit verbessern Sie den Wohnkomfort und sichern sich die Werterhaltung Ihrer Liegenschaft. Sie w\u00fcnschen ein GEAK f\u00fcr Ihr Geb\u00e4ude? Ebenfalls kein Problem. H\u00dcBSCHER kann GEAK-Zertifikate sowie Energieausweise f\u00fcr s\u00e4mtliche Geb\u00e4udetypen erstellen.<\/p><\/div>\n\n<div class=\"one-fourth  labelpos\"><\/div>\n<div class=\"clearfix\"><\/div>\n\n\n<div class=\"one-fourth first labelpos\"><\/div>\n\n<div class=\"one-fourth labelpos\"><img decoding=\"async\" width=\"1421\" height=\"693\" src=\"https:\/\/huebscher.net\/media\/gdf_sw.jpg\" alt=\"gdf-label\" class=\"wp-image-5727\" srcset=\"https:\/\/www.huebscher.net\/media\/gdf_sw.jpg 1421w, https:\/\/www.huebscher.net\/media\/gdf_sw-1280x624.jpg 1280w, https:\/\/www.huebscher.net\/media\/gdf_sw-768x375.jpg 768w, https:\/\/www.huebscher.net\/media\/gdf_sw-350x171.jpg 350w\" sizes=\"(max-width: 1421px) 100vw, 1421px\" \/><\/div>\n\n<div class=\"one-fourth  labelpos\"><h2>G\u00fctegemeinschaft deutscher Fertigbau<\/h2><p>Kunden, die ein Mitglied der GDF zu ihrem Baupartner w\u00e4hlen, haben einen entscheidenden Vorteil: das Haus, das f\u00fcr sie gebaut wird, ist g\u00fcte\u00fcberwacht. Das bedeutet, dass bei der Produktion der Bauelemente die Qualit\u00e4t jedes einzelnen Teils auf Herz und Nieren kontrolliert wird. Und nicht nur das. H\u00dcBSCHER verpflichten sich mit der Mitgliedschaft in der GDF, dass sie die h\u00f6heren Qualit\u00e4ts-Kriterien umsetzen, dauerhaft einhalten und zweimal pro Jahr kontrollieren lassen. Nur so wird ein gleichbleibend hoher Qualit\u00e4ts-Standard gew\u00e4hrleistet.\nSie als Kunde wird dies freuen &#8211;  Schliesslich erhalten Sie dadurch Sicherheit bei Ihrem Geb\u00e4ude. Und zwar von Anfang an.\n<\/p><\/div>\n\n<div class=\"one-fourth  labelpos\"><\/div>\n<div class=\"clearfix\"><\/div>\n\n<div class=\"one-fourth first labelpos\"><\/div>\n\n<div class=\"one-fourth\">\n<div class=\"one-half labelpos\"><img decoding=\"async\" width=\"709\" height=\"1417\" src=\"https:\/\/huebscher.net\/media\/ral_sw.jpg\" alt=\"ral-label\" class=\"wp-image-5728\" srcset=\"https:\/\/www.huebscher.net\/media\/ral_sw.jpg 709w, https:\/\/www.huebscher.net\/media\/ral_sw-360x720.jpg 360w, https:\/\/www.huebscher.net\/media\/ral_sw-540x1080.jpg 540w, https:\/\/www.huebscher.net\/media\/ral_sw-350x700.jpg 350w\" sizes=\"(max-width: 709px) 100vw, 709px\" \/><\/div>\n<\/div>\n\n<div class=\"one-fourth  labelpos\"><h2>Das G\u00fctezeichen Holzhausbau<\/h2><p>Das RAL G\u00fctezeichen Holzhausbau (RAL-GZ 422) setzt seit 1972 einen einheitlichen Qualit\u00e4tsstandard &#8211; sowohl im handwerklichen als auch im industriellen Holzhausbau.\nF\u00fcr alle modernen Holzhausbauarten und Geb\u00e4udetypen. F\u00fcr Bauherren, Hersteller, Banken und Versicherungen. In den Herstellwerken der Unternehmen die Fertigh\u00e4user und Holzh\u00e4user produzieren, wird die G\u00fcte der vorgefertigten Elemente durch Eigen\u00fcberwachung und zweimal j\u00e4hrlich durch Fremd\u00fcberwachung gesichert. Die Qualit\u00e4t der Ausf\u00fchrung auf der Baustelle wird durch eine kontinuierliche Eigen\u00fcberwachung bei jedem Bauvorhaben sowie einer j\u00e4hrlichen Fremd\u00fcberwachung gesichert. Grundlage des G\u00fctesicherungsverfahrens sind die G\u00fcte- und Pr\u00fcfbestimmungen zum RAL G\u00fctezeichen Holzhausbau.\n<\/p><\/div>\n\n<div class=\"one-fourth  labelpos\"><\/div>\n<div class=\"clearfix\"><\/div>\n<\/div>\n<\/div><\/div>\n\n\n\n<p><\/p>\n","protected":false},"excerpt":{"rendered":"<p>Minergie Fachpartner Als Minergie Fachpartner k\u00f6nnen wir der Bauherrschaft eine umfassende Geb\u00e4ude Energieberatung anbieten. Mit den richtigen Massnahmen k\u00f6nnen Sie den Energieverbrauch f\u00fcr Ihre Liegenschaft deutlich senken. Damit verbessern Sie den Wohnkomfort und sichern sich die Werterhaltung Ihrer Liegenschaft. Sie w\u00fcnschen ein GEAK f\u00fcr Ihr Geb\u00e4ude? Ebenfalls kein Problem. H\u00dcBSCHER kann GEAK-Zertifikate sowie Energieausweise f\u00fcr&hellip;<\/p>\n","protected":false},"author":1,"featured_media":0,"parent":0,"menu_order":0,"comment_status":"closed","ping_status":"closed","template":"","meta":{"_acf_changed":false,"_monsterinsights_skip_tracking":false,"_monsterinsights_sitenote_active":false,"_monsterinsights_sitenote_note":"","_monsterinsights_sitenote_category":0,"_genesis_hide_title":false,"_genesis_hide_breadcrumbs":false,"_genesis_hide_singular_image":false,"_genesis_hide_footer_widgets":false,"_genesis_custom_body_class":"","_genesis_custom_post_class":"","_genesis_layout":"","footnotes":""},"class_list":{"0":"post-5740","1":"page","2":"type-page","3":"status-publish","5":"entry","6":"has-post-thumbnail"},"acf":[],"yoast_head":"<!-- This site is optimized with the Yoast SEO Premium plugin v25.2 (Yoast SEO v25.2) - https:\/\/yoast.com\/wordpress\/plugins\/seo\/ -->\n<title>Unsere gepr\u00fcfte Qualit\u00e4t f\u00fcr Ihre Lebensqualit\u00e4t<\/title>\n<meta name=\"description\" content=\"Unsere gepr\u00fcfte Qualit\u00e4t f\u00fcr Ihre Lebensqualit\u00e4t: Minergie Fachpartner \/ Schweizer Holz \/ G\u00fctegemeinschaft deutscher Fertigbau\" \/>\n<meta name=\"robots\" content=\"index, follow, max-snippet:-1, max-image-preview:large, max-video-preview:-1\" \/>\n<link rel=\"canonical\" href=\"https:\/\/www.huebscher.net\/ch\/unsere-labels\/\" \/>\n<meta property=\"og:locale\" content=\"de_DE\" \/>\n<meta property=\"og:type\" content=\"article\" \/>\n<meta property=\"og:title\" content=\"Unsere gepr\u00fcfte Qualit\u00e4t f\u00fcr Ihre Lebensqualit\u00e4t\" \/>\n<meta property=\"og:description\" content=\"Unsere gepr\u00fcfte Qualit\u00e4t f\u00fcr Ihre Lebensqualit\u00e4t: Minergie Fachpartner \/ Schweizer Holz \/ G\u00fctegemeinschaft deutscher Fertigbau\" \/>\n<meta property=\"og:url\" content=\"https:\/\/www.huebscher.net\/ch\/unsere-labels\/\" \/>\n<meta property=\"og:site_name\" content=\"H\u00dcBSCHER HOLZBAU\" \/>\n<meta property=\"article:publisher\" content=\"http:\/\/facebook.com\/huebscher.holzbau\" \/>\n<meta property=\"article:modified_time\" content=\"2025-04-17T10:57:23+00:00\" \/>\n<meta property=\"og:image\" content=\"https:\/\/www.huebscher.net\/media\/minergie_fachpartner_sw.jpg\" \/>\n\t<meta property=\"og:image:width\" content=\"1234\" \/>\n\t<meta property=\"og:image:height\" content=\"656\" \/>\n\t<meta property=\"og:image:type\" content=\"image\/jpeg\" \/>\n<meta name=\"twitter:card\" content=\"summary_large_image\" \/>\n<meta name=\"twitter:label1\" content=\"Gesch\u00e4tzte Lesezeit\" \/>\n\t<meta name=\"twitter:data1\" content=\"2 Minuten\" \/>\n<script type=\"application\/ld+json\" class=\"yoast-schema-graph\">{\"@context\":\"https:\/\/schema.org\",\"@graph\":[{\"@type\":\"WebPage\",\"@id\":\"https:\/\/www.huebscher.net\/ch\/unsere-labels\/\",\"url\":\"https:\/\/www.huebscher.net\/ch\/unsere-labels\/\",\"name\":\"Unsere gepr\u00fcfte Qualit\u00e4t f\u00fcr Ihre Lebensqualit\u00e4t\",\"isPartOf\":{\"@id\":\"https:\/\/www.huebscher.net\/ch\/#website\"},\"primaryImageOfPage\":{\"@id\":\"https:\/\/www.huebscher.net\/ch\/unsere-labels\/#primaryimage\"},\"image\":{\"@id\":\"https:\/\/www.huebscher.net\/ch\/unsere-labels\/#primaryimage\"},\"thumbnailUrl\":\"https:\/\/huebscher.net\/media\/minergie_fachpartner_sw.jpg\",\"datePublished\":\"2021-03-11T14:12:27+00:00\",\"dateModified\":\"2025-04-17T10:57:23+00:00\",\"description\":\"Unsere gepr\u00fcfte Qualit\u00e4t f\u00fcr Ihre Lebensqualit\u00e4t: Minergie Fachpartner \/ Schweizer Holz \/ G\u00fctegemeinschaft deutscher Fertigbau\",\"breadcrumb\":{\"@id\":\"https:\/\/www.huebscher.net\/ch\/unsere-labels\/#breadcrumb\"},\"inLanguage\":\"de-CH\",\"potentialAction\":[{\"@type\":\"ReadAction\",\"target\":[\"https:\/\/www.huebscher.net\/ch\/unsere-labels\/\"]}]},{\"@type\":\"ImageObject\",\"inLanguage\":\"de-CH\",\"@id\":\"https:\/\/www.huebscher.net\/ch\/unsere-labels\/#primaryimage\",\"url\":\"https:\/\/huebscher.net\/media\/minergie_fachpartner_sw.jpg\",\"contentUrl\":\"https:\/\/huebscher.net\/media\/minergie_fachpartner_sw.jpg\"},{\"@type\":\"BreadcrumbList\",\"@id\":\"https:\/\/www.huebscher.net\/ch\/unsere-labels\/#breadcrumb\",\"itemListElement\":[{\"@type\":\"ListItem\",\"position\":1,\"name\":\"Home\",\"item\":\"https:\/\/www.huebscher.net\/ch\/\"},{\"@type\":\"ListItem\",\"position\":2,\"name\":\"Unsere gepr\u00fcfte Qualit\u00e4t f\u00fcr Ihre Lebensqualit\u00e4t\"}]},{\"@type\":\"WebSite\",\"@id\":\"https:\/\/www.huebscher.net\/ch\/#website\",\"url\":\"https:\/\/www.huebscher.net\/ch\/\",\"name\":\"H\u00fcbscher Holzbau\",\"description\":\"H\u00fcbscher Holzbau AG\",\"publisher\":{\"@id\":\"https:\/\/www.huebscher.net\/ch\/#organization\"},\"alternateName\":\"H\u00fcbscher Holzbau\",\"potentialAction\":[{\"@type\":\"SearchAction\",\"target\":{\"@type\":\"EntryPoint\",\"urlTemplate\":\"https:\/\/www.huebscher.net\/ch\/?s={search_term_string}\"},\"query-input\":{\"@type\":\"PropertyValueSpecification\",\"valueRequired\":true,\"valueName\":\"search_term_string\"}}],\"inLanguage\":\"de-CH\"},{\"@type\":\"Organization\",\"@id\":\"https:\/\/www.huebscher.net\/ch\/#organization\",\"name\":\"H\u00fcbscher Holzbau\",\"alternateName\":\"H\u00fcbscher Holzbau\",\"url\":\"https:\/\/www.huebscher.net\/ch\/\",\"logo\":{\"@type\":\"ImageObject\",\"inLanguage\":\"de-CH\",\"@id\":\"https:\/\/www.huebscher.net\/ch\/#\/schema\/logo\/image\/\",\"url\":\"https:\/\/www.huebscher.net\/media\/huebscher_logo_def.png\",\"contentUrl\":\"https:\/\/www.huebscher.net\/media\/huebscher_logo_def.png\",\"width\":220,\"height\":110,\"caption\":\"H\u00fcbscher Holzbau\"},\"image\":{\"@id\":\"https:\/\/www.huebscher.net\/ch\/#\/schema\/logo\/image\/\"},\"sameAs\":[\"http:\/\/facebook.com\/huebscher.holzbau\",\"https:\/\/pt.linkedin.com\/organization-guest\/company\/huebscher-holzbau\",\"https:\/\/www.instagram.com\/huebscherholzbau\/\"]}]}<\/script>\n<!-- \/ Yoast SEO Premium plugin. -->","yoast_head_json":{"title":"Unsere gepr\u00fcfte Qualit\u00e4t f\u00fcr Ihre Lebensqualit\u00e4t","description":"Unsere gepr\u00fcfte Qualit\u00e4t f\u00fcr Ihre Lebensqualit\u00e4t: Minergie Fachpartner \/ Schweizer Holz \/ G\u00fctegemeinschaft deutscher Fertigbau","robots":{"index":"index","follow":"follow","max-snippet":"max-snippet:-1","max-image-preview":"max-image-preview:large","max-video-preview":"max-video-preview:-1"},"canonical":"https:\/\/www.huebscher.net\/ch\/unsere-labels\/","og_locale":"de_DE","og_type":"article","og_title":"Unsere gepr\u00fcfte Qualit\u00e4t f\u00fcr Ihre Lebensqualit\u00e4t","og_description":"Unsere gepr\u00fcfte Qualit\u00e4t f\u00fcr Ihre Lebensqualit\u00e4t: Minergie Fachpartner \/ Schweizer Holz \/ G\u00fctegemeinschaft deutscher Fertigbau","og_url":"https:\/\/www.huebscher.net\/ch\/unsere-labels\/","og_site_name":"H\u00dcBSCHER HOLZBAU","article_publisher":"http:\/\/facebook.com\/huebscher.holzbau","article_modified_time":"2025-04-17T10:57:23+00:00","og_image":[{"width":1234,"height":656,"url":"https:\/\/www.huebscher.net\/media\/minergie_fachpartner_sw.jpg","type":"image\/jpeg"}],"twitter_card":"summary_large_image","twitter_misc":{"Gesch\u00e4tzte Lesezeit":"2 Minuten"},"schema":{"@context":"https:\/\/schema.org","@graph":[{"@type":"WebPage","@id":"https:\/\/www.huebscher.net\/ch\/unsere-labels\/","url":"https:\/\/www.huebscher.net\/ch\/unsere-labels\/","name":"Unsere gepr\u00fcfte Qualit\u00e4t f\u00fcr Ihre Lebensqualit\u00e4t","isPartOf":{"@id":"https:\/\/www.huebscher.net\/ch\/#website"},"primaryImageOfPage":{"@id":"https:\/\/www.huebscher.net\/ch\/unsere-labels\/#primaryimage"},"image":{"@id":"https:\/\/www.huebscher.net\/ch\/unsere-labels\/#primaryimage"},"thumbnailUrl":"https:\/\/huebscher.net\/media\/minergie_fachpartner_sw.jpg","datePublished":"2021-03-11T14:12:27+00:00","dateModified":"2025-04-17T10:57:23+00:00","description":"Unsere gepr\u00fcfte Qualit\u00e4t f\u00fcr Ihre Lebensqualit\u00e4t: Minergie Fachpartner \/ Schweizer Holz \/ G\u00fctegemeinschaft deutscher Fertigbau","breadcrumb":{"@id":"https:\/\/www.huebscher.net\/ch\/unsere-labels\/#breadcrumb"},"inLanguage":"de-CH","potentialAction":[{"@type":"ReadAction","target":["https:\/\/www.huebscher.net\/ch\/unsere-labels\/"]}]},{"@type":"ImageObject","inLanguage":"de-CH","@id":"https:\/\/www.huebscher.net\/ch\/unsere-labels\/#primaryimage","url":"https:\/\/huebscher.net\/media\/minergie_fachpartner_sw.jpg","contentUrl":"https:\/\/huebscher.net\/media\/minergie_fachpartner_sw.jpg"},{"@type":"BreadcrumbList","@id":"https:\/\/www.huebscher.net\/ch\/unsere-labels\/#breadcrumb","itemListElement":[{"@type":"ListItem","position":1,"name":"Home","item":"https:\/\/www.huebscher.net\/ch\/"},{"@type":"ListItem","position":2,"name":"Unsere gepr\u00fcfte Qualit\u00e4t f\u00fcr Ihre Lebensqualit\u00e4t"}]},{"@type":"WebSite","@id":"https:\/\/www.huebscher.net\/ch\/#website","url":"https:\/\/www.huebscher.net\/ch\/","name":"H\u00fcbscher Holzbau","description":"H\u00fcbscher Holzbau AG","publisher":{"@id":"https:\/\/www.huebscher.net\/ch\/#organization"},"alternateName":"H\u00fcbscher Holzbau","potentialAction":[{"@type":"SearchAction","target":{"@type":"EntryPoint","urlTemplate":"https:\/\/www.huebscher.net\/ch\/?s={search_term_string}"},"query-input":{"@type":"PropertyValueSpecification","valueRequired":true,"valueName":"search_term_string"}}],"inLanguage":"de-CH"},{"@type":"Organization","@id":"https:\/\/www.huebscher.net\/ch\/#organization","name":"H\u00fcbscher Holzbau","alternateName":"H\u00fcbscher Holzbau","url":"https:\/\/www.huebscher.net\/ch\/","logo":{"@type":"ImageObject","inLanguage":"de-CH","@id":"https:\/\/www.huebscher.net\/ch\/#\/schema\/logo\/image\/","url":"https:\/\/www.huebscher.net\/media\/huebscher_logo_def.png","contentUrl":"https:\/\/www.huebscher.net\/media\/huebscher_logo_def.png","width":220,"height":110,"caption":"H\u00fcbscher Holzbau"},"image":{"@id":"https:\/\/www.huebscher.net\/ch\/#\/schema\/logo\/image\/"},"sameAs":["http:\/\/facebook.com\/huebscher.holzbau","https:\/\/pt.linkedin.com\/organization-guest\/company\/huebscher-holzbau","https:\/\/www.instagram.com\/huebscherholzbau\/"]}]}},"_links":{"self":[{"href":"https:\/\/www.huebscher.net\/ch\/wp-json\/wp\/v2\/pages\/5740"}],"collection":[{"href":"https:\/\/www.huebscher.net\/ch\/wp-json\/wp\/v2\/pages"}],"about":[{"href":"https:\/\/www.huebscher.net\/ch\/wp-json\/wp\/v2\/types\/page"}],"author":[{"embeddable":true,"href":"https:\/\/www.huebscher.net\/ch\/wp-json\/wp\/v2\/users\/1"}],"replies":[{"embeddable":true,"href":"https:\/\/www.huebscher.net\/ch\/wp-json\/wp\/v2\/comments?post=5740"}],"version-history":[{"count":39,"href":"https:\/\/www.huebscher.net\/ch\/wp-json\/wp\/v2\/pages\/5740\/revisions"}],"predecessor-version":[{"id":15281,"href":"https:\/\/www.huebscher.net\/ch\/wp-json\/wp\/v2\/pages\/5740\/revisions\/15281"}],"wp:attachment":[{"href":"https:\/\/www.huebscher.net\/ch\/wp-json\/wp\/v2\/media?parent=5740"}],"curies":[{"name":"wp","href":"https:\/\/api.w.org\/{rel}","templated":true}]}}