{"id":4096,"date":"2019-09-20T11:27:15","date_gmt":"2019-09-20T09:27:15","guid":{"rendered":"https:\/\/huebscher-holzbau.ch\/?page_id=4096"},"modified":"2024-06-07T16:21:02","modified_gmt":"2024-06-07T14:21:02","slug":"hubscher-vision","status":"publish","type":"page","link":"https:\/\/www.huebscher.net\/ch\/unternehmen\/hubscher-vision\/","title":{"rendered":"H\u00dcBSCHER &#8211; Vision"},"content":{"rendered":"\n<p class=\"sf_content_spec\"><strong>Wir schaffen Lebensqualit\u00e4t!<\/strong><\/p>\n\n\n\n<p class=\"sf_content_spec\">Unsere Motivation ist es, dem Kunden das Bauen zum Erlebnis machen.<br> Mit H\u00dcBSCHER sind unsere Kunden auf der sicheren Seite: ob beim Holzhausbau, beim Umbau und Sanierung, dem Innenausbau oder dem lebenslangen Service an ihrer Immobilie. Alles aus einer Hand bedeutet f\u00fcr unsere Kunden: Grosse Kostensicherheit, stressfreie, optimale Koordination aller Handwerker und einen pers\u00f6nlichen Ansprechpartner! Ganz nach unserem Moto &#171;<strong>einer, alles, H\u00dcBSCHER<\/strong>&#171;.<\/p>\n\n\n\n<div style=\"height:30px\" aria-hidden=\"true\" class=\"wp-block-spacer\"><\/div>\n\n\n\n<figure class=\"wp-block-image size-large\"><img fetchpriority=\"high\" decoding=\"async\" width=\"1500\" height=\"940\" src=\"https:\/\/huebscher.net\/media\/huebscher-holzhaus_10.jpg\" alt=\"\" class=\"wp-image-4999\" srcset=\"https:\/\/www.huebscher.net\/media\/huebscher-holzhaus_10.jpg 1500w, https:\/\/www.huebscher.net\/media\/huebscher-holzhaus_10-1149x720.jpg 1149w, https:\/\/www.huebscher.net\/media\/huebscher-holzhaus_10-768x481.jpg 768w, https:\/\/www.huebscher.net\/media\/huebscher-holzhaus_10-1000x627.jpg 1000w, https:\/\/www.huebscher.net\/media\/huebscher-holzhaus_10-350x219.jpg 350w\" sizes=\"(max-width: 1500px) 100vw, 1500px\" \/><\/figure>\n\n\n\n<h2 class=\"wp-block-heading\">IHR MEHRWERT<\/h2>\n\n\n\n<p>Neben dem H\u00dcBSCHER Sorglospaket und der fast grenzenlosen\ngestalterischen Freiheit bietet das bauen mit H\u00dcBSCHER noch weitere Vorz\u00fcge.\nZahlreiche Details haben wir \u00fcber die Jahre verbessert und weiterentwickelt.\nTechnisch wurde das Haus besser und optisch sch\u00f6ner. Ihr MEHRWERT ist Ihnen\ngarantiert.<\/p>\n\n\n\n<div style=\"height:40px\" aria-hidden=\"true\" class=\"wp-block-spacer\"><\/div>\n\n\n\n<figure class=\"wp-block-image size-large\"><img decoding=\"async\" width=\"1500\" height=\"940\" src=\"https:\/\/huebscher.net\/media\/huebscher-holzhaus_9.jpg\" alt=\"\" class=\"wp-image-4998\" srcset=\"https:\/\/www.huebscher.net\/media\/huebscher-holzhaus_9.jpg 1500w, https:\/\/www.huebscher.net\/media\/huebscher-holzhaus_9-1149x720.jpg 1149w, https:\/\/www.huebscher.net\/media\/huebscher-holzhaus_9-768x481.jpg 768w, https:\/\/www.huebscher.net\/media\/huebscher-holzhaus_9-1000x627.jpg 1000w, https:\/\/www.huebscher.net\/media\/huebscher-holzhaus_9-350x219.jpg 350w\" sizes=\"(max-width: 1500px) 100vw, 1500px\" \/><\/figure>\n\n\n\n<h2 class=\"wp-block-heading\"><strong>Modul-Elementbau:<\/strong><\/h2>\n\n\n\n<p>Ein Optimum an Qualit\u00e4t und Passgenauigkeit bietet unser moderner Elementbau. Fenster, T\u00fcren und Leitungen werden schon im Werk eingebaut und verlegt. Die wasserdicht verpackten Elemente werden von uns zur Baustelle geliefert. Die Module werden innert weniger Tage schnell und sauber aufgerichtet. <\/p>\n\n\n\n<div style=\"height:40px\" aria-hidden=\"true\" class=\"wp-block-spacer\"><\/div>\n\n\n\n<figure class=\"wp-block-image size-large\"><img decoding=\"async\" width=\"1500\" height=\"940\" src=\"https:\/\/huebscher.net\/media\/Centre_1.jpg\" alt=\"\" class=\"wp-image-2902\" srcset=\"https:\/\/www.huebscher.net\/media\/Centre_1.jpg 1500w, https:\/\/www.huebscher.net\/media\/Centre_1-1149x720.jpg 1149w, https:\/\/www.huebscher.net\/media\/Centre_1-768x481.jpg 768w, https:\/\/www.huebscher.net\/media\/Centre_1-1000x627.jpg 1000w, https:\/\/www.huebscher.net\/media\/Centre_1-350x219.jpg 350w\" sizes=\"(max-width: 1500px) 100vw, 1500px\" \/><\/figure>\n\n\n\n<h2 class=\"wp-block-heading\"><strong>Moderne Technologie:<\/strong><\/h2>\n\n\n\n<p> H\u00f6chste Pr\u00e4zision und Passgenauigkeit durch computergesteuerten Zuschnittder Bauteile und Elemente. <\/p>\n\n\n\n<div style=\"height:40px\" aria-hidden=\"true\" class=\"wp-block-spacer\"><\/div>\n\n\n\n<div style=\"height:40px\" aria-hidden=\"true\" class=\"wp-block-spacer\"><\/div>\n\n\n\n<div style=\"height:40px\" aria-hidden=\"true\" class=\"wp-block-spacer\"><\/div>\n\n\n\n<div style=\"height:40px\" aria-hidden=\"true\" class=\"wp-block-spacer\"><\/div>\n","protected":false},"excerpt":{"rendered":"<p>Wir schaffen Lebensqualit\u00e4t! Unsere Motivation ist es, dem Kunden das Bauen zum Erlebnis machen. Mit H\u00dcBSCHER sind unsere Kunden auf der sicheren Seite: ob beim Holzhausbau, beim Umbau und Sanierung, dem Innenausbau oder dem lebenslangen Service an ihrer Immobilie. Alles aus einer Hand bedeutet f\u00fcr unsere Kunden: Grosse Kostensicherheit, stressfreie, optimale Koordination aller Handwerker und&hellip;<\/p>\n","protected":false},"author":1,"featured_media":0,"parent":1452,"menu_order":0,"comment_status":"closed","ping_status":"closed","template":"","meta":{"_acf_changed":false,"_monsterinsights_skip_tracking":false,"_monsterinsights_sitenote_active":false,"_monsterinsights_sitenote_note":"","_monsterinsights_sitenote_category":0,"_genesis_hide_title":false,"_genesis_hide_breadcrumbs":false,"_genesis_hide_singular_image":false,"_genesis_hide_footer_widgets":false,"_genesis_custom_body_class":"","_genesis_custom_post_class":"","_genesis_layout":"","footnotes":""},"class_list":{"0":"post-4096","1":"page","2":"type-page","3":"status-publish","5":"entry"},"acf":[],"yoast_head":"<!-- This site is optimized with the Yoast SEO Premium plugin v25.2 (Yoast SEO v25.2) - https:\/\/yoast.com\/wordpress\/plugins\/seo\/ -->\n<title>Unsere Vision | H\u00dcBSCHER HOLZBAU AG<\/title>\n<meta name=\"description\" content=\"Wir schaffen Lebensqualit\u00e4t! Unsere Motivation ist es, dem Kunden das Bauen zum Erlebnis machen.\" \/>\n<meta name=\"robots\" content=\"index, follow, max-snippet:-1, max-image-preview:large, max-video-preview:-1\" \/>\n<link rel=\"canonical\" href=\"https:\/\/www.huebscher.net\/ch\/unternehmen\/hubscher-vision\/\" \/>\n<meta property=\"og:locale\" content=\"de_DE\" \/>\n<meta property=\"og:type\" content=\"article\" \/>\n<meta property=\"og:title\" content=\"H\u00dcBSCHER - Vision\" \/>\n<meta property=\"og:description\" content=\"Wir schaffen Lebensqualit\u00e4t! Unsere Motivation ist es, dem Kunden das Bauen zum Erlebnis machen.\" \/>\n<meta property=\"og:url\" content=\"https:\/\/www.huebscher.net\/ch\/unternehmen\/hubscher-vision\/\" \/>\n<meta property=\"og:site_name\" content=\"H\u00dcBSCHER HOLZBAU\" \/>\n<meta property=\"article:publisher\" content=\"http:\/\/facebook.com\/huebscher.holzbau\" \/>\n<meta property=\"article:modified_time\" content=\"2024-06-07T14:21:02+00:00\" \/>\n<meta property=\"og:image\" content=\"https:\/\/huebscher.net\/media\/huebscher-holzhaus_10.jpg\" \/>\n<meta name=\"twitter:card\" content=\"summary_large_image\" \/>\n<meta name=\"twitter:label1\" content=\"Gesch\u00e4tzte Lesezeit\" \/>\n\t<meta name=\"twitter:data1\" content=\"2 Minuten\" \/>\n<script type=\"application\/ld+json\" class=\"yoast-schema-graph\">{\"@context\":\"https:\/\/schema.org\",\"@graph\":[{\"@type\":\"WebPage\",\"@id\":\"https:\/\/www.huebscher.net\/ch\/unternehmen\/hubscher-vision\/\",\"url\":\"https:\/\/www.huebscher.net\/ch\/unternehmen\/hubscher-vision\/\",\"name\":\"Unsere Vision | H\u00dcBSCHER HOLZBAU AG\",\"isPartOf\":{\"@id\":\"https:\/\/www.huebscher.net\/ch\/#website\"},\"primaryImageOfPage\":{\"@id\":\"https:\/\/www.huebscher.net\/ch\/unternehmen\/hubscher-vision\/#primaryimage\"},\"image\":{\"@id\":\"https:\/\/www.huebscher.net\/ch\/unternehmen\/hubscher-vision\/#primaryimage\"},\"thumbnailUrl\":\"https:\/\/huebscher.net\/media\/huebscher-holzhaus_10.jpg\",\"datePublished\":\"2019-09-20T09:27:15+00:00\",\"dateModified\":\"2024-06-07T14:21:02+00:00\",\"description\":\"Wir schaffen Lebensqualit\u00e4t! Unsere Motivation ist es, dem Kunden das Bauen zum Erlebnis machen.\",\"breadcrumb\":{\"@id\":\"https:\/\/www.huebscher.net\/ch\/unternehmen\/hubscher-vision\/#breadcrumb\"},\"inLanguage\":\"de-CH\",\"potentialAction\":[{\"@type\":\"ReadAction\",\"target\":[\"https:\/\/www.huebscher.net\/ch\/unternehmen\/hubscher-vision\/\"]}]},{\"@type\":\"ImageObject\",\"inLanguage\":\"de-CH\",\"@id\":\"https:\/\/www.huebscher.net\/ch\/unternehmen\/hubscher-vision\/#primaryimage\",\"url\":\"https:\/\/huebscher.net\/media\/huebscher-holzhaus_10.jpg\",\"contentUrl\":\"https:\/\/huebscher.net\/media\/huebscher-holzhaus_10.jpg\"},{\"@type\":\"BreadcrumbList\",\"@id\":\"https:\/\/www.huebscher.net\/ch\/unternehmen\/hubscher-vision\/#breadcrumb\",\"itemListElement\":[{\"@type\":\"ListItem\",\"position\":1,\"name\":\"Home\",\"item\":\"https:\/\/www.huebscher.net\/ch\/\"},{\"@type\":\"ListItem\",\"position\":2,\"name\":\"Unternehmen\",\"item\":\"https:\/\/www.huebscher.net\/ch\/?page_id=1452\"},{\"@type\":\"ListItem\",\"position\":3,\"name\":\"H\u00dcBSCHER &#8211; Vision\"}]},{\"@type\":\"WebSite\",\"@id\":\"https:\/\/www.huebscher.net\/ch\/#website\",\"url\":\"https:\/\/www.huebscher.net\/ch\/\",\"name\":\"H\u00fcbscher Holzbau\",\"description\":\"H\u00fcbscher Holzbau AG\",\"publisher\":{\"@id\":\"https:\/\/www.huebscher.net\/ch\/#organization\"},\"alternateName\":\"H\u00fcbscher Holzbau\",\"potentialAction\":[{\"@type\":\"SearchAction\",\"target\":{\"@type\":\"EntryPoint\",\"urlTemplate\":\"https:\/\/www.huebscher.net\/ch\/?s={search_term_string}\"},\"query-input\":{\"@type\":\"PropertyValueSpecification\",\"valueRequired\":true,\"valueName\":\"search_term_string\"}}],\"inLanguage\":\"de-CH\"},{\"@type\":\"Organization\",\"@id\":\"https:\/\/www.huebscher.net\/ch\/#organization\",\"name\":\"H\u00fcbscher Holzbau\",\"alternateName\":\"H\u00fcbscher Holzbau\",\"url\":\"https:\/\/www.huebscher.net\/ch\/\",\"logo\":{\"@type\":\"ImageObject\",\"inLanguage\":\"de-CH\",\"@id\":\"https:\/\/www.huebscher.net\/ch\/#\/schema\/logo\/image\/\",\"url\":\"https:\/\/www.huebscher.net\/media\/huebscher_logo_def.png\",\"contentUrl\":\"https:\/\/www.huebscher.net\/media\/huebscher_logo_def.png\",\"width\":220,\"height\":110,\"caption\":\"H\u00fcbscher Holzbau\"},\"image\":{\"@id\":\"https:\/\/www.huebscher.net\/ch\/#\/schema\/logo\/image\/\"},\"sameAs\":[\"http:\/\/facebook.com\/huebscher.holzbau\",\"https:\/\/pt.linkedin.com\/organization-guest\/company\/huebscher-holzbau\",\"https:\/\/www.instagram.com\/huebscherholzbau\/\"]}]}<\/script>\n<!-- \/ Yoast SEO Premium plugin. -->","yoast_head_json":{"title":"Unsere Vision | H\u00dcBSCHER HOLZBAU AG","description":"Wir schaffen Lebensqualit\u00e4t! Unsere Motivation ist es, dem Kunden das Bauen zum Erlebnis machen.","robots":{"index":"index","follow":"follow","max-snippet":"max-snippet:-1","max-image-preview":"max-image-preview:large","max-video-preview":"max-video-preview:-1"},"canonical":"https:\/\/www.huebscher.net\/ch\/unternehmen\/hubscher-vision\/","og_locale":"de_DE","og_type":"article","og_title":"H\u00dcBSCHER - Vision","og_description":"Wir schaffen Lebensqualit\u00e4t! Unsere Motivation ist es, dem Kunden das Bauen zum Erlebnis machen.","og_url":"https:\/\/www.huebscher.net\/ch\/unternehmen\/hubscher-vision\/","og_site_name":"H\u00dcBSCHER HOLZBAU","article_publisher":"http:\/\/facebook.com\/huebscher.holzbau","article_modified_time":"2024-06-07T14:21:02+00:00","og_image":[{"url":"https:\/\/huebscher.net\/media\/huebscher-holzhaus_10.jpg","type":"","width":"","height":""}],"twitter_card":"summary_large_image","twitter_misc":{"Gesch\u00e4tzte Lesezeit":"2 Minuten"},"schema":{"@context":"https:\/\/schema.org","@graph":[{"@type":"WebPage","@id":"https:\/\/www.huebscher.net\/ch\/unternehmen\/hubscher-vision\/","url":"https:\/\/www.huebscher.net\/ch\/unternehmen\/hubscher-vision\/","name":"Unsere Vision | H\u00dcBSCHER HOLZBAU AG","isPartOf":{"@id":"https:\/\/www.huebscher.net\/ch\/#website"},"primaryImageOfPage":{"@id":"https:\/\/www.huebscher.net\/ch\/unternehmen\/hubscher-vision\/#primaryimage"},"image":{"@id":"https:\/\/www.huebscher.net\/ch\/unternehmen\/hubscher-vision\/#primaryimage"},"thumbnailUrl":"https:\/\/huebscher.net\/media\/huebscher-holzhaus_10.jpg","datePublished":"2019-09-20T09:27:15+00:00","dateModified":"2024-06-07T14:21:02+00:00","description":"Wir schaffen Lebensqualit\u00e4t! Unsere Motivation ist es, dem Kunden das Bauen zum Erlebnis machen.","breadcrumb":{"@id":"https:\/\/www.huebscher.net\/ch\/unternehmen\/hubscher-vision\/#breadcrumb"},"inLanguage":"de-CH","potentialAction":[{"@type":"ReadAction","target":["https:\/\/www.huebscher.net\/ch\/unternehmen\/hubscher-vision\/"]}]},{"@type":"ImageObject","inLanguage":"de-CH","@id":"https:\/\/www.huebscher.net\/ch\/unternehmen\/hubscher-vision\/#primaryimage","url":"https:\/\/huebscher.net\/media\/huebscher-holzhaus_10.jpg","contentUrl":"https:\/\/huebscher.net\/media\/huebscher-holzhaus_10.jpg"},{"@type":"BreadcrumbList","@id":"https:\/\/www.huebscher.net\/ch\/unternehmen\/hubscher-vision\/#breadcrumb","itemListElement":[{"@type":"ListItem","position":1,"name":"Home","item":"https:\/\/www.huebscher.net\/ch\/"},{"@type":"ListItem","position":2,"name":"Unternehmen","item":"https:\/\/www.huebscher.net\/ch\/?page_id=1452"},{"@type":"ListItem","position":3,"name":"H\u00dcBSCHER &#8211; Vision"}]},{"@type":"WebSite","@id":"https:\/\/www.huebscher.net\/ch\/#website","url":"https:\/\/www.huebscher.net\/ch\/","name":"H\u00fcbscher Holzbau","description":"H\u00fcbscher Holzbau AG","publisher":{"@id":"https:\/\/www.huebscher.net\/ch\/#organization"},"alternateName":"H\u00fcbscher Holzbau","potentialAction":[{"@type":"SearchAction","target":{"@type":"EntryPoint","urlTemplate":"https:\/\/www.huebscher.net\/ch\/?s={search_term_string}"},"query-input":{"@type":"PropertyValueSpecification","valueRequired":true,"valueName":"search_term_string"}}],"inLanguage":"de-CH"},{"@type":"Organization","@id":"https:\/\/www.huebscher.net\/ch\/#organization","name":"H\u00fcbscher Holzbau","alternateName":"H\u00fcbscher Holzbau","url":"https:\/\/www.huebscher.net\/ch\/","logo":{"@type":"ImageObject","inLanguage":"de-CH","@id":"https:\/\/www.huebscher.net\/ch\/#\/schema\/logo\/image\/","url":"https:\/\/www.huebscher.net\/media\/huebscher_logo_def.png","contentUrl":"https:\/\/www.huebscher.net\/media\/huebscher_logo_def.png","width":220,"height":110,"caption":"H\u00fcbscher Holzbau"},"image":{"@id":"https:\/\/www.huebscher.net\/ch\/#\/schema\/logo\/image\/"},"sameAs":["http:\/\/facebook.com\/huebscher.holzbau","https:\/\/pt.linkedin.com\/organization-guest\/company\/huebscher-holzbau","https:\/\/www.instagram.com\/huebscherholzbau\/"]}]}},"_links":{"self":[{"href":"https:\/\/www.huebscher.net\/ch\/wp-json\/wp\/v2\/pages\/4096"}],"collection":[{"href":"https:\/\/www.huebscher.net\/ch\/wp-json\/wp\/v2\/pages"}],"about":[{"href":"https:\/\/www.huebscher.net\/ch\/wp-json\/wp\/v2\/types\/page"}],"author":[{"embeddable":true,"href":"https:\/\/www.huebscher.net\/ch\/wp-json\/wp\/v2\/users\/1"}],"replies":[{"embeddable":true,"href":"https:\/\/www.huebscher.net\/ch\/wp-json\/wp\/v2\/comments?post=4096"}],"version-history":[{"count":10,"href":"https:\/\/www.huebscher.net\/ch\/wp-json\/wp\/v2\/pages\/4096\/revisions"}],"predecessor-version":[{"id":5189,"href":"https:\/\/www.huebscher.net\/ch\/wp-json\/wp\/v2\/pages\/4096\/revisions\/5189"}],"up":[{"embeddable":true,"href":"https:\/\/www.huebscher.net\/ch\/wp-json\/wp\/v2\/pages\/1452"}],"wp:attachment":[{"href":"https:\/\/www.huebscher.net\/ch\/wp-json\/wp\/v2\/media?parent=4096"}],"curies":[{"name":"wp","href":"https:\/\/api.w.org\/{rel}","templated":true}]}}