{"id":4042,"date":"2019-09-20T08:56:48","date_gmt":"2019-09-20T06:56:48","guid":{"rendered":"https:\/\/huebscher-holzbau.ch\/?page_id=4042"},"modified":"2025-05-21T08:58:55","modified_gmt":"2025-05-21T06:58:55","slug":"bodenbelage","status":"publish","type":"page","link":"https:\/\/www.huebscher.net\/ch\/innenausbau\/bodenbelage\/","title":{"rendered":"Bodenbel\u00e4ge"},"content":{"rendered":"\n<div class=\"wp-block-columns has-2-columns sf-col-full is-layout-flex wp-container-core-columns-is-layout-1 wp-block-columns-is-layout-flex\">\n<div class=\"wp-block-column sf-col-7 is-layout-flow wp-block-column-is-layout-flow\">\n<p class=\"sf_content_spec\">Mit dem Bodenbelag von H\u00dcBSCHER runden Sie Ihr <a href=\"\/holzhausbau_\/\">H\u00dcBSCHER HOLZHAUS<\/a>, Ihren <a href=\"\/umbau-sanierung\/umbau-sanierung\/\">Umbau<\/a> oder Ihren neuen <a href=\"\/innenausbau-2\/innenausbau\/\">Innenausbau<\/a> ab.<\/p>\n\n\n\n<p>Wie von H\u00dcBSCHER gewohnt, achten wir bei der Auswahl der Bodenbel\u00e4ge streng auf deren Herkunft und Verarbeitung. Wir setzten ausschliesslich auf europ\u00e4ische Produkte mit gesundheitlich bedenkenloser Verleimung.<\/p>\n\n\n<div id=\"metaslider-id-7823\" style=\"width: 100%;\" class=\"ml-slider-3-94-0 metaslider metaslider-flex metaslider-7823 ml-slider ms-theme-default nav-hidden\" role=\"region\" aria-roledescription=\"Slideshow\" aria-label=\"bodenbelaege\">\n    <div id=\"metaslider_container_7823\">\n        <div id=\"metaslider_7823\">\n            <ul class='slides'>\n                <li style=\"display: block; width: 100%;\" class=\"slide-7825 ms-image \" aria-roledescription=\"slide\" aria-label=\"slide-7825\"><img fetchpriority=\"high\" decoding=\"async\" src=\"https:\/\/www.huebscher.net\/media\/innenausbau_04.jpg\" height=\"940\" width=\"1500\" alt=\"innenausbau h\u00fcbscher\" class=\"slider-7823 slide-7825\" title=\"innenausbau_04\" \/><\/li>\n                <li style=\"display: none; width: 100%;\" class=\"slide-7824 ms-image \" aria-roledescription=\"slide\" aria-label=\"slide-7824\"><img decoding=\"async\" src=\"https:\/\/www.huebscher.net\/media\/innenausbau_05.jpg\" height=\"940\" width=\"1500\" alt=\"innenausbau h\u00fcbscher\" class=\"slider-7823 slide-7824\" title=\"innenausbau_05\" \/><\/li>\n                <li style=\"display: none; width: 100%;\" class=\"slide-7826 ms-image \" aria-roledescription=\"slide\" aria-label=\"slide-7826\"><img decoding=\"async\" src=\"https:\/\/www.huebscher.net\/media\/innenausbau_03.jpg\" height=\"940\" width=\"1500\" alt=\"innenausbau h\u00fcbscher\" class=\"slider-7823 slide-7826\" title=\"innenausbau_03\" \/><\/li>\n            <\/ul>\n        <\/div>\n        \n    <\/div>\n<\/div>\n\n\n\n<div style=\"height:0px\" aria-hidden=\"true\" class=\"wp-block-spacer\"><\/div>\n<\/div>\n\n\n\n<div class=\"wp-block-column sf-col-3 is-layout-flow wp-block-column-is-layout-flow\">\n<h2 class=\"wp-block-heading\" id=\"h-ansprechpartner\">Ansprechpartner<\/h2>\n\n\n\n<figure class=\"wp-block-image sf_img_ansprech\"><img loading=\"lazy\" decoding=\"async\" width=\"480\" height=\"721\" src=\"https:\/\/huebscher.net\/media\/Andres_Bruderer.jpg\" alt=\"H\u00fcbscher Holzbau Ansprechpartner Andres Bruderer\" class=\"wp-image-1864\" srcset=\"https:\/\/www.huebscher.net\/media\/Andres_Bruderer.jpg 480w, https:\/\/www.huebscher.net\/media\/Andres_Bruderer-479x720.jpg 479w, https:\/\/www.huebscher.net\/media\/Andres_Bruderer-350x526.jpg 350w\" sizes=\"(max-width: 480px) 100vw, 480px\" \/><\/figure>\n\n\n\n<h4>ANDRES BRUDERER<\/h4>\n<p>Leiter Innenausbau<\/p>\n<table>\n<tbody>\n<tr>\n<td><a class=\"email font-awesome\" href=\"mailto:andres.bruderer@huebscher-holzbau.ch\"><i class=\"fa-envelope\"><\/i> Mail<\/a><\/td>\n<\/tr>\n<tr>\n<td><a class=\"font-awesome\" href=\"tel:+41526874000\"><i class=\"fa-phone\"><\/i> +41 (0) 52 687 40 00<\/a><\/td>\n<\/tr>\n<\/tbody>\n<\/table>\n\n\n\n<div style=\"height:40px\" aria-hidden=\"true\" class=\"wp-block-spacer\"><\/div>\n\n\n\n<h2 class=\"wp-block-heading\" id=\"h-referenzprojekte\">Referenzprojekte<\/h2>\n\n\n\t\t<div data-elementor-type=\"section\" data-elementor-id=\"12525\" class=\"elementor elementor-12525\" data-elementor-post-type=\"elementor_library\">\n\t\t\t<div class=\"elementor-element elementor-element-c5740f3 e-flex e-con-boxed e-con e-parent\" data-id=\"c5740f3\" data-element_type=\"container\">\n\t\t\t\t\t<div class=\"e-con-inner\">\n\t\t\t\t<div class=\"elementor-element elementor-element-8752fc7 huebscher-referenzen-sidebar elementor-widget elementor-widget-ucaddon_ue_listing_slider\" data-id=\"8752fc7\" data-element_type=\"widget\" data-widget_type=\"ucaddon_ue_listing_slider.default\">\n\t\t\t\t<div class=\"elementor-widget-container\">\n\t\t\t\n<!-- start Loop Slider -->\n\t\t<link id='owl-carousel-css' href='https:\/\/www.huebscher.net\/wp-content\/plugins\/unlimited-elements-for-elementor-premium\/assets_libraries\/owl-carousel-new\/assets\/owl.carousel.css' type='text\/css' rel='stylesheet' >\n\t\t<link id='uc_ac_assets_file_animate_css_77907-css' href='https:\/\/www.huebscher.net\/media\/ac_assets\/uc_fixed_box_postslider\/animate.css' type='text\/css' rel='stylesheet' >\n\n<style>\/* widget: Loop Slider *\/\n\n#uc_ue_listing_slider_elementor_8752fc7{\n  min-height:1px;\n}\n\n#uc_ue_listing_slider_elementor_8752fc7 *{\n\tbox-sizing: border-box;\n}\n\n#uc_ue_listing_slider_elementor_8752fc7 .owl-nav .owl-prev{\n    position:absolute;\n    left:0px;\n    display:inline-block;\n    text-align:center;\n    transition:1s;\n}\n#uc_ue_listing_slider_elementor_8752fc7 .owl-nav .owl-next{\n  position:absolute;\n    right:0px;\n  display:inline-block;\n  text-align:center;\n  transition:1s;\n}\n\n\n#uc_ue_listing_slider_elementor_8752fc7 .owl-dots {\noverflow:hidden;\ndisplay:false !important;\ntext-align:center;\n}\n\n#uc_ue_listing_slider_elementor_8752fc7 .owl-dot {\ndisplay:inline-block;\ntransition: all .3s;  \n}\n\n#uc_ue_listing_slider_elementor_8752fc7 .ue-listing-slider\n{\n  overflow:hidden;\n}\n\n<\/style>\n\n<div class=\"ue-listing-slider uc-dynamic-popup-grid\"  style=\"direction:ltr;\">\n        <div class=\"uc_fbps_container\">\n            <div  class=\"owl-carousel uc-items-wrapper  \" id=\"uc_ue_listing_slider_elementor_8752fc7\"  data-custom-sethtml=\"true\" >\n              \n              \n              \n            <\/div>\n        <\/div>\n    <\/div>\n<!-- end Loop Slider -->\t\t<\/div>\n\t\t\t\t<\/div>\n\t\t\t\t\t<\/div>\n\t\t\t\t<\/div>\n\t\t\t\t<\/div>\n\t\t\n\n\n\n<div class=\"wp-block-buttons is-layout-flex wp-block-buttons-is-layout-flex\">\n<div class=\"wp-block-button sf-button\"><a class=\"wp-block-button__link has-background wp-element-button\" href=\"\/referenzen-huebscher\/?fwp_innenausbau=bodenbelage\" style=\"background-color:#afc635\">Weitere Referenzen<\/a><\/div>\n<\/div>\n\n\n\n<div style=\"height:40px\" aria-hidden=\"true\" class=\"wp-block-spacer\"><\/div>\n\n\n\n<figure class=\"wp-block-image size-large\"><img loading=\"lazy\" decoding=\"async\" width=\"1620\" height=\"1080\" src=\"https:\/\/huebscher.net\/media\/IMG_4722_cc-1620x1080.jpg\" alt=\"H\u00dcBSCHER Brosch\u00fcre\" class=\"wp-image-4853\" srcset=\"https:\/\/www.huebscher.net\/media\/IMG_4722_cc-1620x1080.jpg 1620w, https:\/\/www.huebscher.net\/media\/IMG_4722_cc-1080x720.jpg 1080w, https:\/\/www.huebscher.net\/media\/IMG_4722_cc-768x512.jpg 768w, https:\/\/www.huebscher.net\/media\/IMG_4722_cc-150x100.jpg 150w, https:\/\/www.huebscher.net\/media\/IMG_4722_cc-350x233.jpg 350w, https:\/\/www.huebscher.net\/media\/IMG_4722_cc.jpg 1920w\" sizes=\"(max-width: 1620px) 100vw, 1620px\" \/><\/figure>\n\n\n\n<p>Wollen Sie mehr \u00fcber uns erfahren?<\/p>\n\n\n\n<div class=\"wp-block-button alignleft sf-button\"><a class=\"wp-block-button__link has-background wp-element-button\" href=\"\/broschure\/\" style=\"background-color:#afc635\">Brosch\u00fcre bestellen<\/a><\/div>\n<\/div>\n<\/div>\n","protected":false},"excerpt":{"rendered":"<p>Mit dem Bodenbelag von H\u00dcBSCHER runden Sie Ihr H\u00dcBSCHER HOLZHAUS, Ihren Umbau oder Ihren neuen Innenausbau ab. Wie von H\u00dcBSCHER gewohnt, achten wir bei der Auswahl der Bodenbel\u00e4ge streng auf deren Herkunft und Verarbeitung. Wir setzten ausschliesslich auf europ\u00e4ische Produkte mit gesundheitlich bedenkenloser Verleimung. Ansprechpartner ANDRES BRUDERER Leiter Innenausbau Mail +41 (0) 52 687 40&hellip;<\/p>\n","protected":false},"author":2,"featured_media":0,"parent":7636,"menu_order":0,"comment_status":"closed","ping_status":"closed","template":"","meta":{"_acf_changed":false,"_monsterinsights_skip_tracking":false,"_monsterinsights_sitenote_active":false,"_monsterinsights_sitenote_note":"","_monsterinsights_sitenote_category":0,"_genesis_hide_title":false,"_genesis_hide_breadcrumbs":false,"_genesis_hide_singular_image":false,"_genesis_hide_footer_widgets":false,"_genesis_custom_body_class":"sf_body_class","_genesis_custom_post_class":"","_genesis_layout":"full-width-content","footnotes":""},"class_list":{"0":"post-4042","1":"page","2":"type-page","3":"status-publish","5":"entry","6":"has-post-thumbnail"},"acf":[],"yoast_head":"<!-- This site is optimized with the Yoast SEO Premium plugin v25.2 (Yoast SEO v25.2) - https:\/\/yoast.com\/wordpress\/plugins\/seo\/ -->\n<title>Bodenbel\u00e4ge - H\u00dcBSCHER HOLZBAU<\/title>\n<meta name=\"description\" content=\"Mit dem Bodenbelag von H\u00dcBSCHER runden Sie Ihr H\u00dcBSCHER HOLZHAUS, Ihren Umbau oder Ihren neuen Innenausbau ab.\" \/>\n<meta name=\"robots\" content=\"index, follow, max-snippet:-1, max-image-preview:large, max-video-preview:-1\" \/>\n<link rel=\"canonical\" href=\"https:\/\/www.huebscher.net\/ch\/innenausbau\/bodenbelage\/\" \/>\n<meta property=\"og:locale\" content=\"de_DE\" \/>\n<meta property=\"og:type\" content=\"article\" \/>\n<meta property=\"og:title\" content=\"Bodenbel\u00e4ge\" \/>\n<meta property=\"og:description\" content=\"Mit dem Bodenbelag von H\u00dcBSCHER runden Sie Ihr H\u00dcBSCHER HOLZHAUS, Ihren Umbau oder Ihren neuen Innenausbau ab.\" \/>\n<meta property=\"og:url\" content=\"https:\/\/www.huebscher.net\/ch\/innenausbau\/bodenbelage\/\" \/>\n<meta property=\"og:site_name\" content=\"H\u00dcBSCHER HOLZBAU\" \/>\n<meta property=\"article:publisher\" content=\"http:\/\/facebook.com\/huebscher.holzbau\" \/>\n<meta property=\"article:modified_time\" content=\"2025-05-21T06:58:55+00:00\" \/>\n<meta property=\"og:image\" content=\"https:\/\/huebscher.net\/media\/Andres_Bruderer.jpg\" \/>\n<meta name=\"twitter:card\" content=\"summary_large_image\" \/>\n<meta name=\"twitter:label1\" content=\"Gesch\u00e4tzte Lesezeit\" \/>\n\t<meta name=\"twitter:data1\" content=\"1 Minute\" \/>\n<script type=\"application\/ld+json\" class=\"yoast-schema-graph\">{\"@context\":\"https:\/\/schema.org\",\"@graph\":[{\"@type\":\"WebPage\",\"@id\":\"https:\/\/www.huebscher.net\/ch\/innenausbau\/bodenbelage\/\",\"url\":\"https:\/\/www.huebscher.net\/ch\/innenausbau\/bodenbelage\/\",\"name\":\"Bodenbel\u00e4ge - H\u00dcBSCHER HOLZBAU\",\"isPartOf\":{\"@id\":\"https:\/\/www.huebscher.net\/ch\/#website\"},\"primaryImageOfPage\":{\"@id\":\"https:\/\/www.huebscher.net\/ch\/innenausbau\/bodenbelage\/#primaryimage\"},\"image\":{\"@id\":\"https:\/\/www.huebscher.net\/ch\/innenausbau\/bodenbelage\/#primaryimage\"},\"thumbnailUrl\":\"https:\/\/huebscher.net\/media\/Andres_Bruderer.jpg\",\"datePublished\":\"2019-09-20T06:56:48+00:00\",\"dateModified\":\"2025-05-21T06:58:55+00:00\",\"description\":\"Mit dem Bodenbelag von H\u00dcBSCHER runden Sie Ihr H\u00dcBSCHER HOLZHAUS, Ihren Umbau oder Ihren neuen Innenausbau ab.\",\"breadcrumb\":{\"@id\":\"https:\/\/www.huebscher.net\/ch\/innenausbau\/bodenbelage\/#breadcrumb\"},\"inLanguage\":\"de-CH\",\"potentialAction\":[{\"@type\":\"ReadAction\",\"target\":[\"https:\/\/www.huebscher.net\/ch\/innenausbau\/bodenbelage\/\"]}]},{\"@type\":\"ImageObject\",\"inLanguage\":\"de-CH\",\"@id\":\"https:\/\/www.huebscher.net\/ch\/innenausbau\/bodenbelage\/#primaryimage\",\"url\":\"https:\/\/huebscher.net\/media\/Andres_Bruderer.jpg\",\"contentUrl\":\"https:\/\/huebscher.net\/media\/Andres_Bruderer.jpg\"},{\"@type\":\"BreadcrumbList\",\"@id\":\"https:\/\/www.huebscher.net\/ch\/innenausbau\/bodenbelage\/#breadcrumb\",\"itemListElement\":[{\"@type\":\"ListItem\",\"position\":1,\"name\":\"Home\",\"item\":\"https:\/\/www.huebscher.net\/ch\/\"},{\"@type\":\"ListItem\",\"position\":2,\"name\":\"INNENAUSBAU\",\"item\":\"https:\/\/www.huebscher.net\/ch\/innenausbau\/\"},{\"@type\":\"ListItem\",\"position\":3,\"name\":\"Bodenbel\u00e4ge\"}]},{\"@type\":\"WebSite\",\"@id\":\"https:\/\/www.huebscher.net\/ch\/#website\",\"url\":\"https:\/\/www.huebscher.net\/ch\/\",\"name\":\"H\u00fcbscher Holzbau\",\"description\":\"H\u00fcbscher Holzbau AG\",\"publisher\":{\"@id\":\"https:\/\/www.huebscher.net\/ch\/#organization\"},\"alternateName\":\"H\u00fcbscher Holzbau\",\"potentialAction\":[{\"@type\":\"SearchAction\",\"target\":{\"@type\":\"EntryPoint\",\"urlTemplate\":\"https:\/\/www.huebscher.net\/ch\/?s={search_term_string}\"},\"query-input\":{\"@type\":\"PropertyValueSpecification\",\"valueRequired\":true,\"valueName\":\"search_term_string\"}}],\"inLanguage\":\"de-CH\"},{\"@type\":\"Organization\",\"@id\":\"https:\/\/www.huebscher.net\/ch\/#organization\",\"name\":\"H\u00fcbscher Holzbau\",\"alternateName\":\"H\u00fcbscher Holzbau\",\"url\":\"https:\/\/www.huebscher.net\/ch\/\",\"logo\":{\"@type\":\"ImageObject\",\"inLanguage\":\"de-CH\",\"@id\":\"https:\/\/www.huebscher.net\/ch\/#\/schema\/logo\/image\/\",\"url\":\"https:\/\/www.huebscher.net\/media\/huebscher_logo_def.png\",\"contentUrl\":\"https:\/\/www.huebscher.net\/media\/huebscher_logo_def.png\",\"width\":220,\"height\":110,\"caption\":\"H\u00fcbscher Holzbau\"},\"image\":{\"@id\":\"https:\/\/www.huebscher.net\/ch\/#\/schema\/logo\/image\/\"},\"sameAs\":[\"http:\/\/facebook.com\/huebscher.holzbau\",\"https:\/\/pt.linkedin.com\/organization-guest\/company\/huebscher-holzbau\",\"https:\/\/www.instagram.com\/huebscherholzbau\/\"]}]}<\/script>\n<!-- \/ Yoast SEO Premium plugin. -->","yoast_head_json":{"title":"Bodenbel\u00e4ge - H\u00dcBSCHER HOLZBAU","description":"Mit dem Bodenbelag von H\u00dcBSCHER runden Sie Ihr H\u00dcBSCHER HOLZHAUS, Ihren Umbau oder Ihren neuen Innenausbau ab.","robots":{"index":"index","follow":"follow","max-snippet":"max-snippet:-1","max-image-preview":"max-image-preview:large","max-video-preview":"max-video-preview:-1"},"canonical":"https:\/\/www.huebscher.net\/ch\/innenausbau\/bodenbelage\/","og_locale":"de_DE","og_type":"article","og_title":"Bodenbel\u00e4ge","og_description":"Mit dem Bodenbelag von H\u00dcBSCHER runden Sie Ihr H\u00dcBSCHER HOLZHAUS, Ihren Umbau oder Ihren neuen Innenausbau ab.","og_url":"https:\/\/www.huebscher.net\/ch\/innenausbau\/bodenbelage\/","og_site_name":"H\u00dcBSCHER HOLZBAU","article_publisher":"http:\/\/facebook.com\/huebscher.holzbau","article_modified_time":"2025-05-21T06:58:55+00:00","og_image":[{"url":"https:\/\/huebscher.net\/media\/Andres_Bruderer.jpg","type":"","width":"","height":""}],"twitter_card":"summary_large_image","twitter_misc":{"Gesch\u00e4tzte Lesezeit":"1 Minute"},"schema":{"@context":"https:\/\/schema.org","@graph":[{"@type":"WebPage","@id":"https:\/\/www.huebscher.net\/ch\/innenausbau\/bodenbelage\/","url":"https:\/\/www.huebscher.net\/ch\/innenausbau\/bodenbelage\/","name":"Bodenbel\u00e4ge - H\u00dcBSCHER HOLZBAU","isPartOf":{"@id":"https:\/\/www.huebscher.net\/ch\/#website"},"primaryImageOfPage":{"@id":"https:\/\/www.huebscher.net\/ch\/innenausbau\/bodenbelage\/#primaryimage"},"image":{"@id":"https:\/\/www.huebscher.net\/ch\/innenausbau\/bodenbelage\/#primaryimage"},"thumbnailUrl":"https:\/\/huebscher.net\/media\/Andres_Bruderer.jpg","datePublished":"2019-09-20T06:56:48+00:00","dateModified":"2025-05-21T06:58:55+00:00","description":"Mit dem Bodenbelag von H\u00dcBSCHER runden Sie Ihr H\u00dcBSCHER HOLZHAUS, Ihren Umbau oder Ihren neuen Innenausbau ab.","breadcrumb":{"@id":"https:\/\/www.huebscher.net\/ch\/innenausbau\/bodenbelage\/#breadcrumb"},"inLanguage":"de-CH","potentialAction":[{"@type":"ReadAction","target":["https:\/\/www.huebscher.net\/ch\/innenausbau\/bodenbelage\/"]}]},{"@type":"ImageObject","inLanguage":"de-CH","@id":"https:\/\/www.huebscher.net\/ch\/innenausbau\/bodenbelage\/#primaryimage","url":"https:\/\/huebscher.net\/media\/Andres_Bruderer.jpg","contentUrl":"https:\/\/huebscher.net\/media\/Andres_Bruderer.jpg"},{"@type":"BreadcrumbList","@id":"https:\/\/www.huebscher.net\/ch\/innenausbau\/bodenbelage\/#breadcrumb","itemListElement":[{"@type":"ListItem","position":1,"name":"Home","item":"https:\/\/www.huebscher.net\/ch\/"},{"@type":"ListItem","position":2,"name":"INNENAUSBAU","item":"https:\/\/www.huebscher.net\/ch\/innenausbau\/"},{"@type":"ListItem","position":3,"name":"Bodenbel\u00e4ge"}]},{"@type":"WebSite","@id":"https:\/\/www.huebscher.net\/ch\/#website","url":"https:\/\/www.huebscher.net\/ch\/","name":"H\u00fcbscher Holzbau","description":"H\u00fcbscher Holzbau AG","publisher":{"@id":"https:\/\/www.huebscher.net\/ch\/#organization"},"alternateName":"H\u00fcbscher Holzbau","potentialAction":[{"@type":"SearchAction","target":{"@type":"EntryPoint","urlTemplate":"https:\/\/www.huebscher.net\/ch\/?s={search_term_string}"},"query-input":{"@type":"PropertyValueSpecification","valueRequired":true,"valueName":"search_term_string"}}],"inLanguage":"de-CH"},{"@type":"Organization","@id":"https:\/\/www.huebscher.net\/ch\/#organization","name":"H\u00fcbscher Holzbau","alternateName":"H\u00fcbscher Holzbau","url":"https:\/\/www.huebscher.net\/ch\/","logo":{"@type":"ImageObject","inLanguage":"de-CH","@id":"https:\/\/www.huebscher.net\/ch\/#\/schema\/logo\/image\/","url":"https:\/\/www.huebscher.net\/media\/huebscher_logo_def.png","contentUrl":"https:\/\/www.huebscher.net\/media\/huebscher_logo_def.png","width":220,"height":110,"caption":"H\u00fcbscher Holzbau"},"image":{"@id":"https:\/\/www.huebscher.net\/ch\/#\/schema\/logo\/image\/"},"sameAs":["http:\/\/facebook.com\/huebscher.holzbau","https:\/\/pt.linkedin.com\/organization-guest\/company\/huebscher-holzbau","https:\/\/www.instagram.com\/huebscherholzbau\/"]}]}},"_links":{"self":[{"href":"https:\/\/www.huebscher.net\/ch\/wp-json\/wp\/v2\/pages\/4042"}],"collection":[{"href":"https:\/\/www.huebscher.net\/ch\/wp-json\/wp\/v2\/pages"}],"about":[{"href":"https:\/\/www.huebscher.net\/ch\/wp-json\/wp\/v2\/types\/page"}],"author":[{"embeddable":true,"href":"https:\/\/www.huebscher.net\/ch\/wp-json\/wp\/v2\/users\/2"}],"replies":[{"embeddable":true,"href":"https:\/\/www.huebscher.net\/ch\/wp-json\/wp\/v2\/comments?post=4042"}],"version-history":[{"count":35,"href":"https:\/\/www.huebscher.net\/ch\/wp-json\/wp\/v2\/pages\/4042\/revisions"}],"predecessor-version":[{"id":16156,"href":"https:\/\/www.huebscher.net\/ch\/wp-json\/wp\/v2\/pages\/4042\/revisions\/16156"}],"up":[{"embeddable":true,"href":"https:\/\/www.huebscher.net\/ch\/wp-json\/wp\/v2\/pages\/7636"}],"wp:attachment":[{"href":"https:\/\/www.huebscher.net\/ch\/wp-json\/wp\/v2\/media?parent=4042"}],"curies":[{"name":"wp","href":"https:\/\/api.w.org\/{rel}","templated":true}]}}