{"id":4037,"date":"2019-09-20T08:45:57","date_gmt":"2019-09-20T06:45:57","guid":{"rendered":"https:\/\/huebscher-holzbau.ch\/?page_id=4037"},"modified":"2025-05-20T09:54:34","modified_gmt":"2025-05-20T07:54:34","slug":"fensterersatz","status":"publish","type":"page","link":"https:\/\/www.huebscher.net\/ch\/fensterersatz\/","title":{"rendered":"Fensterersatz"},"content":{"rendered":"\n<div class=\"wp-block-columns has-2-columns sf-col-full is-layout-flex wp-container-core-columns-is-layout-1 wp-block-columns-is-layout-flex\">\n<div class=\"wp-block-column sf-col-7 is-layout-flow wp-block-column-is-layout-flow\">\n<p class=\"sf_content_spec\">In Ihrem Haus spielen die Fenster eine zentrale Rolle.\nSie pr\u00e4gen das Bild Ihres Hauses und tragen wesentlich zu Ihrem Wohlbefinden\nbei. Zudem haben Fenster folgende Aufgaben: F\u00fcr nat\u00fcrliches und viel Licht in\nden Wohnr\u00e4umen zu sorgen, Ruhe vor dem L\u00e4rm draussen, Sicherheit vor\nungebetenen G\u00e4sten und angenehme W\u00e4rme, wenn es kalt ist.<\/p>\n\n\n\n<p class=\"sf_content_spec\">Wir von H\u00dcBSCHER helfen Ihnen mit unserer Fachkompetenz und\nErfahrung, die optimale Wahl zu treffen.<\/p>\n\n\n\n<div style=\"height:20px\" aria-hidden=\"true\" class=\"wp-block-spacer\"><\/div>\n\n\n\n<figure class=\"wp-block-image\"><img fetchpriority=\"high\" decoding=\"async\" width=\"1500\" height=\"940\" src=\"https:\/\/huebscher.net\/media\/Staub5.jpg\" alt=\"\" class=\"wp-image-3483\" srcset=\"https:\/\/www.huebscher.net\/media\/Staub5.jpg 1500w, https:\/\/www.huebscher.net\/media\/Staub5-1149x720.jpg 1149w, https:\/\/www.huebscher.net\/media\/Staub5-768x481.jpg 768w, https:\/\/www.huebscher.net\/media\/Staub5-1000x627.jpg 1000w, https:\/\/www.huebscher.net\/media\/Staub5-350x219.jpg 350w\" sizes=\"(max-width: 1500px) 100vw, 1500px\" \/><\/figure>\n\n\n\n<h2 class=\"wp-block-heading\" id=\"h-drei-typen-fur-jeden-das-richtige\">Drei Typen \u2013 f\u00fcr jeden das Richtige<\/h2>\n\n\n\n<p>Mit unseren Fenstertypen in Holz, Holz-Metall und Kunststoff decken wir alle W\u00fcnsche ab. Zusammen mit Ihnen als Kunde eruieren wir das passende Produkt und erstellen Ihnen individuelle Vorschl\u00e4ge.<\/p>\n<\/div>\n\n\n\n<div class=\"wp-block-column sf-col-3 is-layout-flow wp-block-column-is-layout-flow\">\n<h2 class=\"wp-block-heading\" id=\"h-ansprechpartner\">Ansprechpartner<\/h2>\n\n\n\n<figure class=\"wp-block-image sf_img_ansprech\"><img decoding=\"async\" width=\"480\" height=\"721\" src=\"https:\/\/huebscher.net\/media\/Andres_Bruderer.jpg\" alt=\"H\u00fcbscher Holzbau Ansprechpartner Andres Bruderer\" class=\"wp-image-1864\" srcset=\"https:\/\/www.huebscher.net\/media\/Andres_Bruderer.jpg 480w, https:\/\/www.huebscher.net\/media\/Andres_Bruderer-479x720.jpg 479w, https:\/\/www.huebscher.net\/media\/Andres_Bruderer-350x526.jpg 350w\" sizes=\"(max-width: 480px) 100vw, 480px\" \/><\/figure>\n\n\n\n<h4>ANDRES BRUDERER<\/h4>\n<p>Leiter Innenausbau<\/p>\n<table>\n<tbody>\n<tr>\n<td><a class=\"email\" href=\"mailto:andres.bruderer@huebscher-holzbau.ch\">Email<\/a><\/td>\n<\/tr>\n<tr>\n<td>052 687 40 00<\/td>\n<\/tr>\n<\/tbody>\n<\/table>\n\n\n\n<div style=\"height:40px\" aria-hidden=\"true\" class=\"wp-block-spacer\"><\/div>\n\n\n\n<h2 class=\"wp-block-heading\" id=\"h-referenzprojekt\">Referenzprojekt<\/h2>\n\n\n\n<figure class=\"wp-block-image\"><img decoding=\"async\" width=\"1500\" height=\"940\" src=\"https:\/\/huebscher.net\/media\/Stamm_8.jpg\" alt=\"\" class=\"wp-image-3580\" srcset=\"https:\/\/www.huebscher.net\/media\/Stamm_8.jpg 1500w, https:\/\/www.huebscher.net\/media\/Stamm_8-1149x720.jpg 1149w, https:\/\/www.huebscher.net\/media\/Stamm_8-768x481.jpg 768w, https:\/\/www.huebscher.net\/media\/Stamm_8-1000x627.jpg 1000w, https:\/\/www.huebscher.net\/media\/Stamm_8-350x219.jpg 350w\" sizes=\"(max-width: 1500px) 100vw, 1500px\" \/><\/figure>\n\n\n\n<figure class=\"wp-block-table sf_sub_info\"><table><tbody><tr><td>Erstellt:<\/td><td>2018<\/td><\/tr><tr><td>Ort :<\/td><td>8240 Thayngen<\/td><\/tr><\/tbody><\/table><\/figure>\n\n\n\n<div class=\"wp-block-buttons is-layout-flex wp-block-buttons-is-layout-flex\">\n<div class=\"wp-block-button sf-button\"><a class=\"wp-block-button__link has-background wp-element-button\" href=\"\/referenzen-huebscher\/?fwp_umbau_sanierung=fensterersatz\" style=\"background-color:#afc635\">Weitere Referenzen<\/a><\/div>\n<\/div>\n\n\n\n<div style=\"height:40px\" aria-hidden=\"true\" class=\"wp-block-spacer\"><\/div>\n\n\n\n<p>Wollen Sie mehr \u00fcber uns erfahren?<\/p>\n\n\n\n<div class=\"wp-block-button sf-button alignleft\"><a class=\"wp-block-button__link has-background wp-element-button\" href=\"\/broschure\/\" style=\"background-color:#afc635\">Brosch\u00fcre bestellen<\/a><\/div>\n<\/div>\n<\/div>\n","protected":false},"excerpt":{"rendered":"<p>In Ihrem Haus spielen die Fenster eine zentrale Rolle. Sie pr\u00e4gen das Bild Ihres Hauses und tragen wesentlich zu Ihrem Wohlbefinden bei. Zudem haben Fenster folgende Aufgaben: F\u00fcr nat\u00fcrliches und viel Licht in den Wohnr\u00e4umen zu sorgen, Ruhe vor dem L\u00e4rm draussen, Sicherheit vor ungebetenen G\u00e4sten und angenehme W\u00e4rme, wenn es kalt ist. Wir von&hellip;<\/p>\n","protected":false},"author":1,"featured_media":0,"parent":0,"menu_order":0,"comment_status":"closed","ping_status":"closed","template":"","meta":{"_acf_changed":false,"_monsterinsights_skip_tracking":false,"_monsterinsights_sitenote_active":false,"_monsterinsights_sitenote_note":"","_monsterinsights_sitenote_category":0,"_genesis_hide_title":false,"_genesis_hide_breadcrumbs":false,"_genesis_hide_singular_image":false,"_genesis_hide_footer_widgets":false,"_genesis_custom_body_class":"sf_body_class","_genesis_custom_post_class":"","_genesis_layout":"full-width-content","footnotes":""},"class_list":{"0":"post-4037","1":"page","2":"type-page","3":"status-publish","5":"entry","6":"has-post-thumbnail"},"acf":[],"yoast_head":"<!-- This site is optimized with the Yoast SEO Premium plugin v25.2 (Yoast SEO v25.2) - https:\/\/yoast.com\/wordpress\/plugins\/seo\/ -->\n<title>Fensterersatz - H\u00dcBSCHER HOLZBAU<\/title>\n<meta name=\"description\" content=\"Erfahren Sie mehr \u00fcber Fensterersatz und entdecken Sie, wie wir Ihnen bei der optimalen Wahl und Montage von Fenstern helfen k\u00f6nnen.\" \/>\n<meta name=\"robots\" content=\"index, follow, max-snippet:-1, max-image-preview:large, max-video-preview:-1\" \/>\n<link rel=\"canonical\" href=\"https:\/\/www.huebscher.net\/ch\/fensterersatz\/\" \/>\n<meta property=\"og:locale\" content=\"de_DE\" \/>\n<meta property=\"og:type\" content=\"article\" \/>\n<meta property=\"og:title\" content=\"Fensterersatz\" \/>\n<meta property=\"og:description\" content=\"Erfahren Sie mehr \u00fcber Fensterersatz und entdecken Sie, wie wir Ihnen bei der optimalen Wahl und Montage von Fenstern helfen k\u00f6nnen.\" \/>\n<meta property=\"og:url\" content=\"https:\/\/www.huebscher.net\/ch\/fensterersatz\/\" \/>\n<meta property=\"og:site_name\" content=\"H\u00dcBSCHER HOLZBAU\" \/>\n<meta property=\"article:publisher\" content=\"http:\/\/facebook.com\/huebscher.holzbau\" \/>\n<meta property=\"article:modified_time\" content=\"2025-05-20T07:54:34+00:00\" \/>\n<meta property=\"og:image\" content=\"https:\/\/www.huebscher.net\/media\/Staub5.jpg\" \/>\n\t<meta property=\"og:image:width\" content=\"1500\" \/>\n\t<meta property=\"og:image:height\" content=\"940\" \/>\n\t<meta property=\"og:image:type\" content=\"image\/jpeg\" \/>\n<meta name=\"twitter:card\" content=\"summary_large_image\" \/>\n<meta name=\"twitter:label1\" content=\"Gesch\u00e4tzte Lesezeit\" \/>\n\t<meta name=\"twitter:data1\" content=\"2 Minuten\" \/>\n<script type=\"application\/ld+json\" class=\"yoast-schema-graph\">{\"@context\":\"https:\/\/schema.org\",\"@graph\":[{\"@type\":\"WebPage\",\"@id\":\"https:\/\/www.huebscher.net\/ch\/fensterersatz\/\",\"url\":\"https:\/\/www.huebscher.net\/ch\/fensterersatz\/\",\"name\":\"Fensterersatz - H\u00dcBSCHER HOLZBAU\",\"isPartOf\":{\"@id\":\"https:\/\/www.huebscher.net\/ch\/#website\"},\"primaryImageOfPage\":{\"@id\":\"https:\/\/www.huebscher.net\/ch\/fensterersatz\/#primaryimage\"},\"image\":{\"@id\":\"https:\/\/www.huebscher.net\/ch\/fensterersatz\/#primaryimage\"},\"thumbnailUrl\":\"https:\/\/huebscher.net\/media\/Staub5.jpg\",\"datePublished\":\"2019-09-20T06:45:57+00:00\",\"dateModified\":\"2025-05-20T07:54:34+00:00\",\"description\":\"Erfahren Sie mehr \u00fcber Fensterersatz und entdecken Sie, wie wir Ihnen bei der optimalen Wahl und Montage von Fenstern helfen k\u00f6nnen.\",\"breadcrumb\":{\"@id\":\"https:\/\/www.huebscher.net\/ch\/fensterersatz\/#breadcrumb\"},\"inLanguage\":\"de-CH\",\"potentialAction\":[{\"@type\":\"ReadAction\",\"target\":[\"https:\/\/www.huebscher.net\/ch\/fensterersatz\/\"]}]},{\"@type\":\"ImageObject\",\"inLanguage\":\"de-CH\",\"@id\":\"https:\/\/www.huebscher.net\/ch\/fensterersatz\/#primaryimage\",\"url\":\"https:\/\/huebscher.net\/media\/Staub5.jpg\",\"contentUrl\":\"https:\/\/huebscher.net\/media\/Staub5.jpg\"},{\"@type\":\"BreadcrumbList\",\"@id\":\"https:\/\/www.huebscher.net\/ch\/fensterersatz\/#breadcrumb\",\"itemListElement\":[{\"@type\":\"ListItem\",\"position\":1,\"name\":\"Home\",\"item\":\"https:\/\/www.huebscher.net\/ch\/\"},{\"@type\":\"ListItem\",\"position\":2,\"name\":\"Fensterersatz\"}]},{\"@type\":\"WebSite\",\"@id\":\"https:\/\/www.huebscher.net\/ch\/#website\",\"url\":\"https:\/\/www.huebscher.net\/ch\/\",\"name\":\"H\u00fcbscher Holzbau\",\"description\":\"H\u00fcbscher Holzbau AG\",\"publisher\":{\"@id\":\"https:\/\/www.huebscher.net\/ch\/#organization\"},\"alternateName\":\"H\u00fcbscher Holzbau\",\"potentialAction\":[{\"@type\":\"SearchAction\",\"target\":{\"@type\":\"EntryPoint\",\"urlTemplate\":\"https:\/\/www.huebscher.net\/ch\/?s={search_term_string}\"},\"query-input\":{\"@type\":\"PropertyValueSpecification\",\"valueRequired\":true,\"valueName\":\"search_term_string\"}}],\"inLanguage\":\"de-CH\"},{\"@type\":\"Organization\",\"@id\":\"https:\/\/www.huebscher.net\/ch\/#organization\",\"name\":\"H\u00fcbscher Holzbau\",\"alternateName\":\"H\u00fcbscher Holzbau\",\"url\":\"https:\/\/www.huebscher.net\/ch\/\",\"logo\":{\"@type\":\"ImageObject\",\"inLanguage\":\"de-CH\",\"@id\":\"https:\/\/www.huebscher.net\/ch\/#\/schema\/logo\/image\/\",\"url\":\"https:\/\/www.huebscher.net\/media\/huebscher_logo_def.png\",\"contentUrl\":\"https:\/\/www.huebscher.net\/media\/huebscher_logo_def.png\",\"width\":220,\"height\":110,\"caption\":\"H\u00fcbscher Holzbau\"},\"image\":{\"@id\":\"https:\/\/www.huebscher.net\/ch\/#\/schema\/logo\/image\/\"},\"sameAs\":[\"http:\/\/facebook.com\/huebscher.holzbau\",\"https:\/\/pt.linkedin.com\/organization-guest\/company\/huebscher-holzbau\",\"https:\/\/www.instagram.com\/huebscherholzbau\/\"]}]}<\/script>\n<!-- \/ Yoast SEO Premium plugin. -->","yoast_head_json":{"title":"Fensterersatz - H\u00dcBSCHER HOLZBAU","description":"Erfahren Sie mehr \u00fcber Fensterersatz und entdecken Sie, wie wir Ihnen bei der optimalen Wahl und Montage von Fenstern helfen k\u00f6nnen.","robots":{"index":"index","follow":"follow","max-snippet":"max-snippet:-1","max-image-preview":"max-image-preview:large","max-video-preview":"max-video-preview:-1"},"canonical":"https:\/\/www.huebscher.net\/ch\/fensterersatz\/","og_locale":"de_DE","og_type":"article","og_title":"Fensterersatz","og_description":"Erfahren Sie mehr \u00fcber Fensterersatz und entdecken Sie, wie wir Ihnen bei der optimalen Wahl und Montage von Fenstern helfen k\u00f6nnen.","og_url":"https:\/\/www.huebscher.net\/ch\/fensterersatz\/","og_site_name":"H\u00dcBSCHER HOLZBAU","article_publisher":"http:\/\/facebook.com\/huebscher.holzbau","article_modified_time":"2025-05-20T07:54:34+00:00","og_image":[{"width":1500,"height":940,"url":"https:\/\/www.huebscher.net\/media\/Staub5.jpg","type":"image\/jpeg"}],"twitter_card":"summary_large_image","twitter_misc":{"Gesch\u00e4tzte Lesezeit":"2 Minuten"},"schema":{"@context":"https:\/\/schema.org","@graph":[{"@type":"WebPage","@id":"https:\/\/www.huebscher.net\/ch\/fensterersatz\/","url":"https:\/\/www.huebscher.net\/ch\/fensterersatz\/","name":"Fensterersatz - H\u00dcBSCHER HOLZBAU","isPartOf":{"@id":"https:\/\/www.huebscher.net\/ch\/#website"},"primaryImageOfPage":{"@id":"https:\/\/www.huebscher.net\/ch\/fensterersatz\/#primaryimage"},"image":{"@id":"https:\/\/www.huebscher.net\/ch\/fensterersatz\/#primaryimage"},"thumbnailUrl":"https:\/\/huebscher.net\/media\/Staub5.jpg","datePublished":"2019-09-20T06:45:57+00:00","dateModified":"2025-05-20T07:54:34+00:00","description":"Erfahren Sie mehr \u00fcber Fensterersatz und entdecken Sie, wie wir Ihnen bei der optimalen Wahl und Montage von Fenstern helfen k\u00f6nnen.","breadcrumb":{"@id":"https:\/\/www.huebscher.net\/ch\/fensterersatz\/#breadcrumb"},"inLanguage":"de-CH","potentialAction":[{"@type":"ReadAction","target":["https:\/\/www.huebscher.net\/ch\/fensterersatz\/"]}]},{"@type":"ImageObject","inLanguage":"de-CH","@id":"https:\/\/www.huebscher.net\/ch\/fensterersatz\/#primaryimage","url":"https:\/\/huebscher.net\/media\/Staub5.jpg","contentUrl":"https:\/\/huebscher.net\/media\/Staub5.jpg"},{"@type":"BreadcrumbList","@id":"https:\/\/www.huebscher.net\/ch\/fensterersatz\/#breadcrumb","itemListElement":[{"@type":"ListItem","position":1,"name":"Home","item":"https:\/\/www.huebscher.net\/ch\/"},{"@type":"ListItem","position":2,"name":"Fensterersatz"}]},{"@type":"WebSite","@id":"https:\/\/www.huebscher.net\/ch\/#website","url":"https:\/\/www.huebscher.net\/ch\/","name":"H\u00fcbscher Holzbau","description":"H\u00fcbscher Holzbau AG","publisher":{"@id":"https:\/\/www.huebscher.net\/ch\/#organization"},"alternateName":"H\u00fcbscher Holzbau","potentialAction":[{"@type":"SearchAction","target":{"@type":"EntryPoint","urlTemplate":"https:\/\/www.huebscher.net\/ch\/?s={search_term_string}"},"query-input":{"@type":"PropertyValueSpecification","valueRequired":true,"valueName":"search_term_string"}}],"inLanguage":"de-CH"},{"@type":"Organization","@id":"https:\/\/www.huebscher.net\/ch\/#organization","name":"H\u00fcbscher Holzbau","alternateName":"H\u00fcbscher Holzbau","url":"https:\/\/www.huebscher.net\/ch\/","logo":{"@type":"ImageObject","inLanguage":"de-CH","@id":"https:\/\/www.huebscher.net\/ch\/#\/schema\/logo\/image\/","url":"https:\/\/www.huebscher.net\/media\/huebscher_logo_def.png","contentUrl":"https:\/\/www.huebscher.net\/media\/huebscher_logo_def.png","width":220,"height":110,"caption":"H\u00fcbscher Holzbau"},"image":{"@id":"https:\/\/www.huebscher.net\/ch\/#\/schema\/logo\/image\/"},"sameAs":["http:\/\/facebook.com\/huebscher.holzbau","https:\/\/pt.linkedin.com\/organization-guest\/company\/huebscher-holzbau","https:\/\/www.instagram.com\/huebscherholzbau\/"]}]}},"_links":{"self":[{"href":"https:\/\/www.huebscher.net\/ch\/wp-json\/wp\/v2\/pages\/4037"}],"collection":[{"href":"https:\/\/www.huebscher.net\/ch\/wp-json\/wp\/v2\/pages"}],"about":[{"href":"https:\/\/www.huebscher.net\/ch\/wp-json\/wp\/v2\/types\/page"}],"author":[{"embeddable":true,"href":"https:\/\/www.huebscher.net\/ch\/wp-json\/wp\/v2\/users\/1"}],"replies":[{"embeddable":true,"href":"https:\/\/www.huebscher.net\/ch\/wp-json\/wp\/v2\/comments?post=4037"}],"version-history":[{"count":13,"href":"https:\/\/www.huebscher.net\/ch\/wp-json\/wp\/v2\/pages\/4037\/revisions"}],"predecessor-version":[{"id":15783,"href":"https:\/\/www.huebscher.net\/ch\/wp-json\/wp\/v2\/pages\/4037\/revisions\/15783"}],"wp:attachment":[{"href":"https:\/\/www.huebscher.net\/ch\/wp-json\/wp\/v2\/media?parent=4037"}],"curies":[{"name":"wp","href":"https:\/\/api.w.org\/{rel}","templated":true}]}}