{"id":4019,"date":"2019-09-20T06:02:48","date_gmt":"2019-09-20T04:02:48","guid":{"rendered":"https:\/\/huebscher-holzbau.ch\/?page_id=4019"},"modified":"2025-05-20T09:56:55","modified_gmt":"2025-05-20T07:56:55","slug":"gesamtgebaeudesanierung","status":"publish","type":"page","link":"https:\/\/www.huebscher.net\/ch\/gesamtgebaeudesanierung\/","title":{"rendered":"Gesamtgeb\u00e4udesanierung"},"content":{"rendered":"\n<div class=\"wp-block-columns has-2-columns sf-col-full is-layout-flex wp-container-core-columns-is-layout-1 wp-block-columns-is-layout-flex\">\n<div class=\"wp-block-column sf-col-7 is-layout-flow wp-block-column-is-layout-flow\">\n<p class=\"sf_content_spec\">Wir begleiten Sie von Ihrer Idee \u00fcber die Umsetzung bis zur Fertigstellung. Sie k\u00f6nnen bei uns auch schrittweise vorgehen. So k\u00f6nnen Sie fr\u00fchzeitig eine Bedarfsanalyse erstellen und die Umsetzung auch etappieren. Wir stellen Ihr pers\u00f6nliches Sanierungskonzept zusammen.<\/p>\n\n\n\n<div style=\"height:20px\" aria-hidden=\"true\" class=\"wp-block-spacer\"><\/div>\n\n\n\n<figure class=\"wp-block-image\"><img fetchpriority=\"high\" decoding=\"async\" width=\"1500\" height=\"940\" src=\"https:\/\/huebscher.net\/media\/RC_4.jpg\" alt=\"\" class=\"wp-image-3225\" srcset=\"https:\/\/www.huebscher.net\/media\/RC_4.jpg 1500w, https:\/\/www.huebscher.net\/media\/RC_4-1149x720.jpg 1149w, https:\/\/www.huebscher.net\/media\/RC_4-768x481.jpg 768w, https:\/\/www.huebscher.net\/media\/RC_4-1000x627.jpg 1000w, https:\/\/www.huebscher.net\/media\/RC_4-350x219.jpg 350w\" sizes=\"(max-width: 1500px) 100vw, 1500px\" \/><\/figure>\n\n\n\n<h2 class=\"wp-block-heading\" id=\"h-1-geak\">1. Geak<\/h2>\n\n\n\n<p>Der Geb\u00e4udeausweis zeigt, wie viel Energie Ihr Geb\u00e4ude bei standardisierter Benutzung f\u00fcr Heizung, Warmwasser, Beleuchtung und andere elektrische Verbraucher ben\u00f6tigt. Er schafft einen Vergleich zu anderen Geb\u00e4uden und gibt Hinweise f\u00fcr Verbesserungsmassnahmen.<\/p>\n\n\n\n<div style=\"height:40px\" aria-hidden=\"true\" class=\"wp-block-spacer\"><\/div>\n\n\n\n<figure class=\"wp-block-image size-large\"><img decoding=\"async\" width=\"1100\" height=\"734\" src=\"https:\/\/huebscher.net\/media\/10.jpg\" alt=\"\" class=\"wp-image-3520\" srcset=\"https:\/\/www.huebscher.net\/media\/10.jpg 1100w, https:\/\/www.huebscher.net\/media\/10-1079x720.jpg 1079w, https:\/\/www.huebscher.net\/media\/10-768x512.jpg 768w, https:\/\/www.huebscher.net\/media\/10-150x100.jpg 150w, https:\/\/www.huebscher.net\/media\/10-350x234.jpg 350w\" sizes=\"(max-width: 1100px) 100vw, 1100px\" \/><\/figure>\n\n\n\n<h2 class=\"wp-block-heading\" id=\"h-2-sanierungskonzept\">2. Sanierungskonzept<\/h2>\n\n\n\n<p>Anhand des GEAK erstellen wir ein massge\u00adschneidertes Sanierungskonzept f\u00fcr Ihre Im\u00admobilie. Sie erhalten eine Kosten\u00fcbersicht mitden verschiedenen Bausteinen. Zusammen mit unserem Berater priorisieren Sie die Massnahmen.<\/p>\n\n\n\n<div style=\"height:40px\" aria-hidden=\"true\" class=\"wp-block-spacer\"><\/div>\n\n\n\n<figure class=\"wp-block-image size-large\"><img decoding=\"async\" width=\"1500\" height=\"940\" src=\"https:\/\/huebscher.net\/media\/AML_3.jpg\" alt=\"\" class=\"wp-image-2949\" srcset=\"https:\/\/www.huebscher.net\/media\/AML_3.jpg 1500w, https:\/\/www.huebscher.net\/media\/AML_3-1149x720.jpg 1149w, https:\/\/www.huebscher.net\/media\/AML_3-768x481.jpg 768w, https:\/\/www.huebscher.net\/media\/AML_3-1000x627.jpg 1000w, https:\/\/www.huebscher.net\/media\/AML_3-350x219.jpg 350w\" sizes=\"(max-width: 1500px) 100vw, 1500px\" \/><\/figure>\n\n\n\n<h2 class=\"wp-block-heading\" id=\"h-3-finanzierung\">3. Finanzierung<\/h2>\n\n\n\n<p>Die von uns erstellte Kosten\u00fcbersicht dient Ihrem Finanzpartner zur Beurteilung einer Finanzierung. Auf Ihren Wunsch hin, vermitteln wir Ihnen auch einen entsprechenden Finanzpartner.<\/p>\n<\/div>\n\n\n\n<div class=\"wp-block-column sf-col-3 is-layout-flow wp-block-column-is-layout-flow\">\n<h2 class=\"wp-block-heading\" id=\"h-ansprechpartner\">Ansprechpartner<\/h2>\n\n\n\n<figure class=\"wp-block-image size-large sf_img_ansprech\"><img decoding=\"async\" src=\"https:\/\/huebscher.net\/media\/Michael_Hu\u0308bscher.jpg\" alt=\"Michael Hu\u0308bscher CEO\" class=\"wp-image-5311\"\/><figcaption class=\"wp-element-caption\">Michael H\u00fcbscher<\/figcaption><\/figure>\n\n\n\n<h4>MICHAEL H\u00dcBSCHER<\/h4>\n<p>Beratung und Verkauf Umbau + Sanierung<\/p>\n<table>\n<tbody>\n<tr>\n<td><a class=\"email\" href=\"mailto:michael.huebscher@huebscher-holzbau.ch\">Email<\/a><\/td>\n<\/tr>\n<tr>\n<td>052 687 40 00<\/td>\n<\/tr>\n<\/tbody>\n<\/table>\n\n\n\n<div style=\"height:40px\" aria-hidden=\"true\" class=\"wp-block-spacer\"><\/div>\n\n\n\n<h2 class=\"wp-block-heading\" id=\"h-referenzprojekt\">Referenzprojekt<\/h2>\n\n\n\n<figure class=\"wp-block-image size-large\"><img loading=\"lazy\" decoding=\"async\" width=\"1500\" height=\"940\" src=\"https:\/\/huebscher.net\/media\/RC_1jpg.jpg\" alt=\"Ruderclub Schaffhausen\" class=\"wp-image-3222\" srcset=\"https:\/\/www.huebscher.net\/media\/RC_1jpg.jpg 1500w, https:\/\/www.huebscher.net\/media\/RC_1jpg-1149x720.jpg 1149w, https:\/\/www.huebscher.net\/media\/RC_1jpg-768x481.jpg 768w, https:\/\/www.huebscher.net\/media\/RC_1jpg-1000x627.jpg 1000w, https:\/\/www.huebscher.net\/media\/RC_1jpg-350x219.jpg 350w\" sizes=\"(max-width: 1500px) 100vw, 1500px\" \/><\/figure>\n\n\n\n<figure class=\"wp-block-table sf_sub_info\"><table><tbody><tr><td>Erstellt:<\/td><td>2017<\/td><\/tr><tr><td>Ort :<\/td><td>8246 Langwiesen<\/td><\/tr><\/tbody><\/table><\/figure>\n\n\n\n<div class=\"wp-block-buttons is-layout-flex wp-block-buttons-is-layout-flex\">\n<div class=\"wp-block-button sf-button\"><a class=\"wp-block-button__link has-background wp-element-button\" href=\"\/referenzen-huebscher\/?fwp_umbau_sanierung=gesamtsanierungskonzepte\" style=\"background-color:#afc635\">Weitere Referenzen<\/a><\/div>\n<\/div>\n\n\n\n<div style=\"height:40px\" aria-hidden=\"true\" class=\"wp-block-spacer\"><\/div>\n\n\n\n<p>Wollen Sie mehr \u00fcber uns erfahren?<\/p>\n\n\n\n<div class=\"wp-block-button sf-button alignleft\"><a class=\"wp-block-button__link has-background wp-element-button\" href=\"\/broschure\/\" style=\"background-color:#afc635\">Brosch\u00fcre bestellen<\/a><\/div>\n<\/div>\n<\/div>\n","protected":false},"excerpt":{"rendered":"<p>Wir begleiten Sie von Ihrer Idee \u00fcber die Umsetzung bis zur Fertigstellung. Sie k\u00f6nnen bei uns auch schrittweise vorgehen. So k\u00f6nnen Sie fr\u00fchzeitig eine Bedarfsanalyse erstellen und die Umsetzung auch etappieren. Wir stellen Ihr pers\u00f6nliches Sanierungskonzept zusammen. 1. Geak Der Geb\u00e4udeausweis zeigt, wie viel Energie Ihr Geb\u00e4ude bei standardisierter Benutzung f\u00fcr Heizung, Warmwasser, Beleuchtung und&hellip;<\/p>\n","protected":false},"author":2,"featured_media":0,"parent":0,"menu_order":0,"comment_status":"closed","ping_status":"closed","template":"","meta":{"_acf_changed":false,"_monsterinsights_skip_tracking":false,"_monsterinsights_sitenote_active":false,"_monsterinsights_sitenote_note":"","_monsterinsights_sitenote_category":0,"_genesis_hide_title":false,"_genesis_hide_breadcrumbs":false,"_genesis_hide_singular_image":false,"_genesis_hide_footer_widgets":false,"_genesis_custom_body_class":"sf_body_class","_genesis_custom_post_class":"","_genesis_layout":"full-width-content","footnotes":""},"class_list":{"0":"post-4019","1":"page","2":"type-page","3":"status-publish","5":"entry","6":"has-post-thumbnail"},"acf":[],"yoast_head":"<!-- This site is optimized with the Yoast SEO Premium plugin v25.2 (Yoast SEO v25.2) - https:\/\/yoast.com\/wordpress\/plugins\/seo\/ -->\n<title>Gesamtgeb\u00e4udesanierung - H\u00dcBSCHER HOLZBAU<\/title>\n<meta name=\"description\" content=\"Erfahren Sie mehr \u00fcber die Vorteile der Gesamtgeb\u00e4udesanierung und wie sie Ihre Energieeffizienz verbessern kann.\" \/>\n<meta name=\"robots\" content=\"index, follow, max-snippet:-1, max-image-preview:large, max-video-preview:-1\" \/>\n<link rel=\"canonical\" href=\"https:\/\/www.huebscher.net\/ch\/gesamtgebaeudesanierung\/\" \/>\n<meta property=\"og:locale\" content=\"de_DE\" \/>\n<meta property=\"og:type\" content=\"article\" \/>\n<meta property=\"og:title\" content=\"Gesamtgeb\u00e4udesanierung\" \/>\n<meta property=\"og:description\" content=\"Erfahren Sie mehr \u00fcber die Vorteile der Gesamtgeb\u00e4udesanierung und wie sie Ihre Energieeffizienz verbessern kann.\" \/>\n<meta property=\"og:url\" content=\"https:\/\/www.huebscher.net\/ch\/gesamtgebaeudesanierung\/\" \/>\n<meta property=\"og:site_name\" content=\"H\u00dcBSCHER HOLZBAU\" \/>\n<meta property=\"article:publisher\" content=\"http:\/\/facebook.com\/huebscher.holzbau\" \/>\n<meta property=\"article:modified_time\" content=\"2025-05-20T07:56:55+00:00\" \/>\n<meta property=\"og:image\" content=\"https:\/\/www.huebscher.net\/media\/RC_4.jpg\" \/>\n\t<meta property=\"og:image:width\" content=\"1500\" \/>\n\t<meta property=\"og:image:height\" content=\"940\" \/>\n\t<meta property=\"og:image:type\" content=\"image\/jpeg\" \/>\n<meta name=\"twitter:card\" content=\"summary_large_image\" \/>\n<meta name=\"twitter:label1\" content=\"Gesch\u00e4tzte Lesezeit\" \/>\n\t<meta name=\"twitter:data1\" content=\"2 Minuten\" \/>\n<script type=\"application\/ld+json\" class=\"yoast-schema-graph\">{\"@context\":\"https:\/\/schema.org\",\"@graph\":[{\"@type\":\"WebPage\",\"@id\":\"https:\/\/www.huebscher.net\/ch\/gesamtgebaeudesanierung\/\",\"url\":\"https:\/\/www.huebscher.net\/ch\/gesamtgebaeudesanierung\/\",\"name\":\"Gesamtgeb\u00e4udesanierung - H\u00dcBSCHER HOLZBAU\",\"isPartOf\":{\"@id\":\"https:\/\/www.huebscher.net\/ch\/#website\"},\"primaryImageOfPage\":{\"@id\":\"https:\/\/www.huebscher.net\/ch\/gesamtgebaeudesanierung\/#primaryimage\"},\"image\":{\"@id\":\"https:\/\/www.huebscher.net\/ch\/gesamtgebaeudesanierung\/#primaryimage\"},\"thumbnailUrl\":\"https:\/\/huebscher.net\/media\/RC_4.jpg\",\"datePublished\":\"2019-09-20T04:02:48+00:00\",\"dateModified\":\"2025-05-20T07:56:55+00:00\",\"description\":\"Erfahren Sie mehr \u00fcber die Vorteile der Gesamtgeb\u00e4udesanierung und wie sie Ihre Energieeffizienz verbessern kann.\",\"breadcrumb\":{\"@id\":\"https:\/\/www.huebscher.net\/ch\/gesamtgebaeudesanierung\/#breadcrumb\"},\"inLanguage\":\"de-CH\",\"potentialAction\":[{\"@type\":\"ReadAction\",\"target\":[\"https:\/\/www.huebscher.net\/ch\/gesamtgebaeudesanierung\/\"]}]},{\"@type\":\"ImageObject\",\"inLanguage\":\"de-CH\",\"@id\":\"https:\/\/www.huebscher.net\/ch\/gesamtgebaeudesanierung\/#primaryimage\",\"url\":\"https:\/\/huebscher.net\/media\/RC_4.jpg\",\"contentUrl\":\"https:\/\/huebscher.net\/media\/RC_4.jpg\"},{\"@type\":\"BreadcrumbList\",\"@id\":\"https:\/\/www.huebscher.net\/ch\/gesamtgebaeudesanierung\/#breadcrumb\",\"itemListElement\":[{\"@type\":\"ListItem\",\"position\":1,\"name\":\"Home\",\"item\":\"https:\/\/www.huebscher.net\/ch\/\"},{\"@type\":\"ListItem\",\"position\":2,\"name\":\"Gesamtgeb\u00e4udesanierung\"}]},{\"@type\":\"WebSite\",\"@id\":\"https:\/\/www.huebscher.net\/ch\/#website\",\"url\":\"https:\/\/www.huebscher.net\/ch\/\",\"name\":\"H\u00fcbscher Holzbau\",\"description\":\"H\u00fcbscher Holzbau AG\",\"publisher\":{\"@id\":\"https:\/\/www.huebscher.net\/ch\/#organization\"},\"alternateName\":\"H\u00fcbscher Holzbau\",\"potentialAction\":[{\"@type\":\"SearchAction\",\"target\":{\"@type\":\"EntryPoint\",\"urlTemplate\":\"https:\/\/www.huebscher.net\/ch\/?s={search_term_string}\"},\"query-input\":{\"@type\":\"PropertyValueSpecification\",\"valueRequired\":true,\"valueName\":\"search_term_string\"}}],\"inLanguage\":\"de-CH\"},{\"@type\":\"Organization\",\"@id\":\"https:\/\/www.huebscher.net\/ch\/#organization\",\"name\":\"H\u00fcbscher Holzbau\",\"alternateName\":\"H\u00fcbscher Holzbau\",\"url\":\"https:\/\/www.huebscher.net\/ch\/\",\"logo\":{\"@type\":\"ImageObject\",\"inLanguage\":\"de-CH\",\"@id\":\"https:\/\/www.huebscher.net\/ch\/#\/schema\/logo\/image\/\",\"url\":\"https:\/\/www.huebscher.net\/media\/huebscher_logo_def.png\",\"contentUrl\":\"https:\/\/www.huebscher.net\/media\/huebscher_logo_def.png\",\"width\":220,\"height\":110,\"caption\":\"H\u00fcbscher Holzbau\"},\"image\":{\"@id\":\"https:\/\/www.huebscher.net\/ch\/#\/schema\/logo\/image\/\"},\"sameAs\":[\"http:\/\/facebook.com\/huebscher.holzbau\",\"https:\/\/pt.linkedin.com\/organization-guest\/company\/huebscher-holzbau\",\"https:\/\/www.instagram.com\/huebscherholzbau\/\"]}]}<\/script>\n<!-- \/ Yoast SEO Premium plugin. -->","yoast_head_json":{"title":"Gesamtgeb\u00e4udesanierung - H\u00dcBSCHER HOLZBAU","description":"Erfahren Sie mehr \u00fcber die Vorteile der Gesamtgeb\u00e4udesanierung und wie sie Ihre Energieeffizienz verbessern kann.","robots":{"index":"index","follow":"follow","max-snippet":"max-snippet:-1","max-image-preview":"max-image-preview:large","max-video-preview":"max-video-preview:-1"},"canonical":"https:\/\/www.huebscher.net\/ch\/gesamtgebaeudesanierung\/","og_locale":"de_DE","og_type":"article","og_title":"Gesamtgeb\u00e4udesanierung","og_description":"Erfahren Sie mehr \u00fcber die Vorteile der Gesamtgeb\u00e4udesanierung und wie sie Ihre Energieeffizienz verbessern kann.","og_url":"https:\/\/www.huebscher.net\/ch\/gesamtgebaeudesanierung\/","og_site_name":"H\u00dcBSCHER HOLZBAU","article_publisher":"http:\/\/facebook.com\/huebscher.holzbau","article_modified_time":"2025-05-20T07:56:55+00:00","og_image":[{"width":1500,"height":940,"url":"https:\/\/www.huebscher.net\/media\/RC_4.jpg","type":"image\/jpeg"}],"twitter_card":"summary_large_image","twitter_misc":{"Gesch\u00e4tzte Lesezeit":"2 Minuten"},"schema":{"@context":"https:\/\/schema.org","@graph":[{"@type":"WebPage","@id":"https:\/\/www.huebscher.net\/ch\/gesamtgebaeudesanierung\/","url":"https:\/\/www.huebscher.net\/ch\/gesamtgebaeudesanierung\/","name":"Gesamtgeb\u00e4udesanierung - H\u00dcBSCHER HOLZBAU","isPartOf":{"@id":"https:\/\/www.huebscher.net\/ch\/#website"},"primaryImageOfPage":{"@id":"https:\/\/www.huebscher.net\/ch\/gesamtgebaeudesanierung\/#primaryimage"},"image":{"@id":"https:\/\/www.huebscher.net\/ch\/gesamtgebaeudesanierung\/#primaryimage"},"thumbnailUrl":"https:\/\/huebscher.net\/media\/RC_4.jpg","datePublished":"2019-09-20T04:02:48+00:00","dateModified":"2025-05-20T07:56:55+00:00","description":"Erfahren Sie mehr \u00fcber die Vorteile der Gesamtgeb\u00e4udesanierung und wie sie Ihre Energieeffizienz verbessern kann.","breadcrumb":{"@id":"https:\/\/www.huebscher.net\/ch\/gesamtgebaeudesanierung\/#breadcrumb"},"inLanguage":"de-CH","potentialAction":[{"@type":"ReadAction","target":["https:\/\/www.huebscher.net\/ch\/gesamtgebaeudesanierung\/"]}]},{"@type":"ImageObject","inLanguage":"de-CH","@id":"https:\/\/www.huebscher.net\/ch\/gesamtgebaeudesanierung\/#primaryimage","url":"https:\/\/huebscher.net\/media\/RC_4.jpg","contentUrl":"https:\/\/huebscher.net\/media\/RC_4.jpg"},{"@type":"BreadcrumbList","@id":"https:\/\/www.huebscher.net\/ch\/gesamtgebaeudesanierung\/#breadcrumb","itemListElement":[{"@type":"ListItem","position":1,"name":"Home","item":"https:\/\/www.huebscher.net\/ch\/"},{"@type":"ListItem","position":2,"name":"Gesamtgeb\u00e4udesanierung"}]},{"@type":"WebSite","@id":"https:\/\/www.huebscher.net\/ch\/#website","url":"https:\/\/www.huebscher.net\/ch\/","name":"H\u00fcbscher Holzbau","description":"H\u00fcbscher Holzbau AG","publisher":{"@id":"https:\/\/www.huebscher.net\/ch\/#organization"},"alternateName":"H\u00fcbscher Holzbau","potentialAction":[{"@type":"SearchAction","target":{"@type":"EntryPoint","urlTemplate":"https:\/\/www.huebscher.net\/ch\/?s={search_term_string}"},"query-input":{"@type":"PropertyValueSpecification","valueRequired":true,"valueName":"search_term_string"}}],"inLanguage":"de-CH"},{"@type":"Organization","@id":"https:\/\/www.huebscher.net\/ch\/#organization","name":"H\u00fcbscher Holzbau","alternateName":"H\u00fcbscher Holzbau","url":"https:\/\/www.huebscher.net\/ch\/","logo":{"@type":"ImageObject","inLanguage":"de-CH","@id":"https:\/\/www.huebscher.net\/ch\/#\/schema\/logo\/image\/","url":"https:\/\/www.huebscher.net\/media\/huebscher_logo_def.png","contentUrl":"https:\/\/www.huebscher.net\/media\/huebscher_logo_def.png","width":220,"height":110,"caption":"H\u00fcbscher Holzbau"},"image":{"@id":"https:\/\/www.huebscher.net\/ch\/#\/schema\/logo\/image\/"},"sameAs":["http:\/\/facebook.com\/huebscher.holzbau","https:\/\/pt.linkedin.com\/organization-guest\/company\/huebscher-holzbau","https:\/\/www.instagram.com\/huebscherholzbau\/"]}]}},"_links":{"self":[{"href":"https:\/\/www.huebscher.net\/ch\/wp-json\/wp\/v2\/pages\/4019"}],"collection":[{"href":"https:\/\/www.huebscher.net\/ch\/wp-json\/wp\/v2\/pages"}],"about":[{"href":"https:\/\/www.huebscher.net\/ch\/wp-json\/wp\/v2\/types\/page"}],"author":[{"embeddable":true,"href":"https:\/\/www.huebscher.net\/ch\/wp-json\/wp\/v2\/users\/2"}],"replies":[{"embeddable":true,"href":"https:\/\/www.huebscher.net\/ch\/wp-json\/wp\/v2\/comments?post=4019"}],"version-history":[{"count":26,"href":"https:\/\/www.huebscher.net\/ch\/wp-json\/wp\/v2\/pages\/4019\/revisions"}],"predecessor-version":[{"id":15785,"href":"https:\/\/www.huebscher.net\/ch\/wp-json\/wp\/v2\/pages\/4019\/revisions\/15785"}],"wp:attachment":[{"href":"https:\/\/www.huebscher.net\/ch\/wp-json\/wp\/v2\/media?parent=4019"}],"curies":[{"name":"wp","href":"https:\/\/api.w.org\/{rel}","templated":true}]}}