{"id":3954,"date":"2019-09-19T09:03:54","date_gmt":"2019-09-19T07:03:54","guid":{"rendered":"https:\/\/huebscher-holzbau.ch\/?page_id=3954"},"modified":"2024-06-24T16:50:45","modified_gmt":"2024-06-24T14:50:45","slug":"forum-holz","status":"publish","type":"page","link":"https:\/\/www.huebscher.net\/ch\/forum-holz\/","title":{"rendered":"Forum Holz"},"content":{"rendered":"\n<p class=\"sf_content_spec\">Unser Seminarraum \u00abFORUM HOLZ\u00bb bietet den perfekten Ort fu\u0308r<br>spannende Meetings, Produktpr\u00e4sentationen oder Generalversammlungen.<br>Ausgestattet mit Beamer, Leinwand, Flipchart und<br>W-LAN Internetzugang, k\u00f6nnen Sie Ihre Pr\u00e4sentation optimal umsetzen.<br><br>Unser Angebot gef\u00e4llt Ihnen ? Dann fu\u0308llen Sie das Formular \u00abReservation\u00bb aus oder tragen Sie Ihre Angaben direkt am PC in das<br>Formular auf unserer Homepage ein. Nach Erhalt des Formulars<br>senden wir Ihnen umgehend eine Offerte und besprechen mit Ihnen<br>die Details.<\/p>\n\n\n\n<div style=\"height:20px\" aria-hidden=\"true\" class=\"wp-block-spacer\"><\/div>\n\n\n\n<div class=\"wp-block-buttons is-layout-flex wp-block-buttons-is-layout-flex\">\n<div class=\"wp-block-button sf-button\"><a class=\"wp-block-button__link has-background no-border-radius\" href=\"https:\/\/huebscher.net\/media\/heubscher-forum-holz.pdf\" style=\"background-color:#afc635\">Download Anmeldeformular<\/a><\/div>\n<\/div>\n\n\n\n<div style=\"height:20px\" aria-hidden=\"true\" class=\"wp-block-spacer\"><\/div>\n\n\n\n<div style=\"height:20px\" aria-hidden=\"true\" class=\"wp-block-spacer\"><\/div>\n\n\n\n<div class=\"wp-block-image\"><figure class=\"aligncenter size-large\"><img fetchpriority=\"high\" decoding=\"async\" width=\"1500\" height=\"940\" src=\"https:\/\/huebscher.net\/media\/Stammtisch_3-1.jpg\" alt=\"\" class=\"wp-image-2878\" srcset=\"https:\/\/www.huebscher.net\/media\/Stammtisch_3-1.jpg 1500w, https:\/\/www.huebscher.net\/media\/Stammtisch_3-1-1149x720.jpg 1149w, https:\/\/www.huebscher.net\/media\/Stammtisch_3-1-768x481.jpg 768w, https:\/\/www.huebscher.net\/media\/Stammtisch_3-1-1000x627.jpg 1000w, https:\/\/www.huebscher.net\/media\/Stammtisch_3-1-350x219.jpg 350w\" sizes=\"(max-width: 1500px) 100vw, 1500px\" \/><\/figure><\/div>\n","protected":false},"excerpt":{"rendered":"<p>Unser Seminarraum \u00abFORUM HOLZ\u00bb bietet den perfekten Ort fu\u0308rspannende Meetings, Produktpr\u00e4sentationen oder Generalversammlungen.Ausgestattet mit Beamer, Leinwand, Flipchart undW-LAN Internetzugang, k\u00f6nnen Sie Ihre Pr\u00e4sentation optimal umsetzen. Unser Angebot gef\u00e4llt Ihnen ? Dann fu\u0308llen Sie das Formular \u00abReservation\u00bb aus oder tragen Sie Ihre Angaben direkt am PC in dasFormular auf unserer Homepage ein. Nach Erhalt des Formularssenden&hellip;<\/p>\n","protected":false},"author":2,"featured_media":0,"parent":0,"menu_order":0,"comment_status":"closed","ping_status":"closed","template":"","meta":{"_acf_changed":false,"_monsterinsights_skip_tracking":false,"_monsterinsights_sitenote_active":false,"_monsterinsights_sitenote_note":"","_monsterinsights_sitenote_category":0,"_genesis_hide_title":false,"_genesis_hide_breadcrumbs":false,"_genesis_hide_singular_image":false,"_genesis_hide_footer_widgets":false,"_genesis_custom_body_class":"","_genesis_custom_post_class":"","_genesis_layout":"","footnotes":""},"class_list":{"0":"post-3954","1":"page","2":"type-page","3":"status-publish","5":"entry","6":"has-post-thumbnail"},"acf":[],"yoast_head":"<!-- This site is optimized with the Yoast SEO Premium plugin v25.2 (Yoast SEO v25.2) - https:\/\/yoast.com\/wordpress\/plugins\/seo\/ -->\n<title>Forum Holz - H\u00dcBSCHER HOLZBAU<\/title>\n<meta name=\"description\" content=\"Entdecken Sie unseren Seminarraum \u00abFORUM HOLZ\u00bb, den perfekten Ort f\u00fcr spannende Meetings, Produktpr\u00e4sentationen und mehr.\" \/>\n<meta name=\"robots\" content=\"index, follow, max-snippet:-1, max-image-preview:large, max-video-preview:-1\" \/>\n<link rel=\"canonical\" href=\"https:\/\/www.huebscher.net\/ch\/forum-holz\/\" \/>\n<meta property=\"og:locale\" content=\"de_DE\" \/>\n<meta property=\"og:type\" content=\"article\" \/>\n<meta property=\"og:title\" content=\"Forum Holz\" \/>\n<meta property=\"og:description\" content=\"Entdecken Sie unseren Seminarraum \u00abFORUM HOLZ\u00bb, den perfekten Ort f\u00fcr spannende Meetings, Produktpr\u00e4sentationen und mehr.\" \/>\n<meta property=\"og:url\" content=\"https:\/\/www.huebscher.net\/ch\/forum-holz\/\" \/>\n<meta property=\"og:site_name\" content=\"H\u00dcBSCHER HOLZBAU\" \/>\n<meta property=\"article:publisher\" content=\"http:\/\/facebook.com\/huebscher.holzbau\" \/>\n<meta property=\"article:modified_time\" content=\"2024-06-24T14:50:45+00:00\" \/>\n<meta property=\"og:image\" content=\"https:\/\/huebscher.net\/media\/Stammtisch_3-1.jpg\" \/>\n<meta name=\"twitter:card\" content=\"summary_large_image\" \/>\n<meta name=\"twitter:label1\" content=\"Gesch\u00e4tzte Lesezeit\" \/>\n\t<meta name=\"twitter:data1\" content=\"1 Minute\" \/>\n<script type=\"application\/ld+json\" class=\"yoast-schema-graph\">{\"@context\":\"https:\/\/schema.org\",\"@graph\":[{\"@type\":\"WebPage\",\"@id\":\"https:\/\/www.huebscher.net\/ch\/forum-holz\/\",\"url\":\"https:\/\/www.huebscher.net\/ch\/forum-holz\/\",\"name\":\"Forum Holz - H\u00dcBSCHER HOLZBAU\",\"isPartOf\":{\"@id\":\"https:\/\/www.huebscher.net\/ch\/#website\"},\"primaryImageOfPage\":{\"@id\":\"https:\/\/www.huebscher.net\/ch\/forum-holz\/#primaryimage\"},\"image\":{\"@id\":\"https:\/\/www.huebscher.net\/ch\/forum-holz\/#primaryimage\"},\"thumbnailUrl\":\"https:\/\/huebscher.net\/media\/Stammtisch_3-1.jpg\",\"datePublished\":\"2019-09-19T07:03:54+00:00\",\"dateModified\":\"2024-06-24T14:50:45+00:00\",\"description\":\"Entdecken Sie unseren Seminarraum \u00abFORUM HOLZ\u00bb, den perfekten Ort f\u00fcr spannende Meetings, Produktpr\u00e4sentationen und mehr.\",\"breadcrumb\":{\"@id\":\"https:\/\/www.huebscher.net\/ch\/forum-holz\/#breadcrumb\"},\"inLanguage\":\"de-CH\",\"potentialAction\":[{\"@type\":\"ReadAction\",\"target\":[\"https:\/\/www.huebscher.net\/ch\/forum-holz\/\"]}]},{\"@type\":\"ImageObject\",\"inLanguage\":\"de-CH\",\"@id\":\"https:\/\/www.huebscher.net\/ch\/forum-holz\/#primaryimage\",\"url\":\"https:\/\/huebscher.net\/media\/Stammtisch_3-1.jpg\",\"contentUrl\":\"https:\/\/huebscher.net\/media\/Stammtisch_3-1.jpg\"},{\"@type\":\"BreadcrumbList\",\"@id\":\"https:\/\/www.huebscher.net\/ch\/forum-holz\/#breadcrumb\",\"itemListElement\":[{\"@type\":\"ListItem\",\"position\":1,\"name\":\"Home\",\"item\":\"https:\/\/www.huebscher.net\/ch\/\"},{\"@type\":\"ListItem\",\"position\":2,\"name\":\"Forum Holz\"}]},{\"@type\":\"WebSite\",\"@id\":\"https:\/\/www.huebscher.net\/ch\/#website\",\"url\":\"https:\/\/www.huebscher.net\/ch\/\",\"name\":\"H\u00fcbscher Holzbau\",\"description\":\"H\u00fcbscher Holzbau AG\",\"publisher\":{\"@id\":\"https:\/\/www.huebscher.net\/ch\/#organization\"},\"alternateName\":\"H\u00fcbscher Holzbau\",\"potentialAction\":[{\"@type\":\"SearchAction\",\"target\":{\"@type\":\"EntryPoint\",\"urlTemplate\":\"https:\/\/www.huebscher.net\/ch\/?s={search_term_string}\"},\"query-input\":{\"@type\":\"PropertyValueSpecification\",\"valueRequired\":true,\"valueName\":\"search_term_string\"}}],\"inLanguage\":\"de-CH\"},{\"@type\":\"Organization\",\"@id\":\"https:\/\/www.huebscher.net\/ch\/#organization\",\"name\":\"H\u00fcbscher Holzbau\",\"alternateName\":\"H\u00fcbscher Holzbau\",\"url\":\"https:\/\/www.huebscher.net\/ch\/\",\"logo\":{\"@type\":\"ImageObject\",\"inLanguage\":\"de-CH\",\"@id\":\"https:\/\/www.huebscher.net\/ch\/#\/schema\/logo\/image\/\",\"url\":\"https:\/\/www.huebscher.net\/media\/huebscher_logo_def.png\",\"contentUrl\":\"https:\/\/www.huebscher.net\/media\/huebscher_logo_def.png\",\"width\":220,\"height\":110,\"caption\":\"H\u00fcbscher Holzbau\"},\"image\":{\"@id\":\"https:\/\/www.huebscher.net\/ch\/#\/schema\/logo\/image\/\"},\"sameAs\":[\"http:\/\/facebook.com\/huebscher.holzbau\",\"https:\/\/pt.linkedin.com\/organization-guest\/company\/huebscher-holzbau\",\"https:\/\/www.instagram.com\/huebscherholzbau\/\"]}]}<\/script>\n<!-- \/ Yoast SEO Premium plugin. -->","yoast_head_json":{"title":"Forum Holz - H\u00dcBSCHER HOLZBAU","description":"Entdecken Sie unseren Seminarraum \u00abFORUM HOLZ\u00bb, den perfekten Ort f\u00fcr spannende Meetings, Produktpr\u00e4sentationen und mehr.","robots":{"index":"index","follow":"follow","max-snippet":"max-snippet:-1","max-image-preview":"max-image-preview:large","max-video-preview":"max-video-preview:-1"},"canonical":"https:\/\/www.huebscher.net\/ch\/forum-holz\/","og_locale":"de_DE","og_type":"article","og_title":"Forum Holz","og_description":"Entdecken Sie unseren Seminarraum \u00abFORUM HOLZ\u00bb, den perfekten Ort f\u00fcr spannende Meetings, Produktpr\u00e4sentationen und mehr.","og_url":"https:\/\/www.huebscher.net\/ch\/forum-holz\/","og_site_name":"H\u00dcBSCHER HOLZBAU","article_publisher":"http:\/\/facebook.com\/huebscher.holzbau","article_modified_time":"2024-06-24T14:50:45+00:00","og_image":[{"url":"https:\/\/huebscher.net\/media\/Stammtisch_3-1.jpg","type":"","width":"","height":""}],"twitter_card":"summary_large_image","twitter_misc":{"Gesch\u00e4tzte Lesezeit":"1 Minute"},"schema":{"@context":"https:\/\/schema.org","@graph":[{"@type":"WebPage","@id":"https:\/\/www.huebscher.net\/ch\/forum-holz\/","url":"https:\/\/www.huebscher.net\/ch\/forum-holz\/","name":"Forum Holz - H\u00dcBSCHER HOLZBAU","isPartOf":{"@id":"https:\/\/www.huebscher.net\/ch\/#website"},"primaryImageOfPage":{"@id":"https:\/\/www.huebscher.net\/ch\/forum-holz\/#primaryimage"},"image":{"@id":"https:\/\/www.huebscher.net\/ch\/forum-holz\/#primaryimage"},"thumbnailUrl":"https:\/\/huebscher.net\/media\/Stammtisch_3-1.jpg","datePublished":"2019-09-19T07:03:54+00:00","dateModified":"2024-06-24T14:50:45+00:00","description":"Entdecken Sie unseren Seminarraum \u00abFORUM HOLZ\u00bb, den perfekten Ort f\u00fcr spannende Meetings, Produktpr\u00e4sentationen und mehr.","breadcrumb":{"@id":"https:\/\/www.huebscher.net\/ch\/forum-holz\/#breadcrumb"},"inLanguage":"de-CH","potentialAction":[{"@type":"ReadAction","target":["https:\/\/www.huebscher.net\/ch\/forum-holz\/"]}]},{"@type":"ImageObject","inLanguage":"de-CH","@id":"https:\/\/www.huebscher.net\/ch\/forum-holz\/#primaryimage","url":"https:\/\/huebscher.net\/media\/Stammtisch_3-1.jpg","contentUrl":"https:\/\/huebscher.net\/media\/Stammtisch_3-1.jpg"},{"@type":"BreadcrumbList","@id":"https:\/\/www.huebscher.net\/ch\/forum-holz\/#breadcrumb","itemListElement":[{"@type":"ListItem","position":1,"name":"Home","item":"https:\/\/www.huebscher.net\/ch\/"},{"@type":"ListItem","position":2,"name":"Forum Holz"}]},{"@type":"WebSite","@id":"https:\/\/www.huebscher.net\/ch\/#website","url":"https:\/\/www.huebscher.net\/ch\/","name":"H\u00fcbscher Holzbau","description":"H\u00fcbscher Holzbau AG","publisher":{"@id":"https:\/\/www.huebscher.net\/ch\/#organization"},"alternateName":"H\u00fcbscher Holzbau","potentialAction":[{"@type":"SearchAction","target":{"@type":"EntryPoint","urlTemplate":"https:\/\/www.huebscher.net\/ch\/?s={search_term_string}"},"query-input":{"@type":"PropertyValueSpecification","valueRequired":true,"valueName":"search_term_string"}}],"inLanguage":"de-CH"},{"@type":"Organization","@id":"https:\/\/www.huebscher.net\/ch\/#organization","name":"H\u00fcbscher Holzbau","alternateName":"H\u00fcbscher Holzbau","url":"https:\/\/www.huebscher.net\/ch\/","logo":{"@type":"ImageObject","inLanguage":"de-CH","@id":"https:\/\/www.huebscher.net\/ch\/#\/schema\/logo\/image\/","url":"https:\/\/www.huebscher.net\/media\/huebscher_logo_def.png","contentUrl":"https:\/\/www.huebscher.net\/media\/huebscher_logo_def.png","width":220,"height":110,"caption":"H\u00fcbscher Holzbau"},"image":{"@id":"https:\/\/www.huebscher.net\/ch\/#\/schema\/logo\/image\/"},"sameAs":["http:\/\/facebook.com\/huebscher.holzbau","https:\/\/pt.linkedin.com\/organization-guest\/company\/huebscher-holzbau","https:\/\/www.instagram.com\/huebscherholzbau\/"]}]}},"_links":{"self":[{"href":"https:\/\/www.huebscher.net\/ch\/wp-json\/wp\/v2\/pages\/3954"}],"collection":[{"href":"https:\/\/www.huebscher.net\/ch\/wp-json\/wp\/v2\/pages"}],"about":[{"href":"https:\/\/www.huebscher.net\/ch\/wp-json\/wp\/v2\/types\/page"}],"author":[{"embeddable":true,"href":"https:\/\/www.huebscher.net\/ch\/wp-json\/wp\/v2\/users\/2"}],"replies":[{"embeddable":true,"href":"https:\/\/www.huebscher.net\/ch\/wp-json\/wp\/v2\/comments?post=3954"}],"version-history":[{"count":14,"href":"https:\/\/www.huebscher.net\/ch\/wp-json\/wp\/v2\/pages\/3954\/revisions"}],"predecessor-version":[{"id":5290,"href":"https:\/\/www.huebscher.net\/ch\/wp-json\/wp\/v2\/pages\/3954\/revisions\/5290"}],"wp:attachment":[{"href":"https:\/\/www.huebscher.net\/ch\/wp-json\/wp\/v2\/media?parent=3954"}],"curies":[{"name":"wp","href":"https:\/\/api.w.org\/{rel}","templated":true}]}}