{"id":2145,"date":"2016-06-07T18:10:38","date_gmt":"2016-06-07T16:10:38","guid":{"rendered":"https:\/\/huebscher-holzbau.ch\/?page_id=2145"},"modified":"2025-10-17T08:14:32","modified_gmt":"2025-10-17T06:14:32","slug":"e-tanken-swisscharge","status":"publish","type":"page","link":"https:\/\/www.huebscher.net\/ch\/kontakt\/e-tanken-swisscharge\/","title":{"rendered":"E-Tanken"},"content":{"rendered":"\n<p class=\"sf_content_spec\">\nDirekt vor unserem Haupteingang k\u00f6nnen Sie Ihr Auto bequem tanken. Der Strom dazu stammt direkt von unserem Dach.\n\n<\/p>\n\n\n\n<div style=\"height:20px\" aria-hidden=\"true\" class=\"wp-block-spacer\"><\/div>\n\n\n\n<figure class=\"wp-block-image\"><img fetchpriority=\"high\" decoding=\"async\" width=\"1100\" height=\"500\" src=\"https:\/\/huebscher.net\/media\/elektrotankstelle_huebscher.jpg\" alt=\"\" class=\"wp-image-3938\" srcset=\"https:\/\/www.huebscher.net\/media\/elektrotankstelle_huebscher.jpg 1100w, https:\/\/www.huebscher.net\/media\/elektrotankstelle_huebscher-768x349.jpg 768w, https:\/\/www.huebscher.net\/media\/elektrotankstelle_huebscher-350x159.jpg 350w\" sizes=\"(max-width: 1100px) 100vw, 1100px\" \/><\/figure>\n\n\n\n<div style=\"height:20px\" aria-hidden=\"true\" class=\"wp-block-spacer\"><\/div>\n\n\n\n<p>\nVor Ben\u00fctzung der Tankstelle bei Swisscharge anmelden und lostanken. F\u00fcr\n unsere Kunden steht beim Empfang eine kostenlose&nbsp;Tankkarte zur \nVerf\u00fcgung.\n\n<\/p>\n\n\n\n<div style=\"height:20px\" aria-hidden=\"true\" class=\"wp-block-spacer\"><\/div>\n\n\n\n<div class=\"wp-block-button is-style-squared\"><a class=\"wp-block-button__link has-background\" href=\"http:\/\/www.swisscharge.ch\/\" style=\"background-color:#afc635\">Anmelden<\/a><\/div>\n","protected":false},"excerpt":{"rendered":"<p>Direkt vor unserem Haupteingang k\u00f6nnen Sie Ihr Auto bequem tanken. Der Strom dazu stammt direkt von unserem Dach. Vor Ben\u00fctzung der Tankstelle bei Swisscharge anmelden und lostanken. F\u00fcr unsere Kunden steht beim Empfang eine kostenlose&nbsp;Tankkarte zur Verf\u00fcgung.<\/p>\n","protected":false},"author":2,"featured_media":0,"parent":16467,"menu_order":0,"comment_status":"closed","ping_status":"closed","template":"","meta":{"_acf_changed":false,"_monsterinsights_skip_tracking":false,"_monsterinsights_sitenote_active":false,"_monsterinsights_sitenote_note":"","_monsterinsights_sitenote_category":0,"_genesis_hide_title":false,"_genesis_hide_breadcrumbs":false,"_genesis_hide_singular_image":false,"_genesis_hide_footer_widgets":false,"_genesis_custom_body_class":"","_genesis_custom_post_class":"","_genesis_layout":"","footnotes":""},"class_list":{"0":"post-2145","1":"page","2":"type-page","3":"status-publish","5":"entry","6":"has-post-thumbnail"},"acf":[],"yoast_head":"<!-- This site is optimized with the Yoast SEO Premium plugin v25.2 (Yoast SEO v25.2) - https:\/\/yoast.com\/wordpress\/plugins\/seo\/ -->\n<title>E-Tanken - H\u00dcBSCHER HOLZBAU<\/title>\n<meta name=\"description\" content=\"Direkt vor unserem Haupteingang k\u00f6nnen Sie Ihr Auto bequem tanken. Der Strom dazu stammt direkt von unserem Dach.\" \/>\n<meta name=\"robots\" content=\"index, follow, max-snippet:-1, max-image-preview:large, max-video-preview:-1\" \/>\n<link rel=\"canonical\" href=\"https:\/\/www.huebscher.net\/ch\/kontakt\/e-tanken-swisscharge\/\" \/>\n<meta property=\"og:locale\" content=\"de_DE\" \/>\n<meta property=\"og:type\" content=\"article\" \/>\n<meta property=\"og:title\" content=\"E-Tanken\" \/>\n<meta property=\"og:description\" content=\"Direkt vor unserem Haupteingang k\u00f6nnen Sie Ihr Auto bequem tanken. Der Strom dazu stammt direkt von unserem Dach.\" \/>\n<meta property=\"og:url\" content=\"https:\/\/www.huebscher.net\/ch\/kontakt\/e-tanken-swisscharge\/\" \/>\n<meta property=\"og:site_name\" content=\"H\u00dcBSCHER HOLZBAU\" \/>\n<meta property=\"article:publisher\" content=\"http:\/\/facebook.com\/huebscher.holzbau\" \/>\n<meta property=\"article:modified_time\" content=\"2025-10-17T06:14:32+00:00\" \/>\n<meta property=\"og:image\" content=\"https:\/\/www.huebscher.net\/media\/elektrotankstelle_huebscher.jpg\" \/>\n\t<meta property=\"og:image:width\" content=\"1100\" \/>\n\t<meta property=\"og:image:height\" content=\"500\" \/>\n\t<meta property=\"og:image:type\" content=\"image\/jpeg\" \/>\n<meta name=\"twitter:card\" content=\"summary_large_image\" \/>\n<meta name=\"twitter:label1\" content=\"Gesch\u00e4tzte Lesezeit\" \/>\n\t<meta name=\"twitter:data1\" content=\"1 Minute\" \/>\n<script type=\"application\/ld+json\" class=\"yoast-schema-graph\">{\"@context\":\"https:\/\/schema.org\",\"@graph\":[{\"@type\":\"WebPage\",\"@id\":\"https:\/\/www.huebscher.net\/ch\/kontakt\/e-tanken-swisscharge\/\",\"url\":\"https:\/\/www.huebscher.net\/ch\/kontakt\/e-tanken-swisscharge\/\",\"name\":\"E-Tanken - H\u00dcBSCHER HOLZBAU\",\"isPartOf\":{\"@id\":\"https:\/\/www.huebscher.net\/ch\/#website\"},\"primaryImageOfPage\":{\"@id\":\"https:\/\/www.huebscher.net\/ch\/kontakt\/e-tanken-swisscharge\/#primaryimage\"},\"image\":{\"@id\":\"https:\/\/www.huebscher.net\/ch\/kontakt\/e-tanken-swisscharge\/#primaryimage\"},\"thumbnailUrl\":\"https:\/\/huebscher.net\/media\/elektrotankstelle_huebscher.jpg\",\"datePublished\":\"2016-06-07T16:10:38+00:00\",\"dateModified\":\"2025-10-17T06:14:32+00:00\",\"description\":\"Direkt vor unserem Haupteingang k\u00f6nnen Sie Ihr Auto bequem tanken. Der Strom dazu stammt direkt von unserem Dach.\",\"breadcrumb\":{\"@id\":\"https:\/\/www.huebscher.net\/ch\/kontakt\/e-tanken-swisscharge\/#breadcrumb\"},\"inLanguage\":\"de-CH\",\"potentialAction\":[{\"@type\":\"ReadAction\",\"target\":[\"https:\/\/www.huebscher.net\/ch\/kontakt\/e-tanken-swisscharge\/\"]}]},{\"@type\":\"ImageObject\",\"inLanguage\":\"de-CH\",\"@id\":\"https:\/\/www.huebscher.net\/ch\/kontakt\/e-tanken-swisscharge\/#primaryimage\",\"url\":\"https:\/\/huebscher.net\/media\/elektrotankstelle_huebscher.jpg\",\"contentUrl\":\"https:\/\/huebscher.net\/media\/elektrotankstelle_huebscher.jpg\"},{\"@type\":\"BreadcrumbList\",\"@id\":\"https:\/\/www.huebscher.net\/ch\/kontakt\/e-tanken-swisscharge\/#breadcrumb\",\"itemListElement\":[{\"@type\":\"ListItem\",\"position\":1,\"name\":\"Home\",\"item\":\"https:\/\/www.huebscher.net\/ch\/\"},{\"@type\":\"ListItem\",\"position\":2,\"name\":\"Kontakt\",\"item\":\"https:\/\/www.huebscher.net\/ch\/kontakt\/\"},{\"@type\":\"ListItem\",\"position\":3,\"name\":\"E-Tanken\"}]},{\"@type\":\"WebSite\",\"@id\":\"https:\/\/www.huebscher.net\/ch\/#website\",\"url\":\"https:\/\/www.huebscher.net\/ch\/\",\"name\":\"H\u00fcbscher Holzbau\",\"description\":\"H\u00fcbscher Holzbau AG\",\"publisher\":{\"@id\":\"https:\/\/www.huebscher.net\/ch\/#organization\"},\"alternateName\":\"H\u00fcbscher Holzbau\",\"potentialAction\":[{\"@type\":\"SearchAction\",\"target\":{\"@type\":\"EntryPoint\",\"urlTemplate\":\"https:\/\/www.huebscher.net\/ch\/?s={search_term_string}\"},\"query-input\":{\"@type\":\"PropertyValueSpecification\",\"valueRequired\":true,\"valueName\":\"search_term_string\"}}],\"inLanguage\":\"de-CH\"},{\"@type\":\"Organization\",\"@id\":\"https:\/\/www.huebscher.net\/ch\/#organization\",\"name\":\"H\u00fcbscher Holzbau\",\"alternateName\":\"H\u00fcbscher Holzbau\",\"url\":\"https:\/\/www.huebscher.net\/ch\/\",\"logo\":{\"@type\":\"ImageObject\",\"inLanguage\":\"de-CH\",\"@id\":\"https:\/\/www.huebscher.net\/ch\/#\/schema\/logo\/image\/\",\"url\":\"https:\/\/www.huebscher.net\/media\/huebscher_logo_def.png\",\"contentUrl\":\"https:\/\/www.huebscher.net\/media\/huebscher_logo_def.png\",\"width\":220,\"height\":110,\"caption\":\"H\u00fcbscher Holzbau\"},\"image\":{\"@id\":\"https:\/\/www.huebscher.net\/ch\/#\/schema\/logo\/image\/\"},\"sameAs\":[\"http:\/\/facebook.com\/huebscher.holzbau\",\"https:\/\/pt.linkedin.com\/organization-guest\/company\/huebscher-holzbau\",\"https:\/\/www.instagram.com\/huebscherholzbau\/\"]}]}<\/script>\n<!-- \/ Yoast SEO Premium plugin. -->","yoast_head_json":{"title":"E-Tanken - H\u00dcBSCHER HOLZBAU","description":"Direkt vor unserem Haupteingang k\u00f6nnen Sie Ihr Auto bequem tanken. Der Strom dazu stammt direkt von unserem Dach.","robots":{"index":"index","follow":"follow","max-snippet":"max-snippet:-1","max-image-preview":"max-image-preview:large","max-video-preview":"max-video-preview:-1"},"canonical":"https:\/\/www.huebscher.net\/ch\/kontakt\/e-tanken-swisscharge\/","og_locale":"de_DE","og_type":"article","og_title":"E-Tanken","og_description":"Direkt vor unserem Haupteingang k\u00f6nnen Sie Ihr Auto bequem tanken. Der Strom dazu stammt direkt von unserem Dach.","og_url":"https:\/\/www.huebscher.net\/ch\/kontakt\/e-tanken-swisscharge\/","og_site_name":"H\u00dcBSCHER HOLZBAU","article_publisher":"http:\/\/facebook.com\/huebscher.holzbau","article_modified_time":"2025-10-17T06:14:32+00:00","og_image":[{"width":1100,"height":500,"url":"https:\/\/www.huebscher.net\/media\/elektrotankstelle_huebscher.jpg","type":"image\/jpeg"}],"twitter_card":"summary_large_image","twitter_misc":{"Gesch\u00e4tzte Lesezeit":"1 Minute"},"schema":{"@context":"https:\/\/schema.org","@graph":[{"@type":"WebPage","@id":"https:\/\/www.huebscher.net\/ch\/kontakt\/e-tanken-swisscharge\/","url":"https:\/\/www.huebscher.net\/ch\/kontakt\/e-tanken-swisscharge\/","name":"E-Tanken - H\u00dcBSCHER HOLZBAU","isPartOf":{"@id":"https:\/\/www.huebscher.net\/ch\/#website"},"primaryImageOfPage":{"@id":"https:\/\/www.huebscher.net\/ch\/kontakt\/e-tanken-swisscharge\/#primaryimage"},"image":{"@id":"https:\/\/www.huebscher.net\/ch\/kontakt\/e-tanken-swisscharge\/#primaryimage"},"thumbnailUrl":"https:\/\/huebscher.net\/media\/elektrotankstelle_huebscher.jpg","datePublished":"2016-06-07T16:10:38+00:00","dateModified":"2025-10-17T06:14:32+00:00","description":"Direkt vor unserem Haupteingang k\u00f6nnen Sie Ihr Auto bequem tanken. Der Strom dazu stammt direkt von unserem Dach.","breadcrumb":{"@id":"https:\/\/www.huebscher.net\/ch\/kontakt\/e-tanken-swisscharge\/#breadcrumb"},"inLanguage":"de-CH","potentialAction":[{"@type":"ReadAction","target":["https:\/\/www.huebscher.net\/ch\/kontakt\/e-tanken-swisscharge\/"]}]},{"@type":"ImageObject","inLanguage":"de-CH","@id":"https:\/\/www.huebscher.net\/ch\/kontakt\/e-tanken-swisscharge\/#primaryimage","url":"https:\/\/huebscher.net\/media\/elektrotankstelle_huebscher.jpg","contentUrl":"https:\/\/huebscher.net\/media\/elektrotankstelle_huebscher.jpg"},{"@type":"BreadcrumbList","@id":"https:\/\/www.huebscher.net\/ch\/kontakt\/e-tanken-swisscharge\/#breadcrumb","itemListElement":[{"@type":"ListItem","position":1,"name":"Home","item":"https:\/\/www.huebscher.net\/ch\/"},{"@type":"ListItem","position":2,"name":"Kontakt","item":"https:\/\/www.huebscher.net\/ch\/kontakt\/"},{"@type":"ListItem","position":3,"name":"E-Tanken"}]},{"@type":"WebSite","@id":"https:\/\/www.huebscher.net\/ch\/#website","url":"https:\/\/www.huebscher.net\/ch\/","name":"H\u00fcbscher Holzbau","description":"H\u00fcbscher Holzbau AG","publisher":{"@id":"https:\/\/www.huebscher.net\/ch\/#organization"},"alternateName":"H\u00fcbscher Holzbau","potentialAction":[{"@type":"SearchAction","target":{"@type":"EntryPoint","urlTemplate":"https:\/\/www.huebscher.net\/ch\/?s={search_term_string}"},"query-input":{"@type":"PropertyValueSpecification","valueRequired":true,"valueName":"search_term_string"}}],"inLanguage":"de-CH"},{"@type":"Organization","@id":"https:\/\/www.huebscher.net\/ch\/#organization","name":"H\u00fcbscher Holzbau","alternateName":"H\u00fcbscher Holzbau","url":"https:\/\/www.huebscher.net\/ch\/","logo":{"@type":"ImageObject","inLanguage":"de-CH","@id":"https:\/\/www.huebscher.net\/ch\/#\/schema\/logo\/image\/","url":"https:\/\/www.huebscher.net\/media\/huebscher_logo_def.png","contentUrl":"https:\/\/www.huebscher.net\/media\/huebscher_logo_def.png","width":220,"height":110,"caption":"H\u00fcbscher Holzbau"},"image":{"@id":"https:\/\/www.huebscher.net\/ch\/#\/schema\/logo\/image\/"},"sameAs":["http:\/\/facebook.com\/huebscher.holzbau","https:\/\/pt.linkedin.com\/organization-guest\/company\/huebscher-holzbau","https:\/\/www.instagram.com\/huebscherholzbau\/"]}]}},"_links":{"self":[{"href":"https:\/\/www.huebscher.net\/ch\/wp-json\/wp\/v2\/pages\/2145"}],"collection":[{"href":"https:\/\/www.huebscher.net\/ch\/wp-json\/wp\/v2\/pages"}],"about":[{"href":"https:\/\/www.huebscher.net\/ch\/wp-json\/wp\/v2\/types\/page"}],"author":[{"embeddable":true,"href":"https:\/\/www.huebscher.net\/ch\/wp-json\/wp\/v2\/users\/2"}],"replies":[{"embeddable":true,"href":"https:\/\/www.huebscher.net\/ch\/wp-json\/wp\/v2\/comments?post=2145"}],"version-history":[{"count":26,"href":"https:\/\/www.huebscher.net\/ch\/wp-json\/wp\/v2\/pages\/2145\/revisions"}],"predecessor-version":[{"id":4328,"href":"https:\/\/www.huebscher.net\/ch\/wp-json\/wp\/v2\/pages\/2145\/revisions\/4328"}],"up":[{"embeddable":true,"href":"https:\/\/www.huebscher.net\/ch\/wp-json\/wp\/v2\/pages\/16467"}],"wp:attachment":[{"href":"https:\/\/www.huebscher.net\/ch\/wp-json\/wp\/v2\/media?parent=2145"}],"curies":[{"name":"wp","href":"https:\/\/api.w.org\/{rel}","templated":true}]}}